{"id":57943,"date":"2021-06-08T09:42:06","date_gmt":"2021-06-08T13:42:06","guid":{"rendered":"https:\/\/machineriesbst.com\/?post_type=product&#038;p=57943"},"modified":"2023-11-30T20:24:15","modified_gmt":"2023-12-01T01:24:15","slug":"weeke-abd-100-optimat","status":"publish","type":"product","link":"https:\/\/machineriesbst.com\/en\/catalogue\/weeke-abd-100-optimat\/","title":{"rendered":"Weeke ABD 100 Optimat"},"content":{"rendered":"<p>Weeke ABD 100 Optimat:<\/p>\n<ul>\n<li>Designed for horizontal drilling, gluing and inserting small or large capacity studs.<\/li>\n<li>Constructed on a sturdy welded steel base.<\/li>\n<li>The main horizontal beams hold the carriage for the boring head and the glue \/ water injector.<\/li>\n<li>The machine is configured for 8mm diameter. x 35mm long studs (additional studs optional), automatic vibration feed hopper.<\/li>\n<li>Two separate stations allow two parts to be processed independently on the left or right stops, as well as one large part as needed without additional configuration.<\/li>\n<li>The software allows program design with automatic mirror image.<\/li>\n<li>The X axis is computer controlled and positioned using a large diameter precision ball screw and heavy duty double rail linear guides.<\/li>\n<li>The height adjustment of the aggregates is done using manual adjustment with a precision digital readout.<\/li>\n<\/ul>","protected":false},"excerpt":{"rendered":"<p>Weeke ABD 100 Optimat: Designed for horizontal drilling, gluing and inserting small or large capacity dowels. Built on a sturdy welded steel base. The main horizontal beams hold the carriage for the boring head and the glue\/water injector. The machine is configured for 8 mm in diameter. [\u2026]<\/p>","protected":false},"author":3,"featured_media":51127,"comment_status":"open","ping_status":"closed","template":"","meta":[],"product_cat":[86],"product_tag":[],"acf":[],"yoast_head":"<!-- This site is optimized with the Yoast SEO plugin v16.8 - https:\/\/yoast.com\/wordpress\/plugins\/seo\/ -->\n<title>Weeke ABD 100 Optimat - Machineries BST<\/title>\n<meta name=\"robots\" content=\"index, follow, max-snippet:-1, max-image-preview:large, max-video-preview:-1\" \/>\n<link rel=\"canonical\" href=\"https:\/\/machineriesbst.com\/en\/catalogue\/weeke-abd-100-optimat\/\" \/>\n<meta property=\"og:locale\" content=\"en_US\" \/>\n<meta property=\"og:type\" content=\"article\" \/>\n<meta property=\"og:title\" content=\"Weeke ABD 100 Optimat - Machineries BST\" \/>\n<meta property=\"og:description\" content=\"Weeke ABD 100 Optimat: Con\u00e7u pour le per\u00e7age horizontal, le collage et l&#039;insertion de goujons de petite ou de grande capacit\u00e9. Construit sur une base en acier soud\u00e9 robuste. Les poutres horizontales principales tiennent le chariot pour la t\u00eate d&#039;al\u00e9sage et l&#039;injecteur de colle \/ d&#039;eau. La machine est configur\u00e9e pour 8 mm de diam\u00e8tre. [&hellip;]\" \/>\n<meta property=\"og:url\" content=\"https:\/\/machineriesbst.com\/en\/catalogue\/weeke-abd-100-optimat\/\" \/>\n<meta property=\"og:site_name\" content=\"Machineries BST\" \/>\n<meta property=\"article:modified_time\" content=\"2023-12-01T01:24:15+00:00\" \/>\n<meta property=\"og:image\" content=\"https:\/\/machineriesbst.com\/wp-content\/uploads\/2021\/05\/Weeke-ABD-100-Optimat-Machinery-Associates-lUCjaz1f_800.jpg\" \/>\n\t<meta property=\"og:image:width\" content=\"450\" \/>\n\t<meta property=\"og:image:height\" content=\"600\" \/>\n<meta name=\"twitter:card\" content=\"summary_large_image\" \/>\n<meta name=\"twitter:label1\" content=\"Est. reading time\" \/>\n\t<meta name=\"twitter:data1\" content=\"1 minute\" \/>\n<script type=\"application\/ld+json\" class=\"yoast-schema-graph\">{\"@context\":\"https:\/\/schema.org\",\"@graph\":[{\"@type\":\"WebSite\",\"@id\":\"https:\/\/machineriesbst.com\/en\/#website\",\"url\":\"https:\/\/machineriesbst.com\/en\/\",\"name\":\"Machineries BST\",\"description\":\"Machines neuves &amp; usag\\u00e9es\",\"potentialAction\":[{\"@type\":\"SearchAction\",\"target\":{\"@type\":\"EntryPoint\",\"urlTemplate\":\"https:\/\/machineriesbst.com\/en\/?s={search_term_string}\"},\"query-input\":\"required name=search_term_string\"}],\"inLanguage\":\"en-US\"},{\"@type\":\"ImageObject\",\"@id\":\"https:\/\/machineriesbst.com\/en\/catalogue\/weeke-abd-100-optimat\/#primaryimage\",\"inLanguage\":\"en-US\",\"url\":\"https:\/\/machineriesbst.com\/wp-content\/uploads\/2021\/05\/Weeke-ABD-100-Optimat-Machinery-Associates-lUCjaz1f_800.jpg\",\"contentUrl\":\"https:\/\/machineriesbst.com\/wp-content\/uploads\/2021\/05\/Weeke-ABD-100-Optimat-Machinery-Associates-lUCjaz1f_800.jpg\",\"width\":450,\"height\":600},{\"@type\":\"WebPage\",\"@id\":\"https:\/\/machineriesbst.com\/en\/catalogue\/weeke-abd-100-optimat\/#webpage\",\"url\":\"https:\/\/machineriesbst.com\/en\/catalogue\/weeke-abd-100-optimat\/\",\"name\":\"Weeke ABD 100 Optimat - Machineries BST\",\"isPartOf\":{\"@id\":\"https:\/\/machineriesbst.com\/en\/#website\"},\"primaryImageOfPage\":{\"@id\":\"https:\/\/machineriesbst.com\/en\/catalogue\/weeke-abd-100-optimat\/#primaryimage\"},\"datePublished\":\"2021-06-08T13:42:06+00:00\",\"dateModified\":\"2023-12-01T01:24:15+00:00\",\"breadcrumb\":{\"@id\":\"https:\/\/machineriesbst.com\/en\/catalogue\/weeke-abd-100-optimat\/#breadcrumb\"},\"inLanguage\":\"en-US\",\"potentialAction\":[{\"@type\":\"ReadAction\",\"target\":[\"https:\/\/machineriesbst.com\/en\/catalogue\/weeke-abd-100-optimat\/\"]}]},{\"@type\":\"BreadcrumbList\",\"@id\":\"https:\/\/machineriesbst.com\/en\/catalogue\/weeke-abd-100-optimat\/#breadcrumb\",\"itemListElement\":[{\"@type\":\"ListItem\",\"position\":1,\"name\":\"Accueil\",\"item\":\"https:\/\/machineriesbst.com\/en\/\"},{\"@type\":\"ListItem\",\"position\":2,\"name\":\"Catalogue\",\"item\":\"https:\/\/machineriesbst.com\/en\/catalog\/\"},{\"@type\":\"ListItem\",\"position\":3,\"name\":\"Weeke ABD 100 Optimat\"}]}]}<\/script>\n<!-- \/ Yoast SEO plugin. -->","yoast_head_json":{"title":"Weeke ABD 100 Optimat - Machineries BST","robots":{"index":"index","follow":"follow","max-snippet":"max-snippet:-1","max-image-preview":"max-image-preview:large","max-video-preview":"max-video-preview:-1"},"canonical":"https:\/\/machineriesbst.com\/en\/catalogue\/weeke-abd-100-optimat\/","og_locale":"en_US","og_type":"article","og_title":"Weeke ABD 100 Optimat - Machineries BST","og_description":"Weeke ABD 100 Optimat: Con\u00e7u pour le per\u00e7age horizontal, le collage et l'insertion de goujons de petite ou de grande capacit\u00e9. Construit sur une base en acier soud\u00e9 robuste. Les poutres horizontales principales tiennent le chariot pour la t\u00eate d'al\u00e9sage et l'injecteur de colle \/ d'eau. La machine est configur\u00e9e pour 8 mm de diam\u00e8tre. [&hellip;]","og_url":"https:\/\/machineriesbst.com\/en\/catalogue\/weeke-abd-100-optimat\/","og_site_name":"Machineries BST","article_modified_time":"2023-12-01T01:24:15+00:00","og_image":[{"width":450,"height":600,"url":"https:\/\/machineriesbst.com\/wp-content\/uploads\/2021\/05\/Weeke-ABD-100-Optimat-Machinery-Associates-lUCjaz1f_800.jpg","path":"\/home\/jepeto\/public_html\/wp-content\/uploads\/2021\/05\/Weeke-ABD-100-Optimat-Machinery-Associates-lUCjaz1f_800.jpg","size":"full","id":51127,"alt":"","pixels":270000,"type":"image\/jpeg"}],"twitter_card":"summary_large_image","twitter_misc":{"Est. reading time":"1 minute"},"schema":{"@context":"https:\/\/schema.org","@graph":[{"@type":"WebSite","@id":"https:\/\/machineriesbst.com\/en\/#website","url":"https:\/\/machineriesbst.com\/en\/","name":"Machineries BST","description":"Machines neuves &amp; usag\u00e9es","potentialAction":[{"@type":"SearchAction","target":{"@type":"EntryPoint","urlTemplate":"https:\/\/machineriesbst.com\/en\/?s={search_term_string}"},"query-input":"required name=search_term_string"}],"inLanguage":"en-US"},{"@type":"ImageObject","@id":"https:\/\/machineriesbst.com\/en\/catalogue\/weeke-abd-100-optimat\/#primaryimage","inLanguage":"en-US","url":"https:\/\/machineriesbst.com\/wp-content\/uploads\/2021\/05\/Weeke-ABD-100-Optimat-Machinery-Associates-lUCjaz1f_800.jpg","contentUrl":"https:\/\/machineriesbst.com\/wp-content\/uploads\/2021\/05\/Weeke-ABD-100-Optimat-Machinery-Associates-lUCjaz1f_800.jpg","width":450,"height":600},{"@type":"WebPage","@id":"https:\/\/machineriesbst.com\/en\/catalogue\/weeke-abd-100-optimat\/#webpage","url":"https:\/\/machineriesbst.com\/en\/catalogue\/weeke-abd-100-optimat\/","name":"Weeke ABD 100 Optimat - Machineries BST","isPartOf":{"@id":"https:\/\/machineriesbst.com\/en\/#website"},"primaryImageOfPage":{"@id":"https:\/\/machineriesbst.com\/en\/catalogue\/weeke-abd-100-optimat\/#primaryimage"},"datePublished":"2021-06-08T13:42:06+00:00","dateModified":"2023-12-01T01:24:15+00:00","breadcrumb":{"@id":"https:\/\/machineriesbst.com\/en\/catalogue\/weeke-abd-100-optimat\/#breadcrumb"},"inLanguage":"en-US","potentialAction":[{"@type":"ReadAction","target":["https:\/\/machineriesbst.com\/en\/catalogue\/weeke-abd-100-optimat\/"]}]},{"@type":"BreadcrumbList","@id":"https:\/\/machineriesbst.com\/en\/catalogue\/weeke-abd-100-optimat\/#breadcrumb","itemListElement":[{"@type":"ListItem","position":1,"name":"Accueil","item":"https:\/\/machineriesbst.com\/en\/"},{"@type":"ListItem","position":2,"name":"Catalogue","item":"https:\/\/machineriesbst.com\/en\/catalog\/"},{"@type":"ListItem","position":3,"name":"Weeke ABD 100 Optimat"}]}]}},"_links":{"self":[{"href":"https:\/\/machineriesbst.com\/en\/wp-json\/wp\/v2\/product\/57943"}],"collection":[{"href":"https:\/\/machineriesbst.com\/en\/wp-json\/wp\/v2\/product"}],"about":[{"href":"https:\/\/machineriesbst.com\/en\/wp-json\/wp\/v2\/types\/product"}],"author":[{"embeddable":true,"href":"https:\/\/machineriesbst.com\/en\/wp-json\/wp\/v2\/users\/3"}],"replies":[{"embeddable":true,"href":"https:\/\/machineriesbst.com\/en\/wp-json\/wp\/v2\/comments?post=57943"}],"wp:featuredmedia":[{"embeddable":true,"href":"https:\/\/machineriesbst.com\/en\/wp-json\/wp\/v2\/media\/51127"}],"wp:attachment":[{"href":"https:\/\/machineriesbst.com\/en\/wp-json\/wp\/v2\/media?parent=57943"}],"wp:term":[{"taxonomy":"product_cat","embeddable":true,"href":"https:\/\/machineriesbst.com\/en\/wp-json\/wp\/v2\/product_cat?post=57943"},{"taxonomy":"product_tag","embeddable":true,"href":"https:\/\/machineriesbst.com\/en\/wp-json\/wp\/v2\/product_tag?post=57943"}],"curies":[{"name":"wp","href":"https:\/\/api.w.org\/{rel}","templated":true}]}}