{"id":57925,"date":"2021-06-08T09:41:40","date_gmt":"2021-06-08T13:41:40","guid":{"rendered":"https:\/\/machineriesbst.com\/?post_type=product&#038;p=57925"},"modified":"2023-11-30T20:24:15","modified_gmt":"2023-12-01T01:24:15","slug":"scm-2016-startech-cn-nc-machine-universelle-a-percer-et-a-rainurer","status":"publish","type":"product","link":"https:\/\/machineriesbst.com\/en\/catalogue\/scm-2016-startech-cn-nc-machine-universelle-a-percer-et-a-rainurer\/","title":{"rendered":"SCM 2016 Startech CN-NC Universal drilling and grooving machine"},"content":{"rendered":"<p>SCM 2016 Startech CN-NC Universal drilling and grooving machine:<\/p>\n<ul>\n<li>Startech cn was designed for small and medium-sized carpentry workshops but also for large companies that produce personalized products, with in-house prototype development departments. Thanks to the 7 independent vertical spindles, the spindle and the blade in &quot;X&quot;, the possibility of drilling in &quot;Y&quot;.<\/li>\n<li>AXES<br \/>\n-Max. Panel size 3050 x 800 x 50mm<br \/>\n-min. Panel size 300 x 90 x 10 mm<br \/>\ndrilling \/ grooving area 0X800 \/ 0X800mm<br \/>\n-X stroke of the axis 825mm<br \/>\n-XY max. axes speed 25m \/ min.<\/li>\n<li>DRILLING HEAD<br \/>\n-7 vertical pins, one shared.<br \/>\n-2 (1 + 1) horizontal pins (along Y axis)<br \/>\n-1 horizontal spindle (along the X axis)<br \/>\n-Integrated fixed X grooving blade<br \/>\n-Blade dia. 125mm<br \/>\n-Max. blade thickness 6mm<br \/>\n-3 hp engine<\/li>\n<li>Very low hours.<\/li>\n<\/ul>","protected":false},"excerpt":{"rendered":"<p>SCM 2016 Startech CN-NC Universal drilling and grooving machine: Startech cn has been designed for small and medium carpentry workshops but also for large companies that produce customized products, with in-house prototype development departments. Thanks to the 7 independent vertical spindles, the spindle and the blade [\u2026]<\/p>","protected":false},"author":3,"featured_media":51062,"comment_status":"open","ping_status":"closed","template":"","meta":[],"product_cat":[86],"product_tag":[],"acf":[],"yoast_head":"<!-- This site is optimized with the Yoast SEO plugin v16.8 - https:\/\/yoast.com\/wordpress\/plugins\/seo\/ -->\n<title>SCM 2016 Startech CN-NC Machine universelle \u00e0 percer et \u00e0 rainurer - Machineries BST<\/title>\n<meta name=\"robots\" content=\"index, follow, max-snippet:-1, max-image-preview:large, max-video-preview:-1\" \/>\n<link rel=\"canonical\" href=\"https:\/\/machineriesbst.com\/en\/catalogue\/scm-2016-startech-cn-nc-machine-universelle-a-percer-et-a-rainurer\/\" \/>\n<meta property=\"og:locale\" content=\"en_US\" \/>\n<meta property=\"og:type\" content=\"article\" \/>\n<meta property=\"og:title\" content=\"SCM 2016 Startech CN-NC Machine universelle \u00e0 percer et \u00e0 rainurer - Machineries BST\" \/>\n<meta property=\"og:description\" content=\"SCM 2016 Startech CN-NC Machine universelle \u00e0 percer et \u00e0 rainurer: Startech cn a \u00e9t\u00e9 con\u00e7u pour les petits et moyens ateliers de menuiserie mais aussi pour les grandes entreprises qui produisent des produits personnalis\u00e9s, avec des d\u00e9partements de d\u00e9veloppement de prototypes en interne. Gr\u00e2ce aux 7 broches verticales ind\u00e9pendantes, la broche et la lame [&hellip;]\" \/>\n<meta property=\"og:url\" content=\"https:\/\/machineriesbst.com\/en\/catalogue\/scm-2016-startech-cn-nc-machine-universelle-a-percer-et-a-rainurer\/\" \/>\n<meta property=\"og:site_name\" content=\"Machineries BST\" \/>\n<meta property=\"article:modified_time\" content=\"2023-12-01T01:24:15+00:00\" \/>\n<meta property=\"og:image\" content=\"https:\/\/machineriesbst.com\/wp-content\/uploads\/2021\/05\/SCM-SCMI-Startech-CN-Machinery-Associates-LRtB5SQN_800-1.jpg\" \/>\n\t<meta property=\"og:image:width\" content=\"450\" \/>\n\t<meta property=\"og:image:height\" content=\"600\" \/>\n<meta name=\"twitter:card\" content=\"summary_large_image\" \/>\n<meta name=\"twitter:label1\" content=\"Est. reading time\" \/>\n\t<meta name=\"twitter:data1\" content=\"1 minute\" \/>\n<script type=\"application\/ld+json\" class=\"yoast-schema-graph\">{\"@context\":\"https:\/\/schema.org\",\"@graph\":[{\"@type\":\"WebSite\",\"@id\":\"https:\/\/machineriesbst.com\/en\/#website\",\"url\":\"https:\/\/machineriesbst.com\/en\/\",\"name\":\"Machineries BST\",\"description\":\"Machines neuves &amp; usag\\u00e9es\",\"potentialAction\":[{\"@type\":\"SearchAction\",\"target\":{\"@type\":\"EntryPoint\",\"urlTemplate\":\"https:\/\/machineriesbst.com\/en\/?s={search_term_string}\"},\"query-input\":\"required name=search_term_string\"}],\"inLanguage\":\"en-US\"},{\"@type\":\"ImageObject\",\"@id\":\"https:\/\/machineriesbst.com\/en\/catalogue\/scm-2016-startech-cn-nc-machine-universelle-a-percer-et-a-rainurer\/#primaryimage\",\"inLanguage\":\"en-US\",\"url\":\"https:\/\/machineriesbst.com\/wp-content\/uploads\/2021\/05\/SCM-SCMI-Startech-CN-Machinery-Associates-LRtB5SQN_800-1.jpg\",\"contentUrl\":\"https:\/\/machineriesbst.com\/wp-content\/uploads\/2021\/05\/SCM-SCMI-Startech-CN-Machinery-Associates-LRtB5SQN_800-1.jpg\",\"width\":450,\"height\":600},{\"@type\":\"WebPage\",\"@id\":\"https:\/\/machineriesbst.com\/en\/catalogue\/scm-2016-startech-cn-nc-machine-universelle-a-percer-et-a-rainurer\/#webpage\",\"url\":\"https:\/\/machineriesbst.com\/en\/catalogue\/scm-2016-startech-cn-nc-machine-universelle-a-percer-et-a-rainurer\/\",\"name\":\"SCM 2016 Startech CN-NC Machine universelle \\u00e0 percer et \\u00e0 rainurer - Machineries BST\",\"isPartOf\":{\"@id\":\"https:\/\/machineriesbst.com\/en\/#website\"},\"primaryImageOfPage\":{\"@id\":\"https:\/\/machineriesbst.com\/en\/catalogue\/scm-2016-startech-cn-nc-machine-universelle-a-percer-et-a-rainurer\/#primaryimage\"},\"datePublished\":\"2021-06-08T13:41:40+00:00\",\"dateModified\":\"2023-12-01T01:24:15+00:00\",\"breadcrumb\":{\"@id\":\"https:\/\/machineriesbst.com\/en\/catalogue\/scm-2016-startech-cn-nc-machine-universelle-a-percer-et-a-rainurer\/#breadcrumb\"},\"inLanguage\":\"en-US\",\"potentialAction\":[{\"@type\":\"ReadAction\",\"target\":[\"https:\/\/machineriesbst.com\/en\/catalogue\/scm-2016-startech-cn-nc-machine-universelle-a-percer-et-a-rainurer\/\"]}]},{\"@type\":\"BreadcrumbList\",\"@id\":\"https:\/\/machineriesbst.com\/en\/catalogue\/scm-2016-startech-cn-nc-machine-universelle-a-percer-et-a-rainurer\/#breadcrumb\",\"itemListElement\":[{\"@type\":\"ListItem\",\"position\":1,\"name\":\"Accueil\",\"item\":\"https:\/\/machineriesbst.com\/en\/\"},{\"@type\":\"ListItem\",\"position\":2,\"name\":\"Catalogue\",\"item\":\"https:\/\/machineriesbst.com\/en\/catalog\/\"},{\"@type\":\"ListItem\",\"position\":3,\"name\":\"SCM 2016 Startech CN-NC Machine universelle \\u00e0 percer et \\u00e0 rainurer\"}]}]}<\/script>\n<!-- \/ Yoast SEO plugin. -->","yoast_head_json":{"title":"SCM 2016 Startech CN-NC Machine universelle \u00e0 percer et \u00e0 rainurer - Machineries BST","robots":{"index":"index","follow":"follow","max-snippet":"max-snippet:-1","max-image-preview":"max-image-preview:large","max-video-preview":"max-video-preview:-1"},"canonical":"https:\/\/machineriesbst.com\/en\/catalogue\/scm-2016-startech-cn-nc-machine-universelle-a-percer-et-a-rainurer\/","og_locale":"en_US","og_type":"article","og_title":"SCM 2016 Startech CN-NC Machine universelle \u00e0 percer et \u00e0 rainurer - Machineries BST","og_description":"SCM 2016 Startech CN-NC Machine universelle \u00e0 percer et \u00e0 rainurer: Startech cn a \u00e9t\u00e9 con\u00e7u pour les petits et moyens ateliers de menuiserie mais aussi pour les grandes entreprises qui produisent des produits personnalis\u00e9s, avec des d\u00e9partements de d\u00e9veloppement de prototypes en interne. Gr\u00e2ce aux 7 broches verticales ind\u00e9pendantes, la broche et la lame [&hellip;]","og_url":"https:\/\/machineriesbst.com\/en\/catalogue\/scm-2016-startech-cn-nc-machine-universelle-a-percer-et-a-rainurer\/","og_site_name":"Machineries BST","article_modified_time":"2023-12-01T01:24:15+00:00","og_image":[{"width":450,"height":600,"url":"https:\/\/machineriesbst.com\/wp-content\/uploads\/2021\/05\/SCM-SCMI-Startech-CN-Machinery-Associates-LRtB5SQN_800-1.jpg","path":"\/home\/jepeto\/public_html\/wp-content\/uploads\/2021\/05\/SCM-SCMI-Startech-CN-Machinery-Associates-LRtB5SQN_800-1.jpg","size":"full","id":51062,"alt":"","pixels":270000,"type":"image\/jpeg"}],"twitter_card":"summary_large_image","twitter_misc":{"Est. reading time":"1 minute"},"schema":{"@context":"https:\/\/schema.org","@graph":[{"@type":"WebSite","@id":"https:\/\/machineriesbst.com\/en\/#website","url":"https:\/\/machineriesbst.com\/en\/","name":"Machineries BST","description":"Machines neuves &amp; usag\u00e9es","potentialAction":[{"@type":"SearchAction","target":{"@type":"EntryPoint","urlTemplate":"https:\/\/machineriesbst.com\/en\/?s={search_term_string}"},"query-input":"required name=search_term_string"}],"inLanguage":"en-US"},{"@type":"ImageObject","@id":"https:\/\/machineriesbst.com\/en\/catalogue\/scm-2016-startech-cn-nc-machine-universelle-a-percer-et-a-rainurer\/#primaryimage","inLanguage":"en-US","url":"https:\/\/machineriesbst.com\/wp-content\/uploads\/2021\/05\/SCM-SCMI-Startech-CN-Machinery-Associates-LRtB5SQN_800-1.jpg","contentUrl":"https:\/\/machineriesbst.com\/wp-content\/uploads\/2021\/05\/SCM-SCMI-Startech-CN-Machinery-Associates-LRtB5SQN_800-1.jpg","width":450,"height":600},{"@type":"WebPage","@id":"https:\/\/machineriesbst.com\/en\/catalogue\/scm-2016-startech-cn-nc-machine-universelle-a-percer-et-a-rainurer\/#webpage","url":"https:\/\/machineriesbst.com\/en\/catalogue\/scm-2016-startech-cn-nc-machine-universelle-a-percer-et-a-rainurer\/","name":"SCM 2016 Startech CN-NC Machine universelle \u00e0 percer et \u00e0 rainurer - Machineries BST","isPartOf":{"@id":"https:\/\/machineriesbst.com\/en\/#website"},"primaryImageOfPage":{"@id":"https:\/\/machineriesbst.com\/en\/catalogue\/scm-2016-startech-cn-nc-machine-universelle-a-percer-et-a-rainurer\/#primaryimage"},"datePublished":"2021-06-08T13:41:40+00:00","dateModified":"2023-12-01T01:24:15+00:00","breadcrumb":{"@id":"https:\/\/machineriesbst.com\/en\/catalogue\/scm-2016-startech-cn-nc-machine-universelle-a-percer-et-a-rainurer\/#breadcrumb"},"inLanguage":"en-US","potentialAction":[{"@type":"ReadAction","target":["https:\/\/machineriesbst.com\/en\/catalogue\/scm-2016-startech-cn-nc-machine-universelle-a-percer-et-a-rainurer\/"]}]},{"@type":"BreadcrumbList","@id":"https:\/\/machineriesbst.com\/en\/catalogue\/scm-2016-startech-cn-nc-machine-universelle-a-percer-et-a-rainurer\/#breadcrumb","itemListElement":[{"@type":"ListItem","position":1,"name":"Accueil","item":"https:\/\/machineriesbst.com\/en\/"},{"@type":"ListItem","position":2,"name":"Catalogue","item":"https:\/\/machineriesbst.com\/en\/catalog\/"},{"@type":"ListItem","position":3,"name":"SCM 2016 Startech CN-NC Machine universelle \u00e0 percer et \u00e0 rainurer"}]}]}},"_links":{"self":[{"href":"https:\/\/machineriesbst.com\/en\/wp-json\/wp\/v2\/product\/57925"}],"collection":[{"href":"https:\/\/machineriesbst.com\/en\/wp-json\/wp\/v2\/product"}],"about":[{"href":"https:\/\/machineriesbst.com\/en\/wp-json\/wp\/v2\/types\/product"}],"author":[{"embeddable":true,"href":"https:\/\/machineriesbst.com\/en\/wp-json\/wp\/v2\/users\/3"}],"replies":[{"embeddable":true,"href":"https:\/\/machineriesbst.com\/en\/wp-json\/wp\/v2\/comments?post=57925"}],"wp:featuredmedia":[{"embeddable":true,"href":"https:\/\/machineriesbst.com\/en\/wp-json\/wp\/v2\/media\/51062"}],"wp:attachment":[{"href":"https:\/\/machineriesbst.com\/en\/wp-json\/wp\/v2\/media?parent=57925"}],"wp:term":[{"taxonomy":"product_cat","embeddable":true,"href":"https:\/\/machineriesbst.com\/en\/wp-json\/wp\/v2\/product_cat?post=57925"},{"taxonomy":"product_tag","embeddable":true,"href":"https:\/\/machineriesbst.com\/en\/wp-json\/wp\/v2\/product_tag?post=57925"}],"curies":[{"name":"wp","href":"https:\/\/api.w.org\/{rel}","templated":true}]}}