{"id":57900,"date":"2021-06-08T09:41:13","date_gmt":"2021-06-08T13:41:13","guid":{"rendered":"https:\/\/machineriesbst.com\/?post_type=product&#038;p=57900"},"modified":"2023-11-30T20:24:15","modified_gmt":"2023-12-01T01:24:15","slug":"dechiqueteur-broyeur-de-bois-horizontal-scanhugger-ht30-25-2","status":"publish","type":"product","link":"https:\/\/machineriesbst.com\/en\/catalogue\/dechiqueteur-broyeur-de-bois-horizontal-scanhugger-ht30-25-2\/","title":{"rendered":"Scanhugger HT30 \/ 25\/2 horizontal wood chipper \/ chipper"},"content":{"rendered":"<p>Scanhugger HT30 \/ 25\/2 horizontal wood chipper \/ chipper:<\/p>\n<ul>\n<li>Vibrating conveyor and acoustic enclosure<\/li>\n<li>Feed width: 12 &#39;&#39;,<\/li>\n<li>Feeding height: 1.75 in.,<\/li>\n<li>Feeding speed: 50 FPM,<\/li>\n<li>Feed conveyor (interfaced): Webster Vibrating 20 ft.,<\/li>\n<li>Main rotor motor: 25 HP,<\/li>\n<li>Gear motor: 1\/2 HP,<\/li>\n<li>Rotor Diameter: 10 &#39;&#39;,<\/li>\n<li>Feed rollers Diameter: 7 &#39;&#39;,<\/li>\n<li>Smart screen: 15mm,<\/li>\n<li>Chip size: 10mm,<\/li>\n<li>Capacity: 600 to 750 lbs per hour,<\/li>\n<li>Rotor speed: 1100 rpm,<\/li>\n<li>Number of Knives: 2,<\/li>\n<li>Outlet Diameter: 6 &#39;&#39;,<\/li>\n<li>Exhaust requirements: 1,200 CFM<\/li>\n<\/ul>","protected":false},"excerpt":{"rendered":"<p>Scanhugger HT30 \/ 25\/2 horizontal wood chipper \/ shredder: Vibrating conveyor and acoustic enclosure Feeding width: 12 in., Feeding height: 1.75 in., Feeding speed: 50 FPM, Feeding conveyor (interfaced) : Webster Vibrating 20 ft., Main Rotor Motor: 25 HP, Gear Motor: 1\/2 HP, Rotor Diameter: 10 &quot;, Feed Rollers Diameter: 7&quot;, Smart Display: 15mm, [\u2026]<\/p>","protected":false},"author":3,"featured_media":50926,"comment_status":"open","ping_status":"closed","template":"","meta":[],"product_cat":[3016],"product_tag":[],"acf":[],"yoast_head":"<!-- This site is optimized with the Yoast SEO plugin v16.8 - https:\/\/yoast.com\/wordpress\/plugins\/seo\/ -->\n<title>D\u00e9chiqueteur \/ broyeur de bois horizontal Scanhugger HT30\/25\/2 - Machineries BST<\/title>\n<meta name=\"robots\" content=\"index, follow, max-snippet:-1, max-image-preview:large, max-video-preview:-1\" \/>\n<link rel=\"canonical\" href=\"https:\/\/machineriesbst.com\/en\/catalogue\/dechiqueteur-broyeur-de-bois-horizontal-scanhugger-ht30-25-2\/\" \/>\n<meta property=\"og:locale\" content=\"en_US\" \/>\n<meta property=\"og:type\" content=\"article\" \/>\n<meta property=\"og:title\" content=\"D\u00e9chiqueteur \/ broyeur de bois horizontal Scanhugger HT30\/25\/2 - Machineries BST\" \/>\n<meta property=\"og:description\" content=\"D\u00e9chiqueteur \/ broyeur de bois horizontal Scanhugger HT30\/25\/2: Convoyeur vibrant et enceinte acoustique Largeur d&#039;alimentation: 12 po, Hauteur d&#039;alimentation: 1.75 in., Vitesse d&#039;alimentation: 50 FPM, Convoyeur d&#039;alimentation (interfac\u00e9): Webster Vibrating 20 ft., Moteur principal de rotor: 25 HP, Motor\u00e9ducteur: 1\/2 HP, Diam\u00e8tre du rotor: 10 po, Rouleaux d&#039;alimentation Diam\u00e8tre: 7 po, \u00c9cran \u00e0 puce: 15mm, [&hellip;]\" \/>\n<meta property=\"og:url\" content=\"https:\/\/machineriesbst.com\/en\/catalogue\/dechiqueteur-broyeur-de-bois-horizontal-scanhugger-ht30-25-2\/\" \/>\n<meta property=\"og:site_name\" content=\"Machineries BST\" \/>\n<meta property=\"article:modified_time\" content=\"2023-12-01T01:24:15+00:00\" \/>\n<meta property=\"og:image\" content=\"https:\/\/machineriesbst.com\/wp-content\/uploads\/2021\/05\/Scanhugger-SCAN-HUGGER-HT30252-HORIZONTAL-WOOD-SHREDDERCHIPPER-Machinery-Associates-qWJwgdZd_800.jpg\" \/>\n\t<meta property=\"og:image:width\" content=\"800\" \/>\n\t<meta property=\"og:image:height\" content=\"521\" \/>\n<meta name=\"twitter:card\" content=\"summary_large_image\" \/>\n<script type=\"application\/ld+json\" class=\"yoast-schema-graph\">{\"@context\":\"https:\/\/schema.org\",\"@graph\":[{\"@type\":\"WebSite\",\"@id\":\"https:\/\/machineriesbst.com\/en\/#website\",\"url\":\"https:\/\/machineriesbst.com\/en\/\",\"name\":\"Machineries BST\",\"description\":\"Machines neuves &amp; usag\\u00e9es\",\"potentialAction\":[{\"@type\":\"SearchAction\",\"target\":{\"@type\":\"EntryPoint\",\"urlTemplate\":\"https:\/\/machineriesbst.com\/en\/?s={search_term_string}\"},\"query-input\":\"required name=search_term_string\"}],\"inLanguage\":\"en-US\"},{\"@type\":\"ImageObject\",\"@id\":\"https:\/\/machineriesbst.com\/en\/catalogue\/dechiqueteur-broyeur-de-bois-horizontal-scanhugger-ht30-25-2\/#primaryimage\",\"inLanguage\":\"en-US\",\"url\":\"https:\/\/machineriesbst.com\/wp-content\/uploads\/2021\/05\/Scanhugger-SCAN-HUGGER-HT30252-HORIZONTAL-WOOD-SHREDDERCHIPPER-Machinery-Associates-qWJwgdZd_800.jpg\",\"contentUrl\":\"https:\/\/machineriesbst.com\/wp-content\/uploads\/2021\/05\/Scanhugger-SCAN-HUGGER-HT30252-HORIZONTAL-WOOD-SHREDDERCHIPPER-Machinery-Associates-qWJwgdZd_800.jpg\",\"width\":800,\"height\":521},{\"@type\":\"WebPage\",\"@id\":\"https:\/\/machineriesbst.com\/en\/catalogue\/dechiqueteur-broyeur-de-bois-horizontal-scanhugger-ht30-25-2\/#webpage\",\"url\":\"https:\/\/machineriesbst.com\/en\/catalogue\/dechiqueteur-broyeur-de-bois-horizontal-scanhugger-ht30-25-2\/\",\"name\":\"D\\u00e9chiqueteur \/ broyeur de bois horizontal Scanhugger HT30\/25\/2 - Machineries BST\",\"isPartOf\":{\"@id\":\"https:\/\/machineriesbst.com\/en\/#website\"},\"primaryImageOfPage\":{\"@id\":\"https:\/\/machineriesbst.com\/en\/catalogue\/dechiqueteur-broyeur-de-bois-horizontal-scanhugger-ht30-25-2\/#primaryimage\"},\"datePublished\":\"2021-06-08T13:41:13+00:00\",\"dateModified\":\"2023-12-01T01:24:15+00:00\",\"breadcrumb\":{\"@id\":\"https:\/\/machineriesbst.com\/en\/catalogue\/dechiqueteur-broyeur-de-bois-horizontal-scanhugger-ht30-25-2\/#breadcrumb\"},\"inLanguage\":\"en-US\",\"potentialAction\":[{\"@type\":\"ReadAction\",\"target\":[\"https:\/\/machineriesbst.com\/en\/catalogue\/dechiqueteur-broyeur-de-bois-horizontal-scanhugger-ht30-25-2\/\"]}]},{\"@type\":\"BreadcrumbList\",\"@id\":\"https:\/\/machineriesbst.com\/en\/catalogue\/dechiqueteur-broyeur-de-bois-horizontal-scanhugger-ht30-25-2\/#breadcrumb\",\"itemListElement\":[{\"@type\":\"ListItem\",\"position\":1,\"name\":\"Accueil\",\"item\":\"https:\/\/machineriesbst.com\/en\/\"},{\"@type\":\"ListItem\",\"position\":2,\"name\":\"Catalogue\",\"item\":\"https:\/\/machineriesbst.com\/en\/catalog\/\"},{\"@type\":\"ListItem\",\"position\":3,\"name\":\"D\\u00e9chiqueteur \/ broyeur de bois horizontal Scanhugger HT30\/25\/2\"}]}]}<\/script>\n<!-- \/ Yoast SEO plugin. -->","yoast_head_json":{"title":"D\u00e9chiqueteur \/ broyeur de bois horizontal Scanhugger HT30\/25\/2 - Machineries BST","robots":{"index":"index","follow":"follow","max-snippet":"max-snippet:-1","max-image-preview":"max-image-preview:large","max-video-preview":"max-video-preview:-1"},"canonical":"https:\/\/machineriesbst.com\/en\/catalogue\/dechiqueteur-broyeur-de-bois-horizontal-scanhugger-ht30-25-2\/","og_locale":"en_US","og_type":"article","og_title":"D\u00e9chiqueteur \/ broyeur de bois horizontal Scanhugger HT30\/25\/2 - Machineries BST","og_description":"D\u00e9chiqueteur \/ broyeur de bois horizontal Scanhugger HT30\/25\/2: Convoyeur vibrant et enceinte acoustique Largeur d'alimentation: 12 po, Hauteur d'alimentation: 1.75 in., Vitesse d'alimentation: 50 FPM, Convoyeur d'alimentation (interfac\u00e9): Webster Vibrating 20 ft., Moteur principal de rotor: 25 HP, Motor\u00e9ducteur: 1\/2 HP, Diam\u00e8tre du rotor: 10 po, Rouleaux d'alimentation Diam\u00e8tre: 7 po, \u00c9cran \u00e0 puce: 15mm, [&hellip;]","og_url":"https:\/\/machineriesbst.com\/en\/catalogue\/dechiqueteur-broyeur-de-bois-horizontal-scanhugger-ht30-25-2\/","og_site_name":"Machineries BST","article_modified_time":"2023-12-01T01:24:15+00:00","og_image":[{"width":800,"height":521,"url":"https:\/\/machineriesbst.com\/wp-content\/uploads\/2021\/05\/Scanhugger-SCAN-HUGGER-HT30252-HORIZONTAL-WOOD-SHREDDERCHIPPER-Machinery-Associates-qWJwgdZd_800.jpg","path":"\/home\/jepeto\/public_html\/wp-content\/uploads\/2021\/05\/Scanhugger-SCAN-HUGGER-HT30252-HORIZONTAL-WOOD-SHREDDERCHIPPER-Machinery-Associates-qWJwgdZd_800.jpg","size":"full","id":50926,"alt":"","pixels":416800,"type":"image\/jpeg"}],"twitter_card":"summary_large_image","schema":{"@context":"https:\/\/schema.org","@graph":[{"@type":"WebSite","@id":"https:\/\/machineriesbst.com\/en\/#website","url":"https:\/\/machineriesbst.com\/en\/","name":"Machineries BST","description":"Machines neuves &amp; usag\u00e9es","potentialAction":[{"@type":"SearchAction","target":{"@type":"EntryPoint","urlTemplate":"https:\/\/machineriesbst.com\/en\/?s={search_term_string}"},"query-input":"required name=search_term_string"}],"inLanguage":"en-US"},{"@type":"ImageObject","@id":"https:\/\/machineriesbst.com\/en\/catalogue\/dechiqueteur-broyeur-de-bois-horizontal-scanhugger-ht30-25-2\/#primaryimage","inLanguage":"en-US","url":"https:\/\/machineriesbst.com\/wp-content\/uploads\/2021\/05\/Scanhugger-SCAN-HUGGER-HT30252-HORIZONTAL-WOOD-SHREDDERCHIPPER-Machinery-Associates-qWJwgdZd_800.jpg","contentUrl":"https:\/\/machineriesbst.com\/wp-content\/uploads\/2021\/05\/Scanhugger-SCAN-HUGGER-HT30252-HORIZONTAL-WOOD-SHREDDERCHIPPER-Machinery-Associates-qWJwgdZd_800.jpg","width":800,"height":521},{"@type":"WebPage","@id":"https:\/\/machineriesbst.com\/en\/catalogue\/dechiqueteur-broyeur-de-bois-horizontal-scanhugger-ht30-25-2\/#webpage","url":"https:\/\/machineriesbst.com\/en\/catalogue\/dechiqueteur-broyeur-de-bois-horizontal-scanhugger-ht30-25-2\/","name":"D\u00e9chiqueteur \/ broyeur de bois horizontal Scanhugger HT30\/25\/2 - Machineries BST","isPartOf":{"@id":"https:\/\/machineriesbst.com\/en\/#website"},"primaryImageOfPage":{"@id":"https:\/\/machineriesbst.com\/en\/catalogue\/dechiqueteur-broyeur-de-bois-horizontal-scanhugger-ht30-25-2\/#primaryimage"},"datePublished":"2021-06-08T13:41:13+00:00","dateModified":"2023-12-01T01:24:15+00:00","breadcrumb":{"@id":"https:\/\/machineriesbst.com\/en\/catalogue\/dechiqueteur-broyeur-de-bois-horizontal-scanhugger-ht30-25-2\/#breadcrumb"},"inLanguage":"en-US","potentialAction":[{"@type":"ReadAction","target":["https:\/\/machineriesbst.com\/en\/catalogue\/dechiqueteur-broyeur-de-bois-horizontal-scanhugger-ht30-25-2\/"]}]},{"@type":"BreadcrumbList","@id":"https:\/\/machineriesbst.com\/en\/catalogue\/dechiqueteur-broyeur-de-bois-horizontal-scanhugger-ht30-25-2\/#breadcrumb","itemListElement":[{"@type":"ListItem","position":1,"name":"Accueil","item":"https:\/\/machineriesbst.com\/en\/"},{"@type":"ListItem","position":2,"name":"Catalogue","item":"https:\/\/machineriesbst.com\/en\/catalog\/"},{"@type":"ListItem","position":3,"name":"D\u00e9chiqueteur \/ broyeur de bois horizontal Scanhugger HT30\/25\/2"}]}]}},"_links":{"self":[{"href":"https:\/\/machineriesbst.com\/en\/wp-json\/wp\/v2\/product\/57900"}],"collection":[{"href":"https:\/\/machineriesbst.com\/en\/wp-json\/wp\/v2\/product"}],"about":[{"href":"https:\/\/machineriesbst.com\/en\/wp-json\/wp\/v2\/types\/product"}],"author":[{"embeddable":true,"href":"https:\/\/machineriesbst.com\/en\/wp-json\/wp\/v2\/users\/3"}],"replies":[{"embeddable":true,"href":"https:\/\/machineriesbst.com\/en\/wp-json\/wp\/v2\/comments?post=57900"}],"wp:featuredmedia":[{"embeddable":true,"href":"https:\/\/machineriesbst.com\/en\/wp-json\/wp\/v2\/media\/50926"}],"wp:attachment":[{"href":"https:\/\/machineriesbst.com\/en\/wp-json\/wp\/v2\/media?parent=57900"}],"wp:term":[{"taxonomy":"product_cat","embeddable":true,"href":"https:\/\/machineriesbst.com\/en\/wp-json\/wp\/v2\/product_cat?post=57900"},{"taxonomy":"product_tag","embeddable":true,"href":"https:\/\/machineriesbst.com\/en\/wp-json\/wp\/v2\/product_tag?post=57900"}],"curies":[{"name":"wp","href":"https:\/\/api.w.org\/{rel}","templated":true}]}}