{"id":57891,"date":"2021-06-08T09:40:48","date_gmt":"2021-06-08T13:40:48","guid":{"rendered":"https:\/\/machineriesbst.com\/?post_type=product&#038;p=57891"},"modified":"2023-11-30T20:24:15","modified_gmt":"2023-12-01T01:24:15","slug":"raboteuse-superieure-et-inferieure-yates-b-26","status":"publish","type":"product","link":"https:\/\/machineriesbst.com\/en\/catalogue\/raboteuse-superieure-et-inferieure-yates-b-26\/","title":{"rendered":"Yates B-26 Upper and Lower Planer"},"content":{"rendered":"<p>Yates B-26 Upper and Lower Planer:<\/p>\n<ul>\n<li>24 &quot;x 4&quot; Thick Cap.<\/li>\n<li>Hd Carbide Insert,<\/li>\n<li>3PH<\/li>\n<li>3\/4 &quot;- 4&quot; thick capacity<\/li>\n<li>24 &quot;wide<\/li>\n<li>46 &quot;min.<\/li>\n<li>75 HP upper engine<\/li>\n<li>40 HP lower engine<\/li>\n<li>40 HP hydraulic unit<\/li>\n<li>Power system 75-400 FPM<\/li>\n<li>8 &quot;dia cutting circle - 3600 RPM<\/li>\n<li>8 Row Carbide Bits<\/li>\n<\/ul>","protected":false},"excerpt":{"rendered":"<p>Yates B-26 Upper and Lower Planer: 24 &quot;x 4&quot; Thickness Cap. Carbide insert Hd, 3PH Capacity 3\/4 &quot;- 4&quot; thick 24 &quot;wide 46&quot; min. 75 HP upper engine 40 HP lower engine 40 HP hydraulic unit Power system 75-400 FPM 8 &quot;dia cutting circle - 3600 RPM Carbide drill bits [\u2026]<\/p>","protected":false},"author":3,"featured_media":50888,"comment_status":"open","ping_status":"closed","template":"","meta":[],"product_cat":[3029],"product_tag":[],"acf":[],"yoast_head":"<!-- This site is optimized with the Yoast SEO plugin v16.8 - https:\/\/yoast.com\/wordpress\/plugins\/seo\/ -->\n<title>Raboteuse sup\u00e9rieure et inf\u00e9rieure Yates B-26 - Machineries BST<\/title>\n<meta name=\"robots\" content=\"index, follow, max-snippet:-1, max-image-preview:large, max-video-preview:-1\" \/>\n<link rel=\"canonical\" href=\"https:\/\/machineriesbst.com\/en\/catalogue\/raboteuse-superieure-et-inferieure-yates-b-26\/\" \/>\n<meta property=\"og:locale\" content=\"en_US\" \/>\n<meta property=\"og:type\" content=\"article\" \/>\n<meta property=\"og:title\" content=\"Raboteuse sup\u00e9rieure et inf\u00e9rieure Yates B-26 - Machineries BST\" \/>\n<meta property=\"og:description\" content=\"Raboteuse sup\u00e9rieure et inf\u00e9rieure Yates B-26: 24 &quot;x 4&quot; Cap d&#039;\u00e9paisseur. Insert de carbure Hd, 3PH Capacit\u00e9 de 3\/4 &quot;- 4&quot; d&#039;\u00e9paisseur 24 &quot;de largeur 46 &quot;min. 75 HP moteur sup\u00e9rieur Moteur inf\u00e9rieur de 40 HP Unit\u00e9 hydraulique 40 CV Syst\u00e8me d&#039;alimentation 75-400 FPM 8 &quot;dia cercle de coupe - 3600 RPM Tr\u00e9pans en carbure [&hellip;]\" \/>\n<meta property=\"og:url\" content=\"https:\/\/machineriesbst.com\/en\/catalogue\/raboteuse-superieure-et-inferieure-yates-b-26\/\" \/>\n<meta property=\"og:site_name\" content=\"Machineries BST\" \/>\n<meta property=\"article:modified_time\" content=\"2023-12-01T01:24:15+00:00\" \/>\n<meta property=\"og:image\" content=\"https:\/\/machineriesbst.com\/wp-content\/uploads\/2021\/05\/Yates-American-B26-Machinery-Associates-TK9Vm1cr_800.jpg\" \/>\n\t<meta property=\"og:image:width\" content=\"611\" \/>\n\t<meta property=\"og:image:height\" content=\"600\" \/>\n<meta name=\"twitter:card\" content=\"summary_large_image\" \/>\n<script type=\"application\/ld+json\" class=\"yoast-schema-graph\">{\"@context\":\"https:\/\/schema.org\",\"@graph\":[{\"@type\":\"WebSite\",\"@id\":\"https:\/\/machineriesbst.com\/en\/#website\",\"url\":\"https:\/\/machineriesbst.com\/en\/\",\"name\":\"Machineries BST\",\"description\":\"Machines neuves &amp; usag\\u00e9es\",\"potentialAction\":[{\"@type\":\"SearchAction\",\"target\":{\"@type\":\"EntryPoint\",\"urlTemplate\":\"https:\/\/machineriesbst.com\/en\/?s={search_term_string}\"},\"query-input\":\"required name=search_term_string\"}],\"inLanguage\":\"en-US\"},{\"@type\":\"ImageObject\",\"@id\":\"https:\/\/machineriesbst.com\/en\/catalogue\/raboteuse-superieure-et-inferieure-yates-b-26\/#primaryimage\",\"inLanguage\":\"en-US\",\"url\":\"https:\/\/machineriesbst.com\/wp-content\/uploads\/2021\/05\/Yates-American-B26-Machinery-Associates-TK9Vm1cr_800.jpg\",\"contentUrl\":\"https:\/\/machineriesbst.com\/wp-content\/uploads\/2021\/05\/Yates-American-B26-Machinery-Associates-TK9Vm1cr_800.jpg\",\"width\":611,\"height\":600},{\"@type\":\"WebPage\",\"@id\":\"https:\/\/machineriesbst.com\/en\/catalogue\/raboteuse-superieure-et-inferieure-yates-b-26\/#webpage\",\"url\":\"https:\/\/machineriesbst.com\/en\/catalogue\/raboteuse-superieure-et-inferieure-yates-b-26\/\",\"name\":\"Raboteuse sup\\u00e9rieure et inf\\u00e9rieure Yates B-26 - Machineries BST\",\"isPartOf\":{\"@id\":\"https:\/\/machineriesbst.com\/en\/#website\"},\"primaryImageOfPage\":{\"@id\":\"https:\/\/machineriesbst.com\/en\/catalogue\/raboteuse-superieure-et-inferieure-yates-b-26\/#primaryimage\"},\"datePublished\":\"2021-06-08T13:40:48+00:00\",\"dateModified\":\"2023-12-01T01:24:15+00:00\",\"breadcrumb\":{\"@id\":\"https:\/\/machineriesbst.com\/en\/catalogue\/raboteuse-superieure-et-inferieure-yates-b-26\/#breadcrumb\"},\"inLanguage\":\"en-US\",\"potentialAction\":[{\"@type\":\"ReadAction\",\"target\":[\"https:\/\/machineriesbst.com\/en\/catalogue\/raboteuse-superieure-et-inferieure-yates-b-26\/\"]}]},{\"@type\":\"BreadcrumbList\",\"@id\":\"https:\/\/machineriesbst.com\/en\/catalogue\/raboteuse-superieure-et-inferieure-yates-b-26\/#breadcrumb\",\"itemListElement\":[{\"@type\":\"ListItem\",\"position\":1,\"name\":\"Accueil\",\"item\":\"https:\/\/machineriesbst.com\/en\/\"},{\"@type\":\"ListItem\",\"position\":2,\"name\":\"Catalogue\",\"item\":\"https:\/\/machineriesbst.com\/en\/catalog\/\"},{\"@type\":\"ListItem\",\"position\":3,\"name\":\"Raboteuse sup\\u00e9rieure et inf\\u00e9rieure Yates B-26\"}]}]}<\/script>\n<!-- \/ Yoast SEO plugin. -->","yoast_head_json":{"title":"Raboteuse sup\u00e9rieure et inf\u00e9rieure Yates B-26 - Machineries BST","robots":{"index":"index","follow":"follow","max-snippet":"max-snippet:-1","max-image-preview":"max-image-preview:large","max-video-preview":"max-video-preview:-1"},"canonical":"https:\/\/machineriesbst.com\/en\/catalogue\/raboteuse-superieure-et-inferieure-yates-b-26\/","og_locale":"en_US","og_type":"article","og_title":"Raboteuse sup\u00e9rieure et inf\u00e9rieure Yates B-26 - Machineries BST","og_description":"Raboteuse sup\u00e9rieure et inf\u00e9rieure Yates B-26: 24 \"x 4\" Cap d'\u00e9paisseur. Insert de carbure Hd, 3PH Capacit\u00e9 de 3\/4 \"- 4\" d'\u00e9paisseur 24 \"de largeur 46 \"min. 75 HP moteur sup\u00e9rieur Moteur inf\u00e9rieur de 40 HP Unit\u00e9 hydraulique 40 CV Syst\u00e8me d'alimentation 75-400 FPM 8 \"dia cercle de coupe - 3600 RPM Tr\u00e9pans en carbure [&hellip;]","og_url":"https:\/\/machineriesbst.com\/en\/catalogue\/raboteuse-superieure-et-inferieure-yates-b-26\/","og_site_name":"Machineries BST","article_modified_time":"2023-12-01T01:24:15+00:00","og_image":[{"width":611,"height":600,"url":"https:\/\/machineriesbst.com\/wp-content\/uploads\/2021\/05\/Yates-American-B26-Machinery-Associates-TK9Vm1cr_800.jpg","path":"\/home\/jepeto\/public_html\/wp-content\/uploads\/2021\/05\/Yates-American-B26-Machinery-Associates-TK9Vm1cr_800.jpg","size":"full","id":50888,"alt":"","pixels":366600,"type":"image\/jpeg"}],"twitter_card":"summary_large_image","schema":{"@context":"https:\/\/schema.org","@graph":[{"@type":"WebSite","@id":"https:\/\/machineriesbst.com\/en\/#website","url":"https:\/\/machineriesbst.com\/en\/","name":"Machineries BST","description":"Machines neuves &amp; usag\u00e9es","potentialAction":[{"@type":"SearchAction","target":{"@type":"EntryPoint","urlTemplate":"https:\/\/machineriesbst.com\/en\/?s={search_term_string}"},"query-input":"required name=search_term_string"}],"inLanguage":"en-US"},{"@type":"ImageObject","@id":"https:\/\/machineriesbst.com\/en\/catalogue\/raboteuse-superieure-et-inferieure-yates-b-26\/#primaryimage","inLanguage":"en-US","url":"https:\/\/machineriesbst.com\/wp-content\/uploads\/2021\/05\/Yates-American-B26-Machinery-Associates-TK9Vm1cr_800.jpg","contentUrl":"https:\/\/machineriesbst.com\/wp-content\/uploads\/2021\/05\/Yates-American-B26-Machinery-Associates-TK9Vm1cr_800.jpg","width":611,"height":600},{"@type":"WebPage","@id":"https:\/\/machineriesbst.com\/en\/catalogue\/raboteuse-superieure-et-inferieure-yates-b-26\/#webpage","url":"https:\/\/machineriesbst.com\/en\/catalogue\/raboteuse-superieure-et-inferieure-yates-b-26\/","name":"Raboteuse sup\u00e9rieure et inf\u00e9rieure Yates B-26 - Machineries BST","isPartOf":{"@id":"https:\/\/machineriesbst.com\/en\/#website"},"primaryImageOfPage":{"@id":"https:\/\/machineriesbst.com\/en\/catalogue\/raboteuse-superieure-et-inferieure-yates-b-26\/#primaryimage"},"datePublished":"2021-06-08T13:40:48+00:00","dateModified":"2023-12-01T01:24:15+00:00","breadcrumb":{"@id":"https:\/\/machineriesbst.com\/en\/catalogue\/raboteuse-superieure-et-inferieure-yates-b-26\/#breadcrumb"},"inLanguage":"en-US","potentialAction":[{"@type":"ReadAction","target":["https:\/\/machineriesbst.com\/en\/catalogue\/raboteuse-superieure-et-inferieure-yates-b-26\/"]}]},{"@type":"BreadcrumbList","@id":"https:\/\/machineriesbst.com\/en\/catalogue\/raboteuse-superieure-et-inferieure-yates-b-26\/#breadcrumb","itemListElement":[{"@type":"ListItem","position":1,"name":"Accueil","item":"https:\/\/machineriesbst.com\/en\/"},{"@type":"ListItem","position":2,"name":"Catalogue","item":"https:\/\/machineriesbst.com\/en\/catalog\/"},{"@type":"ListItem","position":3,"name":"Raboteuse sup\u00e9rieure et inf\u00e9rieure Yates B-26"}]}]}},"_links":{"self":[{"href":"https:\/\/machineriesbst.com\/en\/wp-json\/wp\/v2\/product\/57891"}],"collection":[{"href":"https:\/\/machineriesbst.com\/en\/wp-json\/wp\/v2\/product"}],"about":[{"href":"https:\/\/machineriesbst.com\/en\/wp-json\/wp\/v2\/types\/product"}],"author":[{"embeddable":true,"href":"https:\/\/machineriesbst.com\/en\/wp-json\/wp\/v2\/users\/3"}],"replies":[{"embeddable":true,"href":"https:\/\/machineriesbst.com\/en\/wp-json\/wp\/v2\/comments?post=57891"}],"wp:featuredmedia":[{"embeddable":true,"href":"https:\/\/machineriesbst.com\/en\/wp-json\/wp\/v2\/media\/50888"}],"wp:attachment":[{"href":"https:\/\/machineriesbst.com\/en\/wp-json\/wp\/v2\/media?parent=57891"}],"wp:term":[{"taxonomy":"product_cat","embeddable":true,"href":"https:\/\/machineriesbst.com\/en\/wp-json\/wp\/v2\/product_cat?post=57891"},{"taxonomy":"product_tag","embeddable":true,"href":"https:\/\/machineriesbst.com\/en\/wp-json\/wp\/v2\/product_tag?post=57891"}],"curies":[{"name":"wp","href":"https:\/\/api.w.org\/{rel}","templated":true}]}}