{"id":57884,"date":"2021-06-08T09:40:46","date_gmt":"2021-06-08T13:40:46","guid":{"rendered":"https:\/\/machineriesbst.com\/?post_type=product&#038;p=57884"},"modified":"2023-11-30T20:24:15","modified_gmt":"2023-12-01T01:24:15","slug":"pulverisateur-de-bord-dubois-5015","status":"publish","type":"product","link":"https:\/\/machineriesbst.com\/en\/catalogue\/pulverisateur-de-bord-dubois-5015\/","title":{"rendered":"Dubois 5015 on-board sprayer"},"content":{"rendered":"<p>Dubois 5015 on-board sprayer:<\/p>\n<ul>\n<li>Controlled and monitored by a complex system of data collection sensors, electro-pneumatic valves, operator switches, parameters and computer logic components<\/li>\n<li>(4) spray gun capacity<\/li>\n<li>Automatic belt cleaning system<br \/>\n66 &quot;width x 90&quot; length x 5 &quot;height spray area<\/li>\n<li>Machine dimensions: 18&#39;6 &quot;length x 9&#39;5&quot; height x 10 &#39;width<\/li>\n<li>Comes with exhaust fan and paint pumps<\/li>\n<\/ul>","protected":false},"excerpt":{"rendered":"<p>Pulv\u00e9risateur de bord Dubois 5015: Contr\u00f4l\u00e9 et surveill\u00e9 par un syst\u00e8me complexe de capteurs de collecte de donn\u00e9es, de vannes \u00e9lectropneumatiques, de commutateurs d'op\u00e9rateur, de param\u00e8tres et de composants logiques informatiques (4) capacit\u00e9 de pistolet de pulv\u00e9risation Syst\u00e8me de nettoyage automatique de la bande 66 \"largeur x 90\" longueur x 5 \"hauteur zone de pulv\u00e9risation [&hellip;]<\/p>","protected":false},"author":3,"featured_media":50869,"comment_status":"open","ping_status":"closed","template":"","meta":[],"product_cat":[237],"product_tag":[],"acf":[],"yoast_head":"<!-- This site is optimized with the Yoast SEO plugin v16.8 - https:\/\/yoast.com\/wordpress\/plugins\/seo\/ -->\n<title>Pulv\u00e9risateur de bord Dubois 5015 - Machineries BST<\/title>\n<meta name=\"robots\" content=\"index, follow, max-snippet:-1, max-image-preview:large, max-video-preview:-1\" \/>\n<link rel=\"canonical\" href=\"https:\/\/machineriesbst.com\/en\/catalogue\/pulverisateur-de-bord-dubois-5015\/\" \/>\n<meta property=\"og:locale\" content=\"en_US\" \/>\n<meta property=\"og:type\" content=\"article\" \/>\n<meta property=\"og:title\" content=\"Pulv\u00e9risateur de bord Dubois 5015 - Machineries BST\" \/>\n<meta property=\"og:description\" content=\"Pulv\u00e9risateur de bord Dubois 5015: Contr\u00f4l\u00e9 et surveill\u00e9 par un syst\u00e8me complexe de capteurs de collecte de donn\u00e9es, de vannes \u00e9lectropneumatiques, de commutateurs d&#039;op\u00e9rateur, de param\u00e8tres et de composants logiques informatiques (4) capacit\u00e9 de pistolet de pulv\u00e9risation Syst\u00e8me de nettoyage automatique de la bande 66 &quot;largeur x 90&quot; longueur x 5 &quot;hauteur zone de pulv\u00e9risation [&hellip;]\" \/>\n<meta property=\"og:url\" content=\"https:\/\/machineriesbst.com\/en\/catalogue\/pulverisateur-de-bord-dubois-5015\/\" \/>\n<meta property=\"og:site_name\" content=\"Machineries BST\" \/>\n<meta property=\"article:modified_time\" content=\"2023-12-01T01:24:15+00:00\" \/>\n<meta property=\"og:image\" content=\"https:\/\/machineriesbst.com\/wp-content\/uploads\/2021\/05\/DUBOIS-5015-Machinery-Associates-6DpzZ0nS_800.jpg\" \/>\n\t<meta property=\"og:image:width\" content=\"800\" \/>\n\t<meta property=\"og:image:height\" content=\"529\" \/>\n<meta name=\"twitter:card\" content=\"summary_large_image\" \/>\n<script type=\"application\/ld+json\" class=\"yoast-schema-graph\">{\"@context\":\"https:\/\/schema.org\",\"@graph\":[{\"@type\":\"WebSite\",\"@id\":\"https:\/\/machineriesbst.com\/en\/#website\",\"url\":\"https:\/\/machineriesbst.com\/en\/\",\"name\":\"Machineries BST\",\"description\":\"Machines neuves &amp; usag\\u00e9es\",\"potentialAction\":[{\"@type\":\"SearchAction\",\"target\":{\"@type\":\"EntryPoint\",\"urlTemplate\":\"https:\/\/machineriesbst.com\/en\/?s={search_term_string}\"},\"query-input\":\"required name=search_term_string\"}],\"inLanguage\":\"en-US\"},{\"@type\":\"ImageObject\",\"@id\":\"https:\/\/machineriesbst.com\/en\/catalogue\/pulverisateur-de-bord-dubois-5015\/#primaryimage\",\"inLanguage\":\"en-US\",\"url\":\"https:\/\/machineriesbst.com\/wp-content\/uploads\/2021\/05\/DUBOIS-5015-Machinery-Associates-6DpzZ0nS_800.jpg\",\"contentUrl\":\"https:\/\/machineriesbst.com\/wp-content\/uploads\/2021\/05\/DUBOIS-5015-Machinery-Associates-6DpzZ0nS_800.jpg\",\"width\":800,\"height\":529},{\"@type\":\"WebPage\",\"@id\":\"https:\/\/machineriesbst.com\/en\/catalogue\/pulverisateur-de-bord-dubois-5015\/#webpage\",\"url\":\"https:\/\/machineriesbst.com\/en\/catalogue\/pulverisateur-de-bord-dubois-5015\/\",\"name\":\"Pulv\\u00e9risateur de bord Dubois 5015 - Machineries BST\",\"isPartOf\":{\"@id\":\"https:\/\/machineriesbst.com\/en\/#website\"},\"primaryImageOfPage\":{\"@id\":\"https:\/\/machineriesbst.com\/en\/catalogue\/pulverisateur-de-bord-dubois-5015\/#primaryimage\"},\"datePublished\":\"2021-06-08T13:40:46+00:00\",\"dateModified\":\"2023-12-01T01:24:15+00:00\",\"breadcrumb\":{\"@id\":\"https:\/\/machineriesbst.com\/en\/catalogue\/pulverisateur-de-bord-dubois-5015\/#breadcrumb\"},\"inLanguage\":\"en-US\",\"potentialAction\":[{\"@type\":\"ReadAction\",\"target\":[\"https:\/\/machineriesbst.com\/en\/catalogue\/pulverisateur-de-bord-dubois-5015\/\"]}]},{\"@type\":\"BreadcrumbList\",\"@id\":\"https:\/\/machineriesbst.com\/en\/catalogue\/pulverisateur-de-bord-dubois-5015\/#breadcrumb\",\"itemListElement\":[{\"@type\":\"ListItem\",\"position\":1,\"name\":\"Accueil\",\"item\":\"https:\/\/machineriesbst.com\/en\/\"},{\"@type\":\"ListItem\",\"position\":2,\"name\":\"Catalogue\",\"item\":\"https:\/\/machineriesbst.com\/en\/catalog\/\"},{\"@type\":\"ListItem\",\"position\":3,\"name\":\"Pulv\\u00e9risateur de bord Dubois 5015\"}]}]}<\/script>\n<!-- \/ Yoast SEO plugin. -->","yoast_head_json":{"title":"Pulv\u00e9risateur de bord Dubois 5015 - Machineries BST","robots":{"index":"index","follow":"follow","max-snippet":"max-snippet:-1","max-image-preview":"max-image-preview:large","max-video-preview":"max-video-preview:-1"},"canonical":"https:\/\/machineriesbst.com\/en\/catalogue\/pulverisateur-de-bord-dubois-5015\/","og_locale":"en_US","og_type":"article","og_title":"Pulv\u00e9risateur de bord Dubois 5015 - Machineries BST","og_description":"Pulv\u00e9risateur de bord Dubois 5015: Contr\u00f4l\u00e9 et surveill\u00e9 par un syst\u00e8me complexe de capteurs de collecte de donn\u00e9es, de vannes \u00e9lectropneumatiques, de commutateurs d'op\u00e9rateur, de param\u00e8tres et de composants logiques informatiques (4) capacit\u00e9 de pistolet de pulv\u00e9risation Syst\u00e8me de nettoyage automatique de la bande 66 \"largeur x 90\" longueur x 5 \"hauteur zone de pulv\u00e9risation [&hellip;]","og_url":"https:\/\/machineriesbst.com\/en\/catalogue\/pulverisateur-de-bord-dubois-5015\/","og_site_name":"Machineries BST","article_modified_time":"2023-12-01T01:24:15+00:00","og_image":[{"width":800,"height":529,"url":"https:\/\/machineriesbst.com\/wp-content\/uploads\/2021\/05\/DUBOIS-5015-Machinery-Associates-6DpzZ0nS_800.jpg","path":"\/home\/jepeto\/public_html\/wp-content\/uploads\/2021\/05\/DUBOIS-5015-Machinery-Associates-6DpzZ0nS_800.jpg","size":"full","id":50869,"alt":"","pixels":423200,"type":"image\/jpeg"}],"twitter_card":"summary_large_image","schema":{"@context":"https:\/\/schema.org","@graph":[{"@type":"WebSite","@id":"https:\/\/machineriesbst.com\/en\/#website","url":"https:\/\/machineriesbst.com\/en\/","name":"Machineries BST","description":"Machines neuves &amp; usag\u00e9es","potentialAction":[{"@type":"SearchAction","target":{"@type":"EntryPoint","urlTemplate":"https:\/\/machineriesbst.com\/en\/?s={search_term_string}"},"query-input":"required name=search_term_string"}],"inLanguage":"en-US"},{"@type":"ImageObject","@id":"https:\/\/machineriesbst.com\/en\/catalogue\/pulverisateur-de-bord-dubois-5015\/#primaryimage","inLanguage":"en-US","url":"https:\/\/machineriesbst.com\/wp-content\/uploads\/2021\/05\/DUBOIS-5015-Machinery-Associates-6DpzZ0nS_800.jpg","contentUrl":"https:\/\/machineriesbst.com\/wp-content\/uploads\/2021\/05\/DUBOIS-5015-Machinery-Associates-6DpzZ0nS_800.jpg","width":800,"height":529},{"@type":"WebPage","@id":"https:\/\/machineriesbst.com\/en\/catalogue\/pulverisateur-de-bord-dubois-5015\/#webpage","url":"https:\/\/machineriesbst.com\/en\/catalogue\/pulverisateur-de-bord-dubois-5015\/","name":"Pulv\u00e9risateur de bord Dubois 5015 - Machineries BST","isPartOf":{"@id":"https:\/\/machineriesbst.com\/en\/#website"},"primaryImageOfPage":{"@id":"https:\/\/machineriesbst.com\/en\/catalogue\/pulverisateur-de-bord-dubois-5015\/#primaryimage"},"datePublished":"2021-06-08T13:40:46+00:00","dateModified":"2023-12-01T01:24:15+00:00","breadcrumb":{"@id":"https:\/\/machineriesbst.com\/en\/catalogue\/pulverisateur-de-bord-dubois-5015\/#breadcrumb"},"inLanguage":"en-US","potentialAction":[{"@type":"ReadAction","target":["https:\/\/machineriesbst.com\/en\/catalogue\/pulverisateur-de-bord-dubois-5015\/"]}]},{"@type":"BreadcrumbList","@id":"https:\/\/machineriesbst.com\/en\/catalogue\/pulverisateur-de-bord-dubois-5015\/#breadcrumb","itemListElement":[{"@type":"ListItem","position":1,"name":"Accueil","item":"https:\/\/machineriesbst.com\/en\/"},{"@type":"ListItem","position":2,"name":"Catalogue","item":"https:\/\/machineriesbst.com\/en\/catalog\/"},{"@type":"ListItem","position":3,"name":"Pulv\u00e9risateur de bord Dubois 5015"}]}]}},"_links":{"self":[{"href":"https:\/\/machineriesbst.com\/en\/wp-json\/wp\/v2\/product\/57884"}],"collection":[{"href":"https:\/\/machineriesbst.com\/en\/wp-json\/wp\/v2\/product"}],"about":[{"href":"https:\/\/machineriesbst.com\/en\/wp-json\/wp\/v2\/types\/product"}],"author":[{"embeddable":true,"href":"https:\/\/machineriesbst.com\/en\/wp-json\/wp\/v2\/users\/3"}],"replies":[{"embeddable":true,"href":"https:\/\/machineriesbst.com\/en\/wp-json\/wp\/v2\/comments?post=57884"}],"wp:featuredmedia":[{"embeddable":true,"href":"https:\/\/machineriesbst.com\/en\/wp-json\/wp\/v2\/media\/50869"}],"wp:attachment":[{"href":"https:\/\/machineriesbst.com\/en\/wp-json\/wp\/v2\/media?parent=57884"}],"wp:term":[{"taxonomy":"product_cat","embeddable":true,"href":"https:\/\/machineriesbst.com\/en\/wp-json\/wp\/v2\/product_cat?post=57884"},{"taxonomy":"product_tag","embeddable":true,"href":"https:\/\/machineriesbst.com\/en\/wp-json\/wp\/v2\/product_tag?post=57884"}],"curies":[{"name":"wp","href":"https:\/\/api.w.org\/{rel}","templated":true}]}}