{"id":57883,"date":"2021-06-08T09:40:46","date_gmt":"2021-06-08T13:40:46","guid":{"rendered":"https:\/\/machineriesbst.com\/?post_type=product&#038;p=57883"},"modified":"2023-11-30T20:24:15","modified_gmt":"2023-12-01T01:24:15","slug":"chambre-a-peinture-superfici","status":"publish","type":"product","link":"https:\/\/machineriesbst.com\/en\/catalogue\/chambre-a-peinture-superfici\/","title":{"rendered":"Superfici paint chamber"},"content":{"rendered":"<p>Superfici paint chamber:<\/p>\n<ul>\n<li>2 reciprocators in a pressurized cabin with combined self-cleaning and regenerating device for overspray on the belt.<\/li>\n<li>Has a working capacity of 60 &quot;<\/li>\n<li>Eight (8) Kremlin air-assisted airless cannons<\/li>\n<li>Two (2) pumps with pump support<\/li>\n<\/ul>","protected":false},"excerpt":{"rendered":"<p>Superfici paint chamber: 2 reciprocators in a pressurized cabin with combined self-cleaning and regenerating device for the overspray on the belt. Has a working capacity of 60&quot; Eight (8) Kremlin air-assisted airless cannons Two (2) pumps with pump stand<\/p>","protected":false},"author":3,"featured_media":50863,"comment_status":"open","ping_status":"closed","template":"","meta":[],"product_cat":[3061],"product_tag":[],"acf":[],"yoast_head":"<!-- This site is optimized with the Yoast SEO plugin v16.8 - https:\/\/yoast.com\/wordpress\/plugins\/seo\/ -->\n<title>Chambre \u00e0 peinture Superfici - Machineries BST<\/title>\n<meta name=\"robots\" content=\"index, follow, max-snippet:-1, max-image-preview:large, max-video-preview:-1\" \/>\n<link rel=\"canonical\" href=\"https:\/\/machineriesbst.com\/en\/catalogue\/chambre-a-peinture-superfici\/\" \/>\n<meta property=\"og:locale\" content=\"en_US\" \/>\n<meta property=\"og:type\" content=\"article\" \/>\n<meta property=\"og:title\" content=\"Chambre \u00e0 peinture Superfici - Machineries BST\" \/>\n<meta property=\"og:description\" content=\"Chambre \u00e0 peinture Superfici: 2 r\u00e9ciprocateurs dans une cabine pressuris\u00e9e avec dispositif combin\u00e9 autonettoyant et r\u00e9g\u00e9n\u00e9rateur pour l&#039;overspray sur la ceinture. A une capacit\u00e9 de travail de 60 &quot; Huit (8) canons airless assist\u00e9s par air du Kremlin Deux (2) pompes avec support de pompe\" \/>\n<meta property=\"og:url\" content=\"https:\/\/machineriesbst.com\/en\/catalogue\/chambre-a-peinture-superfici\/\" \/>\n<meta property=\"og:site_name\" content=\"Machineries BST\" \/>\n<meta property=\"article:modified_time\" content=\"2023-12-01T01:24:15+00:00\" \/>\n<meta property=\"og:image\" content=\"https:\/\/machineriesbst.com\/wp-content\/uploads\/2021\/05\/Superfici-Superfici-Twin-Spray-Automatic-through-feed-spraying-machine-Machinery-Associates-dTZEZjrI_800.jpg\" \/>\n\t<meta property=\"og:image:width\" content=\"448\" \/>\n\t<meta property=\"og:image:height\" content=\"245\" \/>\n<meta name=\"twitter:card\" content=\"summary_large_image\" \/>\n<script type=\"application\/ld+json\" class=\"yoast-schema-graph\">{\"@context\":\"https:\/\/schema.org\",\"@graph\":[{\"@type\":\"WebSite\",\"@id\":\"https:\/\/machineriesbst.com\/en\/#website\",\"url\":\"https:\/\/machineriesbst.com\/en\/\",\"name\":\"Machineries BST\",\"description\":\"Machines neuves &amp; usag\\u00e9es\",\"potentialAction\":[{\"@type\":\"SearchAction\",\"target\":{\"@type\":\"EntryPoint\",\"urlTemplate\":\"https:\/\/machineriesbst.com\/en\/?s={search_term_string}\"},\"query-input\":\"required name=search_term_string\"}],\"inLanguage\":\"en-US\"},{\"@type\":\"ImageObject\",\"@id\":\"https:\/\/machineriesbst.com\/en\/catalogue\/chambre-a-peinture-superfici\/#primaryimage\",\"inLanguage\":\"en-US\",\"url\":\"https:\/\/machineriesbst.com\/wp-content\/uploads\/2021\/05\/Superfici-Superfici-Twin-Spray-Automatic-through-feed-spraying-machine-Machinery-Associates-dTZEZjrI_800.jpg\",\"contentUrl\":\"https:\/\/machineriesbst.com\/wp-content\/uploads\/2021\/05\/Superfici-Superfici-Twin-Spray-Automatic-through-feed-spraying-machine-Machinery-Associates-dTZEZjrI_800.jpg\",\"width\":448,\"height\":245},{\"@type\":\"WebPage\",\"@id\":\"https:\/\/machineriesbst.com\/en\/catalogue\/chambre-a-peinture-superfici\/#webpage\",\"url\":\"https:\/\/machineriesbst.com\/en\/catalogue\/chambre-a-peinture-superfici\/\",\"name\":\"Chambre \\u00e0 peinture Superfici - Machineries BST\",\"isPartOf\":{\"@id\":\"https:\/\/machineriesbst.com\/en\/#website\"},\"primaryImageOfPage\":{\"@id\":\"https:\/\/machineriesbst.com\/en\/catalogue\/chambre-a-peinture-superfici\/#primaryimage\"},\"datePublished\":\"2021-06-08T13:40:46+00:00\",\"dateModified\":\"2023-12-01T01:24:15+00:00\",\"breadcrumb\":{\"@id\":\"https:\/\/machineriesbst.com\/en\/catalogue\/chambre-a-peinture-superfici\/#breadcrumb\"},\"inLanguage\":\"en-US\",\"potentialAction\":[{\"@type\":\"ReadAction\",\"target\":[\"https:\/\/machineriesbst.com\/en\/catalogue\/chambre-a-peinture-superfici\/\"]}]},{\"@type\":\"BreadcrumbList\",\"@id\":\"https:\/\/machineriesbst.com\/en\/catalogue\/chambre-a-peinture-superfici\/#breadcrumb\",\"itemListElement\":[{\"@type\":\"ListItem\",\"position\":1,\"name\":\"Accueil\",\"item\":\"https:\/\/machineriesbst.com\/en\/\"},{\"@type\":\"ListItem\",\"position\":2,\"name\":\"Catalogue\",\"item\":\"https:\/\/machineriesbst.com\/en\/catalog\/\"},{\"@type\":\"ListItem\",\"position\":3,\"name\":\"Chambre \\u00e0 peinture Superfici\"}]}]}<\/script>\n<!-- \/ Yoast SEO plugin. -->","yoast_head_json":{"title":"Chambre \u00e0 peinture Superfici - Machineries BST","robots":{"index":"index","follow":"follow","max-snippet":"max-snippet:-1","max-image-preview":"max-image-preview:large","max-video-preview":"max-video-preview:-1"},"canonical":"https:\/\/machineriesbst.com\/en\/catalogue\/chambre-a-peinture-superfici\/","og_locale":"en_US","og_type":"article","og_title":"Chambre \u00e0 peinture Superfici - Machineries BST","og_description":"Chambre \u00e0 peinture Superfici: 2 r\u00e9ciprocateurs dans une cabine pressuris\u00e9e avec dispositif combin\u00e9 autonettoyant et r\u00e9g\u00e9n\u00e9rateur pour l'overspray sur la ceinture. A une capacit\u00e9 de travail de 60 \" Huit (8) canons airless assist\u00e9s par air du Kremlin Deux (2) pompes avec support de pompe","og_url":"https:\/\/machineriesbst.com\/en\/catalogue\/chambre-a-peinture-superfici\/","og_site_name":"Machineries BST","article_modified_time":"2023-12-01T01:24:15+00:00","og_image":[{"width":448,"height":245,"url":"https:\/\/machineriesbst.com\/wp-content\/uploads\/2021\/05\/Superfici-Superfici-Twin-Spray-Automatic-through-feed-spraying-machine-Machinery-Associates-dTZEZjrI_800.jpg","path":"\/home\/jepeto\/public_html\/wp-content\/uploads\/2021\/05\/Superfici-Superfici-Twin-Spray-Automatic-through-feed-spraying-machine-Machinery-Associates-dTZEZjrI_800.jpg","size":"full","id":50863,"alt":"","pixels":109760,"type":"image\/jpeg"}],"twitter_card":"summary_large_image","schema":{"@context":"https:\/\/schema.org","@graph":[{"@type":"WebSite","@id":"https:\/\/machineriesbst.com\/en\/#website","url":"https:\/\/machineriesbst.com\/en\/","name":"Machineries BST","description":"Machines neuves &amp; usag\u00e9es","potentialAction":[{"@type":"SearchAction","target":{"@type":"EntryPoint","urlTemplate":"https:\/\/machineriesbst.com\/en\/?s={search_term_string}"},"query-input":"required name=search_term_string"}],"inLanguage":"en-US"},{"@type":"ImageObject","@id":"https:\/\/machineriesbst.com\/en\/catalogue\/chambre-a-peinture-superfici\/#primaryimage","inLanguage":"en-US","url":"https:\/\/machineriesbst.com\/wp-content\/uploads\/2021\/05\/Superfici-Superfici-Twin-Spray-Automatic-through-feed-spraying-machine-Machinery-Associates-dTZEZjrI_800.jpg","contentUrl":"https:\/\/machineriesbst.com\/wp-content\/uploads\/2021\/05\/Superfici-Superfici-Twin-Spray-Automatic-through-feed-spraying-machine-Machinery-Associates-dTZEZjrI_800.jpg","width":448,"height":245},{"@type":"WebPage","@id":"https:\/\/machineriesbst.com\/en\/catalogue\/chambre-a-peinture-superfici\/#webpage","url":"https:\/\/machineriesbst.com\/en\/catalogue\/chambre-a-peinture-superfici\/","name":"Chambre \u00e0 peinture Superfici - Machineries BST","isPartOf":{"@id":"https:\/\/machineriesbst.com\/en\/#website"},"primaryImageOfPage":{"@id":"https:\/\/machineriesbst.com\/en\/catalogue\/chambre-a-peinture-superfici\/#primaryimage"},"datePublished":"2021-06-08T13:40:46+00:00","dateModified":"2023-12-01T01:24:15+00:00","breadcrumb":{"@id":"https:\/\/machineriesbst.com\/en\/catalogue\/chambre-a-peinture-superfici\/#breadcrumb"},"inLanguage":"en-US","potentialAction":[{"@type":"ReadAction","target":["https:\/\/machineriesbst.com\/en\/catalogue\/chambre-a-peinture-superfici\/"]}]},{"@type":"BreadcrumbList","@id":"https:\/\/machineriesbst.com\/en\/catalogue\/chambre-a-peinture-superfici\/#breadcrumb","itemListElement":[{"@type":"ListItem","position":1,"name":"Accueil","item":"https:\/\/machineriesbst.com\/en\/"},{"@type":"ListItem","position":2,"name":"Catalogue","item":"https:\/\/machineriesbst.com\/en\/catalog\/"},{"@type":"ListItem","position":3,"name":"Chambre \u00e0 peinture Superfici"}]}]}},"_links":{"self":[{"href":"https:\/\/machineriesbst.com\/en\/wp-json\/wp\/v2\/product\/57883"}],"collection":[{"href":"https:\/\/machineriesbst.com\/en\/wp-json\/wp\/v2\/product"}],"about":[{"href":"https:\/\/machineriesbst.com\/en\/wp-json\/wp\/v2\/types\/product"}],"author":[{"embeddable":true,"href":"https:\/\/machineriesbst.com\/en\/wp-json\/wp\/v2\/users\/3"}],"replies":[{"embeddable":true,"href":"https:\/\/machineriesbst.com\/en\/wp-json\/wp\/v2\/comments?post=57883"}],"wp:featuredmedia":[{"embeddable":true,"href":"https:\/\/machineriesbst.com\/en\/wp-json\/wp\/v2\/media\/50863"}],"wp:attachment":[{"href":"https:\/\/machineriesbst.com\/en\/wp-json\/wp\/v2\/media?parent=57883"}],"wp:term":[{"taxonomy":"product_cat","embeddable":true,"href":"https:\/\/machineriesbst.com\/en\/wp-json\/wp\/v2\/product_cat?post=57883"},{"taxonomy":"product_tag","embeddable":true,"href":"https:\/\/machineriesbst.com\/en\/wp-json\/wp\/v2\/product_tag?post=57883"}],"curies":[{"name":"wp","href":"https:\/\/api.w.org\/{rel}","templated":true}]}}