{"id":57882,"date":"2021-06-08T09:40:46","date_gmt":"2021-06-08T13:40:46","guid":{"rendered":"https:\/\/machineriesbst.com\/?post_type=product&#038;p=57882"},"modified":"2023-11-30T20:24:15","modified_gmt":"2023-12-01T01:24:15","slug":"chaine-de-tri-et-dimbrication-doucet","status":"publish","type":"product","link":"https:\/\/machineriesbst.com\/en\/catalogue\/chaine-de-tri-et-dimbrication-doucet\/","title":{"rendered":"Doucet sorting and nesting chain"},"content":{"rendered":"<p>Doucet sorting and nesting chain:<\/p>\n<ul>\n<li>First step (from the final step to the front of the sorters.)<br \/>\n- A 5 &#39;wide by 4&#39; long belt conveyor with guide ribs.<br \/>\n- A conveyor belt 5 &#39;wide by 8&#39; long.<br \/>\n- Two belt conveyors 5 &#39;wide by 10&#39; long.<br \/>\n- A belt 12 &quot;wide by 15 &#39;long.<br \/>\n- A belt 12 &quot;wide by 24 &#39;long.<br \/>\n- A belt 12 &quot;wide by 50 &#39;long with a pneumatic activated diverter.<\/li>\n<li>Second stage, package handling system.<br \/>\n- Five 12 &quot;wide stacking tables with an individual pneumatic fence activated manually by a foot switch, the operation is to stack a series of boards of different lengths but of the same width into a uniform bundle to meet the requested area.<\/li>\n<li>Each station includes a belt transfer unit made up of a series of Abasit belts spaced 6 &#39;&#39; by 8 &#39;wide. Each package is transferred to a 12 &quot;wide roller conveyor and transported to another transfer unit.<br \/>\n- An 8 &#39;wide by 10&#39; long transfer unit, used as a buffer zone before the strapping process.<br \/>\n- A 12 &quot;wide non-motorized roller conveyor used to be strapping machines. Operators hand push the bundle through the strapping machine.<br \/>\n- A 10 &#39;long by 12&#39; wide non-motorized roller conveyor at the end of the wrapping machine.<\/li>\n<li>Includes strapping machine<\/li>\n<\/ul>","protected":false},"excerpt":{"rendered":"<p>Doucet sorting and nesting chain: First stage (from the final stage to the front of the sorters.) - A 5 &#39;wide by 4&#39; long belt conveyor with guide ribs. - A conveyor belt 5 &#39;wide by 8&#39; long. - Two 5 &#39;wide belt conveyors on [\u2026]<\/p>","protected":false},"author":3,"featured_media":50858,"comment_status":"open","ping_status":"closed","template":"","meta":[],"product_cat":[3021],"product_tag":[],"acf":[],"yoast_head":"<!-- This site is optimized with the Yoast SEO plugin v16.8 - https:\/\/yoast.com\/wordpress\/plugins\/seo\/ -->\n<title>Cha\u00eene de tri et d&#039;imbrication Doucet - Machineries BST<\/title>\n<meta name=\"robots\" content=\"index, follow, max-snippet:-1, max-image-preview:large, max-video-preview:-1\" \/>\n<link rel=\"canonical\" href=\"https:\/\/machineriesbst.com\/en\/catalogue\/chaine-de-tri-et-dimbrication-doucet\/\" \/>\n<meta property=\"og:locale\" content=\"en_US\" \/>\n<meta property=\"og:type\" content=\"article\" \/>\n<meta property=\"og:title\" content=\"Cha\u00eene de tri et d&#039;imbrication Doucet - Machineries BST\" \/>\n<meta property=\"og:description\" content=\"Cha\u00eene de tri et d&#039;imbrication Doucet: Premi\u00e8re \u00e9tape (de l&#039;\u00e9tape finale \u00e0 l&#039;avant des trieuses.) - Un convoyeur \u00e0 courroie de 5 &#039;de large par 4&#039; de long avec des nervures de guidage. - Un convoyeur \u00e0 bande 5 &#039;de large par 8&#039; de long. - Deux convoyeurs \u00e0 bande de 5 &#039;de large sur [&hellip;]\" \/>\n<meta property=\"og:url\" content=\"https:\/\/machineriesbst.com\/en\/catalogue\/chaine-de-tri-et-dimbrication-doucet\/\" \/>\n<meta property=\"og:site_name\" content=\"Machineries BST\" \/>\n<meta property=\"article:modified_time\" content=\"2023-12-01T01:24:15+00:00\" \/>\n<meta property=\"og:image\" content=\"https:\/\/machineriesbst.com\/wp-content\/uploads\/2021\/05\/DOUCET-Machinery-Associates-5trHp3OJ_800.jpg\" \/>\n\t<meta property=\"og:image:width\" content=\"800\" \/>\n\t<meta property=\"og:image:height\" content=\"600\" \/>\n<meta name=\"twitter:card\" content=\"summary_large_image\" \/>\n<meta name=\"twitter:label1\" content=\"Est. reading time\" \/>\n\t<meta name=\"twitter:data1\" content=\"1 minute\" \/>\n<script type=\"application\/ld+json\" class=\"yoast-schema-graph\">{\"@context\":\"https:\/\/schema.org\",\"@graph\":[{\"@type\":\"WebSite\",\"@id\":\"https:\/\/machineriesbst.com\/en\/#website\",\"url\":\"https:\/\/machineriesbst.com\/en\/\",\"name\":\"Machineries BST\",\"description\":\"Machines neuves &amp; usag\\u00e9es\",\"potentialAction\":[{\"@type\":\"SearchAction\",\"target\":{\"@type\":\"EntryPoint\",\"urlTemplate\":\"https:\/\/machineriesbst.com\/en\/?s={search_term_string}\"},\"query-input\":\"required name=search_term_string\"}],\"inLanguage\":\"en-US\"},{\"@type\":\"ImageObject\",\"@id\":\"https:\/\/machineriesbst.com\/en\/catalogue\/chaine-de-tri-et-dimbrication-doucet\/#primaryimage\",\"inLanguage\":\"en-US\",\"url\":\"https:\/\/machineriesbst.com\/wp-content\/uploads\/2021\/05\/DOUCET-Machinery-Associates-5trHp3OJ_800.jpg\",\"contentUrl\":\"https:\/\/machineriesbst.com\/wp-content\/uploads\/2021\/05\/DOUCET-Machinery-Associates-5trHp3OJ_800.jpg\",\"width\":800,\"height\":600},{\"@type\":\"WebPage\",\"@id\":\"https:\/\/machineriesbst.com\/en\/catalogue\/chaine-de-tri-et-dimbrication-doucet\/#webpage\",\"url\":\"https:\/\/machineriesbst.com\/en\/catalogue\/chaine-de-tri-et-dimbrication-doucet\/\",\"name\":\"Cha\\u00eene de tri et d'imbrication Doucet - Machineries BST\",\"isPartOf\":{\"@id\":\"https:\/\/machineriesbst.com\/en\/#website\"},\"primaryImageOfPage\":{\"@id\":\"https:\/\/machineriesbst.com\/en\/catalogue\/chaine-de-tri-et-dimbrication-doucet\/#primaryimage\"},\"datePublished\":\"2021-06-08T13:40:46+00:00\",\"dateModified\":\"2023-12-01T01:24:15+00:00\",\"breadcrumb\":{\"@id\":\"https:\/\/machineriesbst.com\/en\/catalogue\/chaine-de-tri-et-dimbrication-doucet\/#breadcrumb\"},\"inLanguage\":\"en-US\",\"potentialAction\":[{\"@type\":\"ReadAction\",\"target\":[\"https:\/\/machineriesbst.com\/en\/catalogue\/chaine-de-tri-et-dimbrication-doucet\/\"]}]},{\"@type\":\"BreadcrumbList\",\"@id\":\"https:\/\/machineriesbst.com\/en\/catalogue\/chaine-de-tri-et-dimbrication-doucet\/#breadcrumb\",\"itemListElement\":[{\"@type\":\"ListItem\",\"position\":1,\"name\":\"Accueil\",\"item\":\"https:\/\/machineriesbst.com\/en\/\"},{\"@type\":\"ListItem\",\"position\":2,\"name\":\"Catalogue\",\"item\":\"https:\/\/machineriesbst.com\/en\/catalog\/\"},{\"@type\":\"ListItem\",\"position\":3,\"name\":\"Cha\\u00eene de tri et d'imbrication Doucet\"}]}]}<\/script>\n<!-- \/ Yoast SEO plugin. -->","yoast_head_json":{"title":"Cha\u00eene de tri et d'imbrication Doucet - Machineries BST","robots":{"index":"index","follow":"follow","max-snippet":"max-snippet:-1","max-image-preview":"max-image-preview:large","max-video-preview":"max-video-preview:-1"},"canonical":"https:\/\/machineriesbst.com\/en\/catalogue\/chaine-de-tri-et-dimbrication-doucet\/","og_locale":"en_US","og_type":"article","og_title":"Cha\u00eene de tri et d'imbrication Doucet - Machineries BST","og_description":"Cha\u00eene de tri et d'imbrication Doucet: Premi\u00e8re \u00e9tape (de l'\u00e9tape finale \u00e0 l'avant des trieuses.) - Un convoyeur \u00e0 courroie de 5 'de large par 4' de long avec des nervures de guidage. - Un convoyeur \u00e0 bande 5 'de large par 8' de long. - Deux convoyeurs \u00e0 bande de 5 'de large sur [&hellip;]","og_url":"https:\/\/machineriesbst.com\/en\/catalogue\/chaine-de-tri-et-dimbrication-doucet\/","og_site_name":"Machineries BST","article_modified_time":"2023-12-01T01:24:15+00:00","og_image":[{"width":800,"height":600,"url":"https:\/\/machineriesbst.com\/wp-content\/uploads\/2021\/05\/DOUCET-Machinery-Associates-5trHp3OJ_800.jpg","path":"\/home\/jepeto\/public_html\/wp-content\/uploads\/2021\/05\/DOUCET-Machinery-Associates-5trHp3OJ_800.jpg","size":"full","id":50858,"alt":"","pixels":480000,"type":"image\/jpeg"}],"twitter_card":"summary_large_image","twitter_misc":{"Est. reading time":"1 minute"},"schema":{"@context":"https:\/\/schema.org","@graph":[{"@type":"WebSite","@id":"https:\/\/machineriesbst.com\/en\/#website","url":"https:\/\/machineriesbst.com\/en\/","name":"Machineries BST","description":"Machines neuves &amp; usag\u00e9es","potentialAction":[{"@type":"SearchAction","target":{"@type":"EntryPoint","urlTemplate":"https:\/\/machineriesbst.com\/en\/?s={search_term_string}"},"query-input":"required name=search_term_string"}],"inLanguage":"en-US"},{"@type":"ImageObject","@id":"https:\/\/machineriesbst.com\/en\/catalogue\/chaine-de-tri-et-dimbrication-doucet\/#primaryimage","inLanguage":"en-US","url":"https:\/\/machineriesbst.com\/wp-content\/uploads\/2021\/05\/DOUCET-Machinery-Associates-5trHp3OJ_800.jpg","contentUrl":"https:\/\/machineriesbst.com\/wp-content\/uploads\/2021\/05\/DOUCET-Machinery-Associates-5trHp3OJ_800.jpg","width":800,"height":600},{"@type":"WebPage","@id":"https:\/\/machineriesbst.com\/en\/catalogue\/chaine-de-tri-et-dimbrication-doucet\/#webpage","url":"https:\/\/machineriesbst.com\/en\/catalogue\/chaine-de-tri-et-dimbrication-doucet\/","name":"Cha\u00eene de tri et d'imbrication Doucet - Machineries BST","isPartOf":{"@id":"https:\/\/machineriesbst.com\/en\/#website"},"primaryImageOfPage":{"@id":"https:\/\/machineriesbst.com\/en\/catalogue\/chaine-de-tri-et-dimbrication-doucet\/#primaryimage"},"datePublished":"2021-06-08T13:40:46+00:00","dateModified":"2023-12-01T01:24:15+00:00","breadcrumb":{"@id":"https:\/\/machineriesbst.com\/en\/catalogue\/chaine-de-tri-et-dimbrication-doucet\/#breadcrumb"},"inLanguage":"en-US","potentialAction":[{"@type":"ReadAction","target":["https:\/\/machineriesbst.com\/en\/catalogue\/chaine-de-tri-et-dimbrication-doucet\/"]}]},{"@type":"BreadcrumbList","@id":"https:\/\/machineriesbst.com\/en\/catalogue\/chaine-de-tri-et-dimbrication-doucet\/#breadcrumb","itemListElement":[{"@type":"ListItem","position":1,"name":"Accueil","item":"https:\/\/machineriesbst.com\/en\/"},{"@type":"ListItem","position":2,"name":"Catalogue","item":"https:\/\/machineriesbst.com\/en\/catalog\/"},{"@type":"ListItem","position":3,"name":"Cha\u00eene de tri et d'imbrication Doucet"}]}]}},"_links":{"self":[{"href":"https:\/\/machineriesbst.com\/en\/wp-json\/wp\/v2\/product\/57882"}],"collection":[{"href":"https:\/\/machineriesbst.com\/en\/wp-json\/wp\/v2\/product"}],"about":[{"href":"https:\/\/machineriesbst.com\/en\/wp-json\/wp\/v2\/types\/product"}],"author":[{"embeddable":true,"href":"https:\/\/machineriesbst.com\/en\/wp-json\/wp\/v2\/users\/3"}],"replies":[{"embeddable":true,"href":"https:\/\/machineriesbst.com\/en\/wp-json\/wp\/v2\/comments?post=57882"}],"wp:featuredmedia":[{"embeddable":true,"href":"https:\/\/machineriesbst.com\/en\/wp-json\/wp\/v2\/media\/50858"}],"wp:attachment":[{"href":"https:\/\/machineriesbst.com\/en\/wp-json\/wp\/v2\/media?parent=57882"}],"wp:term":[{"taxonomy":"product_cat","embeddable":true,"href":"https:\/\/machineriesbst.com\/en\/wp-json\/wp\/v2\/product_cat?post=57882"},{"taxonomy":"product_tag","embeddable":true,"href":"https:\/\/machineriesbst.com\/en\/wp-json\/wp\/v2\/product_tag?post=57882"}],"curies":[{"name":"wp","href":"https:\/\/api.w.org\/{rel}","templated":true}]}}