{"id":57876,"date":"2021-06-08T09:40:23","date_gmt":"2021-06-08T13:40:23","guid":{"rendered":"https:\/\/machineriesbst.com\/?post_type=product&#038;p=57876"},"modified":"2023-11-30T20:24:15","modified_gmt":"2023-12-01T01:24:15","slug":"systeme-de-collecte-de-poussiere-murphy-rodgers-mr-37","status":"publish","type":"product","link":"https:\/\/machineriesbst.com\/en\/catalogue\/systeme-de-collecte-de-poussiere-murphy-rodgers-mr-37\/","title":{"rendered":"Murphy-Rodgers MR-37 &quot;Dust Collection System"},"content":{"rendered":"<p>Murphy-Rodgers MR-37 &quot;Dust Collection System:<\/p>\n<ul>\n<li>Large capacity exterior dust collection system with 37 &quot;approx. 35,000cm main entrance.<\/li>\n<li>Complete with bracket, hose \/ fittings, muffler, fire damper, start \/ stop controls, cyclone and storage bin, twist lock, access ladder and platform.<\/li>\n<li>The fan is located on the clean air side - pull through the system.<\/li>\n<\/ul>","protected":false},"excerpt":{"rendered":"<p>Murphy-Rodgers MR-37 Dust Collection System: Large capacity exterior dust collection system with 37&quot; main inlet approximately 35,000cm. Complete with stand, pipe\/fittings, silencer, fire damper, start\/stop controls, cyclone and storage bin, twist lock, access ladder and platform. The fan is located on the clean air side [\u2026]<\/p>","protected":false},"author":3,"featured_media":50796,"comment_status":"open","ping_status":"closed","template":"","meta":[],"product_cat":[3036],"product_tag":[],"acf":[],"yoast_head":"<!-- This site is optimized with the Yoast SEO plugin v16.8 - https:\/\/yoast.com\/wordpress\/plugins\/seo\/ -->\n<title>Syst\u00e8me de collecte de poussi\u00e8re Murphy-Rodgers MR-37&quot; - Machineries BST<\/title>\n<meta name=\"robots\" content=\"index, follow, max-snippet:-1, max-image-preview:large, max-video-preview:-1\" \/>\n<link rel=\"canonical\" href=\"https:\/\/machineriesbst.com\/en\/catalogue\/systeme-de-collecte-de-poussiere-murphy-rodgers-mr-37\/\" \/>\n<meta property=\"og:locale\" content=\"en_US\" \/>\n<meta property=\"og:type\" content=\"article\" \/>\n<meta property=\"og:title\" content=\"Syst\u00e8me de collecte de poussi\u00e8re Murphy-Rodgers MR-37&quot; - Machineries BST\" \/>\n<meta property=\"og:description\" content=\"Syst\u00e8me de collecte de poussi\u00e8re Murphy-Rodgers MR-37&quot;: Syst\u00e8me de d\u00e9poussi\u00e9rage ext\u00e9rieur de grande capacit\u00e9 avec entr\u00e9e principale de 37 &quot;environ 35,000cm. Complet avec support, tuyau \/ raccords, silencieux, clapet coupe-feu, commandes de d\u00e9marrage \/ arr\u00eat, cyclone et bac de stockage, verrou rotatif, \u00e9chelle d&#039;acc\u00e8s et plate-forme. Le ventilateur est situ\u00e9 du c\u00f4t\u00e9 de l&#039;air propre [&hellip;]\" \/>\n<meta property=\"og:url\" content=\"https:\/\/machineriesbst.com\/en\/catalogue\/systeme-de-collecte-de-poussiere-murphy-rodgers-mr-37\/\" \/>\n<meta property=\"og:site_name\" content=\"Machineries BST\" \/>\n<meta property=\"article:modified_time\" content=\"2023-12-01T01:24:15+00:00\" \/>\n<meta property=\"og:image\" content=\"https:\/\/machineriesbst.com\/wp-content\/uploads\/2021\/05\/MurphyRodgers-MR37-Machinery-Associates-QlffYUY6_800.jpg\" \/>\n\t<meta property=\"og:image:width\" content=\"800\" \/>\n\t<meta property=\"og:image:height\" content=\"518\" \/>\n<meta name=\"twitter:card\" content=\"summary_large_image\" \/>\n<script type=\"application\/ld+json\" class=\"yoast-schema-graph\">{\"@context\":\"https:\/\/schema.org\",\"@graph\":[{\"@type\":\"WebSite\",\"@id\":\"https:\/\/machineriesbst.com\/en\/#website\",\"url\":\"https:\/\/machineriesbst.com\/en\/\",\"name\":\"Machineries BST\",\"description\":\"Machines neuves &amp; usag\\u00e9es\",\"potentialAction\":[{\"@type\":\"SearchAction\",\"target\":{\"@type\":\"EntryPoint\",\"urlTemplate\":\"https:\/\/machineriesbst.com\/en\/?s={search_term_string}\"},\"query-input\":\"required name=search_term_string\"}],\"inLanguage\":\"en-US\"},{\"@type\":\"ImageObject\",\"@id\":\"https:\/\/machineriesbst.com\/en\/catalogue\/systeme-de-collecte-de-poussiere-murphy-rodgers-mr-37\/#primaryimage\",\"inLanguage\":\"en-US\",\"url\":\"https:\/\/machineriesbst.com\/wp-content\/uploads\/2021\/05\/MurphyRodgers-MR37-Machinery-Associates-QlffYUY6_800.jpg\",\"contentUrl\":\"https:\/\/machineriesbst.com\/wp-content\/uploads\/2021\/05\/MurphyRodgers-MR37-Machinery-Associates-QlffYUY6_800.jpg\",\"width\":800,\"height\":518},{\"@type\":\"WebPage\",\"@id\":\"https:\/\/machineriesbst.com\/en\/catalogue\/systeme-de-collecte-de-poussiere-murphy-rodgers-mr-37\/#webpage\",\"url\":\"https:\/\/machineriesbst.com\/en\/catalogue\/systeme-de-collecte-de-poussiere-murphy-rodgers-mr-37\/\",\"name\":\"Syst\\u00e8me de collecte de poussi\\u00e8re Murphy-Rodgers MR-37\\\" - Machineries BST\",\"isPartOf\":{\"@id\":\"https:\/\/machineriesbst.com\/en\/#website\"},\"primaryImageOfPage\":{\"@id\":\"https:\/\/machineriesbst.com\/en\/catalogue\/systeme-de-collecte-de-poussiere-murphy-rodgers-mr-37\/#primaryimage\"},\"datePublished\":\"2021-06-08T13:40:23+00:00\",\"dateModified\":\"2023-12-01T01:24:15+00:00\",\"breadcrumb\":{\"@id\":\"https:\/\/machineriesbst.com\/en\/catalogue\/systeme-de-collecte-de-poussiere-murphy-rodgers-mr-37\/#breadcrumb\"},\"inLanguage\":\"en-US\",\"potentialAction\":[{\"@type\":\"ReadAction\",\"target\":[\"https:\/\/machineriesbst.com\/en\/catalogue\/systeme-de-collecte-de-poussiere-murphy-rodgers-mr-37\/\"]}]},{\"@type\":\"BreadcrumbList\",\"@id\":\"https:\/\/machineriesbst.com\/en\/catalogue\/systeme-de-collecte-de-poussiere-murphy-rodgers-mr-37\/#breadcrumb\",\"itemListElement\":[{\"@type\":\"ListItem\",\"position\":1,\"name\":\"Accueil\",\"item\":\"https:\/\/machineriesbst.com\/en\/\"},{\"@type\":\"ListItem\",\"position\":2,\"name\":\"Catalogue\",\"item\":\"https:\/\/machineriesbst.com\/en\/catalog\/\"},{\"@type\":\"ListItem\",\"position\":3,\"name\":\"Syst\\u00e8me de collecte de poussi\\u00e8re Murphy-Rodgers MR-37\\\"\"}]}]}<\/script>\n<!-- \/ Yoast SEO plugin. -->","yoast_head_json":{"title":"Syst\u00e8me de collecte de poussi\u00e8re Murphy-Rodgers MR-37\" - Machineries BST","robots":{"index":"index","follow":"follow","max-snippet":"max-snippet:-1","max-image-preview":"max-image-preview:large","max-video-preview":"max-video-preview:-1"},"canonical":"https:\/\/machineriesbst.com\/en\/catalogue\/systeme-de-collecte-de-poussiere-murphy-rodgers-mr-37\/","og_locale":"en_US","og_type":"article","og_title":"Syst\u00e8me de collecte de poussi\u00e8re Murphy-Rodgers MR-37\" - Machineries BST","og_description":"Syst\u00e8me de collecte de poussi\u00e8re Murphy-Rodgers MR-37\": Syst\u00e8me de d\u00e9poussi\u00e9rage ext\u00e9rieur de grande capacit\u00e9 avec entr\u00e9e principale de 37 \"environ 35,000cm. Complet avec support, tuyau \/ raccords, silencieux, clapet coupe-feu, commandes de d\u00e9marrage \/ arr\u00eat, cyclone et bac de stockage, verrou rotatif, \u00e9chelle d'acc\u00e8s et plate-forme. Le ventilateur est situ\u00e9 du c\u00f4t\u00e9 de l'air propre [&hellip;]","og_url":"https:\/\/machineriesbst.com\/en\/catalogue\/systeme-de-collecte-de-poussiere-murphy-rodgers-mr-37\/","og_site_name":"Machineries BST","article_modified_time":"2023-12-01T01:24:15+00:00","og_image":[{"width":800,"height":518,"url":"https:\/\/machineriesbst.com\/wp-content\/uploads\/2021\/05\/MurphyRodgers-MR37-Machinery-Associates-QlffYUY6_800.jpg","path":"\/home\/jepeto\/public_html\/wp-content\/uploads\/2021\/05\/MurphyRodgers-MR37-Machinery-Associates-QlffYUY6_800.jpg","size":"full","id":50796,"alt":"","pixels":414400,"type":"image\/jpeg"}],"twitter_card":"summary_large_image","schema":{"@context":"https:\/\/schema.org","@graph":[{"@type":"WebSite","@id":"https:\/\/machineriesbst.com\/en\/#website","url":"https:\/\/machineriesbst.com\/en\/","name":"Machineries BST","description":"Machines neuves &amp; usag\u00e9es","potentialAction":[{"@type":"SearchAction","target":{"@type":"EntryPoint","urlTemplate":"https:\/\/machineriesbst.com\/en\/?s={search_term_string}"},"query-input":"required name=search_term_string"}],"inLanguage":"en-US"},{"@type":"ImageObject","@id":"https:\/\/machineriesbst.com\/en\/catalogue\/systeme-de-collecte-de-poussiere-murphy-rodgers-mr-37\/#primaryimage","inLanguage":"en-US","url":"https:\/\/machineriesbst.com\/wp-content\/uploads\/2021\/05\/MurphyRodgers-MR37-Machinery-Associates-QlffYUY6_800.jpg","contentUrl":"https:\/\/machineriesbst.com\/wp-content\/uploads\/2021\/05\/MurphyRodgers-MR37-Machinery-Associates-QlffYUY6_800.jpg","width":800,"height":518},{"@type":"WebPage","@id":"https:\/\/machineriesbst.com\/en\/catalogue\/systeme-de-collecte-de-poussiere-murphy-rodgers-mr-37\/#webpage","url":"https:\/\/machineriesbst.com\/en\/catalogue\/systeme-de-collecte-de-poussiere-murphy-rodgers-mr-37\/","name":"Syst\u00e8me de collecte de poussi\u00e8re Murphy-Rodgers MR-37\" - Machineries BST","isPartOf":{"@id":"https:\/\/machineriesbst.com\/en\/#website"},"primaryImageOfPage":{"@id":"https:\/\/machineriesbst.com\/en\/catalogue\/systeme-de-collecte-de-poussiere-murphy-rodgers-mr-37\/#primaryimage"},"datePublished":"2021-06-08T13:40:23+00:00","dateModified":"2023-12-01T01:24:15+00:00","breadcrumb":{"@id":"https:\/\/machineriesbst.com\/en\/catalogue\/systeme-de-collecte-de-poussiere-murphy-rodgers-mr-37\/#breadcrumb"},"inLanguage":"en-US","potentialAction":[{"@type":"ReadAction","target":["https:\/\/machineriesbst.com\/en\/catalogue\/systeme-de-collecte-de-poussiere-murphy-rodgers-mr-37\/"]}]},{"@type":"BreadcrumbList","@id":"https:\/\/machineriesbst.com\/en\/catalogue\/systeme-de-collecte-de-poussiere-murphy-rodgers-mr-37\/#breadcrumb","itemListElement":[{"@type":"ListItem","position":1,"name":"Accueil","item":"https:\/\/machineriesbst.com\/en\/"},{"@type":"ListItem","position":2,"name":"Catalogue","item":"https:\/\/machineriesbst.com\/en\/catalog\/"},{"@type":"ListItem","position":3,"name":"Syst\u00e8me de collecte de poussi\u00e8re Murphy-Rodgers MR-37\""}]}]}},"_links":{"self":[{"href":"https:\/\/machineriesbst.com\/en\/wp-json\/wp\/v2\/product\/57876"}],"collection":[{"href":"https:\/\/machineriesbst.com\/en\/wp-json\/wp\/v2\/product"}],"about":[{"href":"https:\/\/machineriesbst.com\/en\/wp-json\/wp\/v2\/types\/product"}],"author":[{"embeddable":true,"href":"https:\/\/machineriesbst.com\/en\/wp-json\/wp\/v2\/users\/3"}],"replies":[{"embeddable":true,"href":"https:\/\/machineriesbst.com\/en\/wp-json\/wp\/v2\/comments?post=57876"}],"wp:featuredmedia":[{"embeddable":true,"href":"https:\/\/machineriesbst.com\/en\/wp-json\/wp\/v2\/media\/50796"}],"wp:attachment":[{"href":"https:\/\/machineriesbst.com\/en\/wp-json\/wp\/v2\/media?parent=57876"}],"wp:term":[{"taxonomy":"product_cat","embeddable":true,"href":"https:\/\/machineriesbst.com\/en\/wp-json\/wp\/v2\/product_cat?post=57876"},{"taxonomy":"product_tag","embeddable":true,"href":"https:\/\/machineriesbst.com\/en\/wp-json\/wp\/v2\/product_tag?post=57876"}],"curies":[{"name":"wp","href":"https:\/\/api.w.org\/{rel}","templated":true}]}}