{"id":57866,"date":"2021-06-08T09:40:20","date_gmt":"2021-06-08T13:40:20","guid":{"rendered":"https:\/\/machineriesbst.com\/?post_type=product&#038;p=57866"},"modified":"2023-11-30T20:24:15","modified_gmt":"2023-12-01T01:24:15","slug":"aleseuse-verticale-cemco-mvb-84","status":"publish","type":"product","link":"https:\/\/machineriesbst.com\/en\/catalogue\/aleseuse-verticale-cemco-mvb-84\/","title":{"rendered":"Cemco MVB-84 Vertical boring machine"},"content":{"rendered":"<p>Cemco MVB-84 vertical boring machine:<\/p>\n<ul>\n<li>Table: 84 &#39;&#39; x 20 &#39;&#39;<\/li>\n<li>Table with 84 &#39;&#39; x 15 &#39;&#39; bore area.<\/li>\n<li>71 inches between columns.<\/li>\n<li>(5) 2 HP pins with on \/ off switch,<\/li>\n<li>2 HP hydraulic feed pump with reservoir and pedal.<\/li>\n<\/ul>","protected":false},"excerpt":{"rendered":"<p>Cemco MVB-84 Vertical Boring Machine: Table: 84 in. x 20 in. Table with 84 in. x 15 in. boring area. 71 inches between columns. (5) 2 HP pin with on\/off switch, 2 HP hydraulic feed pump with reservoir and foot pedal.<\/p>","protected":false},"author":3,"featured_media":50758,"comment_status":"open","ping_status":"closed","template":"","meta":[],"product_cat":[86],"product_tag":[],"acf":[],"yoast_head":"<!-- This site is optimized with the Yoast SEO plugin v16.8 - https:\/\/yoast.com\/wordpress\/plugins\/seo\/ -->\n<title>Al\u00e9seuse verticale Cemco MVB-84 - Machineries BST<\/title>\n<meta name=\"robots\" content=\"index, follow, max-snippet:-1, max-image-preview:large, max-video-preview:-1\" \/>\n<link rel=\"canonical\" href=\"https:\/\/machineriesbst.com\/en\/catalogue\/aleseuse-verticale-cemco-mvb-84\/\" \/>\n<meta property=\"og:locale\" content=\"en_US\" \/>\n<meta property=\"og:type\" content=\"article\" \/>\n<meta property=\"og:title\" content=\"Al\u00e9seuse verticale Cemco MVB-84 - Machineries BST\" \/>\n<meta property=\"og:description\" content=\"Al\u00e9seuse verticale Cemco MVB-84: Table: 84 po x 20 po Table avec zone d&#039;al\u00e9sage de 84 po x 15 po. 71 pouces entre les colonnes. (5) 2 broches HP avec interrupteur marche \/ arr\u00eat, Pompe d&#039;alimentation hydraulique 2 CV avec r\u00e9servoir et p\u00e9dale.\" \/>\n<meta property=\"og:url\" content=\"https:\/\/machineriesbst.com\/en\/catalogue\/aleseuse-verticale-cemco-mvb-84\/\" \/>\n<meta property=\"og:site_name\" content=\"Machineries BST\" \/>\n<meta property=\"article:modified_time\" content=\"2023-12-01T01:24:15+00:00\" \/>\n<meta property=\"og:image\" content=\"https:\/\/machineriesbst.com\/wp-content\/uploads\/2021\/05\/Cemco-MVB84-Machinery-Associates-r4Few5tV_800.jpg\" \/>\n\t<meta property=\"og:image:width\" content=\"800\" \/>\n\t<meta property=\"og:image:height\" content=\"532\" \/>\n<meta name=\"twitter:card\" content=\"summary_large_image\" \/>\n<script type=\"application\/ld+json\" class=\"yoast-schema-graph\">{\"@context\":\"https:\/\/schema.org\",\"@graph\":[{\"@type\":\"WebSite\",\"@id\":\"https:\/\/machineriesbst.com\/en\/#website\",\"url\":\"https:\/\/machineriesbst.com\/en\/\",\"name\":\"Machineries BST\",\"description\":\"Machines neuves &amp; usag\\u00e9es\",\"potentialAction\":[{\"@type\":\"SearchAction\",\"target\":{\"@type\":\"EntryPoint\",\"urlTemplate\":\"https:\/\/machineriesbst.com\/en\/?s={search_term_string}\"},\"query-input\":\"required name=search_term_string\"}],\"inLanguage\":\"en-US\"},{\"@type\":\"ImageObject\",\"@id\":\"https:\/\/machineriesbst.com\/en\/catalogue\/aleseuse-verticale-cemco-mvb-84\/#primaryimage\",\"inLanguage\":\"en-US\",\"url\":\"https:\/\/machineriesbst.com\/wp-content\/uploads\/2021\/05\/Cemco-MVB84-Machinery-Associates-r4Few5tV_800.jpg\",\"contentUrl\":\"https:\/\/machineriesbst.com\/wp-content\/uploads\/2021\/05\/Cemco-MVB84-Machinery-Associates-r4Few5tV_800.jpg\",\"width\":800,\"height\":532},{\"@type\":\"WebPage\",\"@id\":\"https:\/\/machineriesbst.com\/en\/catalogue\/aleseuse-verticale-cemco-mvb-84\/#webpage\",\"url\":\"https:\/\/machineriesbst.com\/en\/catalogue\/aleseuse-verticale-cemco-mvb-84\/\",\"name\":\"Al\\u00e9seuse verticale Cemco MVB-84 - Machineries BST\",\"isPartOf\":{\"@id\":\"https:\/\/machineriesbst.com\/en\/#website\"},\"primaryImageOfPage\":{\"@id\":\"https:\/\/machineriesbst.com\/en\/catalogue\/aleseuse-verticale-cemco-mvb-84\/#primaryimage\"},\"datePublished\":\"2021-06-08T13:40:20+00:00\",\"dateModified\":\"2023-12-01T01:24:15+00:00\",\"breadcrumb\":{\"@id\":\"https:\/\/machineriesbst.com\/en\/catalogue\/aleseuse-verticale-cemco-mvb-84\/#breadcrumb\"},\"inLanguage\":\"en-US\",\"potentialAction\":[{\"@type\":\"ReadAction\",\"target\":[\"https:\/\/machineriesbst.com\/en\/catalogue\/aleseuse-verticale-cemco-mvb-84\/\"]}]},{\"@type\":\"BreadcrumbList\",\"@id\":\"https:\/\/machineriesbst.com\/en\/catalogue\/aleseuse-verticale-cemco-mvb-84\/#breadcrumb\",\"itemListElement\":[{\"@type\":\"ListItem\",\"position\":1,\"name\":\"Accueil\",\"item\":\"https:\/\/machineriesbst.com\/en\/\"},{\"@type\":\"ListItem\",\"position\":2,\"name\":\"Catalogue\",\"item\":\"https:\/\/machineriesbst.com\/en\/catalog\/\"},{\"@type\":\"ListItem\",\"position\":3,\"name\":\"Al\\u00e9seuse verticale Cemco MVB-84\"}]}]}<\/script>\n<!-- \/ Yoast SEO plugin. -->","yoast_head_json":{"title":"Al\u00e9seuse verticale Cemco MVB-84 - Machineries BST","robots":{"index":"index","follow":"follow","max-snippet":"max-snippet:-1","max-image-preview":"max-image-preview:large","max-video-preview":"max-video-preview:-1"},"canonical":"https:\/\/machineriesbst.com\/en\/catalogue\/aleseuse-verticale-cemco-mvb-84\/","og_locale":"en_US","og_type":"article","og_title":"Al\u00e9seuse verticale Cemco MVB-84 - Machineries BST","og_description":"Al\u00e9seuse verticale Cemco MVB-84: Table: 84 po x 20 po Table avec zone d'al\u00e9sage de 84 po x 15 po. 71 pouces entre les colonnes. (5) 2 broches HP avec interrupteur marche \/ arr\u00eat, Pompe d'alimentation hydraulique 2 CV avec r\u00e9servoir et p\u00e9dale.","og_url":"https:\/\/machineriesbst.com\/en\/catalogue\/aleseuse-verticale-cemco-mvb-84\/","og_site_name":"Machineries BST","article_modified_time":"2023-12-01T01:24:15+00:00","og_image":[{"width":800,"height":532,"url":"https:\/\/machineriesbst.com\/wp-content\/uploads\/2021\/05\/Cemco-MVB84-Machinery-Associates-r4Few5tV_800.jpg","path":"\/home\/jepeto\/public_html\/wp-content\/uploads\/2021\/05\/Cemco-MVB84-Machinery-Associates-r4Few5tV_800.jpg","size":"full","id":50758,"alt":"","pixels":425600,"type":"image\/jpeg"}],"twitter_card":"summary_large_image","schema":{"@context":"https:\/\/schema.org","@graph":[{"@type":"WebSite","@id":"https:\/\/machineriesbst.com\/en\/#website","url":"https:\/\/machineriesbst.com\/en\/","name":"Machineries BST","description":"Machines neuves &amp; usag\u00e9es","potentialAction":[{"@type":"SearchAction","target":{"@type":"EntryPoint","urlTemplate":"https:\/\/machineriesbst.com\/en\/?s={search_term_string}"},"query-input":"required name=search_term_string"}],"inLanguage":"en-US"},{"@type":"ImageObject","@id":"https:\/\/machineriesbst.com\/en\/catalogue\/aleseuse-verticale-cemco-mvb-84\/#primaryimage","inLanguage":"en-US","url":"https:\/\/machineriesbst.com\/wp-content\/uploads\/2021\/05\/Cemco-MVB84-Machinery-Associates-r4Few5tV_800.jpg","contentUrl":"https:\/\/machineriesbst.com\/wp-content\/uploads\/2021\/05\/Cemco-MVB84-Machinery-Associates-r4Few5tV_800.jpg","width":800,"height":532},{"@type":"WebPage","@id":"https:\/\/machineriesbst.com\/en\/catalogue\/aleseuse-verticale-cemco-mvb-84\/#webpage","url":"https:\/\/machineriesbst.com\/en\/catalogue\/aleseuse-verticale-cemco-mvb-84\/","name":"Al\u00e9seuse verticale Cemco MVB-84 - Machineries BST","isPartOf":{"@id":"https:\/\/machineriesbst.com\/en\/#website"},"primaryImageOfPage":{"@id":"https:\/\/machineriesbst.com\/en\/catalogue\/aleseuse-verticale-cemco-mvb-84\/#primaryimage"},"datePublished":"2021-06-08T13:40:20+00:00","dateModified":"2023-12-01T01:24:15+00:00","breadcrumb":{"@id":"https:\/\/machineriesbst.com\/en\/catalogue\/aleseuse-verticale-cemco-mvb-84\/#breadcrumb"},"inLanguage":"en-US","potentialAction":[{"@type":"ReadAction","target":["https:\/\/machineriesbst.com\/en\/catalogue\/aleseuse-verticale-cemco-mvb-84\/"]}]},{"@type":"BreadcrumbList","@id":"https:\/\/machineriesbst.com\/en\/catalogue\/aleseuse-verticale-cemco-mvb-84\/#breadcrumb","itemListElement":[{"@type":"ListItem","position":1,"name":"Accueil","item":"https:\/\/machineriesbst.com\/en\/"},{"@type":"ListItem","position":2,"name":"Catalogue","item":"https:\/\/machineriesbst.com\/en\/catalog\/"},{"@type":"ListItem","position":3,"name":"Al\u00e9seuse verticale Cemco MVB-84"}]}]}},"_links":{"self":[{"href":"https:\/\/machineriesbst.com\/en\/wp-json\/wp\/v2\/product\/57866"}],"collection":[{"href":"https:\/\/machineriesbst.com\/en\/wp-json\/wp\/v2\/product"}],"about":[{"href":"https:\/\/machineriesbst.com\/en\/wp-json\/wp\/v2\/types\/product"}],"author":[{"embeddable":true,"href":"https:\/\/machineriesbst.com\/en\/wp-json\/wp\/v2\/users\/3"}],"replies":[{"embeddable":true,"href":"https:\/\/machineriesbst.com\/en\/wp-json\/wp\/v2\/comments?post=57866"}],"wp:featuredmedia":[{"embeddable":true,"href":"https:\/\/machineriesbst.com\/en\/wp-json\/wp\/v2\/media\/50758"}],"wp:attachment":[{"href":"https:\/\/machineriesbst.com\/en\/wp-json\/wp\/v2\/media?parent=57866"}],"wp:term":[{"taxonomy":"product_cat","embeddable":true,"href":"https:\/\/machineriesbst.com\/en\/wp-json\/wp\/v2\/product_cat?post=57866"},{"taxonomy":"product_tag","embeddable":true,"href":"https:\/\/machineriesbst.com\/en\/wp-json\/wp\/v2\/product_tag?post=57866"}],"curies":[{"name":"wp","href":"https:\/\/api.w.org\/{rel}","templated":true}]}}