{"id":57864,"date":"2021-06-08T09:40:20","date_gmt":"2021-06-08T13:40:20","guid":{"rendered":"https:\/\/machineriesbst.com\/?post_type=product&#038;p=57864"},"modified":"2025-02-20T14:35:03","modified_gmt":"2025-02-20T19:35:03","slug":"tenonneuse-a-double-extremite-challoner","status":"publish","type":"product","link":"https:\/\/machineriesbst.com\/en\/catalogue\/tenonneuse-a-double-extremite-challoner\/","title":{"rendered":"Challoner Double End Tenoner"},"content":{"rendered":"<p>Challoner Double End Tenoner:<\/p>\n<ul>\n<li>5-1 \/ 4 to 78 &quot;between the shoulders;<\/li>\n<li>38 &quot;cargo space, standard rear;<\/li>\n<li>(2) 7.5 HP standard saw units;<\/li>\n<li>(4) 5 units of HP Standard Tenon;<\/li>\n<li>(2) 7.5 HP standard cope units;<\/li>\n<li>(1) 3 HP 1200 feed motor with speeds from 16 to 64 FPM;<\/li>\n<li>(1) 3\/4 HP 1200 travel motor;<\/li>\n<li>Single top feed chain with lifting lugs on 16 \u201dcenters;<\/li>\n<li>440V - 3 phases - 60 cycles<\/li>\n<\/ul>","protected":false},"excerpt":{"rendered":"<p>Challoner Double End Tenoner: 5-1\/4 to 78&quot; shoulder to shoulder; 38&quot; cargo space, standard rear; (2) 7.5 HP standard saw units; (4) 5 HP standard tenon units; (2) 7.5 HP standard cope units; (1) 3 HP 1200 feed motor with speeds of 16 [\u2026]<\/p>","protected":false},"author":3,"featured_media":50751,"comment_status":"open","ping_status":"closed","template":"","meta":[],"product_cat":[308],"product_tag":[],"acf":[],"yoast_head":"<!-- This site is optimized with the Yoast SEO plugin v16.8 - https:\/\/yoast.com\/wordpress\/plugins\/seo\/ -->\n<title>Tenonneuse \u00e0 double extr\u00e9mit\u00e9 Challoner - Machineries BST<\/title>\n<meta name=\"robots\" content=\"index, follow, max-snippet:-1, max-image-preview:large, max-video-preview:-1\" \/>\n<link rel=\"canonical\" href=\"https:\/\/machineriesbst.com\/en\/catalogue\/tenonneuse-a-double-extremite-challoner\/\" \/>\n<meta property=\"og:locale\" content=\"en_US\" \/>\n<meta property=\"og:type\" content=\"article\" \/>\n<meta property=\"og:title\" content=\"Tenonneuse \u00e0 double extr\u00e9mit\u00e9 Challoner - Machineries BST\" \/>\n<meta property=\"og:description\" content=\"Tenonneuse \u00e0 double extr\u00e9mit\u00e9 Challoner: 5-1 \/ 4 \u00e0 78 &quot;entre les \u00e9paules; Espace de chargement de 38 &quot;, arri\u00e8re standard; (2) unit\u00e9s de scie standard de 7,5 HP; (4) 5 unit\u00e9s de tenon standard HP; (2) unit\u00e9s de cope standard de 7,5 HP; (1) Moteur d&#039;alimentation 3 HP 1200 avec des vitesses de 16 [&hellip;]\" \/>\n<meta property=\"og:url\" content=\"https:\/\/machineriesbst.com\/en\/catalogue\/tenonneuse-a-double-extremite-challoner\/\" \/>\n<meta property=\"og:site_name\" content=\"Machineries BST\" \/>\n<meta property=\"article:modified_time\" content=\"2025-02-20T19:35:03+00:00\" \/>\n<meta property=\"og:image\" content=\"https:\/\/machineriesbst.com\/wp-content\/uploads\/2021\/05\/Challoner-Machinery-Associates-b8VylU9D_800.jpg\" \/>\n\t<meta property=\"og:image:width\" content=\"800\" \/>\n\t<meta property=\"og:image:height\" content=\"600\" \/>\n<meta name=\"twitter:card\" content=\"summary_large_image\" \/>\n<script type=\"application\/ld+json\" class=\"yoast-schema-graph\">{\"@context\":\"https:\/\/schema.org\",\"@graph\":[{\"@type\":\"WebSite\",\"@id\":\"https:\/\/machineriesbst.com\/en\/#website\",\"url\":\"https:\/\/machineriesbst.com\/en\/\",\"name\":\"Machineries BST\",\"description\":\"Machines neuves &amp; usag\\u00e9es\",\"potentialAction\":[{\"@type\":\"SearchAction\",\"target\":{\"@type\":\"EntryPoint\",\"urlTemplate\":\"https:\/\/machineriesbst.com\/en\/?s={search_term_string}\"},\"query-input\":\"required name=search_term_string\"}],\"inLanguage\":\"en-US\"},{\"@type\":\"ImageObject\",\"@id\":\"https:\/\/machineriesbst.com\/catalogue\/tenonneuse-a-double-extremite-challoner\/#primaryimage\",\"inLanguage\":\"en-US\",\"url\":\"https:\/\/machineriesbst.com\/wp-content\/uploads\/2021\/05\/Challoner-Machinery-Associates-b8VylU9D_800.jpg\",\"contentUrl\":\"https:\/\/machineriesbst.com\/wp-content\/uploads\/2021\/05\/Challoner-Machinery-Associates-b8VylU9D_800.jpg\",\"width\":800,\"height\":600},{\"@type\":\"WebPage\",\"@id\":\"https:\/\/machineriesbst.com\/catalogue\/tenonneuse-a-double-extremite-challoner\/#webpage\",\"url\":\"https:\/\/machineriesbst.com\/catalogue\/tenonneuse-a-double-extremite-challoner\/\",\"name\":\"Tenonneuse \\u00e0 double extr\\u00e9mit\\u00e9 Challoner - Machineries BST\",\"isPartOf\":{\"@id\":\"https:\/\/machineriesbst.com\/en\/#website\"},\"primaryImageOfPage\":{\"@id\":\"https:\/\/machineriesbst.com\/catalogue\/tenonneuse-a-double-extremite-challoner\/#primaryimage\"},\"datePublished\":\"2021-06-08T13:40:20+00:00\",\"dateModified\":\"2025-02-20T19:35:03+00:00\",\"breadcrumb\":{\"@id\":\"https:\/\/machineriesbst.com\/catalogue\/tenonneuse-a-double-extremite-challoner\/#breadcrumb\"},\"inLanguage\":\"en-US\",\"potentialAction\":[{\"@type\":\"ReadAction\",\"target\":[\"https:\/\/machineriesbst.com\/catalogue\/tenonneuse-a-double-extremite-challoner\/\"]}]},{\"@type\":\"BreadcrumbList\",\"@id\":\"https:\/\/machineriesbst.com\/catalogue\/tenonneuse-a-double-extremite-challoner\/#breadcrumb\",\"itemListElement\":[{\"@type\":\"ListItem\",\"position\":1,\"name\":\"Accueil\",\"item\":\"https:\/\/machineriesbst.com\/en\/\"},{\"@type\":\"ListItem\",\"position\":2,\"name\":\"Catalogue\",\"item\":\"https:\/\/machineriesbst.com\/en\/catalog\/\"},{\"@type\":\"ListItem\",\"position\":3,\"name\":\"Tenonneuse \\u00e0 double extr\\u00e9mit\\u00e9 Challoner\"}]}]}<\/script>\n<!-- \/ Yoast SEO plugin. -->","yoast_head_json":{"title":"Tenonneuse \u00e0 double extr\u00e9mit\u00e9 Challoner - Machineries BST","robots":{"index":"index","follow":"follow","max-snippet":"max-snippet:-1","max-image-preview":"max-image-preview:large","max-video-preview":"max-video-preview:-1"},"canonical":"https:\/\/machineriesbst.com\/en\/catalogue\/tenonneuse-a-double-extremite-challoner\/","og_locale":"en_US","og_type":"article","og_title":"Tenonneuse \u00e0 double extr\u00e9mit\u00e9 Challoner - Machineries BST","og_description":"Tenonneuse \u00e0 double extr\u00e9mit\u00e9 Challoner: 5-1 \/ 4 \u00e0 78 \"entre les \u00e9paules; Espace de chargement de 38 \", arri\u00e8re standard; (2) unit\u00e9s de scie standard de 7,5 HP; (4) 5 unit\u00e9s de tenon standard HP; (2) unit\u00e9s de cope standard de 7,5 HP; (1) Moteur d'alimentation 3 HP 1200 avec des vitesses de 16 [&hellip;]","og_url":"https:\/\/machineriesbst.com\/en\/catalogue\/tenonneuse-a-double-extremite-challoner\/","og_site_name":"Machineries BST","article_modified_time":"2025-02-20T19:35:03+00:00","og_image":[{"width":800,"height":600,"url":"https:\/\/machineriesbst.com\/wp-content\/uploads\/2021\/05\/Challoner-Machinery-Associates-b8VylU9D_800.jpg","path":"\/home\/jepeto\/public_html\/wp-content\/uploads\/2021\/05\/Challoner-Machinery-Associates-b8VylU9D_800.jpg","size":"full","id":50751,"alt":"","pixels":480000,"type":"image\/jpeg"}],"twitter_card":"summary_large_image","schema":{"@context":"https:\/\/schema.org","@graph":[{"@type":"WebSite","@id":"https:\/\/machineriesbst.com\/en\/#website","url":"https:\/\/machineriesbst.com\/en\/","name":"Machineries BST","description":"Machines neuves &amp; usag\u00e9es","potentialAction":[{"@type":"SearchAction","target":{"@type":"EntryPoint","urlTemplate":"https:\/\/machineriesbst.com\/en\/?s={search_term_string}"},"query-input":"required name=search_term_string"}],"inLanguage":"en-US"},{"@type":"ImageObject","@id":"https:\/\/machineriesbst.com\/catalogue\/tenonneuse-a-double-extremite-challoner\/#primaryimage","inLanguage":"en-US","url":"https:\/\/machineriesbst.com\/wp-content\/uploads\/2021\/05\/Challoner-Machinery-Associates-b8VylU9D_800.jpg","contentUrl":"https:\/\/machineriesbst.com\/wp-content\/uploads\/2021\/05\/Challoner-Machinery-Associates-b8VylU9D_800.jpg","width":800,"height":600},{"@type":"WebPage","@id":"https:\/\/machineriesbst.com\/catalogue\/tenonneuse-a-double-extremite-challoner\/#webpage","url":"https:\/\/machineriesbst.com\/catalogue\/tenonneuse-a-double-extremite-challoner\/","name":"Tenonneuse \u00e0 double extr\u00e9mit\u00e9 Challoner - Machineries BST","isPartOf":{"@id":"https:\/\/machineriesbst.com\/en\/#website"},"primaryImageOfPage":{"@id":"https:\/\/machineriesbst.com\/catalogue\/tenonneuse-a-double-extremite-challoner\/#primaryimage"},"datePublished":"2021-06-08T13:40:20+00:00","dateModified":"2025-02-20T19:35:03+00:00","breadcrumb":{"@id":"https:\/\/machineriesbst.com\/catalogue\/tenonneuse-a-double-extremite-challoner\/#breadcrumb"},"inLanguage":"en-US","potentialAction":[{"@type":"ReadAction","target":["https:\/\/machineriesbst.com\/catalogue\/tenonneuse-a-double-extremite-challoner\/"]}]},{"@type":"BreadcrumbList","@id":"https:\/\/machineriesbst.com\/catalogue\/tenonneuse-a-double-extremite-challoner\/#breadcrumb","itemListElement":[{"@type":"ListItem","position":1,"name":"Accueil","item":"https:\/\/machineriesbst.com\/en\/"},{"@type":"ListItem","position":2,"name":"Catalogue","item":"https:\/\/machineriesbst.com\/en\/catalog\/"},{"@type":"ListItem","position":3,"name":"Tenonneuse \u00e0 double extr\u00e9mit\u00e9 Challoner"}]}]}},"_links":{"self":[{"href":"https:\/\/machineriesbst.com\/en\/wp-json\/wp\/v2\/product\/57864"}],"collection":[{"href":"https:\/\/machineriesbst.com\/en\/wp-json\/wp\/v2\/product"}],"about":[{"href":"https:\/\/machineriesbst.com\/en\/wp-json\/wp\/v2\/types\/product"}],"author":[{"embeddable":true,"href":"https:\/\/machineriesbst.com\/en\/wp-json\/wp\/v2\/users\/3"}],"replies":[{"embeddable":true,"href":"https:\/\/machineriesbst.com\/en\/wp-json\/wp\/v2\/comments?post=57864"}],"wp:featuredmedia":[{"embeddable":true,"href":"https:\/\/machineriesbst.com\/en\/wp-json\/wp\/v2\/media\/50751"}],"wp:attachment":[{"href":"https:\/\/machineriesbst.com\/en\/wp-json\/wp\/v2\/media?parent=57864"}],"wp:term":[{"taxonomy":"product_cat","embeddable":true,"href":"https:\/\/machineriesbst.com\/en\/wp-json\/wp\/v2\/product_cat?post=57864"},{"taxonomy":"product_tag","embeddable":true,"href":"https:\/\/machineriesbst.com\/en\/wp-json\/wp\/v2\/product_tag?post=57864"}],"curies":[{"name":"wp","href":"https:\/\/api.w.org\/{rel}","templated":true}]}}