{"id":57856,"date":"2021-06-08T09:40:18","date_gmt":"2021-06-08T13:40:18","guid":{"rendered":"https:\/\/machineriesbst.com\/?post_type=product&#038;p=57856"},"modified":"2023-11-30T20:24:16","modified_gmt":"2023-12-01T01:24:16","slug":"kval-model-777b","status":"publish","type":"product","link":"https:\/\/machineriesbst.com\/en\/catalogue\/kval-model-777b\/","title":{"rendered":"KVAL MODEL 777B"},"content":{"rendered":"<p>KVAL MODEL 777B:<\/p>\n<ul>\n<li>The KVAL Model 777 Two-Fold Flat Back Machine is designed to install flat back hinges on folding doors.<\/li>\n<li>This machine has a structural frame with four drilling stations and three hinge application stations.<\/li>\n<li>The base machine features 6&#39;8 &quot;and 6&#39;6&quot; doors with hinge applicator units attached to fixed centers.<\/li>\n<li>The 777 includes spring loaded wheels to support the panels as they pass through the machine.<\/li>\n<li>Method of operation is to place a pair of doors in the machine and tighten them with a foot switch.<\/li>\n<li>The hinges can be placed in the machine during cycle operation, so that they are in position when the machine is operated.<\/li>\n<li>Four drills move to drill the pivot material.<\/li>\n<li>The hinges are placed manually and the screws are automatically distributed to secure the hinges simultaneously.<\/li>\n<li>The machine then releases the doors and another operator removes them manually from the feed side.<\/li>\n<\/ul>","protected":false},"excerpt":{"rendered":"<p>KVAL MODEL 777B: La machine \u00e0 deux plis \u00e0 dos plat mod\u00e8le 777 de KVAL est con\u00e7ue pour installer des charni\u00e8res \u00e0 dos plat sur les portes pliantes. Cette machine a un ch\u00e2ssis structurel avec quatre stations de forage et trois stations d'application de charni\u00e8re. La machine de base comprend des portes de 6'8 \"et [&hellip;]<\/p>","protected":false},"author":3,"featured_media":50725,"comment_status":"open","ping_status":"closed","template":"","meta":[],"product_cat":[86],"product_tag":[],"acf":[],"yoast_head":"<!-- This site is optimized with the Yoast SEO plugin v16.8 - https:\/\/yoast.com\/wordpress\/plugins\/seo\/ -->\n<title>KVAL MODEL 777B - Machineries BST<\/title>\n<meta name=\"robots\" content=\"index, follow, max-snippet:-1, max-image-preview:large, max-video-preview:-1\" \/>\n<link rel=\"canonical\" href=\"https:\/\/machineriesbst.com\/en\/catalogue\/kval-model-777b\/\" \/>\n<meta property=\"og:locale\" content=\"en_US\" \/>\n<meta property=\"og:type\" content=\"article\" \/>\n<meta property=\"og:title\" content=\"KVAL MODEL 777B - Machineries BST\" \/>\n<meta property=\"og:description\" content=\"KVAL MODEL 777B: La machine \u00e0 deux plis \u00e0 dos plat mod\u00e8le 777 de KVAL est con\u00e7ue pour installer des charni\u00e8res \u00e0 dos plat sur les portes pliantes. Cette machine a un ch\u00e2ssis structurel avec quatre stations de forage et trois stations d&#039;application de charni\u00e8re. La machine de base comprend des portes de 6&#039;8 &quot;et [&hellip;]\" \/>\n<meta property=\"og:url\" content=\"https:\/\/machineriesbst.com\/en\/catalogue\/kval-model-777b\/\" \/>\n<meta property=\"og:site_name\" content=\"Machineries BST\" \/>\n<meta property=\"article:modified_time\" content=\"2023-12-01T01:24:16+00:00\" \/>\n<meta property=\"og:image\" content=\"https:\/\/machineriesbst.com\/wp-content\/uploads\/2021\/05\/KVAL-777B-Machinery-Associates-Evph2DJB_800.jpg\" \/>\n\t<meta property=\"og:image:width\" content=\"450\" \/>\n\t<meta property=\"og:image:height\" content=\"600\" \/>\n<meta name=\"twitter:card\" content=\"summary_large_image\" \/>\n<meta name=\"twitter:label1\" content=\"Est. reading time\" \/>\n\t<meta name=\"twitter:data1\" content=\"1 minute\" \/>\n<script type=\"application\/ld+json\" class=\"yoast-schema-graph\">{\"@context\":\"https:\/\/schema.org\",\"@graph\":[{\"@type\":\"WebSite\",\"@id\":\"https:\/\/machineriesbst.com\/en\/#website\",\"url\":\"https:\/\/machineriesbst.com\/en\/\",\"name\":\"Machineries BST\",\"description\":\"Machines neuves &amp; usag\\u00e9es\",\"potentialAction\":[{\"@type\":\"SearchAction\",\"target\":{\"@type\":\"EntryPoint\",\"urlTemplate\":\"https:\/\/machineriesbst.com\/en\/?s={search_term_string}\"},\"query-input\":\"required name=search_term_string\"}],\"inLanguage\":\"en-US\"},{\"@type\":\"ImageObject\",\"@id\":\"https:\/\/machineriesbst.com\/en\/catalogue\/kval-model-777b\/#primaryimage\",\"inLanguage\":\"en-US\",\"url\":\"https:\/\/machineriesbst.com\/wp-content\/uploads\/2021\/05\/KVAL-777B-Machinery-Associates-Evph2DJB_800.jpg\",\"contentUrl\":\"https:\/\/machineriesbst.com\/wp-content\/uploads\/2021\/05\/KVAL-777B-Machinery-Associates-Evph2DJB_800.jpg\",\"width\":450,\"height\":600},{\"@type\":\"WebPage\",\"@id\":\"https:\/\/machineriesbst.com\/en\/catalogue\/kval-model-777b\/#webpage\",\"url\":\"https:\/\/machineriesbst.com\/en\/catalogue\/kval-model-777b\/\",\"name\":\"KVAL MODEL 777B - Machineries BST\",\"isPartOf\":{\"@id\":\"https:\/\/machineriesbst.com\/en\/#website\"},\"primaryImageOfPage\":{\"@id\":\"https:\/\/machineriesbst.com\/en\/catalogue\/kval-model-777b\/#primaryimage\"},\"datePublished\":\"2021-06-08T13:40:18+00:00\",\"dateModified\":\"2023-12-01T01:24:16+00:00\",\"breadcrumb\":{\"@id\":\"https:\/\/machineriesbst.com\/en\/catalogue\/kval-model-777b\/#breadcrumb\"},\"inLanguage\":\"en-US\",\"potentialAction\":[{\"@type\":\"ReadAction\",\"target\":[\"https:\/\/machineriesbst.com\/en\/catalogue\/kval-model-777b\/\"]}]},{\"@type\":\"BreadcrumbList\",\"@id\":\"https:\/\/machineriesbst.com\/en\/catalogue\/kval-model-777b\/#breadcrumb\",\"itemListElement\":[{\"@type\":\"ListItem\",\"position\":1,\"name\":\"Accueil\",\"item\":\"https:\/\/machineriesbst.com\/en\/\"},{\"@type\":\"ListItem\",\"position\":2,\"name\":\"Catalogue\",\"item\":\"https:\/\/machineriesbst.com\/en\/catalog\/\"},{\"@type\":\"ListItem\",\"position\":3,\"name\":\"KVAL MODEL 777B\"}]}]}<\/script>\n<!-- \/ Yoast SEO plugin. -->","yoast_head_json":{"title":"KVAL MODEL 777B - Machineries BST","robots":{"index":"index","follow":"follow","max-snippet":"max-snippet:-1","max-image-preview":"max-image-preview:large","max-video-preview":"max-video-preview:-1"},"canonical":"https:\/\/machineriesbst.com\/en\/catalogue\/kval-model-777b\/","og_locale":"en_US","og_type":"article","og_title":"KVAL MODEL 777B - Machineries BST","og_description":"KVAL MODEL 777B: La machine \u00e0 deux plis \u00e0 dos plat mod\u00e8le 777 de KVAL est con\u00e7ue pour installer des charni\u00e8res \u00e0 dos plat sur les portes pliantes. Cette machine a un ch\u00e2ssis structurel avec quatre stations de forage et trois stations d'application de charni\u00e8re. La machine de base comprend des portes de 6'8 \"et [&hellip;]","og_url":"https:\/\/machineriesbst.com\/en\/catalogue\/kval-model-777b\/","og_site_name":"Machineries BST","article_modified_time":"2023-12-01T01:24:16+00:00","og_image":[{"width":450,"height":600,"url":"https:\/\/machineriesbst.com\/wp-content\/uploads\/2021\/05\/KVAL-777B-Machinery-Associates-Evph2DJB_800.jpg","path":"\/home\/jepeto\/public_html\/wp-content\/uploads\/2021\/05\/KVAL-777B-Machinery-Associates-Evph2DJB_800.jpg","size":"full","id":50725,"alt":"","pixels":270000,"type":"image\/jpeg"}],"twitter_card":"summary_large_image","twitter_misc":{"Est. reading time":"1 minute"},"schema":{"@context":"https:\/\/schema.org","@graph":[{"@type":"WebSite","@id":"https:\/\/machineriesbst.com\/en\/#website","url":"https:\/\/machineriesbst.com\/en\/","name":"Machineries BST","description":"Machines neuves &amp; usag\u00e9es","potentialAction":[{"@type":"SearchAction","target":{"@type":"EntryPoint","urlTemplate":"https:\/\/machineriesbst.com\/en\/?s={search_term_string}"},"query-input":"required name=search_term_string"}],"inLanguage":"en-US"},{"@type":"ImageObject","@id":"https:\/\/machineriesbst.com\/en\/catalogue\/kval-model-777b\/#primaryimage","inLanguage":"en-US","url":"https:\/\/machineriesbst.com\/wp-content\/uploads\/2021\/05\/KVAL-777B-Machinery-Associates-Evph2DJB_800.jpg","contentUrl":"https:\/\/machineriesbst.com\/wp-content\/uploads\/2021\/05\/KVAL-777B-Machinery-Associates-Evph2DJB_800.jpg","width":450,"height":600},{"@type":"WebPage","@id":"https:\/\/machineriesbst.com\/en\/catalogue\/kval-model-777b\/#webpage","url":"https:\/\/machineriesbst.com\/en\/catalogue\/kval-model-777b\/","name":"KVAL MODEL 777B - Machineries BST","isPartOf":{"@id":"https:\/\/machineriesbst.com\/en\/#website"},"primaryImageOfPage":{"@id":"https:\/\/machineriesbst.com\/en\/catalogue\/kval-model-777b\/#primaryimage"},"datePublished":"2021-06-08T13:40:18+00:00","dateModified":"2023-12-01T01:24:16+00:00","breadcrumb":{"@id":"https:\/\/machineriesbst.com\/en\/catalogue\/kval-model-777b\/#breadcrumb"},"inLanguage":"en-US","potentialAction":[{"@type":"ReadAction","target":["https:\/\/machineriesbst.com\/en\/catalogue\/kval-model-777b\/"]}]},{"@type":"BreadcrumbList","@id":"https:\/\/machineriesbst.com\/en\/catalogue\/kval-model-777b\/#breadcrumb","itemListElement":[{"@type":"ListItem","position":1,"name":"Accueil","item":"https:\/\/machineriesbst.com\/en\/"},{"@type":"ListItem","position":2,"name":"Catalogue","item":"https:\/\/machineriesbst.com\/en\/catalog\/"},{"@type":"ListItem","position":3,"name":"KVAL MODEL 777B"}]}]}},"_links":{"self":[{"href":"https:\/\/machineriesbst.com\/en\/wp-json\/wp\/v2\/product\/57856"}],"collection":[{"href":"https:\/\/machineriesbst.com\/en\/wp-json\/wp\/v2\/product"}],"about":[{"href":"https:\/\/machineriesbst.com\/en\/wp-json\/wp\/v2\/types\/product"}],"author":[{"embeddable":true,"href":"https:\/\/machineriesbst.com\/en\/wp-json\/wp\/v2\/users\/3"}],"replies":[{"embeddable":true,"href":"https:\/\/machineriesbst.com\/en\/wp-json\/wp\/v2\/comments?post=57856"}],"wp:featuredmedia":[{"embeddable":true,"href":"https:\/\/machineriesbst.com\/en\/wp-json\/wp\/v2\/media\/50725"}],"wp:attachment":[{"href":"https:\/\/machineriesbst.com\/en\/wp-json\/wp\/v2\/media?parent=57856"}],"wp:term":[{"taxonomy":"product_cat","embeddable":true,"href":"https:\/\/machineriesbst.com\/en\/wp-json\/wp\/v2\/product_cat?post=57856"},{"taxonomy":"product_tag","embeddable":true,"href":"https:\/\/machineriesbst.com\/en\/wp-json\/wp\/v2\/product_tag?post=57856"}],"curies":[{"name":"wp","href":"https:\/\/api.w.org\/{rel}","templated":true}]}}