{"id":57854,"date":"2021-06-08T09:40:17","date_gmt":"2021-06-08T13:40:17","guid":{"rendered":"https:\/\/machineriesbst.com\/?post_type=product&#038;p=57854"},"modified":"2023-11-30T20:24:16","modified_gmt":"2023-12-01T01:24:16","slug":"aiguiseur-retech-rg-32-20u","status":"publish","type":"product","link":"https:\/\/machineriesbst.com\/en\/catalogue\/aiguiseur-retech-rg-32-20u\/","title":{"rendered":"Retech RG 32 \/ 20U sharpener"},"content":{"rendered":"<p>Retech RG 32 \/ 20U sharpener:<\/p>\n<ul>\n<li>Machine Cut Area: 40 &#39;&#39; wide x 32 &#39;&#39; long with abrasion resistant top plate, smooth interior to prevent material bridging<\/li>\n<li>Rotor Size: 32 &#39;&#39; with full load starting capability and self-cleaning side pockets to help prevent a fire hazard<\/li>\n<li>Rotor Bearings: Double tapered roller bearings in solid steel housings (NOT cast)<\/li>\n<li>3\/4 &#39;&#39; Installed Sizing Screen:<\/li>\n<li>Narrow tolerance radius to prevent rotor winding<\/li>\n<li>Feed hopper: 1.5 cubic yard capacity<\/li>\n<li>Power system: 2-speed, dual-pressure hydraulic cylinder controlled by PLC, external cylinder guides for a bridge-free interior and simplified maintenance<\/li>\n<li>Material Containment: Chamber fully enclosed, spring loaded wipers for even wear<\/li>\n<li>Rotor: high torque setting, self-cooling profile, lifetime warranty<\/li>\n<li>Number of cutters: 20, concave profile, 4-way indexable, hardened compound, fully supported<\/li>\n<li>Rotor speed: 95 rpm, seamless gearbox on floating bracket<\/li>\n<li>HP Drive Engine: 20 HP TEFC, premium efficiency, 1.15 service factor<\/li>\n<li>Automatic shutdown when the machine is empty<\/li>\n<li>System commands: The control module<\/li>\n<li>Allen Bradley PLC with a PanelView display interface<\/li>\n<li>Standard discharge: 8 &quot;pneumatic orifice with reversible discharge<\/li>\n<li>Safety Considerations: This machine is equipped with exclusive ReTech milled rotor end pockets. This permanent feature requires no maintenance for the life of the grinder and is designed to automatically expel trapped material and prevent excessive heat generation and sidewall wear.<\/li>\n<li>Equipment throughput: 800-1,500 pounds per hour depending on product mix and loading<\/li>\n<\/ul>","protected":false},"excerpt":{"rendered":"<p>Retech RG 32\/20U sharpener: Machine cutting area: 40&quot; wide x 32&quot; long with abrasion resistant top plate, smooth interior to prevent material bridging Rotor size: 32&quot; with full-load starting capability and self-cleaning side pockets to help [\u2026]<\/p>","protected":false},"author":3,"featured_media":50701,"comment_status":"open","ping_status":"closed","template":"","meta":[],"product_cat":[3016],"product_tag":[],"acf":[],"yoast_head":"<!-- This site is optimized with the Yoast SEO plugin v16.8 - https:\/\/yoast.com\/wordpress\/plugins\/seo\/ -->\n<title>Aiguiseur Retech RG 32\/20U - Machineries BST<\/title>\n<meta name=\"robots\" content=\"index, follow, max-snippet:-1, max-image-preview:large, max-video-preview:-1\" \/>\n<link rel=\"canonical\" href=\"https:\/\/machineriesbst.com\/en\/catalogue\/aiguiseur-retech-rg-32-20u\/\" \/>\n<meta property=\"og:locale\" content=\"en_US\" \/>\n<meta property=\"og:type\" content=\"article\" \/>\n<meta property=\"og:title\" content=\"Aiguiseur Retech RG 32\/20U - Machineries BST\" \/>\n<meta property=\"og:description\" content=\"Aiguiseur Retech RG 32\/20U: Zone de coupe de la machine: 40 po de large x 32 po de long avec une plaque sup\u00e9rieure r\u00e9sistante \u00e0 l&#039;abrasion, un int\u00e9rieur lisse pour emp\u00eacher le pontage de la mati\u00e8re Taille du rotor: 32 po avec capacit\u00e9 de d\u00e9marrage \u00e0 pleine charge et poches lat\u00e9rales auto-nettoyantes pour aider \u00e0 [&hellip;]\" \/>\n<meta property=\"og:url\" content=\"https:\/\/machineriesbst.com\/en\/catalogue\/aiguiseur-retech-rg-32-20u\/\" \/>\n<meta property=\"og:site_name\" content=\"Machineries BST\" \/>\n<meta property=\"article:modified_time\" content=\"2023-12-01T01:24:16+00:00\" \/>\n<meta property=\"og:image\" content=\"https:\/\/machineriesbst.com\/wp-content\/uploads\/2021\/05\/ReTech-RG3220U-Machinery-Associates-iK2CNlUl_800.jpg\" \/>\n\t<meta property=\"og:image:width\" content=\"679\" \/>\n\t<meta property=\"og:image:height\" content=\"600\" \/>\n<meta name=\"twitter:card\" content=\"summary_large_image\" \/>\n<meta name=\"twitter:label1\" content=\"Est. reading time\" \/>\n\t<meta name=\"twitter:data1\" content=\"2 minutes\" \/>\n<script type=\"application\/ld+json\" class=\"yoast-schema-graph\">{\"@context\":\"https:\/\/schema.org\",\"@graph\":[{\"@type\":\"WebSite\",\"@id\":\"https:\/\/machineriesbst.com\/en\/#website\",\"url\":\"https:\/\/machineriesbst.com\/en\/\",\"name\":\"Machineries BST\",\"description\":\"Machines neuves &amp; usag\\u00e9es\",\"potentialAction\":[{\"@type\":\"SearchAction\",\"target\":{\"@type\":\"EntryPoint\",\"urlTemplate\":\"https:\/\/machineriesbst.com\/en\/?s={search_term_string}\"},\"query-input\":\"required name=search_term_string\"}],\"inLanguage\":\"en-US\"},{\"@type\":\"ImageObject\",\"@id\":\"https:\/\/machineriesbst.com\/en\/catalogue\/aiguiseur-retech-rg-32-20u\/#primaryimage\",\"inLanguage\":\"en-US\",\"url\":\"https:\/\/machineriesbst.com\/wp-content\/uploads\/2021\/05\/ReTech-RG3220U-Machinery-Associates-iK2CNlUl_800.jpg\",\"contentUrl\":\"https:\/\/machineriesbst.com\/wp-content\/uploads\/2021\/05\/ReTech-RG3220U-Machinery-Associates-iK2CNlUl_800.jpg\",\"width\":679,\"height\":600},{\"@type\":\"WebPage\",\"@id\":\"https:\/\/machineriesbst.com\/en\/catalogue\/aiguiseur-retech-rg-32-20u\/#webpage\",\"url\":\"https:\/\/machineriesbst.com\/en\/catalogue\/aiguiseur-retech-rg-32-20u\/\",\"name\":\"Aiguiseur Retech RG 32\/20U - Machineries BST\",\"isPartOf\":{\"@id\":\"https:\/\/machineriesbst.com\/en\/#website\"},\"primaryImageOfPage\":{\"@id\":\"https:\/\/machineriesbst.com\/en\/catalogue\/aiguiseur-retech-rg-32-20u\/#primaryimage\"},\"datePublished\":\"2021-06-08T13:40:17+00:00\",\"dateModified\":\"2023-12-01T01:24:16+00:00\",\"breadcrumb\":{\"@id\":\"https:\/\/machineriesbst.com\/en\/catalogue\/aiguiseur-retech-rg-32-20u\/#breadcrumb\"},\"inLanguage\":\"en-US\",\"potentialAction\":[{\"@type\":\"ReadAction\",\"target\":[\"https:\/\/machineriesbst.com\/en\/catalogue\/aiguiseur-retech-rg-32-20u\/\"]}]},{\"@type\":\"BreadcrumbList\",\"@id\":\"https:\/\/machineriesbst.com\/en\/catalogue\/aiguiseur-retech-rg-32-20u\/#breadcrumb\",\"itemListElement\":[{\"@type\":\"ListItem\",\"position\":1,\"name\":\"Accueil\",\"item\":\"https:\/\/machineriesbst.com\/en\/\"},{\"@type\":\"ListItem\",\"position\":2,\"name\":\"Catalogue\",\"item\":\"https:\/\/machineriesbst.com\/en\/catalog\/\"},{\"@type\":\"ListItem\",\"position\":3,\"name\":\"Aiguiseur Retech RG 32\/20U\"}]}]}<\/script>\n<!-- \/ Yoast SEO plugin. -->","yoast_head_json":{"title":"Aiguiseur Retech RG 32\/20U - Machineries BST","robots":{"index":"index","follow":"follow","max-snippet":"max-snippet:-1","max-image-preview":"max-image-preview:large","max-video-preview":"max-video-preview:-1"},"canonical":"https:\/\/machineriesbst.com\/en\/catalogue\/aiguiseur-retech-rg-32-20u\/","og_locale":"en_US","og_type":"article","og_title":"Aiguiseur Retech RG 32\/20U - Machineries BST","og_description":"Aiguiseur Retech RG 32\/20U: Zone de coupe de la machine: 40 po de large x 32 po de long avec une plaque sup\u00e9rieure r\u00e9sistante \u00e0 l'abrasion, un int\u00e9rieur lisse pour emp\u00eacher le pontage de la mati\u00e8re Taille du rotor: 32 po avec capacit\u00e9 de d\u00e9marrage \u00e0 pleine charge et poches lat\u00e9rales auto-nettoyantes pour aider \u00e0 [&hellip;]","og_url":"https:\/\/machineriesbst.com\/en\/catalogue\/aiguiseur-retech-rg-32-20u\/","og_site_name":"Machineries BST","article_modified_time":"2023-12-01T01:24:16+00:00","og_image":[{"width":679,"height":600,"url":"https:\/\/machineriesbst.com\/wp-content\/uploads\/2021\/05\/ReTech-RG3220U-Machinery-Associates-iK2CNlUl_800.jpg","path":"\/home\/jepeto\/public_html\/wp-content\/uploads\/2021\/05\/ReTech-RG3220U-Machinery-Associates-iK2CNlUl_800.jpg","size":"full","id":50701,"alt":"","pixels":407400,"type":"image\/jpeg"}],"twitter_card":"summary_large_image","twitter_misc":{"Est. reading time":"2 minutes"},"schema":{"@context":"https:\/\/schema.org","@graph":[{"@type":"WebSite","@id":"https:\/\/machineriesbst.com\/en\/#website","url":"https:\/\/machineriesbst.com\/en\/","name":"Machineries BST","description":"Machines neuves &amp; usag\u00e9es","potentialAction":[{"@type":"SearchAction","target":{"@type":"EntryPoint","urlTemplate":"https:\/\/machineriesbst.com\/en\/?s={search_term_string}"},"query-input":"required name=search_term_string"}],"inLanguage":"en-US"},{"@type":"ImageObject","@id":"https:\/\/machineriesbst.com\/en\/catalogue\/aiguiseur-retech-rg-32-20u\/#primaryimage","inLanguage":"en-US","url":"https:\/\/machineriesbst.com\/wp-content\/uploads\/2021\/05\/ReTech-RG3220U-Machinery-Associates-iK2CNlUl_800.jpg","contentUrl":"https:\/\/machineriesbst.com\/wp-content\/uploads\/2021\/05\/ReTech-RG3220U-Machinery-Associates-iK2CNlUl_800.jpg","width":679,"height":600},{"@type":"WebPage","@id":"https:\/\/machineriesbst.com\/en\/catalogue\/aiguiseur-retech-rg-32-20u\/#webpage","url":"https:\/\/machineriesbst.com\/en\/catalogue\/aiguiseur-retech-rg-32-20u\/","name":"Aiguiseur Retech RG 32\/20U - Machineries BST","isPartOf":{"@id":"https:\/\/machineriesbst.com\/en\/#website"},"primaryImageOfPage":{"@id":"https:\/\/machineriesbst.com\/en\/catalogue\/aiguiseur-retech-rg-32-20u\/#primaryimage"},"datePublished":"2021-06-08T13:40:17+00:00","dateModified":"2023-12-01T01:24:16+00:00","breadcrumb":{"@id":"https:\/\/machineriesbst.com\/en\/catalogue\/aiguiseur-retech-rg-32-20u\/#breadcrumb"},"inLanguage":"en-US","potentialAction":[{"@type":"ReadAction","target":["https:\/\/machineriesbst.com\/en\/catalogue\/aiguiseur-retech-rg-32-20u\/"]}]},{"@type":"BreadcrumbList","@id":"https:\/\/machineriesbst.com\/en\/catalogue\/aiguiseur-retech-rg-32-20u\/#breadcrumb","itemListElement":[{"@type":"ListItem","position":1,"name":"Accueil","item":"https:\/\/machineriesbst.com\/en\/"},{"@type":"ListItem","position":2,"name":"Catalogue","item":"https:\/\/machineriesbst.com\/en\/catalog\/"},{"@type":"ListItem","position":3,"name":"Aiguiseur Retech RG 32\/20U"}]}]}},"_links":{"self":[{"href":"https:\/\/machineriesbst.com\/en\/wp-json\/wp\/v2\/product\/57854"}],"collection":[{"href":"https:\/\/machineriesbst.com\/en\/wp-json\/wp\/v2\/product"}],"about":[{"href":"https:\/\/machineriesbst.com\/en\/wp-json\/wp\/v2\/types\/product"}],"author":[{"embeddable":true,"href":"https:\/\/machineriesbst.com\/en\/wp-json\/wp\/v2\/users\/3"}],"replies":[{"embeddable":true,"href":"https:\/\/machineriesbst.com\/en\/wp-json\/wp\/v2\/comments?post=57854"}],"wp:featuredmedia":[{"embeddable":true,"href":"https:\/\/machineriesbst.com\/en\/wp-json\/wp\/v2\/media\/50701"}],"wp:attachment":[{"href":"https:\/\/machineriesbst.com\/en\/wp-json\/wp\/v2\/media?parent=57854"}],"wp:term":[{"taxonomy":"product_cat","embeddable":true,"href":"https:\/\/machineriesbst.com\/en\/wp-json\/wp\/v2\/product_cat?post=57854"},{"taxonomy":"product_tag","embeddable":true,"href":"https:\/\/machineriesbst.com\/en\/wp-json\/wp\/v2\/product_tag?post=57854"}],"curies":[{"name":"wp","href":"https:\/\/api.w.org\/{rel}","templated":true}]}}