{"id":57844,"date":"2021-06-08T09:39:53","date_gmt":"2021-06-08T13:39:53","guid":{"rendered":"https:\/\/machineriesbst.com\/?post_type=product&#038;p=57844"},"modified":"2023-11-30T20:24:16","modified_gmt":"2023-12-01T01:24:16","slug":"accu-systems-cxd","status":"publish","type":"product","link":"https:\/\/machineriesbst.com\/en\/catalogue\/accu-systems-cxd\/","title":{"rendered":"Accu-Systems CXD"},"content":{"rendered":"<p>Accu-Systems CXD:<\/p>\n<ul>\n<li>15 &quot;color touchscreen with industrial computer for setup and run<\/li>\n<li>CNC control of machine configuration in less than a minute<\/li>\n<li>All components are sized to handle 8x30 studs<\/li>\n<li>Three V-groove heads with a center-to-center of 4 &quot;minimum<\/li>\n<li>Three rows of nine spindles for front drilling of the drawer<\/li>\n<li>An additional nine-pin bank to handle the four-sided drawers<\/li>\n<li>Two nine-spindle horizontal benches for stud drilling<\/li>\n<li>Operates up to 22 parts \/ minute in production<\/li>\n<li>Ability to cut drawer parts from 25 &quot;to 96&quot; in length<\/li>\n<li>Ability to run parts as short as 10 &quot;without V-groove<\/li>\n<li>Ability to handle parts 2-1 \/ 2 &quot;to 13-3 \/ 4&quot; in width<\/li>\n<li>Ability to handle material thicknesses of 7\/16 &quot;&amp; 1\/2&quot;<\/li>\n<li>Makes box drawers with stud construction<\/li>\n<li>Makes the drawers with 3 bolsters and 1 butt joint<\/li>\n<li>CNC machine configuration<\/li>\n<li>Loading of coin hopper<\/li>\n<li>The parts go through the back of the machine<\/li>\n<\/ul>","protected":false},"excerpt":{"rendered":"<p>Accu-Systems CXD: \u00c9cran tactile couleur de 15 \"avec ordinateur industriel pour l'installation et la course Commande CNC de la configuration de la machine en moins d'une minute Tous les composants sont dimensionn\u00e9s pour g\u00e9rer les goujons 8x30 Trois t\u00eates \u00e0 rainure en V avec un centre au centre de 4 \"minimum Trois rang\u00e9es de neuf [&hellip;]<\/p>","protected":false},"author":3,"featured_media":50685,"comment_status":"open","ping_status":"closed","template":"","meta":[],"product_cat":[86],"product_tag":[],"acf":[],"yoast_head":"<!-- This site is optimized with the Yoast SEO plugin v16.8 - https:\/\/yoast.com\/wordpress\/plugins\/seo\/ -->\n<title>Accu-Systems CXD - Machineries BST<\/title>\n<meta name=\"robots\" content=\"index, follow, max-snippet:-1, max-image-preview:large, max-video-preview:-1\" \/>\n<link rel=\"canonical\" href=\"https:\/\/machineriesbst.com\/en\/catalogue\/accu-systems-cxd\/\" \/>\n<meta property=\"og:locale\" content=\"en_US\" \/>\n<meta property=\"og:type\" content=\"article\" \/>\n<meta property=\"og:title\" content=\"Accu-Systems CXD - Machineries BST\" \/>\n<meta property=\"og:description\" content=\"Accu-Systems CXD: \u00c9cran tactile couleur de 15 &quot;avec ordinateur industriel pour l&#039;installation et la course Commande CNC de la configuration de la machine en moins d&#039;une minute Tous les composants sont dimensionn\u00e9s pour g\u00e9rer les goujons 8x30 Trois t\u00eates \u00e0 rainure en V avec un centre au centre de 4 &quot;minimum Trois rang\u00e9es de neuf [&hellip;]\" \/>\n<meta property=\"og:url\" content=\"https:\/\/machineriesbst.com\/en\/catalogue\/accu-systems-cxd\/\" \/>\n<meta property=\"og:site_name\" content=\"Machineries BST\" \/>\n<meta property=\"article:modified_time\" content=\"2023-12-01T01:24:16+00:00\" \/>\n<meta property=\"og:image\" content=\"https:\/\/machineriesbst.com\/wp-content\/uploads\/2021\/05\/AccuSystems-CXD-Machinery-Associates-UbJyxbdi_800.jpg\" \/>\n\t<meta property=\"og:image:width\" content=\"800\" \/>\n\t<meta property=\"og:image:height\" content=\"481\" \/>\n<meta name=\"twitter:card\" content=\"summary_large_image\" \/>\n<meta name=\"twitter:label1\" content=\"Est. reading time\" \/>\n\t<meta name=\"twitter:data1\" content=\"1 minute\" \/>\n<script type=\"application\/ld+json\" class=\"yoast-schema-graph\">{\"@context\":\"https:\/\/schema.org\",\"@graph\":[{\"@type\":\"WebSite\",\"@id\":\"https:\/\/machineriesbst.com\/en\/#website\",\"url\":\"https:\/\/machineriesbst.com\/en\/\",\"name\":\"Machineries BST\",\"description\":\"Machines neuves &amp; usag\\u00e9es\",\"potentialAction\":[{\"@type\":\"SearchAction\",\"target\":{\"@type\":\"EntryPoint\",\"urlTemplate\":\"https:\/\/machineriesbst.com\/en\/?s={search_term_string}\"},\"query-input\":\"required name=search_term_string\"}],\"inLanguage\":\"en-US\"},{\"@type\":\"ImageObject\",\"@id\":\"https:\/\/machineriesbst.com\/en\/catalogue\/accu-systems-cxd\/#primaryimage\",\"inLanguage\":\"en-US\",\"url\":\"https:\/\/machineriesbst.com\/wp-content\/uploads\/2021\/05\/AccuSystems-CXD-Machinery-Associates-UbJyxbdi_800.jpg\",\"contentUrl\":\"https:\/\/machineriesbst.com\/wp-content\/uploads\/2021\/05\/AccuSystems-CXD-Machinery-Associates-UbJyxbdi_800.jpg\",\"width\":800,\"height\":481},{\"@type\":\"WebPage\",\"@id\":\"https:\/\/machineriesbst.com\/en\/catalogue\/accu-systems-cxd\/#webpage\",\"url\":\"https:\/\/machineriesbst.com\/en\/catalogue\/accu-systems-cxd\/\",\"name\":\"Accu-Systems CXD - Machineries BST\",\"isPartOf\":{\"@id\":\"https:\/\/machineriesbst.com\/en\/#website\"},\"primaryImageOfPage\":{\"@id\":\"https:\/\/machineriesbst.com\/en\/catalogue\/accu-systems-cxd\/#primaryimage\"},\"datePublished\":\"2021-06-08T13:39:53+00:00\",\"dateModified\":\"2023-12-01T01:24:16+00:00\",\"breadcrumb\":{\"@id\":\"https:\/\/machineriesbst.com\/en\/catalogue\/accu-systems-cxd\/#breadcrumb\"},\"inLanguage\":\"en-US\",\"potentialAction\":[{\"@type\":\"ReadAction\",\"target\":[\"https:\/\/machineriesbst.com\/en\/catalogue\/accu-systems-cxd\/\"]}]},{\"@type\":\"BreadcrumbList\",\"@id\":\"https:\/\/machineriesbst.com\/en\/catalogue\/accu-systems-cxd\/#breadcrumb\",\"itemListElement\":[{\"@type\":\"ListItem\",\"position\":1,\"name\":\"Accueil\",\"item\":\"https:\/\/machineriesbst.com\/en\/\"},{\"@type\":\"ListItem\",\"position\":2,\"name\":\"Catalogue\",\"item\":\"https:\/\/machineriesbst.com\/en\/catalog\/\"},{\"@type\":\"ListItem\",\"position\":3,\"name\":\"Accu-Systems CXD\"}]}]}<\/script>\n<!-- \/ Yoast SEO plugin. -->","yoast_head_json":{"title":"Accu-Systems CXD - Machineries BST","robots":{"index":"index","follow":"follow","max-snippet":"max-snippet:-1","max-image-preview":"max-image-preview:large","max-video-preview":"max-video-preview:-1"},"canonical":"https:\/\/machineriesbst.com\/en\/catalogue\/accu-systems-cxd\/","og_locale":"en_US","og_type":"article","og_title":"Accu-Systems CXD - Machineries BST","og_description":"Accu-Systems CXD: \u00c9cran tactile couleur de 15 \"avec ordinateur industriel pour l'installation et la course Commande CNC de la configuration de la machine en moins d'une minute Tous les composants sont dimensionn\u00e9s pour g\u00e9rer les goujons 8x30 Trois t\u00eates \u00e0 rainure en V avec un centre au centre de 4 \"minimum Trois rang\u00e9es de neuf [&hellip;]","og_url":"https:\/\/machineriesbst.com\/en\/catalogue\/accu-systems-cxd\/","og_site_name":"Machineries BST","article_modified_time":"2023-12-01T01:24:16+00:00","og_image":[{"width":800,"height":481,"url":"https:\/\/machineriesbst.com\/wp-content\/uploads\/2021\/05\/AccuSystems-CXD-Machinery-Associates-UbJyxbdi_800.jpg","path":"\/home\/jepeto\/public_html\/wp-content\/uploads\/2021\/05\/AccuSystems-CXD-Machinery-Associates-UbJyxbdi_800.jpg","size":"full","id":50685,"alt":"","pixels":384800,"type":"image\/jpeg"}],"twitter_card":"summary_large_image","twitter_misc":{"Est. reading time":"1 minute"},"schema":{"@context":"https:\/\/schema.org","@graph":[{"@type":"WebSite","@id":"https:\/\/machineriesbst.com\/en\/#website","url":"https:\/\/machineriesbst.com\/en\/","name":"Machineries BST","description":"Machines neuves &amp; usag\u00e9es","potentialAction":[{"@type":"SearchAction","target":{"@type":"EntryPoint","urlTemplate":"https:\/\/machineriesbst.com\/en\/?s={search_term_string}"},"query-input":"required name=search_term_string"}],"inLanguage":"en-US"},{"@type":"ImageObject","@id":"https:\/\/machineriesbst.com\/en\/catalogue\/accu-systems-cxd\/#primaryimage","inLanguage":"en-US","url":"https:\/\/machineriesbst.com\/wp-content\/uploads\/2021\/05\/AccuSystems-CXD-Machinery-Associates-UbJyxbdi_800.jpg","contentUrl":"https:\/\/machineriesbst.com\/wp-content\/uploads\/2021\/05\/AccuSystems-CXD-Machinery-Associates-UbJyxbdi_800.jpg","width":800,"height":481},{"@type":"WebPage","@id":"https:\/\/machineriesbst.com\/en\/catalogue\/accu-systems-cxd\/#webpage","url":"https:\/\/machineriesbst.com\/en\/catalogue\/accu-systems-cxd\/","name":"Accu-Systems CXD - Machineries BST","isPartOf":{"@id":"https:\/\/machineriesbst.com\/en\/#website"},"primaryImageOfPage":{"@id":"https:\/\/machineriesbst.com\/en\/catalogue\/accu-systems-cxd\/#primaryimage"},"datePublished":"2021-06-08T13:39:53+00:00","dateModified":"2023-12-01T01:24:16+00:00","breadcrumb":{"@id":"https:\/\/machineriesbst.com\/en\/catalogue\/accu-systems-cxd\/#breadcrumb"},"inLanguage":"en-US","potentialAction":[{"@type":"ReadAction","target":["https:\/\/machineriesbst.com\/en\/catalogue\/accu-systems-cxd\/"]}]},{"@type":"BreadcrumbList","@id":"https:\/\/machineriesbst.com\/en\/catalogue\/accu-systems-cxd\/#breadcrumb","itemListElement":[{"@type":"ListItem","position":1,"name":"Accueil","item":"https:\/\/machineriesbst.com\/en\/"},{"@type":"ListItem","position":2,"name":"Catalogue","item":"https:\/\/machineriesbst.com\/en\/catalog\/"},{"@type":"ListItem","position":3,"name":"Accu-Systems CXD"}]}]}},"_links":{"self":[{"href":"https:\/\/machineriesbst.com\/en\/wp-json\/wp\/v2\/product\/57844"}],"collection":[{"href":"https:\/\/machineriesbst.com\/en\/wp-json\/wp\/v2\/product"}],"about":[{"href":"https:\/\/machineriesbst.com\/en\/wp-json\/wp\/v2\/types\/product"}],"author":[{"embeddable":true,"href":"https:\/\/machineriesbst.com\/en\/wp-json\/wp\/v2\/users\/3"}],"replies":[{"embeddable":true,"href":"https:\/\/machineriesbst.com\/en\/wp-json\/wp\/v2\/comments?post=57844"}],"wp:featuredmedia":[{"embeddable":true,"href":"https:\/\/machineriesbst.com\/en\/wp-json\/wp\/v2\/media\/50685"}],"wp:attachment":[{"href":"https:\/\/machineriesbst.com\/en\/wp-json\/wp\/v2\/media?parent=57844"}],"wp:term":[{"taxonomy":"product_cat","embeddable":true,"href":"https:\/\/machineriesbst.com\/en\/wp-json\/wp\/v2\/product_cat?post=57844"},{"taxonomy":"product_tag","embeddable":true,"href":"https:\/\/machineriesbst.com\/en\/wp-json\/wp\/v2\/product_tag?post=57844"}],"curies":[{"name":"wp","href":"https:\/\/api.w.org\/{rel}","templated":true}]}}