{"id":57783,"date":"2021-06-08T09:38:34","date_gmt":"2021-06-08T13:38:34","guid":{"rendered":"https:\/\/machineriesbst.com\/?post_type=product&#038;p=57783"},"modified":"2023-11-30T20:24:16","modified_gmt":"2023-12-01T01:24:16","slug":"nordfab-c-8000-cyclone-collector-avec-nordfab-cps-20-9-apres-le-filtre","status":"publish","type":"product","link":"https:\/\/machineriesbst.com\/en\/catalogue\/nordfab-c-8000-cyclone-collector-avec-nordfab-cps-20-9-apres-le-filtre\/","title":{"rendered":"NORDFAB C-8000 Cyclone Collector with NORDFAB CPS-20-9 after the filter"},"content":{"rendered":"<p>Model C-8000 Cyclone Collector:<\/p>\n<ul>\n<li>40HP C8040 blower 7500 cfm at 13 sp.<\/li>\n<li>3 piece flange, 16 gauge construction<\/li>\n<li>12 &quot;rotary air locator<\/li>\n<li>15 &#39;support structure<\/li>\n<\/ul>\n<p>Model CPS-20-9 after the filter:<\/p>\n<ul>\n<li>Designed to place indoors<\/li>\n<li>7,500 cfm capacity<\/li>\n<li>378 square feet effective filter area<\/li>\n<li>20 to 1 fabric ratio<\/li>\n<li>9 bag handling<\/li>\n<\/ul>\n<p>&nbsp;<\/p>","protected":false},"excerpt":{"rendered":"<p>Model C-8000 Cyclone Collector: 40HP C8040 blower 7500 cfm at 13 sp. 3 piece flange, 16 gauge construction Rotating air locator 12&quot; 15&#39; support structure Model CPS-20-9 after filter: Designed to place inside 7500 cfm capacity 378 sq. ft. effective filter area 20 to 1 [\u2026]<\/p>","protected":false},"author":3,"featured_media":50520,"comment_status":"open","ping_status":"closed","template":"","meta":[],"product_cat":[3036],"product_tag":[],"acf":[],"yoast_head":"<!-- This site is optimized with the Yoast SEO plugin v16.8 - https:\/\/yoast.com\/wordpress\/plugins\/seo\/ -->\n<title>NORDFAB C-8000 Cyclone Collector avec NORDFAB CPS-20-9 apr\u00e8s le filtre - Machineries BST<\/title>\n<meta name=\"robots\" content=\"index, follow, max-snippet:-1, max-image-preview:large, max-video-preview:-1\" \/>\n<link rel=\"canonical\" href=\"https:\/\/machineriesbst.com\/en\/catalogue\/nordfab-c-8000-cyclone-collector-avec-nordfab-cps-20-9-apres-le-filtre\/\" \/>\n<meta property=\"og:locale\" content=\"en_US\" \/>\n<meta property=\"og:type\" content=\"article\" \/>\n<meta property=\"og:title\" content=\"NORDFAB C-8000 Cyclone Collector avec NORDFAB CPS-20-9 apr\u00e8s le filtre - Machineries BST\" \/>\n<meta property=\"og:description\" content=\"Mod\u00e8le C-8000 Cyclone Collector: 40HP C8040 souffleur 7500 cfm \u00e0 13 sp. Bride de 3 pi\u00e8ces, construction de calibre 16 Localisateur d&#039;air rotatif 12 &quot; 15 &#039; structure de support Mod\u00e8le CPS-20-9 apr\u00e8s le filtre: Con\u00e7u pour placer \u00e0 l&#039;int\u00e9rieur Capacit\u00e9 de 7500 cfm Surface de filtre efficace de 378 pieds carr\u00e9s 20 \u00e0 1 [&hellip;]\" \/>\n<meta property=\"og:url\" content=\"https:\/\/machineriesbst.com\/en\/catalogue\/nordfab-c-8000-cyclone-collector-avec-nordfab-cps-20-9-apres-le-filtre\/\" \/>\n<meta property=\"og:site_name\" content=\"Machineries BST\" \/>\n<meta property=\"article:modified_time\" content=\"2023-12-01T01:24:16+00:00\" \/>\n<meta property=\"og:image\" content=\"https:\/\/machineriesbst.com\/wp-content\/uploads\/2021\/05\/Nordfab-C8000-and-CSP209-Machinery-Associates-vvSx5wIq_800.jpg\" \/>\n\t<meta property=\"og:image:width\" content=\"450\" \/>\n\t<meta property=\"og:image:height\" content=\"600\" \/>\n<meta name=\"twitter:card\" content=\"summary_large_image\" \/>\n<script type=\"application\/ld+json\" class=\"yoast-schema-graph\">{\"@context\":\"https:\/\/schema.org\",\"@graph\":[{\"@type\":\"WebSite\",\"@id\":\"https:\/\/machineriesbst.com\/en\/#website\",\"url\":\"https:\/\/machineriesbst.com\/en\/\",\"name\":\"Machineries BST\",\"description\":\"Machines neuves &amp; usag\\u00e9es\",\"potentialAction\":[{\"@type\":\"SearchAction\",\"target\":{\"@type\":\"EntryPoint\",\"urlTemplate\":\"https:\/\/machineriesbst.com\/en\/?s={search_term_string}\"},\"query-input\":\"required name=search_term_string\"}],\"inLanguage\":\"en-US\"},{\"@type\":\"ImageObject\",\"@id\":\"https:\/\/machineriesbst.com\/en\/catalogue\/nordfab-c-8000-cyclone-collector-avec-nordfab-cps-20-9-apres-le-filtre\/#primaryimage\",\"inLanguage\":\"en-US\",\"url\":\"https:\/\/machineriesbst.com\/wp-content\/uploads\/2021\/05\/Nordfab-C8000-and-CSP209-Machinery-Associates-vvSx5wIq_800.jpg\",\"contentUrl\":\"https:\/\/machineriesbst.com\/wp-content\/uploads\/2021\/05\/Nordfab-C8000-and-CSP209-Machinery-Associates-vvSx5wIq_800.jpg\",\"width\":450,\"height\":600},{\"@type\":\"WebPage\",\"@id\":\"https:\/\/machineriesbst.com\/en\/catalogue\/nordfab-c-8000-cyclone-collector-avec-nordfab-cps-20-9-apres-le-filtre\/#webpage\",\"url\":\"https:\/\/machineriesbst.com\/en\/catalogue\/nordfab-c-8000-cyclone-collector-avec-nordfab-cps-20-9-apres-le-filtre\/\",\"name\":\"NORDFAB C-8000 Cyclone Collector avec NORDFAB CPS-20-9 apr\\u00e8s le filtre - Machineries BST\",\"isPartOf\":{\"@id\":\"https:\/\/machineriesbst.com\/en\/#website\"},\"primaryImageOfPage\":{\"@id\":\"https:\/\/machineriesbst.com\/en\/catalogue\/nordfab-c-8000-cyclone-collector-avec-nordfab-cps-20-9-apres-le-filtre\/#primaryimage\"},\"datePublished\":\"2021-06-08T13:38:34+00:00\",\"dateModified\":\"2023-12-01T01:24:16+00:00\",\"breadcrumb\":{\"@id\":\"https:\/\/machineriesbst.com\/en\/catalogue\/nordfab-c-8000-cyclone-collector-avec-nordfab-cps-20-9-apres-le-filtre\/#breadcrumb\"},\"inLanguage\":\"en-US\",\"potentialAction\":[{\"@type\":\"ReadAction\",\"target\":[\"https:\/\/machineriesbst.com\/en\/catalogue\/nordfab-c-8000-cyclone-collector-avec-nordfab-cps-20-9-apres-le-filtre\/\"]}]},{\"@type\":\"BreadcrumbList\",\"@id\":\"https:\/\/machineriesbst.com\/en\/catalogue\/nordfab-c-8000-cyclone-collector-avec-nordfab-cps-20-9-apres-le-filtre\/#breadcrumb\",\"itemListElement\":[{\"@type\":\"ListItem\",\"position\":1,\"name\":\"Accueil\",\"item\":\"https:\/\/machineriesbst.com\/en\/\"},{\"@type\":\"ListItem\",\"position\":2,\"name\":\"Catalogue\",\"item\":\"https:\/\/machineriesbst.com\/en\/catalog\/\"},{\"@type\":\"ListItem\",\"position\":3,\"name\":\"NORDFAB C-8000 Cyclone Collector avec NORDFAB CPS-20-9 apr\\u00e8s le filtre\"}]}]}<\/script>\n<!-- \/ Yoast SEO plugin. -->","yoast_head_json":{"title":"NORDFAB C-8000 Cyclone Collector avec NORDFAB CPS-20-9 apr\u00e8s le filtre - Machineries BST","robots":{"index":"index","follow":"follow","max-snippet":"max-snippet:-1","max-image-preview":"max-image-preview:large","max-video-preview":"max-video-preview:-1"},"canonical":"https:\/\/machineriesbst.com\/en\/catalogue\/nordfab-c-8000-cyclone-collector-avec-nordfab-cps-20-9-apres-le-filtre\/","og_locale":"en_US","og_type":"article","og_title":"NORDFAB C-8000 Cyclone Collector avec NORDFAB CPS-20-9 apr\u00e8s le filtre - Machineries BST","og_description":"Mod\u00e8le C-8000 Cyclone Collector: 40HP C8040 souffleur 7500 cfm \u00e0 13 sp. Bride de 3 pi\u00e8ces, construction de calibre 16 Localisateur d'air rotatif 12 \" 15 ' structure de support Mod\u00e8le CPS-20-9 apr\u00e8s le filtre: Con\u00e7u pour placer \u00e0 l'int\u00e9rieur Capacit\u00e9 de 7500 cfm Surface de filtre efficace de 378 pieds carr\u00e9s 20 \u00e0 1 [&hellip;]","og_url":"https:\/\/machineriesbst.com\/en\/catalogue\/nordfab-c-8000-cyclone-collector-avec-nordfab-cps-20-9-apres-le-filtre\/","og_site_name":"Machineries BST","article_modified_time":"2023-12-01T01:24:16+00:00","og_image":[{"width":450,"height":600,"url":"https:\/\/machineriesbst.com\/wp-content\/uploads\/2021\/05\/Nordfab-C8000-and-CSP209-Machinery-Associates-vvSx5wIq_800.jpg","path":"\/home\/jepeto\/public_html\/wp-content\/uploads\/2021\/05\/Nordfab-C8000-and-CSP209-Machinery-Associates-vvSx5wIq_800.jpg","size":"full","id":50520,"alt":"","pixels":270000,"type":"image\/jpeg"}],"twitter_card":"summary_large_image","schema":{"@context":"https:\/\/schema.org","@graph":[{"@type":"WebSite","@id":"https:\/\/machineriesbst.com\/en\/#website","url":"https:\/\/machineriesbst.com\/en\/","name":"Machineries BST","description":"Machines neuves &amp; usag\u00e9es","potentialAction":[{"@type":"SearchAction","target":{"@type":"EntryPoint","urlTemplate":"https:\/\/machineriesbst.com\/en\/?s={search_term_string}"},"query-input":"required name=search_term_string"}],"inLanguage":"en-US"},{"@type":"ImageObject","@id":"https:\/\/machineriesbst.com\/en\/catalogue\/nordfab-c-8000-cyclone-collector-avec-nordfab-cps-20-9-apres-le-filtre\/#primaryimage","inLanguage":"en-US","url":"https:\/\/machineriesbst.com\/wp-content\/uploads\/2021\/05\/Nordfab-C8000-and-CSP209-Machinery-Associates-vvSx5wIq_800.jpg","contentUrl":"https:\/\/machineriesbst.com\/wp-content\/uploads\/2021\/05\/Nordfab-C8000-and-CSP209-Machinery-Associates-vvSx5wIq_800.jpg","width":450,"height":600},{"@type":"WebPage","@id":"https:\/\/machineriesbst.com\/en\/catalogue\/nordfab-c-8000-cyclone-collector-avec-nordfab-cps-20-9-apres-le-filtre\/#webpage","url":"https:\/\/machineriesbst.com\/en\/catalogue\/nordfab-c-8000-cyclone-collector-avec-nordfab-cps-20-9-apres-le-filtre\/","name":"NORDFAB C-8000 Cyclone Collector avec NORDFAB CPS-20-9 apr\u00e8s le filtre - Machineries BST","isPartOf":{"@id":"https:\/\/machineriesbst.com\/en\/#website"},"primaryImageOfPage":{"@id":"https:\/\/machineriesbst.com\/en\/catalogue\/nordfab-c-8000-cyclone-collector-avec-nordfab-cps-20-9-apres-le-filtre\/#primaryimage"},"datePublished":"2021-06-08T13:38:34+00:00","dateModified":"2023-12-01T01:24:16+00:00","breadcrumb":{"@id":"https:\/\/machineriesbst.com\/en\/catalogue\/nordfab-c-8000-cyclone-collector-avec-nordfab-cps-20-9-apres-le-filtre\/#breadcrumb"},"inLanguage":"en-US","potentialAction":[{"@type":"ReadAction","target":["https:\/\/machineriesbst.com\/en\/catalogue\/nordfab-c-8000-cyclone-collector-avec-nordfab-cps-20-9-apres-le-filtre\/"]}]},{"@type":"BreadcrumbList","@id":"https:\/\/machineriesbst.com\/en\/catalogue\/nordfab-c-8000-cyclone-collector-avec-nordfab-cps-20-9-apres-le-filtre\/#breadcrumb","itemListElement":[{"@type":"ListItem","position":1,"name":"Accueil","item":"https:\/\/machineriesbst.com\/en\/"},{"@type":"ListItem","position":2,"name":"Catalogue","item":"https:\/\/machineriesbst.com\/en\/catalog\/"},{"@type":"ListItem","position":3,"name":"NORDFAB C-8000 Cyclone Collector avec NORDFAB CPS-20-9 apr\u00e8s le filtre"}]}]}},"_links":{"self":[{"href":"https:\/\/machineriesbst.com\/en\/wp-json\/wp\/v2\/product\/57783"}],"collection":[{"href":"https:\/\/machineriesbst.com\/en\/wp-json\/wp\/v2\/product"}],"about":[{"href":"https:\/\/machineriesbst.com\/en\/wp-json\/wp\/v2\/types\/product"}],"author":[{"embeddable":true,"href":"https:\/\/machineriesbst.com\/en\/wp-json\/wp\/v2\/users\/3"}],"replies":[{"embeddable":true,"href":"https:\/\/machineriesbst.com\/en\/wp-json\/wp\/v2\/comments?post=57783"}],"wp:featuredmedia":[{"embeddable":true,"href":"https:\/\/machineriesbst.com\/en\/wp-json\/wp\/v2\/media\/50520"}],"wp:attachment":[{"href":"https:\/\/machineriesbst.com\/en\/wp-json\/wp\/v2\/media?parent=57783"}],"wp:term":[{"taxonomy":"product_cat","embeddable":true,"href":"https:\/\/machineriesbst.com\/en\/wp-json\/wp\/v2\/product_cat?post=57783"},{"taxonomy":"product_tag","embeddable":true,"href":"https:\/\/machineriesbst.com\/en\/wp-json\/wp\/v2\/product_tag?post=57783"}],"curies":[{"name":"wp","href":"https:\/\/api.w.org\/{rel}","templated":true}]}}