{"id":57778,"date":"2021-06-08T09:38:32","date_gmt":"2021-06-08T13:38:32","guid":{"rendered":"https:\/\/machineriesbst.com\/?post_type=product&#038;p=57778"},"modified":"2023-11-30T20:24:16","modified_gmt":"2023-12-01T01:24:16","slug":"friulmac-tenonneuse-double-quadramat","status":"publish","type":"product","link":"https:\/\/machineriesbst.com\/en\/catalogue\/friulmac-tenonneuse-double-quadramat\/","title":{"rendered":"Friulmac Double Tenoner - Quadramat"},"content":{"rendered":"<p><span lang=\"fr\">Friulmac double tenoner <\/span><\/p>\n<ul>\n<li class=\"tw-data-text tw-ta tw-text-small\" dir=\"ltr\" data-placeholder=\"Translation\"><span lang=\"fr\">8ft opening <\/span><\/li>\n<li class=\"tw-data-text tw-ta tw-text-small\" dir=\"ltr\" data-placeholder=\"Translation\"><span lang=\"fr\">Station 1 - Scoring unit <\/span><\/li>\n<li class=\"tw-data-text tw-ta tw-text-small\" dir=\"ltr\" data-placeholder=\"Translation\"><span lang=\"fr\">Station 2 and 3 double grinding units <\/span><\/li>\n<li class=\"tw-data-text tw-ta tw-text-small\" dir=\"ltr\" data-placeholder=\"Translation\"><span lang=\"fr\">Station 4 - Profiling units - jump - Right and Left <\/span><\/li>\n<li class=\"tw-data-text tw-ta tw-text-small\" dir=\"ltr\" data-placeholder=\"Translation\"><span lang=\"fr\">Station 5 - Profiling units - Right and left <\/span><\/li>\n<\/ul>\n<p><span lang=\"fr\">Serial number: 3605A<\/span><\/p>","protected":false},"excerpt":{"rendered":"<p>Friulmac double tenoner Opening 8ft Station 1 - Scoring unit Station 2 and 3 double grinding units Station 4 - Profiling units - skipping - Right and Left Station 5 - Rolling units - Right and left Serial number: 3605A<\/p>","protected":false},"author":3,"featured_media":50496,"comment_status":"open","ping_status":"closed","template":"","meta":[],"product_cat":[308],"product_tag":[],"acf":[],"yoast_head":"<!-- This site is optimized with the Yoast SEO plugin v16.8 - https:\/\/yoast.com\/wordpress\/plugins\/seo\/ -->\n<title>Friulmac Tenonneuse Double - Quadramat - Machineries BST<\/title>\n<meta name=\"robots\" content=\"index, follow, max-snippet:-1, max-image-preview:large, max-video-preview:-1\" \/>\n<link rel=\"canonical\" href=\"https:\/\/machineriesbst.com\/en\/catalogue\/friulmac-tenonneuse-double-quadramat\/\" \/>\n<meta property=\"og:locale\" content=\"en_US\" \/>\n<meta property=\"og:type\" content=\"article\" \/>\n<meta property=\"og:title\" content=\"Friulmac Tenonneuse Double - Quadramat - Machineries BST\" \/>\n<meta property=\"og:description\" content=\"Friulmac double tenonneuse Ouverture 8ft Station 1 - Unit\u00e9 de notation (scoring) Station 2 et 3 unit\u00e9s de broyage doubles Station 4 - Unit\u00e9s de profilage - sauter - Droite et Gauche Station 5 - Unit\u00e9s de profilage - Droite et gauche Num\u00e9ro de s\u00e9rie: 3605A\" \/>\n<meta property=\"og:url\" content=\"https:\/\/machineriesbst.com\/en\/catalogue\/friulmac-tenonneuse-double-quadramat\/\" \/>\n<meta property=\"og:site_name\" content=\"Machineries BST\" \/>\n<meta property=\"article:modified_time\" content=\"2023-12-01T01:24:16+00:00\" \/>\n<meta property=\"og:image\" content=\"https:\/\/machineriesbst.com\/wp-content\/uploads\/2021\/05\/1-3.jpg\" \/>\n\t<meta property=\"og:image:width\" content=\"480\" \/>\n\t<meta property=\"og:image:height\" content=\"269\" \/>\n<meta name=\"twitter:card\" content=\"summary_large_image\" \/>\n<script type=\"application\/ld+json\" class=\"yoast-schema-graph\">{\"@context\":\"https:\/\/schema.org\",\"@graph\":[{\"@type\":\"WebSite\",\"@id\":\"https:\/\/machineriesbst.com\/en\/#website\",\"url\":\"https:\/\/machineriesbst.com\/en\/\",\"name\":\"Machineries BST\",\"description\":\"Machines neuves &amp; usag\\u00e9es\",\"potentialAction\":[{\"@type\":\"SearchAction\",\"target\":{\"@type\":\"EntryPoint\",\"urlTemplate\":\"https:\/\/machineriesbst.com\/en\/?s={search_term_string}\"},\"query-input\":\"required name=search_term_string\"}],\"inLanguage\":\"en-US\"},{\"@type\":\"ImageObject\",\"@id\":\"https:\/\/machineriesbst.com\/en\/catalogue\/friulmac-tenonneuse-double-quadramat\/#primaryimage\",\"inLanguage\":\"en-US\",\"url\":\"https:\/\/machineriesbst.com\/wp-content\/uploads\/2021\/05\/1-3.jpg\",\"contentUrl\":\"https:\/\/machineriesbst.com\/wp-content\/uploads\/2021\/05\/1-3.jpg\",\"width\":480,\"height\":269},{\"@type\":\"WebPage\",\"@id\":\"https:\/\/machineriesbst.com\/en\/catalogue\/friulmac-tenonneuse-double-quadramat\/#webpage\",\"url\":\"https:\/\/machineriesbst.com\/en\/catalogue\/friulmac-tenonneuse-double-quadramat\/\",\"name\":\"Friulmac Tenonneuse Double - Quadramat - Machineries BST\",\"isPartOf\":{\"@id\":\"https:\/\/machineriesbst.com\/en\/#website\"},\"primaryImageOfPage\":{\"@id\":\"https:\/\/machineriesbst.com\/en\/catalogue\/friulmac-tenonneuse-double-quadramat\/#primaryimage\"},\"datePublished\":\"2021-06-08T13:38:32+00:00\",\"dateModified\":\"2023-12-01T01:24:16+00:00\",\"breadcrumb\":{\"@id\":\"https:\/\/machineriesbst.com\/en\/catalogue\/friulmac-tenonneuse-double-quadramat\/#breadcrumb\"},\"inLanguage\":\"en-US\",\"potentialAction\":[{\"@type\":\"ReadAction\",\"target\":[\"https:\/\/machineriesbst.com\/en\/catalogue\/friulmac-tenonneuse-double-quadramat\/\"]}]},{\"@type\":\"BreadcrumbList\",\"@id\":\"https:\/\/machineriesbst.com\/en\/catalogue\/friulmac-tenonneuse-double-quadramat\/#breadcrumb\",\"itemListElement\":[{\"@type\":\"ListItem\",\"position\":1,\"name\":\"Accueil\",\"item\":\"https:\/\/machineriesbst.com\/en\/\"},{\"@type\":\"ListItem\",\"position\":2,\"name\":\"Catalogue\",\"item\":\"https:\/\/machineriesbst.com\/en\/catalog\/\"},{\"@type\":\"ListItem\",\"position\":3,\"name\":\"Friulmac Tenonneuse Double - Quadramat\"}]}]}<\/script>\n<!-- \/ Yoast SEO plugin. -->","yoast_head_json":{"title":"Friulmac Tenonneuse Double - Quadramat - Machineries BST","robots":{"index":"index","follow":"follow","max-snippet":"max-snippet:-1","max-image-preview":"max-image-preview:large","max-video-preview":"max-video-preview:-1"},"canonical":"https:\/\/machineriesbst.com\/en\/catalogue\/friulmac-tenonneuse-double-quadramat\/","og_locale":"en_US","og_type":"article","og_title":"Friulmac Tenonneuse Double - Quadramat - Machineries BST","og_description":"Friulmac double tenonneuse Ouverture 8ft Station 1 - Unit\u00e9 de notation (scoring) Station 2 et 3 unit\u00e9s de broyage doubles Station 4 - Unit\u00e9s de profilage - sauter - Droite et Gauche Station 5 - Unit\u00e9s de profilage - Droite et gauche Num\u00e9ro de s\u00e9rie: 3605A","og_url":"https:\/\/machineriesbst.com\/en\/catalogue\/friulmac-tenonneuse-double-quadramat\/","og_site_name":"Machineries BST","article_modified_time":"2023-12-01T01:24:16+00:00","og_image":[{"width":480,"height":269,"url":"https:\/\/machineriesbst.com\/wp-content\/uploads\/2021\/05\/1-3.jpg","path":"\/home\/jepeto\/public_html\/wp-content\/uploads\/2021\/05\/1-3.jpg","size":"full","id":50496,"alt":"","pixels":129120,"type":"image\/jpeg"}],"twitter_card":"summary_large_image","schema":{"@context":"https:\/\/schema.org","@graph":[{"@type":"WebSite","@id":"https:\/\/machineriesbst.com\/en\/#website","url":"https:\/\/machineriesbst.com\/en\/","name":"Machineries BST","description":"Machines neuves &amp; usag\u00e9es","potentialAction":[{"@type":"SearchAction","target":{"@type":"EntryPoint","urlTemplate":"https:\/\/machineriesbst.com\/en\/?s={search_term_string}"},"query-input":"required name=search_term_string"}],"inLanguage":"en-US"},{"@type":"ImageObject","@id":"https:\/\/machineriesbst.com\/en\/catalogue\/friulmac-tenonneuse-double-quadramat\/#primaryimage","inLanguage":"en-US","url":"https:\/\/machineriesbst.com\/wp-content\/uploads\/2021\/05\/1-3.jpg","contentUrl":"https:\/\/machineriesbst.com\/wp-content\/uploads\/2021\/05\/1-3.jpg","width":480,"height":269},{"@type":"WebPage","@id":"https:\/\/machineriesbst.com\/en\/catalogue\/friulmac-tenonneuse-double-quadramat\/#webpage","url":"https:\/\/machineriesbst.com\/en\/catalogue\/friulmac-tenonneuse-double-quadramat\/","name":"Friulmac Tenonneuse Double - Quadramat - Machineries BST","isPartOf":{"@id":"https:\/\/machineriesbst.com\/en\/#website"},"primaryImageOfPage":{"@id":"https:\/\/machineriesbst.com\/en\/catalogue\/friulmac-tenonneuse-double-quadramat\/#primaryimage"},"datePublished":"2021-06-08T13:38:32+00:00","dateModified":"2023-12-01T01:24:16+00:00","breadcrumb":{"@id":"https:\/\/machineriesbst.com\/en\/catalogue\/friulmac-tenonneuse-double-quadramat\/#breadcrumb"},"inLanguage":"en-US","potentialAction":[{"@type":"ReadAction","target":["https:\/\/machineriesbst.com\/en\/catalogue\/friulmac-tenonneuse-double-quadramat\/"]}]},{"@type":"BreadcrumbList","@id":"https:\/\/machineriesbst.com\/en\/catalogue\/friulmac-tenonneuse-double-quadramat\/#breadcrumb","itemListElement":[{"@type":"ListItem","position":1,"name":"Accueil","item":"https:\/\/machineriesbst.com\/en\/"},{"@type":"ListItem","position":2,"name":"Catalogue","item":"https:\/\/machineriesbst.com\/en\/catalog\/"},{"@type":"ListItem","position":3,"name":"Friulmac Tenonneuse Double - Quadramat"}]}]}},"_links":{"self":[{"href":"https:\/\/machineriesbst.com\/en\/wp-json\/wp\/v2\/product\/57778"}],"collection":[{"href":"https:\/\/machineriesbst.com\/en\/wp-json\/wp\/v2\/product"}],"about":[{"href":"https:\/\/machineriesbst.com\/en\/wp-json\/wp\/v2\/types\/product"}],"author":[{"embeddable":true,"href":"https:\/\/machineriesbst.com\/en\/wp-json\/wp\/v2\/users\/3"}],"replies":[{"embeddable":true,"href":"https:\/\/machineriesbst.com\/en\/wp-json\/wp\/v2\/comments?post=57778"}],"wp:featuredmedia":[{"embeddable":true,"href":"https:\/\/machineriesbst.com\/en\/wp-json\/wp\/v2\/media\/50496"}],"wp:attachment":[{"href":"https:\/\/machineriesbst.com\/en\/wp-json\/wp\/v2\/media?parent=57778"}],"wp:term":[{"taxonomy":"product_cat","embeddable":true,"href":"https:\/\/machineriesbst.com\/en\/wp-json\/wp\/v2\/product_cat?post=57778"},{"taxonomy":"product_tag","embeddable":true,"href":"https:\/\/machineriesbst.com\/en\/wp-json\/wp\/v2\/product_tag?post=57778"}],"curies":[{"name":"wp","href":"https:\/\/api.w.org\/{rel}","templated":true}]}}