{"id":57776,"date":"2021-06-08T09:38:32","date_gmt":"2021-06-08T13:38:32","guid":{"rendered":"https:\/\/machineriesbst.com\/?post_type=product&#038;p=57776"},"modified":"2023-11-30T20:24:16","modified_gmt":"2023-12-01T01:24:16","slug":"compresseur-gardner-denver-30-hp","status":"publish","type":"product","link":"https:\/\/machineriesbst.com\/en\/catalogue\/compresseur-gardner-denver-30-hp\/","title":{"rendered":"GARDNER DENVER 30 HP compressor."},"content":{"rendered":"<div class=\"donnee\">\n<div>30-day parts and labor warranty<\/div>\n<div><\/div>\n<div class=\"cellule\"><strong>No.<\/strong><\/div>\n<div class=\"cellule\">US6845<\/div>\n<div class=\"clear\"><\/div>\n<\/div>\n<div class=\"donnee\">\n<div class=\"cellule\"><strong>Brand<\/strong><\/div>\n<div class=\"cellule\">GARDNER-DENVER<\/div>\n<div class=\"clear\"><\/div>\n<\/div>\n<div class=\"donnee\">\n<div class=\"cellule\"><strong>Model<\/strong><\/div>\n<div class=\"cellule\">EBERGD<\/div>\n<div class=\"clear\"><\/div>\n<\/div>\n<div class=\"donnee\">\n<div class=\"cellule\"><strong>Type<\/strong><\/div>\n<div class=\"cellule\">OPINION<\/div>\n<div class=\"clear\"><\/div>\n<\/div>\n<div class=\"donnee\">\n<div class=\"cellule\"><strong>Control<\/strong><\/div>\n<div class=\"cellule\">AUTO SENTRY-S<\/div>\n<div class=\"clear\"><\/div>\n<\/div>\n<div class=\"donnee\">\n<div class=\"cellule\"><strong>Capacity<\/strong><\/div>\n<div class=\"cellule\">120 GALLONS<\/div>\n<div class=\"clear\"><\/div>\n<\/div>\n<div class=\"donnee\">\n<div class=\"cellule\"><strong>Motor<\/strong><\/div>\n<div class=\"cellule\">30 HP<\/div>\n<div class=\"clear\"><\/div>\n<\/div>\n<div class=\"donnee\">\n<div class=\"cellule\"><strong>Voltage<\/strong><\/div>\n<div class=\"cellule\">575V \/ 3PH<\/div>\n<div class=\"clear\"><\/div>\n<\/div>\n<div class=\"donnee\">\n<div class=\"cellule\"><strong>Dimensions<\/strong><\/div>\n<div class=\"cellule\">Lo x W XH: 77&#39;&#39;X 26 &#39;&#39; X 53 &#39;&#39;<\/div>\n<div class=\"clear\"><\/div>\n<\/div>\n<div class=\"donnee\">\n<div class=\"cellule\"><strong>Weight<\/strong><\/div>\n<div class=\"cellule\">1500 LBS<\/div>\n<\/div>","protected":false},"excerpt":{"rendered":"<p>30 day parts and labor warranty No. US6845 Brand GARDNER-DENVER Model EBERGD SCREW type Control AUTO SENTRY-S Capacity 120 GALLONS Motor 30 HP Voltage 575V \/ 3PH Dimensions L x W XH: 77&#39;&#39;X 26 &#39;&#39; X 53 &#39;&#39; Weight 1500 LBS<\/p>","protected":false},"author":3,"featured_media":50486,"comment_status":"open","ping_status":"closed","template":"","meta":[],"product_cat":[320,3019],"product_tag":[],"acf":[],"yoast_head":"<!-- This site is optimized with the Yoast SEO plugin v16.8 - https:\/\/yoast.com\/wordpress\/plugins\/seo\/ -->\n<title>Compresseur GARDNER DENVER 30 HP. - Machineries BST<\/title>\n<meta name=\"robots\" content=\"index, follow, max-snippet:-1, max-image-preview:large, max-video-preview:-1\" \/>\n<link rel=\"canonical\" href=\"https:\/\/machineriesbst.com\/en\/catalogue\/compresseur-gardner-denver-30-hp\/\" \/>\n<meta property=\"og:locale\" content=\"en_US\" \/>\n<meta property=\"og:type\" content=\"article\" \/>\n<meta property=\"og:title\" content=\"Compresseur GARDNER DENVER 30 HP. - Machineries BST\" \/>\n<meta property=\"og:description\" content=\"Garantie 30 jours pi\u00e8ces et main d&#039;oeuvre No. US6845 Marque GARDNER-DENVER Mod\u00e8le EBERGD Type \u00c0 VIS Contr\u00f4le AUTO SENTRY-S Capacit\u00e9 120 GALLONS Moteur 30 HP Voltage 575V\/3PH Dimensions Lo x La X H: 77&#039;&#039;X 26&#039;&#039; X 53&#039;&#039; Poids 1500 LBS\" \/>\n<meta property=\"og:url\" content=\"https:\/\/machineriesbst.com\/en\/catalogue\/compresseur-gardner-denver-30-hp\/\" \/>\n<meta property=\"og:site_name\" content=\"Machineries BST\" \/>\n<meta property=\"article:modified_time\" content=\"2023-12-01T01:24:16+00:00\" \/>\n<meta property=\"og:image\" content=\"https:\/\/machineriesbst.com\/wp-content\/uploads\/2021\/05\/1.jpg\" \/>\n\t<meta property=\"og:image:width\" content=\"1320\" \/>\n\t<meta property=\"og:image:height\" content=\"990\" \/>\n<meta name=\"twitter:card\" content=\"summary_large_image\" \/>\n<script type=\"application\/ld+json\" class=\"yoast-schema-graph\">{\"@context\":\"https:\/\/schema.org\",\"@graph\":[{\"@type\":\"WebSite\",\"@id\":\"https:\/\/machineriesbst.com\/en\/#website\",\"url\":\"https:\/\/machineriesbst.com\/en\/\",\"name\":\"Machineries BST\",\"description\":\"Machines neuves &amp; usag\\u00e9es\",\"potentialAction\":[{\"@type\":\"SearchAction\",\"target\":{\"@type\":\"EntryPoint\",\"urlTemplate\":\"https:\/\/machineriesbst.com\/en\/?s={search_term_string}\"},\"query-input\":\"required name=search_term_string\"}],\"inLanguage\":\"en-US\"},{\"@type\":\"ImageObject\",\"@id\":\"https:\/\/machineriesbst.com\/en\/catalogue\/compresseur-gardner-denver-30-hp\/#primaryimage\",\"inLanguage\":\"en-US\",\"url\":\"https:\/\/machineriesbst.com\/wp-content\/uploads\/2021\/05\/1.jpg\",\"contentUrl\":\"https:\/\/machineriesbst.com\/wp-content\/uploads\/2021\/05\/1.jpg\",\"width\":1320,\"height\":990},{\"@type\":\"WebPage\",\"@id\":\"https:\/\/machineriesbst.com\/en\/catalogue\/compresseur-gardner-denver-30-hp\/#webpage\",\"url\":\"https:\/\/machineriesbst.com\/en\/catalogue\/compresseur-gardner-denver-30-hp\/\",\"name\":\"Compresseur GARDNER DENVER 30 HP. - Machineries BST\",\"isPartOf\":{\"@id\":\"https:\/\/machineriesbst.com\/en\/#website\"},\"primaryImageOfPage\":{\"@id\":\"https:\/\/machineriesbst.com\/en\/catalogue\/compresseur-gardner-denver-30-hp\/#primaryimage\"},\"datePublished\":\"2021-06-08T13:38:32+00:00\",\"dateModified\":\"2023-12-01T01:24:16+00:00\",\"breadcrumb\":{\"@id\":\"https:\/\/machineriesbst.com\/en\/catalogue\/compresseur-gardner-denver-30-hp\/#breadcrumb\"},\"inLanguage\":\"en-US\",\"potentialAction\":[{\"@type\":\"ReadAction\",\"target\":[\"https:\/\/machineriesbst.com\/en\/catalogue\/compresseur-gardner-denver-30-hp\/\"]}]},{\"@type\":\"BreadcrumbList\",\"@id\":\"https:\/\/machineriesbst.com\/en\/catalogue\/compresseur-gardner-denver-30-hp\/#breadcrumb\",\"itemListElement\":[{\"@type\":\"ListItem\",\"position\":1,\"name\":\"Accueil\",\"item\":\"https:\/\/machineriesbst.com\/en\/\"},{\"@type\":\"ListItem\",\"position\":2,\"name\":\"Catalogue\",\"item\":\"https:\/\/machineriesbst.com\/en\/catalog\/\"},{\"@type\":\"ListItem\",\"position\":3,\"name\":\"Compresseur GARDNER DENVER 30 HP.\"}]}]}<\/script>\n<!-- \/ Yoast SEO plugin. -->","yoast_head_json":{"title":"Compresseur GARDNER DENVER 30 HP. - Machineries BST","robots":{"index":"index","follow":"follow","max-snippet":"max-snippet:-1","max-image-preview":"max-image-preview:large","max-video-preview":"max-video-preview:-1"},"canonical":"https:\/\/machineriesbst.com\/en\/catalogue\/compresseur-gardner-denver-30-hp\/","og_locale":"en_US","og_type":"article","og_title":"Compresseur GARDNER DENVER 30 HP. - Machineries BST","og_description":"Garantie 30 jours pi\u00e8ces et main d'oeuvre No. US6845 Marque GARDNER-DENVER Mod\u00e8le EBERGD Type \u00c0 VIS Contr\u00f4le AUTO SENTRY-S Capacit\u00e9 120 GALLONS Moteur 30 HP Voltage 575V\/3PH Dimensions Lo x La X H: 77''X 26'' X 53'' Poids 1500 LBS","og_url":"https:\/\/machineriesbst.com\/en\/catalogue\/compresseur-gardner-denver-30-hp\/","og_site_name":"Machineries BST","article_modified_time":"2023-12-01T01:24:16+00:00","og_image":[{"width":1320,"height":990,"url":"https:\/\/machineriesbst.com\/wp-content\/uploads\/2021\/05\/1.jpg","path":"\/home\/jepeto\/public_html\/wp-content\/uploads\/2021\/05\/1.jpg","size":"full","id":50486,"alt":"","pixels":1306800,"type":"image\/jpeg"}],"twitter_card":"summary_large_image","schema":{"@context":"https:\/\/schema.org","@graph":[{"@type":"WebSite","@id":"https:\/\/machineriesbst.com\/en\/#website","url":"https:\/\/machineriesbst.com\/en\/","name":"Machineries BST","description":"Machines neuves &amp; usag\u00e9es","potentialAction":[{"@type":"SearchAction","target":{"@type":"EntryPoint","urlTemplate":"https:\/\/machineriesbst.com\/en\/?s={search_term_string}"},"query-input":"required name=search_term_string"}],"inLanguage":"en-US"},{"@type":"ImageObject","@id":"https:\/\/machineriesbst.com\/en\/catalogue\/compresseur-gardner-denver-30-hp\/#primaryimage","inLanguage":"en-US","url":"https:\/\/machineriesbst.com\/wp-content\/uploads\/2021\/05\/1.jpg","contentUrl":"https:\/\/machineriesbst.com\/wp-content\/uploads\/2021\/05\/1.jpg","width":1320,"height":990},{"@type":"WebPage","@id":"https:\/\/machineriesbst.com\/en\/catalogue\/compresseur-gardner-denver-30-hp\/#webpage","url":"https:\/\/machineriesbst.com\/en\/catalogue\/compresseur-gardner-denver-30-hp\/","name":"Compresseur GARDNER DENVER 30 HP. - Machineries BST","isPartOf":{"@id":"https:\/\/machineriesbst.com\/en\/#website"},"primaryImageOfPage":{"@id":"https:\/\/machineriesbst.com\/en\/catalogue\/compresseur-gardner-denver-30-hp\/#primaryimage"},"datePublished":"2021-06-08T13:38:32+00:00","dateModified":"2023-12-01T01:24:16+00:00","breadcrumb":{"@id":"https:\/\/machineriesbst.com\/en\/catalogue\/compresseur-gardner-denver-30-hp\/#breadcrumb"},"inLanguage":"en-US","potentialAction":[{"@type":"ReadAction","target":["https:\/\/machineriesbst.com\/en\/catalogue\/compresseur-gardner-denver-30-hp\/"]}]},{"@type":"BreadcrumbList","@id":"https:\/\/machineriesbst.com\/en\/catalogue\/compresseur-gardner-denver-30-hp\/#breadcrumb","itemListElement":[{"@type":"ListItem","position":1,"name":"Accueil","item":"https:\/\/machineriesbst.com\/en\/"},{"@type":"ListItem","position":2,"name":"Catalogue","item":"https:\/\/machineriesbst.com\/en\/catalog\/"},{"@type":"ListItem","position":3,"name":"Compresseur GARDNER DENVER 30 HP."}]}]}},"_links":{"self":[{"href":"https:\/\/machineriesbst.com\/en\/wp-json\/wp\/v2\/product\/57776"}],"collection":[{"href":"https:\/\/machineriesbst.com\/en\/wp-json\/wp\/v2\/product"}],"about":[{"href":"https:\/\/machineriesbst.com\/en\/wp-json\/wp\/v2\/types\/product"}],"author":[{"embeddable":true,"href":"https:\/\/machineriesbst.com\/en\/wp-json\/wp\/v2\/users\/3"}],"replies":[{"embeddable":true,"href":"https:\/\/machineriesbst.com\/en\/wp-json\/wp\/v2\/comments?post=57776"}],"wp:featuredmedia":[{"embeddable":true,"href":"https:\/\/machineriesbst.com\/en\/wp-json\/wp\/v2\/media\/50486"}],"wp:attachment":[{"href":"https:\/\/machineriesbst.com\/en\/wp-json\/wp\/v2\/media?parent=57776"}],"wp:term":[{"taxonomy":"product_cat","embeddable":true,"href":"https:\/\/machineriesbst.com\/en\/wp-json\/wp\/v2\/product_cat?post=57776"},{"taxonomy":"product_tag","embeddable":true,"href":"https:\/\/machineriesbst.com\/en\/wp-json\/wp\/v2\/product_tag?post=57776"}],"curies":[{"name":"wp","href":"https:\/\/api.w.org\/{rel}","templated":true}]}}