{"id":57774,"date":"2021-06-08T09:38:31","date_gmt":"2021-06-08T13:38:31","guid":{"rendered":"https:\/\/machineriesbst.com\/?post_type=product&#038;p=57774"},"modified":"2023-11-30T20:24:16","modified_gmt":"2023-12-01T01:24:16","slug":"western-pneumatics-ligne-jointage-pour-longues-pieces","status":"publish","type":"product","link":"https:\/\/machineriesbst.com\/en\/catalogue\/western-pneumatics-ligne-jointage-pour-longues-pieces\/","title":{"rendered":"WESTERN PNEUMATICS - Jointing line for long parts"},"content":{"rendered":"<ul>\n<li id=\"tw-target-text\" class=\"tw-data-text tw-ta tw-text-small\" dir=\"ltr\" data-placeholder=\"Translation\"><span lang=\"fr\">INTEGRATED ROLLCASE FJ 5 &#39;X 30&#39; WITH M \/ R <\/span><\/li>\n<li class=\"tw-data-text tw-ta tw-text-small\" dir=\"ltr\" data-placeholder=\"Translation\"><span lang=\"fr\">8 &#39;X 28&#39; CHAIN TRANSFER WITH 3 STRAPS <\/span><\/li>\n<li class=\"tw-data-text tw-ta tw-text-small\" dir=\"ltr\" data-placeholder=\"Translation\"><span lang=\"fr\">ADVANCE 8 &#39;W 3 ARM TILT SHAFT WITH HYDRAULIC DRIVE <\/span><\/li>\n<li class=\"tw-data-text tw-ta tw-text-small\" dir=\"ltr\" data-placeholder=\"Translation\"><span lang=\"fr\">10 &quot;X 15 &#39;STICK BELT <\/span><\/li>\n<li class=\"tw-data-text tw-ta tw-text-small\" dir=\"ltr\" data-placeholder=\"Translation\"><span lang=\"fr\">8 &#39;X 18&#39; 3 W \/ DRIVE SPILL PLATFORM <\/span><\/li>\n<li class=\"tw-data-text tw-ta tw-text-small\" dir=\"ltr\" data-placeholder=\"Translation\"><span lang=\"fr\">23 &#39;&#39; X 12 &#39;GARBAGE BELT <\/span><\/li>\n<li class=\"tw-data-text tw-ta tw-text-small\" dir=\"ltr\" data-placeholder=\"Translation\"><span lang=\"fr\">8 '5\u00a0<\/span><span lang=\"fr\">LONG RING CHAIN WITH LIMIT SWITCH WITH DRIVE <\/span><\/li>\n<li class=\"tw-data-text tw-ta tw-text-small\" dir=\"ltr\" data-placeholder=\"Translation\"><span lang=\"fr\">12 &quot;X 12 &#39;GARBAGE BELT <\/span><\/li>\n<li class=\"tw-data-text tw-ta tw-text-small\" dir=\"ltr\" data-placeholder=\"Translation\"><span lang=\"fr\">QAUSER DLFM - 5 - 390 - 1 HUMIDITY METER <\/span><\/li>\n<li class=\"tw-data-text tw-ta tw-text-small\" dir=\"ltr\" data-placeholder=\"Translation\"><span lang=\"fr\">CONTROL CONSOLE <\/span><\/li>\n<li class=\"tw-data-text tw-ta tw-text-small\" dir=\"ltr\" data-placeholder=\"Translation\"><span lang=\"fr\">12 X 12 &#39;TRANSFER WITH BELT AND DRIVE <\/span><\/li>\n<li class=\"tw-data-text tw-ta tw-text-small\" dir=\"ltr\" data-placeholder=\"Translation\"><span lang=\"fr\">TRIM TABLE FJ 11 &#39;X 21&#39; 2 WITH RECESSED WESTERN ROLLCASE MACHINES FJ LINE. <\/span><\/li>\n<li class=\"tw-data-text tw-ta tw-text-small\" dir=\"ltr\" data-placeholder=\"Translation\"><span lang=\"fr\">1997 WESTERN F \/ N FJ19628, 575V; CROWDER ROLLS; 48 &#39;COE HEAT TUNNER RF (sold), EXTERIOR CUTTING HEAD; PICKLED ROLLS AT 35 &#39;TRIM TABLE (4) <\/span><\/li>\n<li class=\"tw-data-text tw-ta tw-text-small\" dir=\"ltr\" data-placeholder=\"Translation\"><span lang=\"fr\">16 &#39;X 21 5 STRAND CAMELBACK GRADING CHAIN W \/ M &amp; R <\/span><\/li>\n<li class=\"tw-data-text tw-ta tw-text-small\" dir=\"ltr\" data-placeholder=\"Translation\"><span lang=\"fr\">12 &#39;X 15&#39; 5 STRAND INCLINE BELTS 15 &#39;WIRE TRANSFER FOR SHORTER MATERIAL <\/span><\/li>\n<li class=\"tw-data-text tw-ta tw-text-small\" dir=\"ltr\" data-placeholder=\"Translation\"><span lang=\"fr\">12 &#39;X 15&#39; 5 STRAND INCLINE BELTS \u00a0<\/span><\/li>\n<li class=\"tw-data-text tw-ta tw-text-small\" dir=\"ltr\" data-placeholder=\"Translation\"><span lang=\"fr\">(5) 8 &#39;ANGLED BELTS CROWN TENSION TEST SYSTEM WITH CONTROLS (MAXIMUM LENGTH 40 FT - NEEDS TO BE CONFIRMED) STACKER FEEDING <\/span><\/li>\n<li class=\"tw-data-text tw-ta tw-text-small\" dir=\"ltr\" data-placeholder=\"Translation\"><span lang=\"fr\">33 &#39;X 10&#39; 7 FLANGED STACKER WITH 15 HP HYDRAULIC UNIT AND A 12 &#39;X 33&#39; UNIT WITH 9 OUTPUT ARMS - STACKER DIVIDES AS 2 SHORTER MACHINES, OR WORKS AS A UNIT OF LENGTH.<\/span><\/li>\n<\/ul>","protected":false},"excerpt":{"rendered":"<p>5&#39; X 30&#39; FJ INTEGRATED ROLLCASE W\/ 8&#39; X 28&#39; M\/R 3-STRAP CHAIN TRANSFER ADVANCE 8&#39; W 3 ARM TILT SHAFT WITH HYDRAULIC DRIVE 10&quot; X 15&#39; STICK BELT 8&#39; DUMP PLATFORM \u2019 X 18\u2019 3 W\/DRIVE WASTE BELT 23\u201d X [\u2026]<\/p>","protected":false},"author":3,"featured_media":50449,"comment_status":"open","ping_status":"closed","template":"","meta":[],"product_cat":[278],"product_tag":[],"acf":[],"yoast_head":"<!-- This site is optimized with the Yoast SEO plugin v16.8 - https:\/\/yoast.com\/wordpress\/plugins\/seo\/ -->\n<title>WESTERN PNEUMATICS - Ligne jointage pour longues pi\u00e8ces - Machineries BST<\/title>\n<meta name=\"robots\" content=\"index, follow, max-snippet:-1, max-image-preview:large, max-video-preview:-1\" \/>\n<link rel=\"canonical\" href=\"https:\/\/machineriesbst.com\/en\/catalogue\/western-pneumatics-ligne-jointage-pour-longues-pieces\/\" \/>\n<meta property=\"og:locale\" content=\"en_US\" \/>\n<meta property=\"og:type\" content=\"article\" \/>\n<meta property=\"og:title\" content=\"WESTERN PNEUMATICS - Ligne jointage pour longues pi\u00e8ces - Machineries BST\" \/>\n<meta property=\"og:description\" content=\"ROLLCASE INT\u00c9GR\u00c9E FJ 5 &#039;X 30&#039; AVEC M \/ R 8 &#039;X 28&#039; TRANSFERT \u00c0 CHA\u00ceNE \u00c0 3 SANGLES ADVANCE 8 &#039;W 3 ARM TILT ARBRE AVEC ENTRA\u00ceNEMENT HYDRAULIQUE CEINTURE \u00c0 B\u00c2TON DE 10 &quot;X 15 &#039; PLATE-FORME DE D\u00c9VERSEMENT DE 8 &#039;X 18&#039; 3 W \/ DRIVE CEINTURE DE D\u00c9CHETS DE 23 PO X [&hellip;]\" \/>\n<meta property=\"og:url\" content=\"https:\/\/machineriesbst.com\/en\/catalogue\/western-pneumatics-ligne-jointage-pour-longues-pieces\/\" \/>\n<meta property=\"og:site_name\" content=\"Machineries BST\" \/>\n<meta property=\"article:modified_time\" content=\"2023-12-01T01:24:16+00:00\" \/>\n<meta property=\"og:image\" content=\"https:\/\/machineriesbst.com\/wp-content\/uploads\/2021\/05\/SAM_2792.jpg\" \/>\n\t<meta property=\"og:image:width\" content=\"1024\" \/>\n\t<meta property=\"og:image:height\" content=\"768\" \/>\n<meta name=\"twitter:card\" content=\"summary_large_image\" \/>\n<meta name=\"twitter:label1\" content=\"Est. reading time\" \/>\n\t<meta name=\"twitter:data1\" content=\"1 minute\" \/>\n<script type=\"application\/ld+json\" class=\"yoast-schema-graph\">{\"@context\":\"https:\/\/schema.org\",\"@graph\":[{\"@type\":\"WebSite\",\"@id\":\"https:\/\/machineriesbst.com\/en\/#website\",\"url\":\"https:\/\/machineriesbst.com\/en\/\",\"name\":\"Machineries BST\",\"description\":\"Machines neuves &amp; usag\\u00e9es\",\"potentialAction\":[{\"@type\":\"SearchAction\",\"target\":{\"@type\":\"EntryPoint\",\"urlTemplate\":\"https:\/\/machineriesbst.com\/en\/?s={search_term_string}\"},\"query-input\":\"required name=search_term_string\"}],\"inLanguage\":\"en-US\"},{\"@type\":\"ImageObject\",\"@id\":\"https:\/\/machineriesbst.com\/en\/catalogue\/western-pneumatics-ligne-jointage-pour-longues-pieces\/#primaryimage\",\"inLanguage\":\"en-US\",\"url\":\"https:\/\/machineriesbst.com\/wp-content\/uploads\/2021\/05\/SAM_2792.jpg\",\"contentUrl\":\"https:\/\/machineriesbst.com\/wp-content\/uploads\/2021\/05\/SAM_2792.jpg\",\"width\":1024,\"height\":768},{\"@type\":\"WebPage\",\"@id\":\"https:\/\/machineriesbst.com\/en\/catalogue\/western-pneumatics-ligne-jointage-pour-longues-pieces\/#webpage\",\"url\":\"https:\/\/machineriesbst.com\/en\/catalogue\/western-pneumatics-ligne-jointage-pour-longues-pieces\/\",\"name\":\"WESTERN PNEUMATICS - Ligne jointage pour longues pi\\u00e8ces - Machineries BST\",\"isPartOf\":{\"@id\":\"https:\/\/machineriesbst.com\/en\/#website\"},\"primaryImageOfPage\":{\"@id\":\"https:\/\/machineriesbst.com\/en\/catalogue\/western-pneumatics-ligne-jointage-pour-longues-pieces\/#primaryimage\"},\"datePublished\":\"2021-06-08T13:38:31+00:00\",\"dateModified\":\"2023-12-01T01:24:16+00:00\",\"breadcrumb\":{\"@id\":\"https:\/\/machineriesbst.com\/en\/catalogue\/western-pneumatics-ligne-jointage-pour-longues-pieces\/#breadcrumb\"},\"inLanguage\":\"en-US\",\"potentialAction\":[{\"@type\":\"ReadAction\",\"target\":[\"https:\/\/machineriesbst.com\/en\/catalogue\/western-pneumatics-ligne-jointage-pour-longues-pieces\/\"]}]},{\"@type\":\"BreadcrumbList\",\"@id\":\"https:\/\/machineriesbst.com\/en\/catalogue\/western-pneumatics-ligne-jointage-pour-longues-pieces\/#breadcrumb\",\"itemListElement\":[{\"@type\":\"ListItem\",\"position\":1,\"name\":\"Accueil\",\"item\":\"https:\/\/machineriesbst.com\/en\/\"},{\"@type\":\"ListItem\",\"position\":2,\"name\":\"Catalogue\",\"item\":\"https:\/\/machineriesbst.com\/en\/catalog\/\"},{\"@type\":\"ListItem\",\"position\":3,\"name\":\"WESTERN PNEUMATICS - Ligne jointage pour longues pi\\u00e8ces\"}]}]}<\/script>\n<!-- \/ Yoast SEO plugin. -->","yoast_head_json":{"title":"WESTERN PNEUMATICS - Ligne jointage pour longues pi\u00e8ces - Machineries BST","robots":{"index":"index","follow":"follow","max-snippet":"max-snippet:-1","max-image-preview":"max-image-preview:large","max-video-preview":"max-video-preview:-1"},"canonical":"https:\/\/machineriesbst.com\/en\/catalogue\/western-pneumatics-ligne-jointage-pour-longues-pieces\/","og_locale":"en_US","og_type":"article","og_title":"WESTERN PNEUMATICS - Ligne jointage pour longues pi\u00e8ces - Machineries BST","og_description":"ROLLCASE INT\u00c9GR\u00c9E FJ 5 'X 30' AVEC M \/ R 8 'X 28' TRANSFERT \u00c0 CHA\u00ceNE \u00c0 3 SANGLES ADVANCE 8 'W 3 ARM TILT ARBRE AVEC ENTRA\u00ceNEMENT HYDRAULIQUE CEINTURE \u00c0 B\u00c2TON DE 10 \"X 15 ' PLATE-FORME DE D\u00c9VERSEMENT DE 8 'X 18' 3 W \/ DRIVE CEINTURE DE D\u00c9CHETS DE 23 PO X [&hellip;]","og_url":"https:\/\/machineriesbst.com\/en\/catalogue\/western-pneumatics-ligne-jointage-pour-longues-pieces\/","og_site_name":"Machineries BST","article_modified_time":"2023-12-01T01:24:16+00:00","og_image":[{"width":1024,"height":768,"url":"https:\/\/machineriesbst.com\/wp-content\/uploads\/2021\/05\/SAM_2792.jpg","path":"\/home\/jepeto\/public_html\/wp-content\/uploads\/2021\/05\/SAM_2792.jpg","size":"full","id":50449,"alt":"","pixels":786432,"type":"image\/jpeg"}],"twitter_card":"summary_large_image","twitter_misc":{"Est. reading time":"1 minute"},"schema":{"@context":"https:\/\/schema.org","@graph":[{"@type":"WebSite","@id":"https:\/\/machineriesbst.com\/en\/#website","url":"https:\/\/machineriesbst.com\/en\/","name":"Machineries BST","description":"Machines neuves &amp; usag\u00e9es","potentialAction":[{"@type":"SearchAction","target":{"@type":"EntryPoint","urlTemplate":"https:\/\/machineriesbst.com\/en\/?s={search_term_string}"},"query-input":"required name=search_term_string"}],"inLanguage":"en-US"},{"@type":"ImageObject","@id":"https:\/\/machineriesbst.com\/en\/catalogue\/western-pneumatics-ligne-jointage-pour-longues-pieces\/#primaryimage","inLanguage":"en-US","url":"https:\/\/machineriesbst.com\/wp-content\/uploads\/2021\/05\/SAM_2792.jpg","contentUrl":"https:\/\/machineriesbst.com\/wp-content\/uploads\/2021\/05\/SAM_2792.jpg","width":1024,"height":768},{"@type":"WebPage","@id":"https:\/\/machineriesbst.com\/en\/catalogue\/western-pneumatics-ligne-jointage-pour-longues-pieces\/#webpage","url":"https:\/\/machineriesbst.com\/en\/catalogue\/western-pneumatics-ligne-jointage-pour-longues-pieces\/","name":"WESTERN PNEUMATICS - Ligne jointage pour longues pi\u00e8ces - Machineries BST","isPartOf":{"@id":"https:\/\/machineriesbst.com\/en\/#website"},"primaryImageOfPage":{"@id":"https:\/\/machineriesbst.com\/en\/catalogue\/western-pneumatics-ligne-jointage-pour-longues-pieces\/#primaryimage"},"datePublished":"2021-06-08T13:38:31+00:00","dateModified":"2023-12-01T01:24:16+00:00","breadcrumb":{"@id":"https:\/\/machineriesbst.com\/en\/catalogue\/western-pneumatics-ligne-jointage-pour-longues-pieces\/#breadcrumb"},"inLanguage":"en-US","potentialAction":[{"@type":"ReadAction","target":["https:\/\/machineriesbst.com\/en\/catalogue\/western-pneumatics-ligne-jointage-pour-longues-pieces\/"]}]},{"@type":"BreadcrumbList","@id":"https:\/\/machineriesbst.com\/en\/catalogue\/western-pneumatics-ligne-jointage-pour-longues-pieces\/#breadcrumb","itemListElement":[{"@type":"ListItem","position":1,"name":"Accueil","item":"https:\/\/machineriesbst.com\/en\/"},{"@type":"ListItem","position":2,"name":"Catalogue","item":"https:\/\/machineriesbst.com\/en\/catalog\/"},{"@type":"ListItem","position":3,"name":"WESTERN PNEUMATICS - Ligne jointage pour longues pi\u00e8ces"}]}]}},"_links":{"self":[{"href":"https:\/\/machineriesbst.com\/en\/wp-json\/wp\/v2\/product\/57774"}],"collection":[{"href":"https:\/\/machineriesbst.com\/en\/wp-json\/wp\/v2\/product"}],"about":[{"href":"https:\/\/machineriesbst.com\/en\/wp-json\/wp\/v2\/types\/product"}],"author":[{"embeddable":true,"href":"https:\/\/machineriesbst.com\/en\/wp-json\/wp\/v2\/users\/3"}],"replies":[{"embeddable":true,"href":"https:\/\/machineriesbst.com\/en\/wp-json\/wp\/v2\/comments?post=57774"}],"wp:featuredmedia":[{"embeddable":true,"href":"https:\/\/machineriesbst.com\/en\/wp-json\/wp\/v2\/media\/50449"}],"wp:attachment":[{"href":"https:\/\/machineriesbst.com\/en\/wp-json\/wp\/v2\/media?parent=57774"}],"wp:term":[{"taxonomy":"product_cat","embeddable":true,"href":"https:\/\/machineriesbst.com\/en\/wp-json\/wp\/v2\/product_cat?post=57774"},{"taxonomy":"product_tag","embeddable":true,"href":"https:\/\/machineriesbst.com\/en\/wp-json\/wp\/v2\/product_tag?post=57774"}],"curies":[{"name":"wp","href":"https:\/\/api.w.org\/{rel}","templated":true}]}}