{"id":57771,"date":"2021-06-08T09:38:31","date_gmt":"2021-06-08T13:38:31","guid":{"rendered":"https:\/\/machineriesbst.com\/?post_type=product&#038;p=57771"},"modified":"2023-11-30T20:24:16","modified_gmt":"2023-12-01T01:24:16","slug":"vecoplan-rg-42-60-xl","status":"publish","type":"product","link":"https:\/\/machineriesbst.com\/en\/catalogue\/vecoplan-rg-42-60-xl\/","title":{"rendered":"Vecoplan RG 42\/60 XL"},"content":{"rendered":"<p>Completely refurbished by Vecoplan in 2012 and used approximately 200 hours thereafter.<\/p>\n<ul>\n<li>Vecoplan RG 42 \/ 60XL<\/li>\n<li>60 HP motor<\/li>\n<li>Opening: 42 &quot;x 52&quot;<\/li>\n<li>15 &quot;diameter rotor<\/li>\n<li>Hydraulic valve<\/li>\n<li>Control panel<\/li>\n<\/ul>","protected":false},"excerpt":{"rendered":"<p>Completely refurbished by Vecoplan in 2012 and used approximately 200 hours thereafter. Vecoplan RG 42 \/ 60XL 60 HP motor Opening: 42 &quot;x 52&quot; 15 &quot;diameter rotor Hydraulic valve Control panel<\/p>","protected":false},"author":3,"featured_media":50433,"comment_status":"open","ping_status":"closed","template":"","meta":[],"product_cat":[229],"product_tag":[],"acf":[],"yoast_head":"<!-- This site is optimized with the Yoast SEO plugin v16.8 - https:\/\/yoast.com\/wordpress\/plugins\/seo\/ -->\n<title>Vecoplan RG 42\/60 XL - Machineries BST<\/title>\n<meta name=\"robots\" content=\"index, follow, max-snippet:-1, max-image-preview:large, max-video-preview:-1\" \/>\n<link rel=\"canonical\" href=\"https:\/\/machineriesbst.com\/en\/catalogue\/vecoplan-rg-42-60-xl\/\" \/>\n<meta property=\"og:locale\" content=\"en_US\" \/>\n<meta property=\"og:type\" content=\"article\" \/>\n<meta property=\"og:title\" content=\"Vecoplan RG 42\/60 XL - Machineries BST\" \/>\n<meta property=\"og:description\" content=\"Compl\u00e8tement remis \u00e0 neuf par Vecoplan en 2012 et utilis\u00e9e environ 200 heures par la suite. Vecoplan RG 42 \/ 60XL Moteur de 60 HP Ouverture : 42 &quot;x 52&quot; Rotor de 15&quot; de diam\u00e8tre Poussoir hydraulique Panneau de contr\u00f4le\" \/>\n<meta property=\"og:url\" content=\"https:\/\/machineriesbst.com\/en\/catalogue\/vecoplan-rg-42-60-xl\/\" \/>\n<meta property=\"og:site_name\" content=\"Machineries BST\" \/>\n<meta property=\"article:modified_time\" content=\"2023-12-01T01:24:16+00:00\" \/>\n<meta property=\"og:image\" content=\"https:\/\/machineriesbst.com\/wp-content\/uploads\/2021\/05\/CMS637501.jpg\" \/>\n\t<meta property=\"og:image:width\" content=\"294\" \/>\n\t<meta property=\"og:image:height\" content=\"400\" \/>\n<meta name=\"twitter:card\" content=\"summary_large_image\" \/>\n<script type=\"application\/ld+json\" class=\"yoast-schema-graph\">{\"@context\":\"https:\/\/schema.org\",\"@graph\":[{\"@type\":\"WebSite\",\"@id\":\"https:\/\/machineriesbst.com\/en\/#website\",\"url\":\"https:\/\/machineriesbst.com\/en\/\",\"name\":\"Machineries BST\",\"description\":\"Machines neuves &amp; usag\\u00e9es\",\"potentialAction\":[{\"@type\":\"SearchAction\",\"target\":{\"@type\":\"EntryPoint\",\"urlTemplate\":\"https:\/\/machineriesbst.com\/en\/?s={search_term_string}\"},\"query-input\":\"required name=search_term_string\"}],\"inLanguage\":\"en-US\"},{\"@type\":\"ImageObject\",\"@id\":\"https:\/\/machineriesbst.com\/en\/catalogue\/vecoplan-rg-42-60-xl\/#primaryimage\",\"inLanguage\":\"en-US\",\"url\":\"https:\/\/machineriesbst.com\/wp-content\/uploads\/2021\/05\/CMS637501.jpg\",\"contentUrl\":\"https:\/\/machineriesbst.com\/wp-content\/uploads\/2021\/05\/CMS637501.jpg\",\"width\":294,\"height\":400},{\"@type\":\"WebPage\",\"@id\":\"https:\/\/machineriesbst.com\/en\/catalogue\/vecoplan-rg-42-60-xl\/#webpage\",\"url\":\"https:\/\/machineriesbst.com\/en\/catalogue\/vecoplan-rg-42-60-xl\/\",\"name\":\"Vecoplan RG 42\/60 XL - Machineries BST\",\"isPartOf\":{\"@id\":\"https:\/\/machineriesbst.com\/en\/#website\"},\"primaryImageOfPage\":{\"@id\":\"https:\/\/machineriesbst.com\/en\/catalogue\/vecoplan-rg-42-60-xl\/#primaryimage\"},\"datePublished\":\"2021-06-08T13:38:31+00:00\",\"dateModified\":\"2023-12-01T01:24:16+00:00\",\"breadcrumb\":{\"@id\":\"https:\/\/machineriesbst.com\/en\/catalogue\/vecoplan-rg-42-60-xl\/#breadcrumb\"},\"inLanguage\":\"en-US\",\"potentialAction\":[{\"@type\":\"ReadAction\",\"target\":[\"https:\/\/machineriesbst.com\/en\/catalogue\/vecoplan-rg-42-60-xl\/\"]}]},{\"@type\":\"BreadcrumbList\",\"@id\":\"https:\/\/machineriesbst.com\/en\/catalogue\/vecoplan-rg-42-60-xl\/#breadcrumb\",\"itemListElement\":[{\"@type\":\"ListItem\",\"position\":1,\"name\":\"Accueil\",\"item\":\"https:\/\/machineriesbst.com\/en\/\"},{\"@type\":\"ListItem\",\"position\":2,\"name\":\"Catalogue\",\"item\":\"https:\/\/machineriesbst.com\/en\/catalog\/\"},{\"@type\":\"ListItem\",\"position\":3,\"name\":\"Vecoplan RG 42\/60 XL\"}]}]}<\/script>\n<!-- \/ Yoast SEO plugin. -->","yoast_head_json":{"title":"Vecoplan RG 42\/60 XL - Machineries BST","robots":{"index":"index","follow":"follow","max-snippet":"max-snippet:-1","max-image-preview":"max-image-preview:large","max-video-preview":"max-video-preview:-1"},"canonical":"https:\/\/machineriesbst.com\/en\/catalogue\/vecoplan-rg-42-60-xl\/","og_locale":"en_US","og_type":"article","og_title":"Vecoplan RG 42\/60 XL - Machineries BST","og_description":"Compl\u00e8tement remis \u00e0 neuf par Vecoplan en 2012 et utilis\u00e9e environ 200 heures par la suite. Vecoplan RG 42 \/ 60XL Moteur de 60 HP Ouverture : 42 \"x 52\" Rotor de 15\" de diam\u00e8tre Poussoir hydraulique Panneau de contr\u00f4le","og_url":"https:\/\/machineriesbst.com\/en\/catalogue\/vecoplan-rg-42-60-xl\/","og_site_name":"Machineries BST","article_modified_time":"2023-12-01T01:24:16+00:00","og_image":[{"width":294,"height":400,"url":"https:\/\/machineriesbst.com\/wp-content\/uploads\/2021\/05\/CMS637501.jpg","path":"\/home\/jepeto\/public_html\/wp-content\/uploads\/2021\/05\/CMS637501.jpg","size":"full","id":50433,"alt":"","pixels":117600,"type":"image\/jpeg"}],"twitter_card":"summary_large_image","schema":{"@context":"https:\/\/schema.org","@graph":[{"@type":"WebSite","@id":"https:\/\/machineriesbst.com\/en\/#website","url":"https:\/\/machineriesbst.com\/en\/","name":"Machineries BST","description":"Machines neuves &amp; usag\u00e9es","potentialAction":[{"@type":"SearchAction","target":{"@type":"EntryPoint","urlTemplate":"https:\/\/machineriesbst.com\/en\/?s={search_term_string}"},"query-input":"required name=search_term_string"}],"inLanguage":"en-US"},{"@type":"ImageObject","@id":"https:\/\/machineriesbst.com\/en\/catalogue\/vecoplan-rg-42-60-xl\/#primaryimage","inLanguage":"en-US","url":"https:\/\/machineriesbst.com\/wp-content\/uploads\/2021\/05\/CMS637501.jpg","contentUrl":"https:\/\/machineriesbst.com\/wp-content\/uploads\/2021\/05\/CMS637501.jpg","width":294,"height":400},{"@type":"WebPage","@id":"https:\/\/machineriesbst.com\/en\/catalogue\/vecoplan-rg-42-60-xl\/#webpage","url":"https:\/\/machineriesbst.com\/en\/catalogue\/vecoplan-rg-42-60-xl\/","name":"Vecoplan RG 42\/60 XL - Machineries BST","isPartOf":{"@id":"https:\/\/machineriesbst.com\/en\/#website"},"primaryImageOfPage":{"@id":"https:\/\/machineriesbst.com\/en\/catalogue\/vecoplan-rg-42-60-xl\/#primaryimage"},"datePublished":"2021-06-08T13:38:31+00:00","dateModified":"2023-12-01T01:24:16+00:00","breadcrumb":{"@id":"https:\/\/machineriesbst.com\/en\/catalogue\/vecoplan-rg-42-60-xl\/#breadcrumb"},"inLanguage":"en-US","potentialAction":[{"@type":"ReadAction","target":["https:\/\/machineriesbst.com\/en\/catalogue\/vecoplan-rg-42-60-xl\/"]}]},{"@type":"BreadcrumbList","@id":"https:\/\/machineriesbst.com\/en\/catalogue\/vecoplan-rg-42-60-xl\/#breadcrumb","itemListElement":[{"@type":"ListItem","position":1,"name":"Accueil","item":"https:\/\/machineriesbst.com\/en\/"},{"@type":"ListItem","position":2,"name":"Catalogue","item":"https:\/\/machineriesbst.com\/en\/catalog\/"},{"@type":"ListItem","position":3,"name":"Vecoplan RG 42\/60 XL"}]}]}},"_links":{"self":[{"href":"https:\/\/machineriesbst.com\/en\/wp-json\/wp\/v2\/product\/57771"}],"collection":[{"href":"https:\/\/machineriesbst.com\/en\/wp-json\/wp\/v2\/product"}],"about":[{"href":"https:\/\/machineriesbst.com\/en\/wp-json\/wp\/v2\/types\/product"}],"author":[{"embeddable":true,"href":"https:\/\/machineriesbst.com\/en\/wp-json\/wp\/v2\/users\/3"}],"replies":[{"embeddable":true,"href":"https:\/\/machineriesbst.com\/en\/wp-json\/wp\/v2\/comments?post=57771"}],"wp:featuredmedia":[{"embeddable":true,"href":"https:\/\/machineriesbst.com\/en\/wp-json\/wp\/v2\/media\/50433"}],"wp:attachment":[{"href":"https:\/\/machineriesbst.com\/en\/wp-json\/wp\/v2\/media?parent=57771"}],"wp:term":[{"taxonomy":"product_cat","embeddable":true,"href":"https:\/\/machineriesbst.com\/en\/wp-json\/wp\/v2\/product_cat?post=57771"},{"taxonomy":"product_tag","embeddable":true,"href":"https:\/\/machineriesbst.com\/en\/wp-json\/wp\/v2\/product_tag?post=57771"}],"curies":[{"name":"wp","href":"https:\/\/api.w.org\/{rel}","templated":true}]}}