{"id":57753,"date":"2021-06-08T09:38:04","date_gmt":"2021-06-08T13:38:04","guid":{"rendered":"https:\/\/machineriesbst.com\/?post_type=product&#038;p=57753"},"modified":"2023-11-30T20:24:16","modified_gmt":"2023-12-01T01:24:16","slug":"aget-dustkop-ft24-depoussiereur","status":"publish","type":"product","link":"https:\/\/machineriesbst.com\/en\/catalogue\/aget-dustkop-ft24-depoussiereur\/","title":{"rendered":"AGET Dustkop FT24 Dust collector"},"content":{"rendered":"<ul>\n<li>AGET DUSTKOP After-Filters helps improve air quality and provide a safer working environment by removing fine dust particles from the exhaust air stream.<\/li>\n<li>They are typically used to filter dust that is not removed by a cyclone, producing clean, breathable air that can be recycled back to the work area as needed.<\/li>\n<li>The woven fabric filter material produces extremely high filtration efficiency and is intermittently reconditioned by the integral shaker mechanism, operating either manually or automatically.<\/li>\n<li>The collected dust is deposited in a dust storage container, selected to meet the specific requirements of the application.<\/li>\n<li>DUSTKOP After-Filters reduce maintenance costs and improve working conditions.<\/li>\n<li>AGET has proudly been manufacturing DUSTKOP equipment in the USA since 1938.<\/li>\n<li>24 filter tubes<\/li>\n<li>112 sq.ft. filtering area<\/li>\n<li>1\/6 HP Shaker<\/li>\n<li>300-1000 CFM<\/li>\n<li>1.9 square meter trash can storage capacity<\/li>\n<li>High efficiency woven fabric material - 5 &quot;diameter filter tubes<\/li>\n<li>Powder coated finish<\/li>\n<\/ul>","protected":false},"excerpt":{"rendered":"<p>AGET DUSTKOP After-Filters help improve air quality and provide a safer working environment by removing fine dust particles from the exhaust air stream. They are usually used to filter dust that is not removed by a cyclone, producing clean, breathable air that can be recycled [\u2026]<\/p>","protected":false},"author":3,"featured_media":50399,"comment_status":"open","ping_status":"closed","template":"","meta":[],"product_cat":[3036],"product_tag":[],"acf":[],"yoast_head":"<!-- This site is optimized with the Yoast SEO plugin v16.8 - https:\/\/yoast.com\/wordpress\/plugins\/seo\/ -->\n<title>AGET Dustkop FT24 D\u00e9poussi\u00e9reur - Machineries BST<\/title>\n<meta name=\"robots\" content=\"index, follow, max-snippet:-1, max-image-preview:large, max-video-preview:-1\" \/>\n<link rel=\"canonical\" href=\"https:\/\/machineriesbst.com\/en\/catalogue\/aget-dustkop-ft24-depoussiereur\/\" \/>\n<meta property=\"og:locale\" content=\"en_US\" \/>\n<meta property=\"og:type\" content=\"article\" \/>\n<meta property=\"og:title\" content=\"AGET Dustkop FT24 D\u00e9poussi\u00e9reur - Machineries BST\" \/>\n<meta property=\"og:description\" content=\"AGET DUSTKOP After-Filters permet d&#039;am\u00e9liorer la qualit\u00e9 de l&#039;air et de fournir un environnement de travail plus s\u00fbr en \u00e9liminant les particules de poussi\u00e8re fines du flux d&#039;air d&#039;\u00e9chappement. Ils sont habituellement utilis\u00e9s pour filtrer les poussi\u00e8res qui ne sont pas enlev\u00e9es par un cyclone, produisant un air respirant et propre qui peut \u00eatre recycl\u00e9 [&hellip;]\" \/>\n<meta property=\"og:url\" content=\"https:\/\/machineriesbst.com\/en\/catalogue\/aget-dustkop-ft24-depoussiereur\/\" \/>\n<meta property=\"og:site_name\" content=\"Machineries BST\" \/>\n<meta property=\"article:modified_time\" content=\"2023-12-01T01:24:16+00:00\" \/>\n<meta property=\"og:image\" content=\"https:\/\/machineriesbst.com\/wp-content\/uploads\/2021\/05\/1-56.jpg\" \/>\n\t<meta property=\"og:image:width\" content=\"500\" \/>\n\t<meta property=\"og:image:height\" content=\"500\" \/>\n<meta name=\"twitter:card\" content=\"summary_large_image\" \/>\n<meta name=\"twitter:label1\" content=\"Est. reading time\" \/>\n\t<meta name=\"twitter:data1\" content=\"1 minute\" \/>\n<script type=\"application\/ld+json\" class=\"yoast-schema-graph\">{\"@context\":\"https:\/\/schema.org\",\"@graph\":[{\"@type\":\"WebSite\",\"@id\":\"https:\/\/machineriesbst.com\/en\/#website\",\"url\":\"https:\/\/machineriesbst.com\/en\/\",\"name\":\"Machineries BST\",\"description\":\"Machines neuves &amp; usag\\u00e9es\",\"potentialAction\":[{\"@type\":\"SearchAction\",\"target\":{\"@type\":\"EntryPoint\",\"urlTemplate\":\"https:\/\/machineriesbst.com\/en\/?s={search_term_string}\"},\"query-input\":\"required name=search_term_string\"}],\"inLanguage\":\"en-US\"},{\"@type\":\"ImageObject\",\"@id\":\"https:\/\/machineriesbst.com\/en\/catalogue\/aget-dustkop-ft24-depoussiereur\/#primaryimage\",\"inLanguage\":\"en-US\",\"url\":\"https:\/\/machineriesbst.com\/wp-content\/uploads\/2021\/05\/1-56.jpg\",\"contentUrl\":\"https:\/\/machineriesbst.com\/wp-content\/uploads\/2021\/05\/1-56.jpg\",\"width\":500,\"height\":500},{\"@type\":\"WebPage\",\"@id\":\"https:\/\/machineriesbst.com\/en\/catalogue\/aget-dustkop-ft24-depoussiereur\/#webpage\",\"url\":\"https:\/\/machineriesbst.com\/en\/catalogue\/aget-dustkop-ft24-depoussiereur\/\",\"name\":\"AGET Dustkop FT24 D\\u00e9poussi\\u00e9reur - Machineries BST\",\"isPartOf\":{\"@id\":\"https:\/\/machineriesbst.com\/en\/#website\"},\"primaryImageOfPage\":{\"@id\":\"https:\/\/machineriesbst.com\/en\/catalogue\/aget-dustkop-ft24-depoussiereur\/#primaryimage\"},\"datePublished\":\"2021-06-08T13:38:04+00:00\",\"dateModified\":\"2023-12-01T01:24:16+00:00\",\"breadcrumb\":{\"@id\":\"https:\/\/machineriesbst.com\/en\/catalogue\/aget-dustkop-ft24-depoussiereur\/#breadcrumb\"},\"inLanguage\":\"en-US\",\"potentialAction\":[{\"@type\":\"ReadAction\",\"target\":[\"https:\/\/machineriesbst.com\/en\/catalogue\/aget-dustkop-ft24-depoussiereur\/\"]}]},{\"@type\":\"BreadcrumbList\",\"@id\":\"https:\/\/machineriesbst.com\/en\/catalogue\/aget-dustkop-ft24-depoussiereur\/#breadcrumb\",\"itemListElement\":[{\"@type\":\"ListItem\",\"position\":1,\"name\":\"Accueil\",\"item\":\"https:\/\/machineriesbst.com\/en\/\"},{\"@type\":\"ListItem\",\"position\":2,\"name\":\"Catalogue\",\"item\":\"https:\/\/machineriesbst.com\/en\/catalog\/\"},{\"@type\":\"ListItem\",\"position\":3,\"name\":\"AGET Dustkop FT24 D\\u00e9poussi\\u00e9reur\"}]}]}<\/script>\n<!-- \/ Yoast SEO plugin. -->","yoast_head_json":{"title":"AGET Dustkop FT24 D\u00e9poussi\u00e9reur - Machineries BST","robots":{"index":"index","follow":"follow","max-snippet":"max-snippet:-1","max-image-preview":"max-image-preview:large","max-video-preview":"max-video-preview:-1"},"canonical":"https:\/\/machineriesbst.com\/en\/catalogue\/aget-dustkop-ft24-depoussiereur\/","og_locale":"en_US","og_type":"article","og_title":"AGET Dustkop FT24 D\u00e9poussi\u00e9reur - Machineries BST","og_description":"AGET DUSTKOP After-Filters permet d'am\u00e9liorer la qualit\u00e9 de l'air et de fournir un environnement de travail plus s\u00fbr en \u00e9liminant les particules de poussi\u00e8re fines du flux d'air d'\u00e9chappement. Ils sont habituellement utilis\u00e9s pour filtrer les poussi\u00e8res qui ne sont pas enlev\u00e9es par un cyclone, produisant un air respirant et propre qui peut \u00eatre recycl\u00e9 [&hellip;]","og_url":"https:\/\/machineriesbst.com\/en\/catalogue\/aget-dustkop-ft24-depoussiereur\/","og_site_name":"Machineries BST","article_modified_time":"2023-12-01T01:24:16+00:00","og_image":[{"width":500,"height":500,"url":"https:\/\/machineriesbst.com\/wp-content\/uploads\/2021\/05\/1-56.jpg","path":"\/home\/jepeto\/public_html\/wp-content\/uploads\/2021\/05\/1-56.jpg","size":"full","id":50399,"alt":"","pixels":250000,"type":"image\/jpeg"}],"twitter_card":"summary_large_image","twitter_misc":{"Est. reading time":"1 minute"},"schema":{"@context":"https:\/\/schema.org","@graph":[{"@type":"WebSite","@id":"https:\/\/machineriesbst.com\/en\/#website","url":"https:\/\/machineriesbst.com\/en\/","name":"Machineries BST","description":"Machines neuves &amp; usag\u00e9es","potentialAction":[{"@type":"SearchAction","target":{"@type":"EntryPoint","urlTemplate":"https:\/\/machineriesbst.com\/en\/?s={search_term_string}"},"query-input":"required name=search_term_string"}],"inLanguage":"en-US"},{"@type":"ImageObject","@id":"https:\/\/machineriesbst.com\/en\/catalogue\/aget-dustkop-ft24-depoussiereur\/#primaryimage","inLanguage":"en-US","url":"https:\/\/machineriesbst.com\/wp-content\/uploads\/2021\/05\/1-56.jpg","contentUrl":"https:\/\/machineriesbst.com\/wp-content\/uploads\/2021\/05\/1-56.jpg","width":500,"height":500},{"@type":"WebPage","@id":"https:\/\/machineriesbst.com\/en\/catalogue\/aget-dustkop-ft24-depoussiereur\/#webpage","url":"https:\/\/machineriesbst.com\/en\/catalogue\/aget-dustkop-ft24-depoussiereur\/","name":"AGET Dustkop FT24 D\u00e9poussi\u00e9reur - Machineries BST","isPartOf":{"@id":"https:\/\/machineriesbst.com\/en\/#website"},"primaryImageOfPage":{"@id":"https:\/\/machineriesbst.com\/en\/catalogue\/aget-dustkop-ft24-depoussiereur\/#primaryimage"},"datePublished":"2021-06-08T13:38:04+00:00","dateModified":"2023-12-01T01:24:16+00:00","breadcrumb":{"@id":"https:\/\/machineriesbst.com\/en\/catalogue\/aget-dustkop-ft24-depoussiereur\/#breadcrumb"},"inLanguage":"en-US","potentialAction":[{"@type":"ReadAction","target":["https:\/\/machineriesbst.com\/en\/catalogue\/aget-dustkop-ft24-depoussiereur\/"]}]},{"@type":"BreadcrumbList","@id":"https:\/\/machineriesbst.com\/en\/catalogue\/aget-dustkop-ft24-depoussiereur\/#breadcrumb","itemListElement":[{"@type":"ListItem","position":1,"name":"Accueil","item":"https:\/\/machineriesbst.com\/en\/"},{"@type":"ListItem","position":2,"name":"Catalogue","item":"https:\/\/machineriesbst.com\/en\/catalog\/"},{"@type":"ListItem","position":3,"name":"AGET Dustkop FT24 D\u00e9poussi\u00e9reur"}]}]}},"_links":{"self":[{"href":"https:\/\/machineriesbst.com\/en\/wp-json\/wp\/v2\/product\/57753"}],"collection":[{"href":"https:\/\/machineriesbst.com\/en\/wp-json\/wp\/v2\/product"}],"about":[{"href":"https:\/\/machineriesbst.com\/en\/wp-json\/wp\/v2\/types\/product"}],"author":[{"embeddable":true,"href":"https:\/\/machineriesbst.com\/en\/wp-json\/wp\/v2\/users\/3"}],"replies":[{"embeddable":true,"href":"https:\/\/machineriesbst.com\/en\/wp-json\/wp\/v2\/comments?post=57753"}],"wp:featuredmedia":[{"embeddable":true,"href":"https:\/\/machineriesbst.com\/en\/wp-json\/wp\/v2\/media\/50399"}],"wp:attachment":[{"href":"https:\/\/machineriesbst.com\/en\/wp-json\/wp\/v2\/media?parent=57753"}],"wp:term":[{"taxonomy":"product_cat","embeddable":true,"href":"https:\/\/machineriesbst.com\/en\/wp-json\/wp\/v2\/product_cat?post=57753"},{"taxonomy":"product_tag","embeddable":true,"href":"https:\/\/machineriesbst.com\/en\/wp-json\/wp\/v2\/product_tag?post=57753"}],"curies":[{"name":"wp","href":"https:\/\/api.w.org\/{rel}","templated":true}]}}