{"id":57733,"date":"2021-06-08T09:37:38","date_gmt":"2021-06-08T13:37:38","guid":{"rendered":"https:\/\/machineriesbst.com\/?post_type=product&#038;p=57733"},"modified":"2023-11-30T20:24:17","modified_gmt":"2023-12-01T01:24:17","slug":"chipper-precision-48po","status":"publish","type":"product","link":"https:\/\/machineriesbst.com\/en\/catalogue\/chipper-precision-48po\/","title":{"rendered":"48in Precision Chipper"},"content":{"rendered":"<p>100Hp knife motor. Horizontal. 11 &quot;x 24&quot; opening. 48 &quot;disc diameter.<\/p>\n<p><span class=\"notranslate\">Angled side nose design and knife position cause smooth cutting action.<\/span>\u00a0<span class=\"notranslate\">The cutting angle of the knife gives a smooth lift to the slab as the knife passes the center line and begins the upward rotation by turning the slab counterclockwise.<\/span>\u00a0<span class=\"notranslate\">The reverse spout has a flat bottom and canted side to give 25% plus anvil contact, preventing slapping and turning the wood in the wrong direction.<\/span>\u00a0<span class=\"notranslate\">Horizontal and vertical anvils give extra life, requiring less maintenance.<\/span><span class=\"notranslate\">Both anvils are coated with Colmonoy with a hardness of 62 to 65, Rockwell C scale.<\/span><span class=\"notranslate\">With a removable four-sided anvil, maintenance and time are saved.<\/span>\u00a0<span class=\"notranslate\">Less power is needed with the more precise action of Precision.<\/span><\/p>","protected":false},"excerpt":{"rendered":"<p>100Hp knife motor. Horizontal. 11 &quot;x 24&quot; opening. 48 &quot;disc diameter. Angled side jaw design and knife position provide a smooth cutting action. The cutting angle of the knife gives a smooth lift to the blade. slab when the knife crosses the center line and begins [\u2026]<\/p>","protected":false},"author":3,"featured_media":50327,"comment_status":"open","ping_status":"closed","template":"","meta":[],"product_cat":[229,3016],"product_tag":[],"acf":[],"yoast_head":"<!-- This site is optimized with the Yoast SEO plugin v16.8 - https:\/\/yoast.com\/wordpress\/plugins\/seo\/ -->\n<title>Chipper Pr\u00e9cision 48po - Machineries BST<\/title>\n<meta name=\"robots\" content=\"index, follow, max-snippet:-1, max-image-preview:large, max-video-preview:-1\" \/>\n<link rel=\"canonical\" href=\"https:\/\/machineriesbst.com\/en\/catalogue\/chipper-precision-48po\/\" \/>\n<meta property=\"og:locale\" content=\"en_US\" \/>\n<meta property=\"og:type\" content=\"article\" \/>\n<meta property=\"og:title\" content=\"Chipper Pr\u00e9cision 48po - Machineries BST\" \/>\n<meta property=\"og:description\" content=\"Moteur de 100Hp \u00e0 couteaux . Horizontal .Ouverture de 11&quot; x 24&quot; .Diam\u00e8tre du disque de 48&quot; . La conception du bec lat\u00e9ral inclin\u00e9e et la position du couteau provoquent une action de d\u00e9coupage en douceur.\u00a0L&#039;angle d&#039;attaque du couteau donne un soul\u00e8vement doux \u00e0 la brame lorsque le couteau passe la ligne m\u00e9diane et commence [&hellip;]\" \/>\n<meta property=\"og:url\" content=\"https:\/\/machineriesbst.com\/en\/catalogue\/chipper-precision-48po\/\" \/>\n<meta property=\"og:site_name\" content=\"Machineries BST\" \/>\n<meta property=\"article:modified_time\" content=\"2023-12-01T01:24:17+00:00\" \/>\n<meta property=\"og:image\" content=\"https:\/\/machineriesbst.com\/wp-content\/uploads\/2021\/05\/CHIPP.jpg\" \/>\n\t<meta property=\"og:image:width\" content=\"2048\" \/>\n\t<meta property=\"og:image:height\" content=\"1536\" \/>\n<meta name=\"twitter:card\" content=\"summary_large_image\" \/>\n<meta name=\"twitter:label1\" content=\"Est. reading time\" \/>\n\t<meta name=\"twitter:data1\" content=\"1 minute\" \/>\n<script type=\"application\/ld+json\" class=\"yoast-schema-graph\">{\"@context\":\"https:\/\/schema.org\",\"@graph\":[{\"@type\":\"WebSite\",\"@id\":\"https:\/\/machineriesbst.com\/en\/#website\",\"url\":\"https:\/\/machineriesbst.com\/en\/\",\"name\":\"Machineries BST\",\"description\":\"Machines neuves &amp; usag\\u00e9es\",\"potentialAction\":[{\"@type\":\"SearchAction\",\"target\":{\"@type\":\"EntryPoint\",\"urlTemplate\":\"https:\/\/machineriesbst.com\/en\/?s={search_term_string}\"},\"query-input\":\"required name=search_term_string\"}],\"inLanguage\":\"en-US\"},{\"@type\":\"ImageObject\",\"@id\":\"https:\/\/machineriesbst.com\/en\/catalogue\/chipper-precision-48po\/#primaryimage\",\"inLanguage\":\"en-US\",\"url\":\"https:\/\/machineriesbst.com\/wp-content\/uploads\/2021\/05\/CHIPP.jpg\",\"contentUrl\":\"https:\/\/machineriesbst.com\/wp-content\/uploads\/2021\/05\/CHIPP.jpg\",\"width\":2048,\"height\":1536},{\"@type\":\"WebPage\",\"@id\":\"https:\/\/machineriesbst.com\/en\/catalogue\/chipper-precision-48po\/#webpage\",\"url\":\"https:\/\/machineriesbst.com\/en\/catalogue\/chipper-precision-48po\/\",\"name\":\"Chipper Pr\\u00e9cision 48po - Machineries BST\",\"isPartOf\":{\"@id\":\"https:\/\/machineriesbst.com\/en\/#website\"},\"primaryImageOfPage\":{\"@id\":\"https:\/\/machineriesbst.com\/en\/catalogue\/chipper-precision-48po\/#primaryimage\"},\"datePublished\":\"2021-06-08T13:37:38+00:00\",\"dateModified\":\"2023-12-01T01:24:17+00:00\",\"breadcrumb\":{\"@id\":\"https:\/\/machineriesbst.com\/en\/catalogue\/chipper-precision-48po\/#breadcrumb\"},\"inLanguage\":\"en-US\",\"potentialAction\":[{\"@type\":\"ReadAction\",\"target\":[\"https:\/\/machineriesbst.com\/en\/catalogue\/chipper-precision-48po\/\"]}]},{\"@type\":\"BreadcrumbList\",\"@id\":\"https:\/\/machineriesbst.com\/en\/catalogue\/chipper-precision-48po\/#breadcrumb\",\"itemListElement\":[{\"@type\":\"ListItem\",\"position\":1,\"name\":\"Accueil\",\"item\":\"https:\/\/machineriesbst.com\/en\/\"},{\"@type\":\"ListItem\",\"position\":2,\"name\":\"Catalogue\",\"item\":\"https:\/\/machineriesbst.com\/en\/catalog\/\"},{\"@type\":\"ListItem\",\"position\":3,\"name\":\"Chipper Pr\\u00e9cision 48po\"}]}]}<\/script>\n<!-- \/ Yoast SEO plugin. -->","yoast_head_json":{"title":"Chipper Pr\u00e9cision 48po - Machineries BST","robots":{"index":"index","follow":"follow","max-snippet":"max-snippet:-1","max-image-preview":"max-image-preview:large","max-video-preview":"max-video-preview:-1"},"canonical":"https:\/\/machineriesbst.com\/en\/catalogue\/chipper-precision-48po\/","og_locale":"en_US","og_type":"article","og_title":"Chipper Pr\u00e9cision 48po - Machineries BST","og_description":"Moteur de 100Hp \u00e0 couteaux . Horizontal .Ouverture de 11\" x 24\" .Diam\u00e8tre du disque de 48\" . La conception du bec lat\u00e9ral inclin\u00e9e et la position du couteau provoquent une action de d\u00e9coupage en douceur.\u00a0L'angle d'attaque du couteau donne un soul\u00e8vement doux \u00e0 la brame lorsque le couteau passe la ligne m\u00e9diane et commence [&hellip;]","og_url":"https:\/\/machineriesbst.com\/en\/catalogue\/chipper-precision-48po\/","og_site_name":"Machineries BST","article_modified_time":"2023-12-01T01:24:17+00:00","og_image":[{"width":2048,"height":1536,"url":"https:\/\/machineriesbst.com\/wp-content\/uploads\/2021\/05\/CHIPP.jpg","path":"\/home\/jepeto\/public_html\/wp-content\/uploads\/2021\/05\/CHIPP.jpg","size":"full","id":50327,"alt":"","pixels":3145728,"type":"image\/jpeg"}],"twitter_card":"summary_large_image","twitter_misc":{"Est. reading time":"1 minute"},"schema":{"@context":"https:\/\/schema.org","@graph":[{"@type":"WebSite","@id":"https:\/\/machineriesbst.com\/en\/#website","url":"https:\/\/machineriesbst.com\/en\/","name":"Machineries BST","description":"Machines neuves &amp; usag\u00e9es","potentialAction":[{"@type":"SearchAction","target":{"@type":"EntryPoint","urlTemplate":"https:\/\/machineriesbst.com\/en\/?s={search_term_string}"},"query-input":"required name=search_term_string"}],"inLanguage":"en-US"},{"@type":"ImageObject","@id":"https:\/\/machineriesbst.com\/en\/catalogue\/chipper-precision-48po\/#primaryimage","inLanguage":"en-US","url":"https:\/\/machineriesbst.com\/wp-content\/uploads\/2021\/05\/CHIPP.jpg","contentUrl":"https:\/\/machineriesbst.com\/wp-content\/uploads\/2021\/05\/CHIPP.jpg","width":2048,"height":1536},{"@type":"WebPage","@id":"https:\/\/machineriesbst.com\/en\/catalogue\/chipper-precision-48po\/#webpage","url":"https:\/\/machineriesbst.com\/en\/catalogue\/chipper-precision-48po\/","name":"Chipper Pr\u00e9cision 48po - Machineries BST","isPartOf":{"@id":"https:\/\/machineriesbst.com\/en\/#website"},"primaryImageOfPage":{"@id":"https:\/\/machineriesbst.com\/en\/catalogue\/chipper-precision-48po\/#primaryimage"},"datePublished":"2021-06-08T13:37:38+00:00","dateModified":"2023-12-01T01:24:17+00:00","breadcrumb":{"@id":"https:\/\/machineriesbst.com\/en\/catalogue\/chipper-precision-48po\/#breadcrumb"},"inLanguage":"en-US","potentialAction":[{"@type":"ReadAction","target":["https:\/\/machineriesbst.com\/en\/catalogue\/chipper-precision-48po\/"]}]},{"@type":"BreadcrumbList","@id":"https:\/\/machineriesbst.com\/en\/catalogue\/chipper-precision-48po\/#breadcrumb","itemListElement":[{"@type":"ListItem","position":1,"name":"Accueil","item":"https:\/\/machineriesbst.com\/en\/"},{"@type":"ListItem","position":2,"name":"Catalogue","item":"https:\/\/machineriesbst.com\/en\/catalog\/"},{"@type":"ListItem","position":3,"name":"Chipper Pr\u00e9cision 48po"}]}]}},"_links":{"self":[{"href":"https:\/\/machineriesbst.com\/en\/wp-json\/wp\/v2\/product\/57733"}],"collection":[{"href":"https:\/\/machineriesbst.com\/en\/wp-json\/wp\/v2\/product"}],"about":[{"href":"https:\/\/machineriesbst.com\/en\/wp-json\/wp\/v2\/types\/product"}],"author":[{"embeddable":true,"href":"https:\/\/machineriesbst.com\/en\/wp-json\/wp\/v2\/users\/3"}],"replies":[{"embeddable":true,"href":"https:\/\/machineriesbst.com\/en\/wp-json\/wp\/v2\/comments?post=57733"}],"wp:featuredmedia":[{"embeddable":true,"href":"https:\/\/machineriesbst.com\/en\/wp-json\/wp\/v2\/media\/50327"}],"wp:attachment":[{"href":"https:\/\/machineriesbst.com\/en\/wp-json\/wp\/v2\/media?parent=57733"}],"wp:term":[{"taxonomy":"product_cat","embeddable":true,"href":"https:\/\/machineriesbst.com\/en\/wp-json\/wp\/v2\/product_cat?post=57733"},{"taxonomy":"product_tag","embeddable":true,"href":"https:\/\/machineriesbst.com\/en\/wp-json\/wp\/v2\/product_tag?post=57733"}],"curies":[{"name":"wp","href":"https:\/\/api.w.org\/{rel}","templated":true}]}}