{"id":57730,"date":"2021-06-08T09:37:37","date_gmt":"2021-06-08T13:37:37","guid":{"rendered":"https:\/\/machineriesbst.com\/?post_type=product&#038;p=57730"},"modified":"2023-11-30T20:24:17","modified_gmt":"2023-12-01T01:24:17","slug":"elix-k3-cnc-drilling-dowel-machine","status":"publish","type":"product","link":"https:\/\/machineriesbst.com\/en\/catalogue\/elix-k3-cnc-drilling-dowel-machine\/","title":{"rendered":"ELIX K3 CNC DRILLING &amp; DOWEL MACHINE"},"content":{"rendered":"<ul>\n<li>Fast, flexible and efficient, the Elix series is the most advanced horizontal insertion, glue and dowel machine on the market.<\/li>\n<li>Elix has advanced technologies to ensure that the glue and the dowels are correctly inserted.<\/li>\n<li>Digital control is the same XP600 PC driven technology used on the Rover line.<\/li>\n<li>The line offers different sizes and a wide variety of options to meet specific customer needs.<\/li>\n<li>Elix is a key machine for efficient cabinet manufacturing cells.<\/li>\n<\/ul>\n<p><strong>Panel Standard Dimensions:<\/strong><\/p>\n<ul>\n<li>Width: 1300 mm<\/li>\n<li>Thickness: 10-40 mm<\/li>\n<li>Depth: 120mm<\/li>\n<li>X axis: Stroke: 1300 mm<\/li>\n<li>Head moving speed: 40m \/ min<\/li>\n<li>Z axis: 40 mm axis<\/li>\n<\/ul>\n<p><strong>Boring unit:<\/strong><\/p>\n<ul>\n<li>Rotation speed: 6000 rpm<\/li>\n<li>Depth: 30mm<\/li>\n<li>Bit diameter: 12 mm<\/li>\n<li>Manual drilling depth adjustment<\/li>\n<\/ul>\n<p><strong>Anchor insertion unit:<\/strong><\/p>\n<ul>\n<li>The Smart-Shot Ankle Insertion Unit<\/li>\n<li>2 sensors prevent anchor or glue defects.<\/li>\n<li>Standard Dowel Dim: 8x30mm<\/li>\n<li>Ankle projection: 14 mm<\/li>\n<li>Ankle unloading system<\/li>\n<\/ul>\n<p><strong>Glue system<\/strong><\/p>\n<ul>\n<li>Glue tank capacity: 8 Lt<\/li>\n<li>Glue density: 900 cps<\/li>\n<li>Electronic proportion of glue<\/li>\n<li>Equipped with a glue injector sensor<\/li>\n<\/ul>\n<p><strong>Computer-driven digital control:<\/strong><\/p>\n<ul>\n<li>Personal computer<\/li>\n<li>512 MB of RAM memory;<\/li>\n<li>80 GB CD and HD<\/li>\n<li>USB port<\/li>\n<li>17 &quot;LCD monitor<\/li>\n<li>Keyboard mouse<\/li>\n<li>Windows XP PRO<\/li>\n<li>Ethernet card; Serial line for barcode connection<\/li>\n<li>The software for the connection to the barcode reader is preloaded.<\/li>\n<\/ul>","protected":false},"excerpt":{"rendered":"<p>Fast, flexible and efficient, the Elix series is the most advanced horizontal, glue and dowel insertion machine on the market. Elix has advanced technologies to ensure that the glue and dowels are inserted correctly. The digital control is the same XP600 PC driven technology used on the line [\u2026]<\/p>","protected":false},"author":3,"featured_media":50317,"comment_status":"open","ping_status":"closed","template":"","meta":[],"product_cat":[86],"product_tag":[],"acf":[],"yoast_head":"<!-- This site is optimized with the Yoast SEO plugin v16.8 - https:\/\/yoast.com\/wordpress\/plugins\/seo\/ -->\n<title>ELIX K3 CNC DRILLING &amp; DOWEL MACHINE - Machineries BST<\/title>\n<meta name=\"robots\" content=\"index, follow, max-snippet:-1, max-image-preview:large, max-video-preview:-1\" \/>\n<link rel=\"canonical\" href=\"https:\/\/machineriesbst.com\/en\/catalogue\/elix-k3-cnc-drilling-dowel-machine\/\" \/>\n<meta property=\"og:locale\" content=\"en_US\" \/>\n<meta property=\"og:type\" content=\"article\" \/>\n<meta property=\"og:title\" content=\"ELIX K3 CNC DRILLING &amp; DOWEL MACHINE - Machineries BST\" \/>\n<meta property=\"og:description\" content=\"Rapide, flexible et efficace, la s\u00e9rie Elix est la machine d&#039;insertion horizontale, de colle et de chevilles la plus avanc\u00e9e sur le march\u00e9. Elix dispose de technologies de pointe pour s&#039;assurer que la colle et les chevilles sont correctement ins\u00e9r\u00e9s. Le contr\u00f4le num\u00e9rique est la m\u00eame technologie pilot\u00e9e par PC XP600 utilis\u00e9e sur la ligne [&hellip;]\" \/>\n<meta property=\"og:url\" content=\"https:\/\/machineriesbst.com\/en\/catalogue\/elix-k3-cnc-drilling-dowel-machine\/\" \/>\n<meta property=\"og:site_name\" content=\"Machineries BST\" \/>\n<meta property=\"article:modified_time\" content=\"2023-12-01T01:24:17+00:00\" \/>\n<meta property=\"og:image\" content=\"https:\/\/machineriesbst.com\/wp-content\/uploads\/2021\/05\/948.jpg\" \/>\n\t<meta property=\"og:image:width\" content=\"2064\" \/>\n\t<meta property=\"og:image:height\" content=\"1161\" \/>\n<meta name=\"twitter:card\" content=\"summary_large_image\" \/>\n<meta name=\"twitter:label1\" content=\"Est. reading time\" \/>\n\t<meta name=\"twitter:data1\" content=\"1 minute\" \/>\n<script type=\"application\/ld+json\" class=\"yoast-schema-graph\">{\"@context\":\"https:\/\/schema.org\",\"@graph\":[{\"@type\":\"WebSite\",\"@id\":\"https:\/\/machineriesbst.com\/en\/#website\",\"url\":\"https:\/\/machineriesbst.com\/en\/\",\"name\":\"Machineries BST\",\"description\":\"Machines neuves &amp; usag\\u00e9es\",\"potentialAction\":[{\"@type\":\"SearchAction\",\"target\":{\"@type\":\"EntryPoint\",\"urlTemplate\":\"https:\/\/machineriesbst.com\/en\/?s={search_term_string}\"},\"query-input\":\"required name=search_term_string\"}],\"inLanguage\":\"en-US\"},{\"@type\":\"ImageObject\",\"@id\":\"https:\/\/machineriesbst.com\/en\/catalogue\/elix-k3-cnc-drilling-dowel-machine\/#primaryimage\",\"inLanguage\":\"en-US\",\"url\":\"https:\/\/machineriesbst.com\/wp-content\/uploads\/2021\/05\/948.jpg\",\"contentUrl\":\"https:\/\/machineriesbst.com\/wp-content\/uploads\/2021\/05\/948.jpg\",\"width\":2064,\"height\":1161},{\"@type\":\"WebPage\",\"@id\":\"https:\/\/machineriesbst.com\/en\/catalogue\/elix-k3-cnc-drilling-dowel-machine\/#webpage\",\"url\":\"https:\/\/machineriesbst.com\/en\/catalogue\/elix-k3-cnc-drilling-dowel-machine\/\",\"name\":\"ELIX K3 CNC DRILLING & DOWEL MACHINE - Machineries BST\",\"isPartOf\":{\"@id\":\"https:\/\/machineriesbst.com\/en\/#website\"},\"primaryImageOfPage\":{\"@id\":\"https:\/\/machineriesbst.com\/en\/catalogue\/elix-k3-cnc-drilling-dowel-machine\/#primaryimage\"},\"datePublished\":\"2021-06-08T13:37:37+00:00\",\"dateModified\":\"2023-12-01T01:24:17+00:00\",\"breadcrumb\":{\"@id\":\"https:\/\/machineriesbst.com\/en\/catalogue\/elix-k3-cnc-drilling-dowel-machine\/#breadcrumb\"},\"inLanguage\":\"en-US\",\"potentialAction\":[{\"@type\":\"ReadAction\",\"target\":[\"https:\/\/machineriesbst.com\/en\/catalogue\/elix-k3-cnc-drilling-dowel-machine\/\"]}]},{\"@type\":\"BreadcrumbList\",\"@id\":\"https:\/\/machineriesbst.com\/en\/catalogue\/elix-k3-cnc-drilling-dowel-machine\/#breadcrumb\",\"itemListElement\":[{\"@type\":\"ListItem\",\"position\":1,\"name\":\"Accueil\",\"item\":\"https:\/\/machineriesbst.com\/en\/\"},{\"@type\":\"ListItem\",\"position\":2,\"name\":\"Catalogue\",\"item\":\"https:\/\/machineriesbst.com\/en\/catalog\/\"},{\"@type\":\"ListItem\",\"position\":3,\"name\":\"ELIX K3 CNC DRILLING &#038; DOWEL MACHINE\"}]}]}<\/script>\n<!-- \/ Yoast SEO plugin. -->","yoast_head_json":{"title":"ELIX K3 CNC DRILLING & DOWEL MACHINE - Machineries BST","robots":{"index":"index","follow":"follow","max-snippet":"max-snippet:-1","max-image-preview":"max-image-preview:large","max-video-preview":"max-video-preview:-1"},"canonical":"https:\/\/machineriesbst.com\/en\/catalogue\/elix-k3-cnc-drilling-dowel-machine\/","og_locale":"en_US","og_type":"article","og_title":"ELIX K3 CNC DRILLING & DOWEL MACHINE - Machineries BST","og_description":"Rapide, flexible et efficace, la s\u00e9rie Elix est la machine d'insertion horizontale, de colle et de chevilles la plus avanc\u00e9e sur le march\u00e9. Elix dispose de technologies de pointe pour s'assurer que la colle et les chevilles sont correctement ins\u00e9r\u00e9s. Le contr\u00f4le num\u00e9rique est la m\u00eame technologie pilot\u00e9e par PC XP600 utilis\u00e9e sur la ligne [&hellip;]","og_url":"https:\/\/machineriesbst.com\/en\/catalogue\/elix-k3-cnc-drilling-dowel-machine\/","og_site_name":"Machineries BST","article_modified_time":"2023-12-01T01:24:17+00:00","og_image":[{"width":2064,"height":1161,"url":"https:\/\/machineriesbst.com\/wp-content\/uploads\/2021\/05\/948.jpg","path":"\/home\/jepeto\/public_html\/wp-content\/uploads\/2021\/05\/948.jpg","size":"full","id":50317,"alt":"","pixels":2396304,"type":"image\/jpeg"}],"twitter_card":"summary_large_image","twitter_misc":{"Est. reading time":"1 minute"},"schema":{"@context":"https:\/\/schema.org","@graph":[{"@type":"WebSite","@id":"https:\/\/machineriesbst.com\/en\/#website","url":"https:\/\/machineriesbst.com\/en\/","name":"Machineries BST","description":"Machines neuves &amp; usag\u00e9es","potentialAction":[{"@type":"SearchAction","target":{"@type":"EntryPoint","urlTemplate":"https:\/\/machineriesbst.com\/en\/?s={search_term_string}"},"query-input":"required name=search_term_string"}],"inLanguage":"en-US"},{"@type":"ImageObject","@id":"https:\/\/machineriesbst.com\/en\/catalogue\/elix-k3-cnc-drilling-dowel-machine\/#primaryimage","inLanguage":"en-US","url":"https:\/\/machineriesbst.com\/wp-content\/uploads\/2021\/05\/948.jpg","contentUrl":"https:\/\/machineriesbst.com\/wp-content\/uploads\/2021\/05\/948.jpg","width":2064,"height":1161},{"@type":"WebPage","@id":"https:\/\/machineriesbst.com\/en\/catalogue\/elix-k3-cnc-drilling-dowel-machine\/#webpage","url":"https:\/\/machineriesbst.com\/en\/catalogue\/elix-k3-cnc-drilling-dowel-machine\/","name":"ELIX K3 CNC DRILLING & DOWEL MACHINE - Machineries BST","isPartOf":{"@id":"https:\/\/machineriesbst.com\/en\/#website"},"primaryImageOfPage":{"@id":"https:\/\/machineriesbst.com\/en\/catalogue\/elix-k3-cnc-drilling-dowel-machine\/#primaryimage"},"datePublished":"2021-06-08T13:37:37+00:00","dateModified":"2023-12-01T01:24:17+00:00","breadcrumb":{"@id":"https:\/\/machineriesbst.com\/en\/catalogue\/elix-k3-cnc-drilling-dowel-machine\/#breadcrumb"},"inLanguage":"en-US","potentialAction":[{"@type":"ReadAction","target":["https:\/\/machineriesbst.com\/en\/catalogue\/elix-k3-cnc-drilling-dowel-machine\/"]}]},{"@type":"BreadcrumbList","@id":"https:\/\/machineriesbst.com\/en\/catalogue\/elix-k3-cnc-drilling-dowel-machine\/#breadcrumb","itemListElement":[{"@type":"ListItem","position":1,"name":"Accueil","item":"https:\/\/machineriesbst.com\/en\/"},{"@type":"ListItem","position":2,"name":"Catalogue","item":"https:\/\/machineriesbst.com\/en\/catalog\/"},{"@type":"ListItem","position":3,"name":"ELIX K3 CNC DRILLING &#038; DOWEL MACHINE"}]}]}},"_links":{"self":[{"href":"https:\/\/machineriesbst.com\/en\/wp-json\/wp\/v2\/product\/57730"}],"collection":[{"href":"https:\/\/machineriesbst.com\/en\/wp-json\/wp\/v2\/product"}],"about":[{"href":"https:\/\/machineriesbst.com\/en\/wp-json\/wp\/v2\/types\/product"}],"author":[{"embeddable":true,"href":"https:\/\/machineriesbst.com\/en\/wp-json\/wp\/v2\/users\/3"}],"replies":[{"embeddable":true,"href":"https:\/\/machineriesbst.com\/en\/wp-json\/wp\/v2\/comments?post=57730"}],"wp:featuredmedia":[{"embeddable":true,"href":"https:\/\/machineriesbst.com\/en\/wp-json\/wp\/v2\/media\/50317"}],"wp:attachment":[{"href":"https:\/\/machineriesbst.com\/en\/wp-json\/wp\/v2\/media?parent=57730"}],"wp:term":[{"taxonomy":"product_cat","embeddable":true,"href":"https:\/\/machineriesbst.com\/en\/wp-json\/wp\/v2\/product_cat?post=57730"},{"taxonomy":"product_tag","embeddable":true,"href":"https:\/\/machineriesbst.com\/en\/wp-json\/wp\/v2\/product_tag?post=57730"}],"curies":[{"name":"wp","href":"https:\/\/api.w.org\/{rel}","templated":true}]}}