{"id":57727,"date":"2021-06-08T09:37:36","date_gmt":"2021-06-08T13:37:36","guid":{"rendered":"https:\/\/machineriesbst.com\/?post_type=product&#038;p=57727"},"modified":"2023-11-30T20:24:17","modified_gmt":"2023-12-01T01:24:17","slug":"planeur-4-faces-martin-t-90","status":"publish","type":"product","link":"https:\/\/machineriesbst.com\/en\/catalogue\/planeur-4-faces-martin-t-90\/","title":{"rendered":"Martin T-90 4-sided glider"},"content":{"rendered":"<ul>\n<li>Martin<\/li>\n<li>Superb condition<br \/>\nThe best of the best<\/li>\n<li>Four-sided planer in excellent condition 460v 3phase (I have a transformer for sale if needed)<\/li>\n<li>Programmable width and cutting depth 250 mm wide X 160 mm deep.<\/li>\n<li>Includes output and feed table extension and tongue cutter set, additional feed rollers and tools.<\/li>\n<\/ul>","protected":false},"excerpt":{"rendered":"<p>Martin Superb condition Best of the best Four sided planer in excellent condition 460v 3phase (I have a transformer for sale if needed) Programmable width and cutting depth 250mm wide X 160mm deep. Includes output and feed table extension and tongue cutter set, additional feed rollers [\u2026]<\/p>","protected":false},"author":3,"featured_media":50309,"comment_status":"open","ping_status":"closed","template":"","meta":[],"product_cat":[3025],"product_tag":[],"acf":[],"yoast_head":"<!-- This site is optimized with the Yoast SEO plugin v16.8 - https:\/\/yoast.com\/wordpress\/plugins\/seo\/ -->\n<title>Planeur 4 faces Martin T-90 - Machineries BST<\/title>\n<meta name=\"robots\" content=\"index, follow, max-snippet:-1, max-image-preview:large, max-video-preview:-1\" \/>\n<link rel=\"canonical\" href=\"https:\/\/machineriesbst.com\/en\/catalogue\/planeur-4-faces-martin-t-90\/\" \/>\n<meta property=\"og:locale\" content=\"en_US\" \/>\n<meta property=\"og:type\" content=\"article\" \/>\n<meta property=\"og:title\" content=\"Planeur 4 faces Martin T-90 - Machineries BST\" \/>\n<meta property=\"og:description\" content=\"Martin Superbe condition Le meilleur des meilleurs Raboteuse \u00e0 quatre faces en excellent \u00e9tat 460v 3phase (j&#039;ai un transformateur \u00e0 vendre si n\u00e9cessaire) Largeur programmable et profondeur de coupe 250 mm de largeur X 160 mm de profondeur. Comprend une extension de table de sortie et d&#039;alimentation et un ensemble de coupe-languette, rouleaux d&#039;alimentation suppl\u00e9mentaires [&hellip;]\" \/>\n<meta property=\"og:url\" content=\"https:\/\/machineriesbst.com\/en\/catalogue\/planeur-4-faces-martin-t-90\/\" \/>\n<meta property=\"og:site_name\" content=\"Machineries BST\" \/>\n<meta property=\"article:modified_time\" content=\"2023-12-01T01:24:17+00:00\" \/>\n<meta property=\"og:image\" content=\"https:\/\/machineriesbst.com\/wp-content\/uploads\/2021\/05\/1-36-1-scaled.jpg\" \/>\n\t<meta property=\"og:image:width\" content=\"2560\" \/>\n\t<meta property=\"og:image:height\" content=\"1920\" \/>\n<meta name=\"twitter:card\" content=\"summary_large_image\" \/>\n<script type=\"application\/ld+json\" class=\"yoast-schema-graph\">{\"@context\":\"https:\/\/schema.org\",\"@graph\":[{\"@type\":\"WebSite\",\"@id\":\"https:\/\/machineriesbst.com\/en\/#website\",\"url\":\"https:\/\/machineriesbst.com\/en\/\",\"name\":\"Machineries BST\",\"description\":\"Machines neuves &amp; usag\\u00e9es\",\"potentialAction\":[{\"@type\":\"SearchAction\",\"target\":{\"@type\":\"EntryPoint\",\"urlTemplate\":\"https:\/\/machineriesbst.com\/en\/?s={search_term_string}\"},\"query-input\":\"required name=search_term_string\"}],\"inLanguage\":\"en-US\"},{\"@type\":\"ImageObject\",\"@id\":\"https:\/\/machineriesbst.com\/en\/catalogue\/planeur-4-faces-martin-t-90\/#primaryimage\",\"inLanguage\":\"en-US\",\"url\":\"https:\/\/machineriesbst.com\/wp-content\/uploads\/2021\/05\/1-36-1-scaled.jpg\",\"contentUrl\":\"https:\/\/machineriesbst.com\/wp-content\/uploads\/2021\/05\/1-36-1-scaled.jpg\",\"width\":2560,\"height\":1920},{\"@type\":\"WebPage\",\"@id\":\"https:\/\/machineriesbst.com\/en\/catalogue\/planeur-4-faces-martin-t-90\/#webpage\",\"url\":\"https:\/\/machineriesbst.com\/en\/catalogue\/planeur-4-faces-martin-t-90\/\",\"name\":\"Planeur 4 faces Martin T-90 - Machineries BST\",\"isPartOf\":{\"@id\":\"https:\/\/machineriesbst.com\/en\/#website\"},\"primaryImageOfPage\":{\"@id\":\"https:\/\/machineriesbst.com\/en\/catalogue\/planeur-4-faces-martin-t-90\/#primaryimage\"},\"datePublished\":\"2021-06-08T13:37:36+00:00\",\"dateModified\":\"2023-12-01T01:24:17+00:00\",\"breadcrumb\":{\"@id\":\"https:\/\/machineriesbst.com\/en\/catalogue\/planeur-4-faces-martin-t-90\/#breadcrumb\"},\"inLanguage\":\"en-US\",\"potentialAction\":[{\"@type\":\"ReadAction\",\"target\":[\"https:\/\/machineriesbst.com\/en\/catalogue\/planeur-4-faces-martin-t-90\/\"]}]},{\"@type\":\"BreadcrumbList\",\"@id\":\"https:\/\/machineriesbst.com\/en\/catalogue\/planeur-4-faces-martin-t-90\/#breadcrumb\",\"itemListElement\":[{\"@type\":\"ListItem\",\"position\":1,\"name\":\"Accueil\",\"item\":\"https:\/\/machineriesbst.com\/en\/\"},{\"@type\":\"ListItem\",\"position\":2,\"name\":\"Catalogue\",\"item\":\"https:\/\/machineriesbst.com\/en\/catalog\/\"},{\"@type\":\"ListItem\",\"position\":3,\"name\":\"Planeur 4 faces Martin T-90\"}]}]}<\/script>\n<!-- \/ Yoast SEO plugin. -->","yoast_head_json":{"title":"Planeur 4 faces Martin T-90 - Machineries BST","robots":{"index":"index","follow":"follow","max-snippet":"max-snippet:-1","max-image-preview":"max-image-preview:large","max-video-preview":"max-video-preview:-1"},"canonical":"https:\/\/machineriesbst.com\/en\/catalogue\/planeur-4-faces-martin-t-90\/","og_locale":"en_US","og_type":"article","og_title":"Planeur 4 faces Martin T-90 - Machineries BST","og_description":"Martin Superbe condition Le meilleur des meilleurs Raboteuse \u00e0 quatre faces en excellent \u00e9tat 460v 3phase (j'ai un transformateur \u00e0 vendre si n\u00e9cessaire) Largeur programmable et profondeur de coupe 250 mm de largeur X 160 mm de profondeur. Comprend une extension de table de sortie et d'alimentation et un ensemble de coupe-languette, rouleaux d'alimentation suppl\u00e9mentaires [&hellip;]","og_url":"https:\/\/machineriesbst.com\/en\/catalogue\/planeur-4-faces-martin-t-90\/","og_site_name":"Machineries BST","article_modified_time":"2023-12-01T01:24:17+00:00","og_image":[{"width":2560,"height":1920,"url":"https:\/\/machineriesbst.com\/wp-content\/uploads\/2021\/05\/1-36-1-scaled.jpg","path":"\/home\/jepeto\/public_html\/wp-content\/uploads\/2021\/05\/1-36-1-scaled.jpg","size":"full","id":50309,"alt":"","pixels":4915200,"type":"image\/jpeg"}],"twitter_card":"summary_large_image","schema":{"@context":"https:\/\/schema.org","@graph":[{"@type":"WebSite","@id":"https:\/\/machineriesbst.com\/en\/#website","url":"https:\/\/machineriesbst.com\/en\/","name":"Machineries BST","description":"Machines neuves &amp; usag\u00e9es","potentialAction":[{"@type":"SearchAction","target":{"@type":"EntryPoint","urlTemplate":"https:\/\/machineriesbst.com\/en\/?s={search_term_string}"},"query-input":"required name=search_term_string"}],"inLanguage":"en-US"},{"@type":"ImageObject","@id":"https:\/\/machineriesbst.com\/en\/catalogue\/planeur-4-faces-martin-t-90\/#primaryimage","inLanguage":"en-US","url":"https:\/\/machineriesbst.com\/wp-content\/uploads\/2021\/05\/1-36-1-scaled.jpg","contentUrl":"https:\/\/machineriesbst.com\/wp-content\/uploads\/2021\/05\/1-36-1-scaled.jpg","width":2560,"height":1920},{"@type":"WebPage","@id":"https:\/\/machineriesbst.com\/en\/catalogue\/planeur-4-faces-martin-t-90\/#webpage","url":"https:\/\/machineriesbst.com\/en\/catalogue\/planeur-4-faces-martin-t-90\/","name":"Planeur 4 faces Martin T-90 - Machineries BST","isPartOf":{"@id":"https:\/\/machineriesbst.com\/en\/#website"},"primaryImageOfPage":{"@id":"https:\/\/machineriesbst.com\/en\/catalogue\/planeur-4-faces-martin-t-90\/#primaryimage"},"datePublished":"2021-06-08T13:37:36+00:00","dateModified":"2023-12-01T01:24:17+00:00","breadcrumb":{"@id":"https:\/\/machineriesbst.com\/en\/catalogue\/planeur-4-faces-martin-t-90\/#breadcrumb"},"inLanguage":"en-US","potentialAction":[{"@type":"ReadAction","target":["https:\/\/machineriesbst.com\/en\/catalogue\/planeur-4-faces-martin-t-90\/"]}]},{"@type":"BreadcrumbList","@id":"https:\/\/machineriesbst.com\/en\/catalogue\/planeur-4-faces-martin-t-90\/#breadcrumb","itemListElement":[{"@type":"ListItem","position":1,"name":"Accueil","item":"https:\/\/machineriesbst.com\/en\/"},{"@type":"ListItem","position":2,"name":"Catalogue","item":"https:\/\/machineriesbst.com\/en\/catalog\/"},{"@type":"ListItem","position":3,"name":"Planeur 4 faces Martin T-90"}]}]}},"_links":{"self":[{"href":"https:\/\/machineriesbst.com\/en\/wp-json\/wp\/v2\/product\/57727"}],"collection":[{"href":"https:\/\/machineriesbst.com\/en\/wp-json\/wp\/v2\/product"}],"about":[{"href":"https:\/\/machineriesbst.com\/en\/wp-json\/wp\/v2\/types\/product"}],"author":[{"embeddable":true,"href":"https:\/\/machineriesbst.com\/en\/wp-json\/wp\/v2\/users\/3"}],"replies":[{"embeddable":true,"href":"https:\/\/machineriesbst.com\/en\/wp-json\/wp\/v2\/comments?post=57727"}],"wp:featuredmedia":[{"embeddable":true,"href":"https:\/\/machineriesbst.com\/en\/wp-json\/wp\/v2\/media\/50309"}],"wp:attachment":[{"href":"https:\/\/machineriesbst.com\/en\/wp-json\/wp\/v2\/media?parent=57727"}],"wp:term":[{"taxonomy":"product_cat","embeddable":true,"href":"https:\/\/machineriesbst.com\/en\/wp-json\/wp\/v2\/product_cat?post=57727"},{"taxonomy":"product_tag","embeddable":true,"href":"https:\/\/machineriesbst.com\/en\/wp-json\/wp\/v2\/product_tag?post=57727"}],"curies":[{"name":"wp","href":"https:\/\/api.w.org\/{rel}","templated":true}]}}