{"id":57701,"date":"2021-06-08T09:36:47","date_gmt":"2021-06-08T13:36:47","guid":{"rendered":"https:\/\/machineriesbst.com\/?post_type=product&#038;p=57701"},"modified":"2023-11-30T20:24:17","modified_gmt":"2023-12-01T01:24:17","slug":"broyeur-a-marteaux-40-hp-machinerie-berniere","status":"publish","type":"product","link":"https:\/\/machineriesbst.com\/en\/catalogue\/broyeur-a-marteaux-40-hp-machinerie-berniere\/","title":{"rendered":"40 hp hammer mill Berni\u00e8re machinery"},"content":{"rendered":"<p>40 hp 600 volt motor. Entrance 11 x 14 inches wide. 1 &quot;\u00bc grid.<\/p>\n<p>Horizontal type. This crusher was used to crush strips of melamine.<\/p>\n<p>Capacity approx. 1 or 2 tonnes per hour without fan<\/p>\n<p>Including: control panel that can control the crusher, conveyor, endless screw, reserve ...<\/p>\n<p>Optional 20 hp fan.<\/p>\n<p>&nbsp;<\/p>\n<p>&nbsp;<\/p>","protected":false},"excerpt":{"rendered":"<p>40 hp 600 volt motor. Entrance 11 x 14 inches wide. Grid of 1&quot;\u00bc. Horizontal type. This crusher was used to crush melamine strips. Capacity approximately 1 or 2 tons per hour without fan Including: control panel that can control the crusher, conveyor, auger, reserve\u2026 20 hp fan [\u2026]<\/p>","protected":false},"author":3,"featured_media":50222,"comment_status":"open","ping_status":"closed","template":"","meta":[],"product_cat":[229,3016],"product_tag":[],"acf":[],"yoast_head":"<!-- This site is optimized with the Yoast SEO plugin v16.8 - https:\/\/yoast.com\/wordpress\/plugins\/seo\/ -->\n<title>Broyeur \u00e0 Marteaux 40 HP Machinerie Berni\u00e8re - Machineries BST<\/title>\n<meta name=\"robots\" content=\"index, follow, max-snippet:-1, max-image-preview:large, max-video-preview:-1\" \/>\n<link rel=\"canonical\" href=\"https:\/\/machineriesbst.com\/en\/catalogue\/broyeur-a-marteaux-40-hp-machinerie-berniere\/\" \/>\n<meta property=\"og:locale\" content=\"en_US\" \/>\n<meta property=\"og:type\" content=\"article\" \/>\n<meta property=\"og:title\" content=\"Broyeur \u00e0 Marteaux 40 HP Machinerie Berni\u00e8re - Machineries BST\" \/>\n<meta property=\"og:description\" content=\"Moteur 40 hp 600 volts. Entr\u00e9e de 11 x 14 pouces de largeur.Grille de 1&quot;\u00bc . Type horizontale . Ce broyeur servait a broy\u00e9 des strips de m\u00e9lamine. Capacit\u00e9 environ 1 \u00a0ou 2 tonnes par heure sans ventilateur Incluant: \u00a0panneau de contr\u00f4le pouvant contr\u00f4l\u00e9 le broyeur, convoyeur, vis sans fin, r\u00e9serve\u2026 Ventilateur de \u00a020 hp [&hellip;]\" \/>\n<meta property=\"og:url\" content=\"https:\/\/machineriesbst.com\/en\/catalogue\/broyeur-a-marteaux-40-hp-machinerie-berniere\/\" \/>\n<meta property=\"og:site_name\" content=\"Machineries BST\" \/>\n<meta property=\"article:modified_time\" content=\"2023-12-01T01:24:17+00:00\" \/>\n<meta property=\"og:image\" content=\"https:\/\/machineriesbst.com\/wp-content\/uploads\/2021\/05\/broyeur-4.jpg\" \/>\n\t<meta property=\"og:image:width\" content=\"640\" \/>\n\t<meta property=\"og:image:height\" content=\"436\" \/>\n<meta name=\"twitter:card\" content=\"summary_large_image\" \/>\n<script type=\"application\/ld+json\" class=\"yoast-schema-graph\">{\"@context\":\"https:\/\/schema.org\",\"@graph\":[{\"@type\":\"WebSite\",\"@id\":\"https:\/\/machineriesbst.com\/en\/#website\",\"url\":\"https:\/\/machineriesbst.com\/en\/\",\"name\":\"Machineries BST\",\"description\":\"Machines neuves &amp; usag\\u00e9es\",\"potentialAction\":[{\"@type\":\"SearchAction\",\"target\":{\"@type\":\"EntryPoint\",\"urlTemplate\":\"https:\/\/machineriesbst.com\/en\/?s={search_term_string}\"},\"query-input\":\"required name=search_term_string\"}],\"inLanguage\":\"en-US\"},{\"@type\":\"ImageObject\",\"@id\":\"https:\/\/machineriesbst.com\/en\/catalogue\/broyeur-a-marteaux-40-hp-machinerie-berniere\/#primaryimage\",\"inLanguage\":\"en-US\",\"url\":\"https:\/\/machineriesbst.com\/wp-content\/uploads\/2021\/05\/broyeur-4.jpg\",\"contentUrl\":\"https:\/\/machineriesbst.com\/wp-content\/uploads\/2021\/05\/broyeur-4.jpg\",\"width\":640,\"height\":436},{\"@type\":\"WebPage\",\"@id\":\"https:\/\/machineriesbst.com\/en\/catalogue\/broyeur-a-marteaux-40-hp-machinerie-berniere\/#webpage\",\"url\":\"https:\/\/machineriesbst.com\/en\/catalogue\/broyeur-a-marteaux-40-hp-machinerie-berniere\/\",\"name\":\"Broyeur \\u00e0 Marteaux 40 HP Machinerie Berni\\u00e8re - Machineries BST\",\"isPartOf\":{\"@id\":\"https:\/\/machineriesbst.com\/en\/#website\"},\"primaryImageOfPage\":{\"@id\":\"https:\/\/machineriesbst.com\/en\/catalogue\/broyeur-a-marteaux-40-hp-machinerie-berniere\/#primaryimage\"},\"datePublished\":\"2021-06-08T13:36:47+00:00\",\"dateModified\":\"2023-12-01T01:24:17+00:00\",\"breadcrumb\":{\"@id\":\"https:\/\/machineriesbst.com\/en\/catalogue\/broyeur-a-marteaux-40-hp-machinerie-berniere\/#breadcrumb\"},\"inLanguage\":\"en-US\",\"potentialAction\":[{\"@type\":\"ReadAction\",\"target\":[\"https:\/\/machineriesbst.com\/en\/catalogue\/broyeur-a-marteaux-40-hp-machinerie-berniere\/\"]}]},{\"@type\":\"BreadcrumbList\",\"@id\":\"https:\/\/machineriesbst.com\/en\/catalogue\/broyeur-a-marteaux-40-hp-machinerie-berniere\/#breadcrumb\",\"itemListElement\":[{\"@type\":\"ListItem\",\"position\":1,\"name\":\"Accueil\",\"item\":\"https:\/\/machineriesbst.com\/en\/\"},{\"@type\":\"ListItem\",\"position\":2,\"name\":\"Catalogue\",\"item\":\"https:\/\/machineriesbst.com\/en\/catalog\/\"},{\"@type\":\"ListItem\",\"position\":3,\"name\":\"Broyeur \\u00e0 Marteaux 40 HP Machinerie Berni\\u00e8re\"}]}]}<\/script>\n<!-- \/ Yoast SEO plugin. -->","yoast_head_json":{"title":"Broyeur \u00e0 Marteaux 40 HP Machinerie Berni\u00e8re - Machineries BST","robots":{"index":"index","follow":"follow","max-snippet":"max-snippet:-1","max-image-preview":"max-image-preview:large","max-video-preview":"max-video-preview:-1"},"canonical":"https:\/\/machineriesbst.com\/en\/catalogue\/broyeur-a-marteaux-40-hp-machinerie-berniere\/","og_locale":"en_US","og_type":"article","og_title":"Broyeur \u00e0 Marteaux 40 HP Machinerie Berni\u00e8re - Machineries BST","og_description":"Moteur 40 hp 600 volts. Entr\u00e9e de 11 x 14 pouces de largeur.Grille de 1\"\u00bc . Type horizontale . Ce broyeur servait a broy\u00e9 des strips de m\u00e9lamine. Capacit\u00e9 environ 1 \u00a0ou 2 tonnes par heure sans ventilateur Incluant: \u00a0panneau de contr\u00f4le pouvant contr\u00f4l\u00e9 le broyeur, convoyeur, vis sans fin, r\u00e9serve\u2026 Ventilateur de \u00a020 hp [&hellip;]","og_url":"https:\/\/machineriesbst.com\/en\/catalogue\/broyeur-a-marteaux-40-hp-machinerie-berniere\/","og_site_name":"Machineries BST","article_modified_time":"2023-12-01T01:24:17+00:00","og_image":[{"width":640,"height":436,"url":"https:\/\/machineriesbst.com\/wp-content\/uploads\/2021\/05\/broyeur-4.jpg","path":"\/home\/jepeto\/public_html\/wp-content\/uploads\/2021\/05\/broyeur-4.jpg","size":"full","id":50222,"alt":"","pixels":279040,"type":"image\/jpeg"}],"twitter_card":"summary_large_image","schema":{"@context":"https:\/\/schema.org","@graph":[{"@type":"WebSite","@id":"https:\/\/machineriesbst.com\/en\/#website","url":"https:\/\/machineriesbst.com\/en\/","name":"Machineries BST","description":"Machines neuves &amp; usag\u00e9es","potentialAction":[{"@type":"SearchAction","target":{"@type":"EntryPoint","urlTemplate":"https:\/\/machineriesbst.com\/en\/?s={search_term_string}"},"query-input":"required name=search_term_string"}],"inLanguage":"en-US"},{"@type":"ImageObject","@id":"https:\/\/machineriesbst.com\/en\/catalogue\/broyeur-a-marteaux-40-hp-machinerie-berniere\/#primaryimage","inLanguage":"en-US","url":"https:\/\/machineriesbst.com\/wp-content\/uploads\/2021\/05\/broyeur-4.jpg","contentUrl":"https:\/\/machineriesbst.com\/wp-content\/uploads\/2021\/05\/broyeur-4.jpg","width":640,"height":436},{"@type":"WebPage","@id":"https:\/\/machineriesbst.com\/en\/catalogue\/broyeur-a-marteaux-40-hp-machinerie-berniere\/#webpage","url":"https:\/\/machineriesbst.com\/en\/catalogue\/broyeur-a-marteaux-40-hp-machinerie-berniere\/","name":"Broyeur \u00e0 Marteaux 40 HP Machinerie Berni\u00e8re - Machineries BST","isPartOf":{"@id":"https:\/\/machineriesbst.com\/en\/#website"},"primaryImageOfPage":{"@id":"https:\/\/machineriesbst.com\/en\/catalogue\/broyeur-a-marteaux-40-hp-machinerie-berniere\/#primaryimage"},"datePublished":"2021-06-08T13:36:47+00:00","dateModified":"2023-12-01T01:24:17+00:00","breadcrumb":{"@id":"https:\/\/machineriesbst.com\/en\/catalogue\/broyeur-a-marteaux-40-hp-machinerie-berniere\/#breadcrumb"},"inLanguage":"en-US","potentialAction":[{"@type":"ReadAction","target":["https:\/\/machineriesbst.com\/en\/catalogue\/broyeur-a-marteaux-40-hp-machinerie-berniere\/"]}]},{"@type":"BreadcrumbList","@id":"https:\/\/machineriesbst.com\/en\/catalogue\/broyeur-a-marteaux-40-hp-machinerie-berniere\/#breadcrumb","itemListElement":[{"@type":"ListItem","position":1,"name":"Accueil","item":"https:\/\/machineriesbst.com\/en\/"},{"@type":"ListItem","position":2,"name":"Catalogue","item":"https:\/\/machineriesbst.com\/en\/catalog\/"},{"@type":"ListItem","position":3,"name":"Broyeur \u00e0 Marteaux 40 HP Machinerie Berni\u00e8re"}]}]}},"_links":{"self":[{"href":"https:\/\/machineriesbst.com\/en\/wp-json\/wp\/v2\/product\/57701"}],"collection":[{"href":"https:\/\/machineriesbst.com\/en\/wp-json\/wp\/v2\/product"}],"about":[{"href":"https:\/\/machineriesbst.com\/en\/wp-json\/wp\/v2\/types\/product"}],"author":[{"embeddable":true,"href":"https:\/\/machineriesbst.com\/en\/wp-json\/wp\/v2\/users\/3"}],"replies":[{"embeddable":true,"href":"https:\/\/machineriesbst.com\/en\/wp-json\/wp\/v2\/comments?post=57701"}],"wp:featuredmedia":[{"embeddable":true,"href":"https:\/\/machineriesbst.com\/en\/wp-json\/wp\/v2\/media\/50222"}],"wp:attachment":[{"href":"https:\/\/machineriesbst.com\/en\/wp-json\/wp\/v2\/media?parent=57701"}],"wp:term":[{"taxonomy":"product_cat","embeddable":true,"href":"https:\/\/machineriesbst.com\/en\/wp-json\/wp\/v2\/product_cat?post=57701"},{"taxonomy":"product_tag","embeddable":true,"href":"https:\/\/machineriesbst.com\/en\/wp-json\/wp\/v2\/product_tag?post=57701"}],"curies":[{"name":"wp","href":"https:\/\/api.w.org\/{rel}","templated":true}]}}