{"id":57700,"date":"2021-06-08T09:36:46","date_gmt":"2021-06-08T13:36:46","guid":{"rendered":"https:\/\/machineriesbst.com\/?post_type=product&#038;p=57700"},"modified":"2023-11-30T20:24:17","modified_gmt":"2023-12-01T01:24:17","slug":"compresseur-a-vis-a-vitesse-variable-de-marque-kaeser-sfc-132-180hp","status":"publish","type":"product","link":"https:\/\/machineriesbst.com\/en\/catalogue\/compresseur-a-vis-a-vitesse-variable-de-marque-kaeser-sfc-132-180hp\/","title":{"rendered":"Kaeser brand variable speed screw compressor SFC-132 180HP"},"content":{"rendered":"<p>Kaeser SFC-132 180HP variable speed screw compressor rebuilt, screw block redone, electric motor redone, fan motor redone, the compressor is ready to work 24 hours a day, this compressor can provide up to 919CFM, equipped a sigma-controlled programmable computer, practically new compressor.<br \/>\nmaintenance performed<\/p>\n<p>installation available<\/p>","protected":false},"excerpt":{"rendered":"<p>Kaeser SFC-132 180HP variable speed screw compressor rebuilt, screw block redone, electric motor redone, fan motor redone, the compressor is ready to work 24 hours a day, this compressor can provide up to 919CFM, equipped a sigma-controlled programmable computer, practically new compressor. maintenance performed installation available<\/p>","protected":false},"author":3,"featured_media":50216,"comment_status":"open","ping_status":"closed","template":"","meta":[],"product_cat":[320,3019],"product_tag":[],"acf":[],"yoast_head":"<!-- This site is optimized with the Yoast SEO plugin v16.8 - https:\/\/yoast.com\/wordpress\/plugins\/seo\/ -->\n<title>Compresseur \u00e0 vis \u00e0 vitesse variable de marque kaeser SFC-132 180HP - Machineries BST<\/title>\n<meta name=\"robots\" content=\"index, follow, max-snippet:-1, max-image-preview:large, max-video-preview:-1\" \/>\n<link rel=\"canonical\" href=\"https:\/\/machineriesbst.com\/en\/catalogue\/compresseur-a-vis-a-vitesse-variable-de-marque-kaeser-sfc-132-180hp\/\" \/>\n<meta property=\"og:locale\" content=\"en_US\" \/>\n<meta property=\"og:type\" content=\"article\" \/>\n<meta property=\"og:title\" content=\"Compresseur \u00e0 vis \u00e0 vitesse variable de marque kaeser SFC-132 180HP - Machineries BST\" \/>\n<meta property=\"og:description\" content=\"Compresseur \u00e0 vis \u00e0 vitesse variable de marque kaeser SFC-132 180HP refait \u00e0 neuf, bloc vis refait, moteur \u00e9lectrique refait, moteur du fan refait, le compresseur est pr\u00eat a travailler 24h\/24, ce compresseur peut fournir jusqu&#039;\u00e0 919CFM,\u00e9quip\u00e9e d&#039;un ordinateur programable sigma controle, compresseur pratiquement neuf . maintenance effectu\u00e9e installation disponible\" \/>\n<meta property=\"og:url\" content=\"https:\/\/machineriesbst.com\/en\/catalogue\/compresseur-a-vis-a-vitesse-variable-de-marque-kaeser-sfc-132-180hp\/\" \/>\n<meta property=\"og:site_name\" content=\"Machineries BST\" \/>\n<meta property=\"article:modified_time\" content=\"2023-12-01T01:24:17+00:00\" \/>\n<meta property=\"og:image\" content=\"https:\/\/machineriesbst.com\/wp-content\/uploads\/2021\/05\/294897097.jpg\" \/>\n\t<meta property=\"og:image:width\" content=\"660\" \/>\n\t<meta property=\"og:image:height\" content=\"495\" \/>\n<meta name=\"twitter:card\" content=\"summary_large_image\" \/>\n<script type=\"application\/ld+json\" class=\"yoast-schema-graph\">{\"@context\":\"https:\/\/schema.org\",\"@graph\":[{\"@type\":\"WebSite\",\"@id\":\"https:\/\/machineriesbst.com\/en\/#website\",\"url\":\"https:\/\/machineriesbst.com\/en\/\",\"name\":\"Machineries BST\",\"description\":\"Machines neuves &amp; usag\\u00e9es\",\"potentialAction\":[{\"@type\":\"SearchAction\",\"target\":{\"@type\":\"EntryPoint\",\"urlTemplate\":\"https:\/\/machineriesbst.com\/en\/?s={search_term_string}\"},\"query-input\":\"required name=search_term_string\"}],\"inLanguage\":\"en-US\"},{\"@type\":\"ImageObject\",\"@id\":\"https:\/\/machineriesbst.com\/en\/catalogue\/compresseur-a-vis-a-vitesse-variable-de-marque-kaeser-sfc-132-180hp\/#primaryimage\",\"inLanguage\":\"en-US\",\"url\":\"https:\/\/machineriesbst.com\/wp-content\/uploads\/2021\/05\/294897097.jpg\",\"contentUrl\":\"https:\/\/machineriesbst.com\/wp-content\/uploads\/2021\/05\/294897097.jpg\",\"width\":660,\"height\":495},{\"@type\":\"WebPage\",\"@id\":\"https:\/\/machineriesbst.com\/en\/catalogue\/compresseur-a-vis-a-vitesse-variable-de-marque-kaeser-sfc-132-180hp\/#webpage\",\"url\":\"https:\/\/machineriesbst.com\/en\/catalogue\/compresseur-a-vis-a-vitesse-variable-de-marque-kaeser-sfc-132-180hp\/\",\"name\":\"Compresseur \\u00e0 vis \\u00e0 vitesse variable de marque kaeser SFC-132 180HP - Machineries BST\",\"isPartOf\":{\"@id\":\"https:\/\/machineriesbst.com\/en\/#website\"},\"primaryImageOfPage\":{\"@id\":\"https:\/\/machineriesbst.com\/en\/catalogue\/compresseur-a-vis-a-vitesse-variable-de-marque-kaeser-sfc-132-180hp\/#primaryimage\"},\"datePublished\":\"2021-06-08T13:36:46+00:00\",\"dateModified\":\"2023-12-01T01:24:17+00:00\",\"breadcrumb\":{\"@id\":\"https:\/\/machineriesbst.com\/en\/catalogue\/compresseur-a-vis-a-vitesse-variable-de-marque-kaeser-sfc-132-180hp\/#breadcrumb\"},\"inLanguage\":\"en-US\",\"potentialAction\":[{\"@type\":\"ReadAction\",\"target\":[\"https:\/\/machineriesbst.com\/en\/catalogue\/compresseur-a-vis-a-vitesse-variable-de-marque-kaeser-sfc-132-180hp\/\"]}]},{\"@type\":\"BreadcrumbList\",\"@id\":\"https:\/\/machineriesbst.com\/en\/catalogue\/compresseur-a-vis-a-vitesse-variable-de-marque-kaeser-sfc-132-180hp\/#breadcrumb\",\"itemListElement\":[{\"@type\":\"ListItem\",\"position\":1,\"name\":\"Accueil\",\"item\":\"https:\/\/machineriesbst.com\/en\/\"},{\"@type\":\"ListItem\",\"position\":2,\"name\":\"Catalogue\",\"item\":\"https:\/\/machineriesbst.com\/en\/catalog\/\"},{\"@type\":\"ListItem\",\"position\":3,\"name\":\"Compresseur \\u00e0 vis \\u00e0 vitesse variable de marque kaeser SFC-132 180HP\"}]}]}<\/script>\n<!-- \/ Yoast SEO plugin. -->","yoast_head_json":{"title":"Compresseur \u00e0 vis \u00e0 vitesse variable de marque kaeser SFC-132 180HP - Machineries BST","robots":{"index":"index","follow":"follow","max-snippet":"max-snippet:-1","max-image-preview":"max-image-preview:large","max-video-preview":"max-video-preview:-1"},"canonical":"https:\/\/machineriesbst.com\/en\/catalogue\/compresseur-a-vis-a-vitesse-variable-de-marque-kaeser-sfc-132-180hp\/","og_locale":"en_US","og_type":"article","og_title":"Compresseur \u00e0 vis \u00e0 vitesse variable de marque kaeser SFC-132 180HP - Machineries BST","og_description":"Compresseur \u00e0 vis \u00e0 vitesse variable de marque kaeser SFC-132 180HP refait \u00e0 neuf, bloc vis refait, moteur \u00e9lectrique refait, moteur du fan refait, le compresseur est pr\u00eat a travailler 24h\/24, ce compresseur peut fournir jusqu'\u00e0 919CFM,\u00e9quip\u00e9e d'un ordinateur programable sigma controle, compresseur pratiquement neuf . maintenance effectu\u00e9e installation disponible","og_url":"https:\/\/machineriesbst.com\/en\/catalogue\/compresseur-a-vis-a-vitesse-variable-de-marque-kaeser-sfc-132-180hp\/","og_site_name":"Machineries BST","article_modified_time":"2023-12-01T01:24:17+00:00","og_image":[{"width":660,"height":495,"url":"https:\/\/machineriesbst.com\/wp-content\/uploads\/2021\/05\/294897097.jpg","path":"\/home\/jepeto\/public_html\/wp-content\/uploads\/2021\/05\/294897097.jpg","size":"full","id":50216,"alt":"","pixels":326700,"type":"image\/jpeg"}],"twitter_card":"summary_large_image","schema":{"@context":"https:\/\/schema.org","@graph":[{"@type":"WebSite","@id":"https:\/\/machineriesbst.com\/en\/#website","url":"https:\/\/machineriesbst.com\/en\/","name":"Machineries BST","description":"Machines neuves &amp; usag\u00e9es","potentialAction":[{"@type":"SearchAction","target":{"@type":"EntryPoint","urlTemplate":"https:\/\/machineriesbst.com\/en\/?s={search_term_string}"},"query-input":"required name=search_term_string"}],"inLanguage":"en-US"},{"@type":"ImageObject","@id":"https:\/\/machineriesbst.com\/en\/catalogue\/compresseur-a-vis-a-vitesse-variable-de-marque-kaeser-sfc-132-180hp\/#primaryimage","inLanguage":"en-US","url":"https:\/\/machineriesbst.com\/wp-content\/uploads\/2021\/05\/294897097.jpg","contentUrl":"https:\/\/machineriesbst.com\/wp-content\/uploads\/2021\/05\/294897097.jpg","width":660,"height":495},{"@type":"WebPage","@id":"https:\/\/machineriesbst.com\/en\/catalogue\/compresseur-a-vis-a-vitesse-variable-de-marque-kaeser-sfc-132-180hp\/#webpage","url":"https:\/\/machineriesbst.com\/en\/catalogue\/compresseur-a-vis-a-vitesse-variable-de-marque-kaeser-sfc-132-180hp\/","name":"Compresseur \u00e0 vis \u00e0 vitesse variable de marque kaeser SFC-132 180HP - Machineries BST","isPartOf":{"@id":"https:\/\/machineriesbst.com\/en\/#website"},"primaryImageOfPage":{"@id":"https:\/\/machineriesbst.com\/en\/catalogue\/compresseur-a-vis-a-vitesse-variable-de-marque-kaeser-sfc-132-180hp\/#primaryimage"},"datePublished":"2021-06-08T13:36:46+00:00","dateModified":"2023-12-01T01:24:17+00:00","breadcrumb":{"@id":"https:\/\/machineriesbst.com\/en\/catalogue\/compresseur-a-vis-a-vitesse-variable-de-marque-kaeser-sfc-132-180hp\/#breadcrumb"},"inLanguage":"en-US","potentialAction":[{"@type":"ReadAction","target":["https:\/\/machineriesbst.com\/en\/catalogue\/compresseur-a-vis-a-vitesse-variable-de-marque-kaeser-sfc-132-180hp\/"]}]},{"@type":"BreadcrumbList","@id":"https:\/\/machineriesbst.com\/en\/catalogue\/compresseur-a-vis-a-vitesse-variable-de-marque-kaeser-sfc-132-180hp\/#breadcrumb","itemListElement":[{"@type":"ListItem","position":1,"name":"Accueil","item":"https:\/\/machineriesbst.com\/en\/"},{"@type":"ListItem","position":2,"name":"Catalogue","item":"https:\/\/machineriesbst.com\/en\/catalog\/"},{"@type":"ListItem","position":3,"name":"Compresseur \u00e0 vis \u00e0 vitesse variable de marque kaeser SFC-132 180HP"}]}]}},"_links":{"self":[{"href":"https:\/\/machineriesbst.com\/en\/wp-json\/wp\/v2\/product\/57700"}],"collection":[{"href":"https:\/\/machineriesbst.com\/en\/wp-json\/wp\/v2\/product"}],"about":[{"href":"https:\/\/machineriesbst.com\/en\/wp-json\/wp\/v2\/types\/product"}],"author":[{"embeddable":true,"href":"https:\/\/machineriesbst.com\/en\/wp-json\/wp\/v2\/users\/3"}],"replies":[{"embeddable":true,"href":"https:\/\/machineriesbst.com\/en\/wp-json\/wp\/v2\/comments?post=57700"}],"wp:featuredmedia":[{"embeddable":true,"href":"https:\/\/machineriesbst.com\/en\/wp-json\/wp\/v2\/media\/50216"}],"wp:attachment":[{"href":"https:\/\/machineriesbst.com\/en\/wp-json\/wp\/v2\/media?parent=57700"}],"wp:term":[{"taxonomy":"product_cat","embeddable":true,"href":"https:\/\/machineriesbst.com\/en\/wp-json\/wp\/v2\/product_cat?post=57700"},{"taxonomy":"product_tag","embeddable":true,"href":"https:\/\/machineriesbst.com\/en\/wp-json\/wp\/v2\/product_tag?post=57700"}],"curies":[{"name":"wp","href":"https:\/\/api.w.org\/{rel}","templated":true}]}}