{"id":57692,"date":"2021-06-08T09:36:44","date_gmt":"2021-06-08T13:36:44","guid":{"rendered":"https:\/\/machineriesbst.com\/?post_type=product&#038;p=57692"},"modified":"2023-11-30T20:24:17","modified_gmt":"2023-12-01T01:24:17","slug":"depoussiereur-50-hp-app-20000-cfm-comme-neuf","status":"publish","type":"product","link":"https:\/\/machineriesbst.com\/en\/catalogue\/depoussiereur-50-hp-app-20000-cfm-comme-neuf\/","title":{"rendered":"50 HP APP 20,000 CFM dust collector like new"},"content":{"rendered":"<ul>\n<li>Model NFL 2004 + 1<\/li>\n<li>(!) Fan 30 HP<\/li>\n<li>(1) 20 HP fan<\/li>\n<li>Return air system with summer exhaust<\/li>\n<li>Slide the belt unloading system by a rotary lock<\/li>\n<li>Stand with a maintenance bridge and safety ladders<\/li>\n<\/ul>","protected":false},"excerpt":{"rendered":"<p>NFL Model 2004 + 1 (!) 30 HP fan (1) 20 HP fan Return air system with summer exhaust Slide belt unloading system by twist lock Stand with maintenance bridge and safety ladders<\/p>","protected":false},"author":3,"featured_media":50177,"comment_status":"open","ping_status":"closed","template":"","meta":[],"product_cat":[3036],"product_tag":[],"acf":[],"yoast_head":"<!-- This site is optimized with the Yoast SEO plugin v16.8 - https:\/\/yoast.com\/wordpress\/plugins\/seo\/ -->\n<title>D\u00e9poussi\u00e9reur 50 HP APP 20,000 CFM comme neuf - Machineries BST<\/title>\n<meta name=\"robots\" content=\"index, follow, max-snippet:-1, max-image-preview:large, max-video-preview:-1\" \/>\n<link rel=\"canonical\" href=\"https:\/\/machineriesbst.com\/en\/catalogue\/depoussiereur-50-hp-app-20000-cfm-comme-neuf\/\" \/>\n<meta property=\"og:locale\" content=\"en_US\" \/>\n<meta property=\"og:type\" content=\"article\" \/>\n<meta property=\"og:title\" content=\"D\u00e9poussi\u00e9reur 50 HP APP 20,000 CFM comme neuf - Machineries BST\" \/>\n<meta property=\"og:description\" content=\"Mod\u00e8le NFL 2004 + 1 (!) Ventilateur 30 HP (1) Ventilateur HP de 20 HP Syst\u00e8me d&#039;air de retour avec \u00e9chappement d&#039;\u00e9t\u00e9 Glisser le syst\u00e8me de d\u00e9chargement de la ceinture par un verrou rotatif Se tenir avec un pont de maintenance et des \u00e9chelles de s\u00e9curit\u00e9\" \/>\n<meta property=\"og:url\" content=\"https:\/\/machineriesbst.com\/en\/catalogue\/depoussiereur-50-hp-app-20000-cfm-comme-neuf\/\" \/>\n<meta property=\"og:site_name\" content=\"Machineries BST\" \/>\n<meta property=\"article:modified_time\" content=\"2023-12-01T01:24:17+00:00\" \/>\n<meta property=\"og:image\" content=\"https:\/\/machineriesbst.com\/wp-content\/uploads\/2021\/05\/1-36.jpg\" \/>\n\t<meta property=\"og:image:width\" content=\"800\" \/>\n\t<meta property=\"og:image:height\" content=\"600\" \/>\n<meta name=\"twitter:card\" content=\"summary_large_image\" \/>\n<script type=\"application\/ld+json\" class=\"yoast-schema-graph\">{\"@context\":\"https:\/\/schema.org\",\"@graph\":[{\"@type\":\"WebSite\",\"@id\":\"https:\/\/machineriesbst.com\/en\/#website\",\"url\":\"https:\/\/machineriesbst.com\/en\/\",\"name\":\"Machineries BST\",\"description\":\"Machines neuves &amp; usag\\u00e9es\",\"potentialAction\":[{\"@type\":\"SearchAction\",\"target\":{\"@type\":\"EntryPoint\",\"urlTemplate\":\"https:\/\/machineriesbst.com\/en\/?s={search_term_string}\"},\"query-input\":\"required name=search_term_string\"}],\"inLanguage\":\"en-US\"},{\"@type\":\"ImageObject\",\"@id\":\"https:\/\/machineriesbst.com\/en\/catalogue\/depoussiereur-50-hp-app-20000-cfm-comme-neuf\/#primaryimage\",\"inLanguage\":\"en-US\",\"url\":\"https:\/\/machineriesbst.com\/wp-content\/uploads\/2021\/05\/1-36.jpg\",\"contentUrl\":\"https:\/\/machineriesbst.com\/wp-content\/uploads\/2021\/05\/1-36.jpg\",\"width\":800,\"height\":600},{\"@type\":\"WebPage\",\"@id\":\"https:\/\/machineriesbst.com\/en\/catalogue\/depoussiereur-50-hp-app-20000-cfm-comme-neuf\/#webpage\",\"url\":\"https:\/\/machineriesbst.com\/en\/catalogue\/depoussiereur-50-hp-app-20000-cfm-comme-neuf\/\",\"name\":\"D\\u00e9poussi\\u00e9reur 50 HP APP 20,000 CFM comme neuf - Machineries BST\",\"isPartOf\":{\"@id\":\"https:\/\/machineriesbst.com\/en\/#website\"},\"primaryImageOfPage\":{\"@id\":\"https:\/\/machineriesbst.com\/en\/catalogue\/depoussiereur-50-hp-app-20000-cfm-comme-neuf\/#primaryimage\"},\"datePublished\":\"2021-06-08T13:36:44+00:00\",\"dateModified\":\"2023-12-01T01:24:17+00:00\",\"breadcrumb\":{\"@id\":\"https:\/\/machineriesbst.com\/en\/catalogue\/depoussiereur-50-hp-app-20000-cfm-comme-neuf\/#breadcrumb\"},\"inLanguage\":\"en-US\",\"potentialAction\":[{\"@type\":\"ReadAction\",\"target\":[\"https:\/\/machineriesbst.com\/en\/catalogue\/depoussiereur-50-hp-app-20000-cfm-comme-neuf\/\"]}]},{\"@type\":\"BreadcrumbList\",\"@id\":\"https:\/\/machineriesbst.com\/en\/catalogue\/depoussiereur-50-hp-app-20000-cfm-comme-neuf\/#breadcrumb\",\"itemListElement\":[{\"@type\":\"ListItem\",\"position\":1,\"name\":\"Accueil\",\"item\":\"https:\/\/machineriesbst.com\/en\/\"},{\"@type\":\"ListItem\",\"position\":2,\"name\":\"Catalogue\",\"item\":\"https:\/\/machineriesbst.com\/en\/catalog\/\"},{\"@type\":\"ListItem\",\"position\":3,\"name\":\"D\\u00e9poussi\\u00e9reur 50 HP APP 20,000 CFM comme neuf\"}]}]}<\/script>\n<!-- \/ Yoast SEO plugin. -->","yoast_head_json":{"title":"D\u00e9poussi\u00e9reur 50 HP APP 20,000 CFM comme neuf - Machineries BST","robots":{"index":"index","follow":"follow","max-snippet":"max-snippet:-1","max-image-preview":"max-image-preview:large","max-video-preview":"max-video-preview:-1"},"canonical":"https:\/\/machineriesbst.com\/en\/catalogue\/depoussiereur-50-hp-app-20000-cfm-comme-neuf\/","og_locale":"en_US","og_type":"article","og_title":"D\u00e9poussi\u00e9reur 50 HP APP 20,000 CFM comme neuf - Machineries BST","og_description":"Mod\u00e8le NFL 2004 + 1 (!) Ventilateur 30 HP (1) Ventilateur HP de 20 HP Syst\u00e8me d'air de retour avec \u00e9chappement d'\u00e9t\u00e9 Glisser le syst\u00e8me de d\u00e9chargement de la ceinture par un verrou rotatif Se tenir avec un pont de maintenance et des \u00e9chelles de s\u00e9curit\u00e9","og_url":"https:\/\/machineriesbst.com\/en\/catalogue\/depoussiereur-50-hp-app-20000-cfm-comme-neuf\/","og_site_name":"Machineries BST","article_modified_time":"2023-12-01T01:24:17+00:00","og_image":[{"width":800,"height":600,"url":"https:\/\/machineriesbst.com\/wp-content\/uploads\/2021\/05\/1-36.jpg","path":"\/home\/jepeto\/public_html\/wp-content\/uploads\/2021\/05\/1-36.jpg","size":"full","id":50177,"alt":"","pixels":480000,"type":"image\/jpeg"}],"twitter_card":"summary_large_image","schema":{"@context":"https:\/\/schema.org","@graph":[{"@type":"WebSite","@id":"https:\/\/machineriesbst.com\/en\/#website","url":"https:\/\/machineriesbst.com\/en\/","name":"Machineries BST","description":"Machines neuves &amp; usag\u00e9es","potentialAction":[{"@type":"SearchAction","target":{"@type":"EntryPoint","urlTemplate":"https:\/\/machineriesbst.com\/en\/?s={search_term_string}"},"query-input":"required name=search_term_string"}],"inLanguage":"en-US"},{"@type":"ImageObject","@id":"https:\/\/machineriesbst.com\/en\/catalogue\/depoussiereur-50-hp-app-20000-cfm-comme-neuf\/#primaryimage","inLanguage":"en-US","url":"https:\/\/machineriesbst.com\/wp-content\/uploads\/2021\/05\/1-36.jpg","contentUrl":"https:\/\/machineriesbst.com\/wp-content\/uploads\/2021\/05\/1-36.jpg","width":800,"height":600},{"@type":"WebPage","@id":"https:\/\/machineriesbst.com\/en\/catalogue\/depoussiereur-50-hp-app-20000-cfm-comme-neuf\/#webpage","url":"https:\/\/machineriesbst.com\/en\/catalogue\/depoussiereur-50-hp-app-20000-cfm-comme-neuf\/","name":"D\u00e9poussi\u00e9reur 50 HP APP 20,000 CFM comme neuf - Machineries BST","isPartOf":{"@id":"https:\/\/machineriesbst.com\/en\/#website"},"primaryImageOfPage":{"@id":"https:\/\/machineriesbst.com\/en\/catalogue\/depoussiereur-50-hp-app-20000-cfm-comme-neuf\/#primaryimage"},"datePublished":"2021-06-08T13:36:44+00:00","dateModified":"2023-12-01T01:24:17+00:00","breadcrumb":{"@id":"https:\/\/machineriesbst.com\/en\/catalogue\/depoussiereur-50-hp-app-20000-cfm-comme-neuf\/#breadcrumb"},"inLanguage":"en-US","potentialAction":[{"@type":"ReadAction","target":["https:\/\/machineriesbst.com\/en\/catalogue\/depoussiereur-50-hp-app-20000-cfm-comme-neuf\/"]}]},{"@type":"BreadcrumbList","@id":"https:\/\/machineriesbst.com\/en\/catalogue\/depoussiereur-50-hp-app-20000-cfm-comme-neuf\/#breadcrumb","itemListElement":[{"@type":"ListItem","position":1,"name":"Accueil","item":"https:\/\/machineriesbst.com\/en\/"},{"@type":"ListItem","position":2,"name":"Catalogue","item":"https:\/\/machineriesbst.com\/en\/catalog\/"},{"@type":"ListItem","position":3,"name":"D\u00e9poussi\u00e9reur 50 HP APP 20,000 CFM comme neuf"}]}]}},"_links":{"self":[{"href":"https:\/\/machineriesbst.com\/en\/wp-json\/wp\/v2\/product\/57692"}],"collection":[{"href":"https:\/\/machineriesbst.com\/en\/wp-json\/wp\/v2\/product"}],"about":[{"href":"https:\/\/machineriesbst.com\/en\/wp-json\/wp\/v2\/types\/product"}],"author":[{"embeddable":true,"href":"https:\/\/machineriesbst.com\/en\/wp-json\/wp\/v2\/users\/3"}],"replies":[{"embeddable":true,"href":"https:\/\/machineriesbst.com\/en\/wp-json\/wp\/v2\/comments?post=57692"}],"wp:featuredmedia":[{"embeddable":true,"href":"https:\/\/machineriesbst.com\/en\/wp-json\/wp\/v2\/media\/50177"}],"wp:attachment":[{"href":"https:\/\/machineriesbst.com\/en\/wp-json\/wp\/v2\/media?parent=57692"}],"wp:term":[{"taxonomy":"product_cat","embeddable":true,"href":"https:\/\/machineriesbst.com\/en\/wp-json\/wp\/v2\/product_cat?post=57692"},{"taxonomy":"product_tag","embeddable":true,"href":"https:\/\/machineriesbst.com\/en\/wp-json\/wp\/v2\/product_tag?post=57692"}],"curies":[{"name":"wp","href":"https:\/\/api.w.org\/{rel}","templated":true}]}}