{"id":57685,"date":"2021-06-08T09:36:43","date_gmt":"2021-06-08T13:36:43","guid":{"rendered":"https:\/\/machineriesbst.com\/?post_type=product&#038;p=57685"},"modified":"2023-11-30T20:24:17","modified_gmt":"2023-12-01T01:24:17","slug":"biesse-techno-logic-techno-sdt","status":"publish","type":"product","link":"https:\/\/machineriesbst.com\/en\/catalogue\/biesse-techno-logic-techno-sdt\/","title":{"rendered":"Biesse Techno Logic + Techno SDT"},"content":{"rendered":"<p><strong>BIESSE TECHNO LOGIC<\/strong><\/p>\n<p><strong>AUTOMATIC IGNITION DRILL MACHINE<\/strong><\/p>\n<p>&nbsp;<\/p>\n<p><strong>GENERAL SPECIFICATIONS<\/strong><\/p>\n<ul>\n<li>Panel drilling: - horizontal - bottom vertical - top vertical<\/li>\n<li>Working area in the &quot;X&quot; axis: 3200mm<\/li>\n<li>Minimum distance from center of &quot;X&quot; axis between vertical units 96mm<\/li>\n<\/ul>\n<p><strong>\u00a0<\/strong><\/p>\n<p><strong>PANEL HANDLING SYSTEM AND OPTIONS<\/strong><\/p>\n<ul>\n<li>2 belt conveyors, 1 fixed and 1 adjustable according to the working width - 0.25 HP motors<\/li>\n<li>Continuous speed adjustment of belt conveyors powered by automatic regulation by control panel<\/li>\n<li>6 pressure units<\/li>\n<li>Automatic regulation of backstop measurements by control panel<\/li>\n<\/ul>\n<p>&nbsp;<\/p>\n<p><strong>BORING UNITS<\/strong><\/p>\n<ul>\n<li>6 lower vertical units<\/li>\n<li>4 top vertical units<\/li>\n<li>Various number of spindles for vertical drill heads<\/li>\n<li>2 (1 + 1) horizontal drill heads<\/li>\n<li>20 spindles for horizontal drill heads<\/li>\n<li>Motor power of work units 1.8HP (3600 rpm)<\/li>\n<li>Hand regulation with the visual unit of the position of the &quot;Y&quot; axis of the drilling heads on the vertical units<\/li>\n<li>Hand regulation with the visual unit of the position of the &quot;X&quot; axis of the vertical units<\/li>\n<li>Hand regulation with visual unit of the &quot;Z&quot; axis of the drilling depth<\/li>\n<li>Automatic regulation by digital control of the &quot;X&quot; axis position of the mobile horizontal unit<\/li>\n<\/ul>\n<p>&nbsp;<\/p>\n<p><strong>MACHINE CONTROL AND ACCESSORIES<\/strong><\/p>\n<ul>\n<li>CNI RT 483 control and programming system with the following features: visual display, keyboard<\/li>\n<li>Control panel installed on a built-in electrical cabinet to control the machine<\/li>\n<\/ul>\n<p><strong>STANDARDS AND OPTIONALS FOR SAFETY<\/strong><\/p>\n<ul>\n<li>Safety standard CE mark<\/li>\n<li>Automatic system to eliminate wood waste<\/li>\n<li>Total installed power 54KW<\/li>\n<\/ul>\n<p>&nbsp;<\/p>\n<p>*****************<\/p>\n<p><strong>BIESSE TECHNO SDT<\/strong><\/p>\n<p><strong>AUTOMATIC INSERTION MACHINE WITH FOOD PROCESSING AND DOWEL<\/strong><\/p>\n<p>&nbsp;<\/p>\n<p><strong>GENERAL SPECIFICATIONS<\/strong><\/p>\n<ul>\n<li>Industrial and fast machine<\/li>\n<li>Panel drilling: vertical bottom<\/li>\n<li>Working area in the &quot;X&quot; axis: 3200mm<\/li>\n<li>Distance from center of &quot;X&quot; axis between vertical units 96 mm<\/li>\n<\/ul>\n<p>&nbsp;<\/p>\n<p><strong>PANEL HANDLING SYSTEM AND OPTIONS<\/strong><\/p>\n<ul>\n<li>2 belt conveyors, 1 fixed and 1 adjustable according to the working width - 0.25 HP motors<\/li>\n<li>Continuous speed adjustment of belt conveyors powered by automatic regulation by control panel<\/li>\n<li>4 pressure units with automatic &quot;X&quot; axis position regulation by digital control<\/li>\n<li>Automatic regulation of backstop measurements by control panel<\/li>\n<\/ul>\n<p>&nbsp;<\/p>\n<p><strong>BORING UNITS<\/strong><\/p>\n<ul>\n<li>3 lower vertical units<\/li>\n<li>Various number of spindles for vertical drill heads<\/li>\n<li>Drillhead &quot;quick change&quot; system<\/li>\n<li>Motor power of work units 1.8 HP<\/li>\n<li>Hand regulation with the visual unit of the position of the &quot;Y&quot; axis of the drilling heads on the vertical units<\/li>\n<li>Automatic regulation by digital control of the position of the &quot;Y&quot; axis of the drilling heads on the vertical units<\/li>\n<li>Automatic regulation by digital control of the &quot;X&quot; axis position of the vertical units<\/li>\n<li>Automatic regulation by digital control of the &quot;Z&quot; axis of the drilling depth<\/li>\n<li>Automatic regulation by digital control of the &quot;X&quot; axis position of the mobile horizontal unit<\/li>\n<li>Numerical displays which indicate: - Position of the &quot;X&quot; axis of the vertical units - The &quot;Y1-Y2&quot; axes position the drilling head of the vertical units - Position of the &quot;X&quot; axis of the mobile horizontal unit - transmission from the digital measurement control To easily configure the positioning of the axes of the work units.<\/li>\n<\/ul>\n<p><strong>DOWEL INSERTING UNITS<\/strong><\/p>\n<ul>\n<li>5 anchor insertion units for each side with start from the control panel<\/li>\n<li>High pressure glue injection system<\/li>\n<li>2 reservoirs to store the ankles with vibration system<\/li>\n<\/ul>\n<p>&nbsp;<\/p>\n<p><strong>MACHINE CONTROL AND ACCESSORIES<\/strong><\/p>\n<ul>\n<li>NC 500 control and program system with the following functions: -PC - color display - CD-ROM drive - keyboard<\/li>\n<li>Control panel installed on a separate electrical cabinet to control the machine<\/li>\n<\/ul>\n<p>&nbsp;<\/p>\n<p><strong>STANDARDS AND OPTIONALS FOR SAFETY<\/strong><\/p>\n<ul>\n<li>CE safety standard<\/li>\n<li>Safety photoelectric cells<\/li>\n<li>Automatic system to eliminate wood waste<\/li>\n<\/ul>","protected":false},"excerpt":{"rendered":"<p>BIESSE TECHNO LOGIC AUTOMATIC IGNITION DRILL MACHINE GENERAL SPECIFICATIONS Panel drilling: - horizontal - bottom vertical - top vertical Working area in &quot;X&quot; axis: 3200mm Minimum distance from center of &quot;X&quot; axis between vertical units 96mm PANEL HANDLING SYSTEM AND OPTIONS 2 belt conveyors, [\u2026]<\/p>","protected":false},"author":3,"featured_media":50165,"comment_status":"open","ping_status":"closed","template":"","meta":[],"product_cat":[86],"product_tag":[],"acf":[],"yoast_head":"<!-- This site is optimized with the Yoast SEO plugin v16.8 - https:\/\/yoast.com\/wordpress\/plugins\/seo\/ -->\n<title>Biesse Techno Logic + Techno SDT - Machineries BST<\/title>\n<meta name=\"robots\" content=\"index, follow, max-snippet:-1, max-image-preview:large, max-video-preview:-1\" \/>\n<link rel=\"canonical\" href=\"https:\/\/machineriesbst.com\/en\/catalogue\/biesse-techno-logic-techno-sdt\/\" \/>\n<meta property=\"og:locale\" content=\"en_US\" \/>\n<meta property=\"og:type\" content=\"article\" \/>\n<meta property=\"og:title\" content=\"Biesse Techno Logic + Techno SDT - Machineries BST\" \/>\n<meta property=\"og:description\" content=\"BIESSE TECHNO LOGIC MACHINE DE PERCEUSE AUTOMATIQUE \u00c0 ALLUMAGE &nbsp; SP\u00c9CIFICATIONS G\u00c9N\u00c9RALES Per\u00e7age du panneau: - horizontal - bas vertical - vertical sup\u00e9rieur Zone de travail dans l&#039;axe &quot;X&quot;: 3200mm Distance minimale du centre de l&#039;axe &quot;X&quot; entre les unit\u00e9s verticales 96mm \u00a0 SYST\u00c8ME ET OPTIONS DE LA MANIPULATION DU PANNEAU 2 convoyeurs \u00e0 courroie, [&hellip;]\" \/>\n<meta property=\"og:url\" content=\"https:\/\/machineriesbst.com\/en\/catalogue\/biesse-techno-logic-techno-sdt\/\" \/>\n<meta property=\"og:site_name\" content=\"Machineries BST\" \/>\n<meta property=\"article:modified_time\" content=\"2023-12-01T01:24:17+00:00\" \/>\n<meta property=\"og:image\" content=\"https:\/\/machineriesbst.com\/wp-content\/uploads\/2021\/05\/1-22-1.jpg\" \/>\n\t<meta property=\"og:image:width\" content=\"850\" \/>\n\t<meta property=\"og:image:height\" content=\"567\" \/>\n<meta name=\"twitter:card\" content=\"summary_large_image\" \/>\n<meta name=\"twitter:label1\" content=\"Est. reading time\" \/>\n\t<meta name=\"twitter:data1\" content=\"4 minutes\" \/>\n<script type=\"application\/ld+json\" class=\"yoast-schema-graph\">{\"@context\":\"https:\/\/schema.org\",\"@graph\":[{\"@type\":\"WebSite\",\"@id\":\"https:\/\/machineriesbst.com\/en\/#website\",\"url\":\"https:\/\/machineriesbst.com\/en\/\",\"name\":\"Machineries BST\",\"description\":\"Machines neuves &amp; usag\\u00e9es\",\"potentialAction\":[{\"@type\":\"SearchAction\",\"target\":{\"@type\":\"EntryPoint\",\"urlTemplate\":\"https:\/\/machineriesbst.com\/en\/?s={search_term_string}\"},\"query-input\":\"required name=search_term_string\"}],\"inLanguage\":\"en-US\"},{\"@type\":\"ImageObject\",\"@id\":\"https:\/\/machineriesbst.com\/en\/catalogue\/biesse-techno-logic-techno-sdt\/#primaryimage\",\"inLanguage\":\"en-US\",\"url\":\"https:\/\/machineriesbst.com\/wp-content\/uploads\/2021\/05\/1-22-1.jpg\",\"contentUrl\":\"https:\/\/machineriesbst.com\/wp-content\/uploads\/2021\/05\/1-22-1.jpg\",\"width\":850,\"height\":567},{\"@type\":\"WebPage\",\"@id\":\"https:\/\/machineriesbst.com\/en\/catalogue\/biesse-techno-logic-techno-sdt\/#webpage\",\"url\":\"https:\/\/machineriesbst.com\/en\/catalogue\/biesse-techno-logic-techno-sdt\/\",\"name\":\"Biesse Techno Logic + Techno SDT - Machineries BST\",\"isPartOf\":{\"@id\":\"https:\/\/machineriesbst.com\/en\/#website\"},\"primaryImageOfPage\":{\"@id\":\"https:\/\/machineriesbst.com\/en\/catalogue\/biesse-techno-logic-techno-sdt\/#primaryimage\"},\"datePublished\":\"2021-06-08T13:36:43+00:00\",\"dateModified\":\"2023-12-01T01:24:17+00:00\",\"breadcrumb\":{\"@id\":\"https:\/\/machineriesbst.com\/en\/catalogue\/biesse-techno-logic-techno-sdt\/#breadcrumb\"},\"inLanguage\":\"en-US\",\"potentialAction\":[{\"@type\":\"ReadAction\",\"target\":[\"https:\/\/machineriesbst.com\/en\/catalogue\/biesse-techno-logic-techno-sdt\/\"]}]},{\"@type\":\"BreadcrumbList\",\"@id\":\"https:\/\/machineriesbst.com\/en\/catalogue\/biesse-techno-logic-techno-sdt\/#breadcrumb\",\"itemListElement\":[{\"@type\":\"ListItem\",\"position\":1,\"name\":\"Accueil\",\"item\":\"https:\/\/machineriesbst.com\/en\/\"},{\"@type\":\"ListItem\",\"position\":2,\"name\":\"Catalogue\",\"item\":\"https:\/\/machineriesbst.com\/en\/catalog\/\"},{\"@type\":\"ListItem\",\"position\":3,\"name\":\"Biesse Techno Logic + Techno SDT\"}]}]}<\/script>\n<!-- \/ Yoast SEO plugin. -->","yoast_head_json":{"title":"Biesse Techno Logic + Techno SDT - Machineries BST","robots":{"index":"index","follow":"follow","max-snippet":"max-snippet:-1","max-image-preview":"max-image-preview:large","max-video-preview":"max-video-preview:-1"},"canonical":"https:\/\/machineriesbst.com\/en\/catalogue\/biesse-techno-logic-techno-sdt\/","og_locale":"en_US","og_type":"article","og_title":"Biesse Techno Logic + Techno SDT - Machineries BST","og_description":"BIESSE TECHNO LOGIC MACHINE DE PERCEUSE AUTOMATIQUE \u00c0 ALLUMAGE &nbsp; SP\u00c9CIFICATIONS G\u00c9N\u00c9RALES Per\u00e7age du panneau: - horizontal - bas vertical - vertical sup\u00e9rieur Zone de travail dans l'axe \"X\": 3200mm Distance minimale du centre de l'axe \"X\" entre les unit\u00e9s verticales 96mm \u00a0 SYST\u00c8ME ET OPTIONS DE LA MANIPULATION DU PANNEAU 2 convoyeurs \u00e0 courroie, [&hellip;]","og_url":"https:\/\/machineriesbst.com\/en\/catalogue\/biesse-techno-logic-techno-sdt\/","og_site_name":"Machineries BST","article_modified_time":"2023-12-01T01:24:17+00:00","og_image":[{"width":850,"height":567,"url":"https:\/\/machineriesbst.com\/wp-content\/uploads\/2021\/05\/1-22-1.jpg","path":"\/home\/jepeto\/public_html\/wp-content\/uploads\/2021\/05\/1-22-1.jpg","size":"full","id":50165,"alt":"","pixels":481950,"type":"image\/jpeg"}],"twitter_card":"summary_large_image","twitter_misc":{"Est. reading time":"4 minutes"},"schema":{"@context":"https:\/\/schema.org","@graph":[{"@type":"WebSite","@id":"https:\/\/machineriesbst.com\/en\/#website","url":"https:\/\/machineriesbst.com\/en\/","name":"Machineries BST","description":"Machines neuves &amp; usag\u00e9es","potentialAction":[{"@type":"SearchAction","target":{"@type":"EntryPoint","urlTemplate":"https:\/\/machineriesbst.com\/en\/?s={search_term_string}"},"query-input":"required name=search_term_string"}],"inLanguage":"en-US"},{"@type":"ImageObject","@id":"https:\/\/machineriesbst.com\/en\/catalogue\/biesse-techno-logic-techno-sdt\/#primaryimage","inLanguage":"en-US","url":"https:\/\/machineriesbst.com\/wp-content\/uploads\/2021\/05\/1-22-1.jpg","contentUrl":"https:\/\/machineriesbst.com\/wp-content\/uploads\/2021\/05\/1-22-1.jpg","width":850,"height":567},{"@type":"WebPage","@id":"https:\/\/machineriesbst.com\/en\/catalogue\/biesse-techno-logic-techno-sdt\/#webpage","url":"https:\/\/machineriesbst.com\/en\/catalogue\/biesse-techno-logic-techno-sdt\/","name":"Biesse Techno Logic + Techno SDT - Machineries BST","isPartOf":{"@id":"https:\/\/machineriesbst.com\/en\/#website"},"primaryImageOfPage":{"@id":"https:\/\/machineriesbst.com\/en\/catalogue\/biesse-techno-logic-techno-sdt\/#primaryimage"},"datePublished":"2021-06-08T13:36:43+00:00","dateModified":"2023-12-01T01:24:17+00:00","breadcrumb":{"@id":"https:\/\/machineriesbst.com\/en\/catalogue\/biesse-techno-logic-techno-sdt\/#breadcrumb"},"inLanguage":"en-US","potentialAction":[{"@type":"ReadAction","target":["https:\/\/machineriesbst.com\/en\/catalogue\/biesse-techno-logic-techno-sdt\/"]}]},{"@type":"BreadcrumbList","@id":"https:\/\/machineriesbst.com\/en\/catalogue\/biesse-techno-logic-techno-sdt\/#breadcrumb","itemListElement":[{"@type":"ListItem","position":1,"name":"Accueil","item":"https:\/\/machineriesbst.com\/en\/"},{"@type":"ListItem","position":2,"name":"Catalogue","item":"https:\/\/machineriesbst.com\/en\/catalog\/"},{"@type":"ListItem","position":3,"name":"Biesse Techno Logic + Techno SDT"}]}]}},"_links":{"self":[{"href":"https:\/\/machineriesbst.com\/en\/wp-json\/wp\/v2\/product\/57685"}],"collection":[{"href":"https:\/\/machineriesbst.com\/en\/wp-json\/wp\/v2\/product"}],"about":[{"href":"https:\/\/machineriesbst.com\/en\/wp-json\/wp\/v2\/types\/product"}],"author":[{"embeddable":true,"href":"https:\/\/machineriesbst.com\/en\/wp-json\/wp\/v2\/users\/3"}],"replies":[{"embeddable":true,"href":"https:\/\/machineriesbst.com\/en\/wp-json\/wp\/v2\/comments?post=57685"}],"wp:featuredmedia":[{"embeddable":true,"href":"https:\/\/machineriesbst.com\/en\/wp-json\/wp\/v2\/media\/50165"}],"wp:attachment":[{"href":"https:\/\/machineriesbst.com\/en\/wp-json\/wp\/v2\/media?parent=57685"}],"wp:term":[{"taxonomy":"product_cat","embeddable":true,"href":"https:\/\/machineriesbst.com\/en\/wp-json\/wp\/v2\/product_cat?post=57685"},{"taxonomy":"product_tag","embeddable":true,"href":"https:\/\/machineriesbst.com\/en\/wp-json\/wp\/v2\/product_tag?post=57685"}],"curies":[{"name":"wp","href":"https:\/\/api.w.org\/{rel}","templated":true}]}}