{"id":57672,"date":"2021-06-08T09:36:18","date_gmt":"2021-06-08T13:36:18","guid":{"rendered":"https:\/\/machineriesbst.com\/?post_type=product&#038;p=57672"},"modified":"2023-11-30T20:24:17","modified_gmt":"2023-12-01T01:24:17","slug":"drawer-box-machine-with-miter-folding-heads-for-doweled-drawers-and-v-grooving-for-meter-folding-final-drawer-boxes","status":"publish","type":"product","link":"https:\/\/machineriesbst.com\/en\/catalogue\/drawer-box-machine-with-miter-folding-heads-for-doweled-drawers-and-v-grooving-for-meter-folding-final-drawer-boxes\/","title":{"rendered":"Drawer Box machine with miter folding heads for Doweled drawers and v Grooving for meter folding final drawer boxes"},"content":{"rendered":"<p><strong>Characteristics<\/strong><\/p>\n<ul>\n<li>15 &quot;&quot; color &quot;touch screen with industrial computer for configuration and operation<\/li>\n<li>CNC control of machine configuration in less than a minute<\/li>\n<li>All components are designed to handle 8x30 anchors<\/li>\n<li>Three v-groove heads with a minimum of 4 &quot;center-to-center<\/li>\n<li>Three banks of nine spindles for the front drilling of the drawer<\/li>\n<li>Another new pin bank to handle the four-sided drawers<\/li>\n<li>Two horizontal nine-spindle barrels for drilling<\/li>\n<li>Runs up to 22 parts \/ minute in production<\/li>\n<\/ul>\n<p><strong>Application<\/strong><\/p>\n<ul>\n<li>Possibility of V-groove drawer parts from 25 &quot;to 96&quot; in length<\/li>\n<li>Ability to run parts as short as 10 &quot;without V-groove<\/li>\n<li>Ability to handle parts 2-1 \/ 2 &quot;to 13-3 \/ 4&quot; wide<\/li>\n<li>Possibility to handle material thicknesses of 7\/16 &quot;&amp; 1\/2&quot;<\/li>\n<li>Make drawers with a peg<\/li>\n<li>Make drawers with 3 bolsters and 1 butt joint<\/li>\n<li>CNC machine configuration<\/li>\n<li>Loading of parts by hopper<\/li>\n<li>The parts go through the back of the machine<\/li>\n<\/ul>","protected":false},"excerpt":{"rendered":"<p>Features 15&quot; &quot;color&quot; touchscreen with industrial computer for setup and execution CNC control of machine setup in less than a minute All components are designed to handle 8x30 dowels Three v-groove heads with a minimum 4&quot; center to center Three banks of nine pins for the [\u2026]<\/p>","protected":false},"author":3,"featured_media":50114,"comment_status":"open","ping_status":"closed","template":"","meta":[],"product_cat":[86],"product_tag":[],"acf":[],"yoast_head":"<!-- This site is optimized with the Yoast SEO plugin v16.8 - https:\/\/yoast.com\/wordpress\/plugins\/seo\/ -->\n<title>Drawer Box machine with miter folding heads for Doweled drawers and v Grooving for meter folding final drawer boxes - Machineries BST<\/title>\n<meta name=\"robots\" content=\"index, follow, max-snippet:-1, max-image-preview:large, max-video-preview:-1\" \/>\n<link rel=\"canonical\" href=\"https:\/\/machineriesbst.com\/en\/catalogue\/drawer-box-machine-with-miter-folding-heads-for-doweled-drawers-and-v-grooving-for-meter-folding-final-drawer-boxes\/\" \/>\n<meta property=\"og:locale\" content=\"en_US\" \/>\n<meta property=\"og:type\" content=\"article\" \/>\n<meta property=\"og:title\" content=\"Drawer Box machine with miter folding heads for Doweled drawers and v Grooving for meter folding final drawer boxes - Machineries BST\" \/>\n<meta property=\"og:description\" content=\"Caract\u00e9ristiques \u00c9cran tactile &quot;couleur&quot; de 15 &quot;avec ordinateur industriel pour la configuration et l&#039;ex\u00e9cution Contr\u00f4le CNC de la configuration de la machine en moins d&#039;une minute Tous les composants sont con\u00e7us pour manipuler des chevilles 8x30 Trois t\u00eates v-groove avec un minimum de 4 &quot;de centre \u00e0 centre Trois bancs de neuf broches pour le [&hellip;]\" \/>\n<meta property=\"og:url\" content=\"https:\/\/machineriesbst.com\/en\/catalogue\/drawer-box-machine-with-miter-folding-heads-for-doweled-drawers-and-v-grooving-for-meter-folding-final-drawer-boxes\/\" \/>\n<meta property=\"og:site_name\" content=\"Machineries BST\" \/>\n<meta property=\"article:modified_time\" content=\"2023-12-01T01:24:17+00:00\" \/>\n<meta property=\"og:image\" content=\"https:\/\/machineriesbst.com\/wp-content\/uploads\/2021\/05\/1-11.jpg\" \/>\n\t<meta property=\"og:image:width\" content=\"800\" \/>\n\t<meta property=\"og:image:height\" content=\"481\" \/>\n<meta name=\"twitter:card\" content=\"summary_large_image\" \/>\n<meta name=\"twitter:label1\" content=\"Est. reading time\" \/>\n\t<meta name=\"twitter:data1\" content=\"1 minute\" \/>\n<script type=\"application\/ld+json\" class=\"yoast-schema-graph\">{\"@context\":\"https:\/\/schema.org\",\"@graph\":[{\"@type\":\"WebSite\",\"@id\":\"https:\/\/machineriesbst.com\/en\/#website\",\"url\":\"https:\/\/machineriesbst.com\/en\/\",\"name\":\"Machineries BST\",\"description\":\"Machines neuves &amp; usag\\u00e9es\",\"potentialAction\":[{\"@type\":\"SearchAction\",\"target\":{\"@type\":\"EntryPoint\",\"urlTemplate\":\"https:\/\/machineriesbst.com\/en\/?s={search_term_string}\"},\"query-input\":\"required name=search_term_string\"}],\"inLanguage\":\"en-US\"},{\"@type\":\"ImageObject\",\"@id\":\"https:\/\/machineriesbst.com\/en\/catalogue\/drawer-box-machine-with-miter-folding-heads-for-doweled-drawers-and-v-grooving-for-meter-folding-final-drawer-boxes\/#primaryimage\",\"inLanguage\":\"en-US\",\"url\":\"https:\/\/machineriesbst.com\/wp-content\/uploads\/2021\/05\/1-11.jpg\",\"contentUrl\":\"https:\/\/machineriesbst.com\/wp-content\/uploads\/2021\/05\/1-11.jpg\",\"width\":800,\"height\":481},{\"@type\":\"WebPage\",\"@id\":\"https:\/\/machineriesbst.com\/en\/catalogue\/drawer-box-machine-with-miter-folding-heads-for-doweled-drawers-and-v-grooving-for-meter-folding-final-drawer-boxes\/#webpage\",\"url\":\"https:\/\/machineriesbst.com\/en\/catalogue\/drawer-box-machine-with-miter-folding-heads-for-doweled-drawers-and-v-grooving-for-meter-folding-final-drawer-boxes\/\",\"name\":\"Drawer Box machine with miter folding heads for Doweled drawers and v Grooving for meter folding final drawer boxes - Machineries BST\",\"isPartOf\":{\"@id\":\"https:\/\/machineriesbst.com\/en\/#website\"},\"primaryImageOfPage\":{\"@id\":\"https:\/\/machineriesbst.com\/en\/catalogue\/drawer-box-machine-with-miter-folding-heads-for-doweled-drawers-and-v-grooving-for-meter-folding-final-drawer-boxes\/#primaryimage\"},\"datePublished\":\"2021-06-08T13:36:18+00:00\",\"dateModified\":\"2023-12-01T01:24:17+00:00\",\"breadcrumb\":{\"@id\":\"https:\/\/machineriesbst.com\/en\/catalogue\/drawer-box-machine-with-miter-folding-heads-for-doweled-drawers-and-v-grooving-for-meter-folding-final-drawer-boxes\/#breadcrumb\"},\"inLanguage\":\"en-US\",\"potentialAction\":[{\"@type\":\"ReadAction\",\"target\":[\"https:\/\/machineriesbst.com\/en\/catalogue\/drawer-box-machine-with-miter-folding-heads-for-doweled-drawers-and-v-grooving-for-meter-folding-final-drawer-boxes\/\"]}]},{\"@type\":\"BreadcrumbList\",\"@id\":\"https:\/\/machineriesbst.com\/en\/catalogue\/drawer-box-machine-with-miter-folding-heads-for-doweled-drawers-and-v-grooving-for-meter-folding-final-drawer-boxes\/#breadcrumb\",\"itemListElement\":[{\"@type\":\"ListItem\",\"position\":1,\"name\":\"Accueil\",\"item\":\"https:\/\/machineriesbst.com\/en\/\"},{\"@type\":\"ListItem\",\"position\":2,\"name\":\"Catalogue\",\"item\":\"https:\/\/machineriesbst.com\/en\/catalog\/\"},{\"@type\":\"ListItem\",\"position\":3,\"name\":\"Drawer Box machine with miter folding heads for Doweled drawers and v Grooving for meter folding final drawer boxes\"}]}]}<\/script>\n<!-- \/ Yoast SEO plugin. -->","yoast_head_json":{"title":"Drawer Box machine with miter folding heads for Doweled drawers and v Grooving for meter folding final drawer boxes - Machineries BST","robots":{"index":"index","follow":"follow","max-snippet":"max-snippet:-1","max-image-preview":"max-image-preview:large","max-video-preview":"max-video-preview:-1"},"canonical":"https:\/\/machineriesbst.com\/en\/catalogue\/drawer-box-machine-with-miter-folding-heads-for-doweled-drawers-and-v-grooving-for-meter-folding-final-drawer-boxes\/","og_locale":"en_US","og_type":"article","og_title":"Drawer Box machine with miter folding heads for Doweled drawers and v Grooving for meter folding final drawer boxes - Machineries BST","og_description":"Caract\u00e9ristiques \u00c9cran tactile \"couleur\" de 15 \"avec ordinateur industriel pour la configuration et l'ex\u00e9cution Contr\u00f4le CNC de la configuration de la machine en moins d'une minute Tous les composants sont con\u00e7us pour manipuler des chevilles 8x30 Trois t\u00eates v-groove avec un minimum de 4 \"de centre \u00e0 centre Trois bancs de neuf broches pour le [&hellip;]","og_url":"https:\/\/machineriesbst.com\/en\/catalogue\/drawer-box-machine-with-miter-folding-heads-for-doweled-drawers-and-v-grooving-for-meter-folding-final-drawer-boxes\/","og_site_name":"Machineries BST","article_modified_time":"2023-12-01T01:24:17+00:00","og_image":[{"width":800,"height":481,"url":"https:\/\/machineriesbst.com\/wp-content\/uploads\/2021\/05\/1-11.jpg","path":"\/home\/jepeto\/public_html\/wp-content\/uploads\/2021\/05\/1-11.jpg","size":"full","id":50114,"alt":"","pixels":384800,"type":"image\/jpeg"}],"twitter_card":"summary_large_image","twitter_misc":{"Est. reading time":"1 minute"},"schema":{"@context":"https:\/\/schema.org","@graph":[{"@type":"WebSite","@id":"https:\/\/machineriesbst.com\/en\/#website","url":"https:\/\/machineriesbst.com\/en\/","name":"Machineries BST","description":"Machines neuves &amp; usag\u00e9es","potentialAction":[{"@type":"SearchAction","target":{"@type":"EntryPoint","urlTemplate":"https:\/\/machineriesbst.com\/en\/?s={search_term_string}"},"query-input":"required name=search_term_string"}],"inLanguage":"en-US"},{"@type":"ImageObject","@id":"https:\/\/machineriesbst.com\/en\/catalogue\/drawer-box-machine-with-miter-folding-heads-for-doweled-drawers-and-v-grooving-for-meter-folding-final-drawer-boxes\/#primaryimage","inLanguage":"en-US","url":"https:\/\/machineriesbst.com\/wp-content\/uploads\/2021\/05\/1-11.jpg","contentUrl":"https:\/\/machineriesbst.com\/wp-content\/uploads\/2021\/05\/1-11.jpg","width":800,"height":481},{"@type":"WebPage","@id":"https:\/\/machineriesbst.com\/en\/catalogue\/drawer-box-machine-with-miter-folding-heads-for-doweled-drawers-and-v-grooving-for-meter-folding-final-drawer-boxes\/#webpage","url":"https:\/\/machineriesbst.com\/en\/catalogue\/drawer-box-machine-with-miter-folding-heads-for-doweled-drawers-and-v-grooving-for-meter-folding-final-drawer-boxes\/","name":"Drawer Box machine with miter folding heads for Doweled drawers and v Grooving for meter folding final drawer boxes - Machineries BST","isPartOf":{"@id":"https:\/\/machineriesbst.com\/en\/#website"},"primaryImageOfPage":{"@id":"https:\/\/machineriesbst.com\/en\/catalogue\/drawer-box-machine-with-miter-folding-heads-for-doweled-drawers-and-v-grooving-for-meter-folding-final-drawer-boxes\/#primaryimage"},"datePublished":"2021-06-08T13:36:18+00:00","dateModified":"2023-12-01T01:24:17+00:00","breadcrumb":{"@id":"https:\/\/machineriesbst.com\/en\/catalogue\/drawer-box-machine-with-miter-folding-heads-for-doweled-drawers-and-v-grooving-for-meter-folding-final-drawer-boxes\/#breadcrumb"},"inLanguage":"en-US","potentialAction":[{"@type":"ReadAction","target":["https:\/\/machineriesbst.com\/en\/catalogue\/drawer-box-machine-with-miter-folding-heads-for-doweled-drawers-and-v-grooving-for-meter-folding-final-drawer-boxes\/"]}]},{"@type":"BreadcrumbList","@id":"https:\/\/machineriesbst.com\/en\/catalogue\/drawer-box-machine-with-miter-folding-heads-for-doweled-drawers-and-v-grooving-for-meter-folding-final-drawer-boxes\/#breadcrumb","itemListElement":[{"@type":"ListItem","position":1,"name":"Accueil","item":"https:\/\/machineriesbst.com\/en\/"},{"@type":"ListItem","position":2,"name":"Catalogue","item":"https:\/\/machineriesbst.com\/en\/catalog\/"},{"@type":"ListItem","position":3,"name":"Drawer Box machine with miter folding heads for Doweled drawers and v Grooving for meter folding final drawer boxes"}]}]}},"_links":{"self":[{"href":"https:\/\/machineriesbst.com\/en\/wp-json\/wp\/v2\/product\/57672"}],"collection":[{"href":"https:\/\/machineriesbst.com\/en\/wp-json\/wp\/v2\/product"}],"about":[{"href":"https:\/\/machineriesbst.com\/en\/wp-json\/wp\/v2\/types\/product"}],"author":[{"embeddable":true,"href":"https:\/\/machineriesbst.com\/en\/wp-json\/wp\/v2\/users\/3"}],"replies":[{"embeddable":true,"href":"https:\/\/machineriesbst.com\/en\/wp-json\/wp\/v2\/comments?post=57672"}],"wp:featuredmedia":[{"embeddable":true,"href":"https:\/\/machineriesbst.com\/en\/wp-json\/wp\/v2\/media\/50114"}],"wp:attachment":[{"href":"https:\/\/machineriesbst.com\/en\/wp-json\/wp\/v2\/media?parent=57672"}],"wp:term":[{"taxonomy":"product_cat","embeddable":true,"href":"https:\/\/machineriesbst.com\/en\/wp-json\/wp\/v2\/product_cat?post=57672"},{"taxonomy":"product_tag","embeddable":true,"href":"https:\/\/machineriesbst.com\/en\/wp-json\/wp\/v2\/product_tag?post=57672"}],"curies":[{"name":"wp","href":"https:\/\/api.w.org\/{rel}","templated":true}]}}