{"id":57663,"date":"2021-06-08T09:36:16","date_gmt":"2021-06-08T13:36:16","guid":{"rendered":"https:\/\/machineriesbst.com\/?post_type=product&#038;p=57663"},"modified":"2023-11-30T20:24:17","modified_gmt":"2023-12-01T01:24:17","slug":"end-msatcher-friulmac-sortie-de-convoyeur-12pi","status":"publish","type":"product","link":"https:\/\/machineriesbst.com\/en\/catalogue\/end-msatcher-friulmac-sortie-de-convoyeur-12pi\/","title":{"rendered":"End Msatcher Friulmac conveyor outlet 12ft"},"content":{"rendered":"<ul>\n<li>Feed motor: Power \/ Output 0.37 Kw - 0.5 Hp each<\/li>\n<li>Positioning motor: .75 Kw - 1 Hp each<\/li>\n<li>Profiling unit<\/li>\n<li>Spindle diameter: 40 mm<\/li>\n<li>Tool cutting circle: 160-220 mm (non-negotiable)<\/li>\n<li>Motor capacity: 7.5 Hp \/ 5.5 Kw<\/li>\n<li>Length of the output table: 4000 mm<\/li>\n<li>In feed table length: 4000 mm<\/li>\n<li>Production capacity: 10\/12 pcs \/ min (subject to the dimension of the wood)<\/li>\n<\/ul>","protected":false},"excerpt":{"rendered":"<p>Feed motor: Power \/ Output 0.37 Kw - 0.5 Hp each Positioning motor: .75 Kw - 1 Hp each Profiling unit Spindle diameter: 40 mm Tool cutting circle: 160-220 mm (not negotiable) Motor capacity: 7.5 Hp \/ 5.5 Kw Length of the output table: 4000 mm Length [\u2026]<\/p>","protected":false},"author":3,"featured_media":50078,"comment_status":"open","ping_status":"closed","template":"","meta":[],"product_cat":[278,308],"product_tag":[],"acf":[],"yoast_head":"<!-- This site is optimized with the Yoast SEO plugin v16.8 - https:\/\/yoast.com\/wordpress\/plugins\/seo\/ -->\n<title>End Msatcher Friulmac sortie de convoyeur 12pi - Machineries BST<\/title>\n<meta name=\"robots\" content=\"index, follow, max-snippet:-1, max-image-preview:large, max-video-preview:-1\" \/>\n<link rel=\"canonical\" href=\"https:\/\/machineriesbst.com\/en\/catalogue\/end-msatcher-friulmac-sortie-de-convoyeur-12pi\/\" \/>\n<meta property=\"og:locale\" content=\"en_US\" \/>\n<meta property=\"og:type\" content=\"article\" \/>\n<meta property=\"og:title\" content=\"End Msatcher Friulmac sortie de convoyeur 12pi - Machineries BST\" \/>\n<meta property=\"og:description\" content=\"Moteur d&#039;alimentation: Alimentation \/ Sortie 0,37 Kw - 0,5 Hp chaque Moteur de positionnement: .75 Kw - 1 Hp chacun Unit\u00e9 de profilage Diam\u00e8tre de la broche: 40 mm Cercle de d\u00e9coupe d&#039;outils: 160-220 mm (non n\u00e9gociable) Capacit\u00e9 du moteur: 7.5 Hp \/ 5,5 Kw Longueur de la table de sortie: 4000 mm En longueur [&hellip;]\" \/>\n<meta property=\"og:url\" content=\"https:\/\/machineriesbst.com\/en\/catalogue\/end-msatcher-friulmac-sortie-de-convoyeur-12pi\/\" \/>\n<meta property=\"og:site_name\" content=\"Machineries BST\" \/>\n<meta property=\"article:modified_time\" content=\"2023-12-01T01:24:17+00:00\" \/>\n<meta property=\"og:image\" content=\"https:\/\/machineriesbst.com\/wp-content\/uploads\/2021\/05\/1-157.jpg\" \/>\n\t<meta property=\"og:image:width\" content=\"600\" \/>\n\t<meta property=\"og:image:height\" content=\"450\" \/>\n<meta name=\"twitter:card\" content=\"summary_large_image\" \/>\n<script type=\"application\/ld+json\" class=\"yoast-schema-graph\">{\"@context\":\"https:\/\/schema.org\",\"@graph\":[{\"@type\":\"WebSite\",\"@id\":\"https:\/\/machineriesbst.com\/en\/#website\",\"url\":\"https:\/\/machineriesbst.com\/en\/\",\"name\":\"Machineries BST\",\"description\":\"Machines neuves &amp; usag\\u00e9es\",\"potentialAction\":[{\"@type\":\"SearchAction\",\"target\":{\"@type\":\"EntryPoint\",\"urlTemplate\":\"https:\/\/machineriesbst.com\/en\/?s={search_term_string}\"},\"query-input\":\"required name=search_term_string\"}],\"inLanguage\":\"en-US\"},{\"@type\":\"ImageObject\",\"@id\":\"https:\/\/machineriesbst.com\/en\/catalogue\/end-msatcher-friulmac-sortie-de-convoyeur-12pi\/#primaryimage\",\"inLanguage\":\"en-US\",\"url\":\"https:\/\/machineriesbst.com\/wp-content\/uploads\/2021\/05\/1-157.jpg\",\"contentUrl\":\"https:\/\/machineriesbst.com\/wp-content\/uploads\/2021\/05\/1-157.jpg\",\"width\":600,\"height\":450},{\"@type\":\"WebPage\",\"@id\":\"https:\/\/machineriesbst.com\/en\/catalogue\/end-msatcher-friulmac-sortie-de-convoyeur-12pi\/#webpage\",\"url\":\"https:\/\/machineriesbst.com\/en\/catalogue\/end-msatcher-friulmac-sortie-de-convoyeur-12pi\/\",\"name\":\"End Msatcher Friulmac sortie de convoyeur 12pi - Machineries BST\",\"isPartOf\":{\"@id\":\"https:\/\/machineriesbst.com\/en\/#website\"},\"primaryImageOfPage\":{\"@id\":\"https:\/\/machineriesbst.com\/en\/catalogue\/end-msatcher-friulmac-sortie-de-convoyeur-12pi\/#primaryimage\"},\"datePublished\":\"2021-06-08T13:36:16+00:00\",\"dateModified\":\"2023-12-01T01:24:17+00:00\",\"breadcrumb\":{\"@id\":\"https:\/\/machineriesbst.com\/en\/catalogue\/end-msatcher-friulmac-sortie-de-convoyeur-12pi\/#breadcrumb\"},\"inLanguage\":\"en-US\",\"potentialAction\":[{\"@type\":\"ReadAction\",\"target\":[\"https:\/\/machineriesbst.com\/en\/catalogue\/end-msatcher-friulmac-sortie-de-convoyeur-12pi\/\"]}]},{\"@type\":\"BreadcrumbList\",\"@id\":\"https:\/\/machineriesbst.com\/en\/catalogue\/end-msatcher-friulmac-sortie-de-convoyeur-12pi\/#breadcrumb\",\"itemListElement\":[{\"@type\":\"ListItem\",\"position\":1,\"name\":\"Accueil\",\"item\":\"https:\/\/machineriesbst.com\/en\/\"},{\"@type\":\"ListItem\",\"position\":2,\"name\":\"Catalogue\",\"item\":\"https:\/\/machineriesbst.com\/en\/catalog\/\"},{\"@type\":\"ListItem\",\"position\":3,\"name\":\"End Msatcher Friulmac sortie de convoyeur 12pi\"}]}]}<\/script>\n<!-- \/ Yoast SEO plugin. -->","yoast_head_json":{"title":"End Msatcher Friulmac sortie de convoyeur 12pi - Machineries BST","robots":{"index":"index","follow":"follow","max-snippet":"max-snippet:-1","max-image-preview":"max-image-preview:large","max-video-preview":"max-video-preview:-1"},"canonical":"https:\/\/machineriesbst.com\/en\/catalogue\/end-msatcher-friulmac-sortie-de-convoyeur-12pi\/","og_locale":"en_US","og_type":"article","og_title":"End Msatcher Friulmac sortie de convoyeur 12pi - Machineries BST","og_description":"Moteur d'alimentation: Alimentation \/ Sortie 0,37 Kw - 0,5 Hp chaque Moteur de positionnement: .75 Kw - 1 Hp chacun Unit\u00e9 de profilage Diam\u00e8tre de la broche: 40 mm Cercle de d\u00e9coupe d'outils: 160-220 mm (non n\u00e9gociable) Capacit\u00e9 du moteur: 7.5 Hp \/ 5,5 Kw Longueur de la table de sortie: 4000 mm En longueur [&hellip;]","og_url":"https:\/\/machineriesbst.com\/en\/catalogue\/end-msatcher-friulmac-sortie-de-convoyeur-12pi\/","og_site_name":"Machineries BST","article_modified_time":"2023-12-01T01:24:17+00:00","og_image":[{"width":600,"height":450,"url":"https:\/\/machineriesbst.com\/wp-content\/uploads\/2021\/05\/1-157.jpg","path":"\/home\/jepeto\/public_html\/wp-content\/uploads\/2021\/05\/1-157.jpg","size":"full","id":50078,"alt":"","pixels":270000,"type":"image\/jpeg"}],"twitter_card":"summary_large_image","schema":{"@context":"https:\/\/schema.org","@graph":[{"@type":"WebSite","@id":"https:\/\/machineriesbst.com\/en\/#website","url":"https:\/\/machineriesbst.com\/en\/","name":"Machineries BST","description":"Machines neuves &amp; usag\u00e9es","potentialAction":[{"@type":"SearchAction","target":{"@type":"EntryPoint","urlTemplate":"https:\/\/machineriesbst.com\/en\/?s={search_term_string}"},"query-input":"required name=search_term_string"}],"inLanguage":"en-US"},{"@type":"ImageObject","@id":"https:\/\/machineriesbst.com\/en\/catalogue\/end-msatcher-friulmac-sortie-de-convoyeur-12pi\/#primaryimage","inLanguage":"en-US","url":"https:\/\/machineriesbst.com\/wp-content\/uploads\/2021\/05\/1-157.jpg","contentUrl":"https:\/\/machineriesbst.com\/wp-content\/uploads\/2021\/05\/1-157.jpg","width":600,"height":450},{"@type":"WebPage","@id":"https:\/\/machineriesbst.com\/en\/catalogue\/end-msatcher-friulmac-sortie-de-convoyeur-12pi\/#webpage","url":"https:\/\/machineriesbst.com\/en\/catalogue\/end-msatcher-friulmac-sortie-de-convoyeur-12pi\/","name":"End Msatcher Friulmac sortie de convoyeur 12pi - Machineries BST","isPartOf":{"@id":"https:\/\/machineriesbst.com\/en\/#website"},"primaryImageOfPage":{"@id":"https:\/\/machineriesbst.com\/en\/catalogue\/end-msatcher-friulmac-sortie-de-convoyeur-12pi\/#primaryimage"},"datePublished":"2021-06-08T13:36:16+00:00","dateModified":"2023-12-01T01:24:17+00:00","breadcrumb":{"@id":"https:\/\/machineriesbst.com\/en\/catalogue\/end-msatcher-friulmac-sortie-de-convoyeur-12pi\/#breadcrumb"},"inLanguage":"en-US","potentialAction":[{"@type":"ReadAction","target":["https:\/\/machineriesbst.com\/en\/catalogue\/end-msatcher-friulmac-sortie-de-convoyeur-12pi\/"]}]},{"@type":"BreadcrumbList","@id":"https:\/\/machineriesbst.com\/en\/catalogue\/end-msatcher-friulmac-sortie-de-convoyeur-12pi\/#breadcrumb","itemListElement":[{"@type":"ListItem","position":1,"name":"Accueil","item":"https:\/\/machineriesbst.com\/en\/"},{"@type":"ListItem","position":2,"name":"Catalogue","item":"https:\/\/machineriesbst.com\/en\/catalog\/"},{"@type":"ListItem","position":3,"name":"End Msatcher Friulmac sortie de convoyeur 12pi"}]}]}},"_links":{"self":[{"href":"https:\/\/machineriesbst.com\/en\/wp-json\/wp\/v2\/product\/57663"}],"collection":[{"href":"https:\/\/machineriesbst.com\/en\/wp-json\/wp\/v2\/product"}],"about":[{"href":"https:\/\/machineriesbst.com\/en\/wp-json\/wp\/v2\/types\/product"}],"author":[{"embeddable":true,"href":"https:\/\/machineriesbst.com\/en\/wp-json\/wp\/v2\/users\/3"}],"replies":[{"embeddable":true,"href":"https:\/\/machineriesbst.com\/en\/wp-json\/wp\/v2\/comments?post=57663"}],"wp:featuredmedia":[{"embeddable":true,"href":"https:\/\/machineriesbst.com\/en\/wp-json\/wp\/v2\/media\/50078"}],"wp:attachment":[{"href":"https:\/\/machineriesbst.com\/en\/wp-json\/wp\/v2\/media?parent=57663"}],"wp:term":[{"taxonomy":"product_cat","embeddable":true,"href":"https:\/\/machineriesbst.com\/en\/wp-json\/wp\/v2\/product_cat?post=57663"},{"taxonomy":"product_tag","embeddable":true,"href":"https:\/\/machineriesbst.com\/en\/wp-json\/wp\/v2\/product_tag?post=57663"}],"curies":[{"name":"wp","href":"https:\/\/api.w.org\/{rel}","templated":true}]}}