{"id":57661,"date":"2021-06-08T09:35:54","date_gmt":"2021-06-08T13:35:54","guid":{"rendered":"https:\/\/machineriesbst.com\/?post_type=product&#038;p=57661"},"modified":"2023-11-30T20:24:18","modified_gmt":"2023-12-01T01:24:18","slug":"planeur-sableur-timesavers-7300-series","status":"publish","type":"product","link":"https:\/\/machineriesbst.com\/en\/catalogue\/planeur-sableur-timesavers-7300-series\/","title":{"rendered":"Glider \/ Sandblaster Timesavers 7300 series"},"content":{"rendered":"<p>Each machine includes<br \/>\n(1) The helical cutting head (1) The combined sanding head<\/p>\n<ul>\n<li>1st head spiral cutting head<\/li>\n<li>Cutting head 7 &quot;dia 12 aprox needle 384 inserts per head<\/li>\n<li>60 HP<\/li>\n<li>2nd head Combination drum plate sanding head<\/li>\n<li>12 &quot;Spiral Grooved Rubber Drum<\/li>\n<li>2 &quot;wide belt 103&quot; Belts<\/li>\n<li>60 HP<\/li>\n<li>Anti Kick back devices on the two machines before the cutting head<\/li>\n<li>Double pressure on the rollers and the segmented circuit breaker before the cutting head<\/li>\n<li>Two pressure shoes and a roller between each head<\/li>\n<li>Two pressure rollers behind each sanding head<\/li>\n<li>Cutterhead capable of removing up to 3mm of stock at 20 FPM<\/li>\n<li>Machine equipped with a double beam Posi-Trak<\/li>\n<li>The two machines equipped with a vacuum draw by a fan of 20 HP on each machine<\/li>\n<li>Both machines have a 20 HP feed motor and a .75 HP lift and lower motor.<\/li>\n<li>Mod in machines 7321-43-21 and 7325-43-21<\/li>\n<li>SN on machines 29915 and 29914<\/li>\n<li>Both machines are 460n Volt 3 phase<\/li>\n<li>213 amps each 426 amps total<\/li>\n<\/ul>","protected":false},"excerpt":{"rendered":"<p>Each machine includes (1) Helical cutter head (1) Combination sanding head 1st head spiral cutter head 7&quot; dia cutter head 12 needle aprox 384 inserts per head 60 HP 2nd head Combination drum turntable sanding head Drum 12&quot; spiral grooved rubber strap 12&quot; belt [\u2026]<\/p>","protected":false},"author":3,"featured_media":50069,"comment_status":"open","ping_status":"closed","template":"","meta":[],"product_cat":[3045],"product_tag":[],"acf":[],"yoast_head":"<!-- This site is optimized with the Yoast SEO plugin v16.8 - https:\/\/yoast.com\/wordpress\/plugins\/seo\/ -->\n<title>Planeur\/Sableur Timesavers 7300 series - Machineries BST<\/title>\n<meta name=\"robots\" content=\"index, follow, max-snippet:-1, max-image-preview:large, max-video-preview:-1\" \/>\n<link rel=\"canonical\" href=\"https:\/\/machineriesbst.com\/en\/catalogue\/planeur-sableur-timesavers-7300-series\/\" \/>\n<meta property=\"og:locale\" content=\"en_US\" \/>\n<meta property=\"og:type\" content=\"article\" \/>\n<meta property=\"og:title\" content=\"Planeur\/Sableur Timesavers 7300 series - Machineries BST\" \/>\n<meta property=\"og:description\" content=\"Chaque machine comprend (1) La t\u00eate de coupe h\u00e9lico\u00efdale (1) La t\u00eate de pon\u00e7age combin\u00e9e 1\u00e8re t\u00eate t\u00eate de coupe en spirale T\u00eate de coupe 7 &quot;dia 12 aiguille aprox 384 inserts par t\u00eate 60 CV 2\u00e8me t\u00eate Combinaison tambour platine t\u00eate de pon\u00e7age Tambour en caoutchouc rainur\u00e9 en spirale de 12 &quot; Courroie de [&hellip;]\" \/>\n<meta property=\"og:url\" content=\"https:\/\/machineriesbst.com\/en\/catalogue\/planeur-sableur-timesavers-7300-series\/\" \/>\n<meta property=\"og:site_name\" content=\"Machineries BST\" \/>\n<meta property=\"article:modified_time\" content=\"2023-12-01T01:24:18+00:00\" \/>\n<meta property=\"og:image\" content=\"https:\/\/machineriesbst.com\/wp-content\/uploads\/2021\/05\/1-148.jpg\" \/>\n\t<meta property=\"og:image:width\" content=\"600\" \/>\n\t<meta property=\"og:image:height\" content=\"338\" \/>\n<meta name=\"twitter:card\" content=\"summary_large_image\" \/>\n<meta name=\"twitter:label1\" content=\"Est. reading time\" \/>\n\t<meta name=\"twitter:data1\" content=\"1 minute\" \/>\n<script type=\"application\/ld+json\" class=\"yoast-schema-graph\">{\"@context\":\"https:\/\/schema.org\",\"@graph\":[{\"@type\":\"WebSite\",\"@id\":\"https:\/\/machineriesbst.com\/en\/#website\",\"url\":\"https:\/\/machineriesbst.com\/en\/\",\"name\":\"Machineries BST\",\"description\":\"Machines neuves &amp; usag\\u00e9es\",\"potentialAction\":[{\"@type\":\"SearchAction\",\"target\":{\"@type\":\"EntryPoint\",\"urlTemplate\":\"https:\/\/machineriesbst.com\/en\/?s={search_term_string}\"},\"query-input\":\"required name=search_term_string\"}],\"inLanguage\":\"en-US\"},{\"@type\":\"ImageObject\",\"@id\":\"https:\/\/machineriesbst.com\/en\/catalogue\/planeur-sableur-timesavers-7300-series\/#primaryimage\",\"inLanguage\":\"en-US\",\"url\":\"https:\/\/machineriesbst.com\/wp-content\/uploads\/2021\/05\/1-148.jpg\",\"contentUrl\":\"https:\/\/machineriesbst.com\/wp-content\/uploads\/2021\/05\/1-148.jpg\",\"width\":600,\"height\":338},{\"@type\":\"WebPage\",\"@id\":\"https:\/\/machineriesbst.com\/en\/catalogue\/planeur-sableur-timesavers-7300-series\/#webpage\",\"url\":\"https:\/\/machineriesbst.com\/en\/catalogue\/planeur-sableur-timesavers-7300-series\/\",\"name\":\"Planeur\/Sableur Timesavers 7300 series - Machineries BST\",\"isPartOf\":{\"@id\":\"https:\/\/machineriesbst.com\/en\/#website\"},\"primaryImageOfPage\":{\"@id\":\"https:\/\/machineriesbst.com\/en\/catalogue\/planeur-sableur-timesavers-7300-series\/#primaryimage\"},\"datePublished\":\"2021-06-08T13:35:54+00:00\",\"dateModified\":\"2023-12-01T01:24:18+00:00\",\"breadcrumb\":{\"@id\":\"https:\/\/machineriesbst.com\/en\/catalogue\/planeur-sableur-timesavers-7300-series\/#breadcrumb\"},\"inLanguage\":\"en-US\",\"potentialAction\":[{\"@type\":\"ReadAction\",\"target\":[\"https:\/\/machineriesbst.com\/en\/catalogue\/planeur-sableur-timesavers-7300-series\/\"]}]},{\"@type\":\"BreadcrumbList\",\"@id\":\"https:\/\/machineriesbst.com\/en\/catalogue\/planeur-sableur-timesavers-7300-series\/#breadcrumb\",\"itemListElement\":[{\"@type\":\"ListItem\",\"position\":1,\"name\":\"Accueil\",\"item\":\"https:\/\/machineriesbst.com\/en\/\"},{\"@type\":\"ListItem\",\"position\":2,\"name\":\"Catalogue\",\"item\":\"https:\/\/machineriesbst.com\/en\/catalog\/\"},{\"@type\":\"ListItem\",\"position\":3,\"name\":\"Planeur\/Sableur Timesavers 7300 series\"}]}]}<\/script>\n<!-- \/ Yoast SEO plugin. -->","yoast_head_json":{"title":"Planeur\/Sableur Timesavers 7300 series - Machineries BST","robots":{"index":"index","follow":"follow","max-snippet":"max-snippet:-1","max-image-preview":"max-image-preview:large","max-video-preview":"max-video-preview:-1"},"canonical":"https:\/\/machineriesbst.com\/en\/catalogue\/planeur-sableur-timesavers-7300-series\/","og_locale":"en_US","og_type":"article","og_title":"Planeur\/Sableur Timesavers 7300 series - Machineries BST","og_description":"Chaque machine comprend (1) La t\u00eate de coupe h\u00e9lico\u00efdale (1) La t\u00eate de pon\u00e7age combin\u00e9e 1\u00e8re t\u00eate t\u00eate de coupe en spirale T\u00eate de coupe 7 \"dia 12 aiguille aprox 384 inserts par t\u00eate 60 CV 2\u00e8me t\u00eate Combinaison tambour platine t\u00eate de pon\u00e7age Tambour en caoutchouc rainur\u00e9 en spirale de 12 \" Courroie de [&hellip;]","og_url":"https:\/\/machineriesbst.com\/en\/catalogue\/planeur-sableur-timesavers-7300-series\/","og_site_name":"Machineries BST","article_modified_time":"2023-12-01T01:24:18+00:00","og_image":[{"width":600,"height":338,"url":"https:\/\/machineriesbst.com\/wp-content\/uploads\/2021\/05\/1-148.jpg","path":"\/home\/jepeto\/public_html\/wp-content\/uploads\/2021\/05\/1-148.jpg","size":"full","id":50069,"alt":"","pixels":202800,"type":"image\/jpeg"}],"twitter_card":"summary_large_image","twitter_misc":{"Est. reading time":"1 minute"},"schema":{"@context":"https:\/\/schema.org","@graph":[{"@type":"WebSite","@id":"https:\/\/machineriesbst.com\/en\/#website","url":"https:\/\/machineriesbst.com\/en\/","name":"Machineries BST","description":"Machines neuves &amp; usag\u00e9es","potentialAction":[{"@type":"SearchAction","target":{"@type":"EntryPoint","urlTemplate":"https:\/\/machineriesbst.com\/en\/?s={search_term_string}"},"query-input":"required name=search_term_string"}],"inLanguage":"en-US"},{"@type":"ImageObject","@id":"https:\/\/machineriesbst.com\/en\/catalogue\/planeur-sableur-timesavers-7300-series\/#primaryimage","inLanguage":"en-US","url":"https:\/\/machineriesbst.com\/wp-content\/uploads\/2021\/05\/1-148.jpg","contentUrl":"https:\/\/machineriesbst.com\/wp-content\/uploads\/2021\/05\/1-148.jpg","width":600,"height":338},{"@type":"WebPage","@id":"https:\/\/machineriesbst.com\/en\/catalogue\/planeur-sableur-timesavers-7300-series\/#webpage","url":"https:\/\/machineriesbst.com\/en\/catalogue\/planeur-sableur-timesavers-7300-series\/","name":"Planeur\/Sableur Timesavers 7300 series - Machineries BST","isPartOf":{"@id":"https:\/\/machineriesbst.com\/en\/#website"},"primaryImageOfPage":{"@id":"https:\/\/machineriesbst.com\/en\/catalogue\/planeur-sableur-timesavers-7300-series\/#primaryimage"},"datePublished":"2021-06-08T13:35:54+00:00","dateModified":"2023-12-01T01:24:18+00:00","breadcrumb":{"@id":"https:\/\/machineriesbst.com\/en\/catalogue\/planeur-sableur-timesavers-7300-series\/#breadcrumb"},"inLanguage":"en-US","potentialAction":[{"@type":"ReadAction","target":["https:\/\/machineriesbst.com\/en\/catalogue\/planeur-sableur-timesavers-7300-series\/"]}]},{"@type":"BreadcrumbList","@id":"https:\/\/machineriesbst.com\/en\/catalogue\/planeur-sableur-timesavers-7300-series\/#breadcrumb","itemListElement":[{"@type":"ListItem","position":1,"name":"Accueil","item":"https:\/\/machineriesbst.com\/en\/"},{"@type":"ListItem","position":2,"name":"Catalogue","item":"https:\/\/machineriesbst.com\/en\/catalog\/"},{"@type":"ListItem","position":3,"name":"Planeur\/Sableur Timesavers 7300 series"}]}]}},"_links":{"self":[{"href":"https:\/\/machineriesbst.com\/en\/wp-json\/wp\/v2\/product\/57661"}],"collection":[{"href":"https:\/\/machineriesbst.com\/en\/wp-json\/wp\/v2\/product"}],"about":[{"href":"https:\/\/machineriesbst.com\/en\/wp-json\/wp\/v2\/types\/product"}],"author":[{"embeddable":true,"href":"https:\/\/machineriesbst.com\/en\/wp-json\/wp\/v2\/users\/3"}],"replies":[{"embeddable":true,"href":"https:\/\/machineriesbst.com\/en\/wp-json\/wp\/v2\/comments?post=57661"}],"wp:featuredmedia":[{"embeddable":true,"href":"https:\/\/machineriesbst.com\/en\/wp-json\/wp\/v2\/media\/50069"}],"wp:attachment":[{"href":"https:\/\/machineriesbst.com\/en\/wp-json\/wp\/v2\/media?parent=57661"}],"wp:term":[{"taxonomy":"product_cat","embeddable":true,"href":"https:\/\/machineriesbst.com\/en\/wp-json\/wp\/v2\/product_cat?post=57661"},{"taxonomy":"product_tag","embeddable":true,"href":"https:\/\/machineriesbst.com\/en\/wp-json\/wp\/v2\/product_tag?post=57661"}],"curies":[{"name":"wp","href":"https:\/\/api.w.org\/{rel}","templated":true}]}}