{"id":57640,"date":"2021-06-08T09:35:48","date_gmt":"2021-06-08T13:35:48","guid":{"rendered":"https:\/\/machineriesbst.com\/?post_type=product&#038;p=57640"},"modified":"2023-11-30T20:24:18","modified_gmt":"2023-12-01T01:24:18","slug":"planeur-2-faces-newman-whitney-erp-24-a","status":"publish","type":"product","link":"https:\/\/machineriesbst.com\/en\/catalogue\/planeur-2-faces-newman-whitney-erp-24-a\/","title":{"rendered":"2-sided glider - Newman Whitney ERP 24-A"},"content":{"rendered":"<p><strong>Characteristics:<\/strong><\/p>\n<ul>\n<li>Updated 30 &quot;wide top and bottom planer with Quad Helical Heads on top and bottom heads<\/li>\n<li>20 HP on top<\/li>\n<li>15 HP bottom, 10 HP Feed motor<\/li>\n<li>10 &quot;top, 7&quot; bottom dust hoods<\/li>\n<\/ul>\n<p><strong>Remarks:<\/strong><\/p>\n<ul>\n<li>Well maintained and maintained<\/li>\n<\/ul>","protected":false},"excerpt":{"rendered":"<p>Features: Updated 30&quot; Width Top and Bottom Planer with Quad Helical Heads on Top and Bottom Heads 20 HP on Top 15 HP on Bottom, 10 HP Feed Motor 10&quot; on Top, 7&quot; Dust Hoods bottom Notes: Well maintained and maintained<\/p>","protected":false},"author":3,"featured_media":49973,"comment_status":"open","ping_status":"closed","template":"","meta":[],"product_cat":[3025],"product_tag":[],"acf":[],"yoast_head":"<!-- This site is optimized with the Yoast SEO plugin v16.8 - https:\/\/yoast.com\/wordpress\/plugins\/seo\/ -->\n<title>Planeur 2 Faces - Newman Whitney ERP 24-A - Machineries BST<\/title>\n<meta name=\"robots\" content=\"index, follow, max-snippet:-1, max-image-preview:large, max-video-preview:-1\" \/>\n<link rel=\"canonical\" href=\"https:\/\/machineriesbst.com\/en\/catalogue\/planeur-2-faces-newman-whitney-erp-24-a\/\" \/>\n<meta property=\"og:locale\" content=\"en_US\" \/>\n<meta property=\"og:type\" content=\"article\" \/>\n<meta property=\"og:title\" content=\"Planeur 2 Faces - Newman Whitney ERP 24-A - Machineries BST\" \/>\n<meta property=\"og:description\" content=\"Caract\u00e9ristiques: Raboteuse sup\u00e9rieure et inf\u00e9rieure de 30 &quot;de largeur mise \u00e0 jour avec Quad Helical Heads sur les t\u00eates sup\u00e9rieure et inf\u00e9rieure 20 H.P. sur le dessus 15 H.P. en bas, 10 H.P. Moteur d&#039;alimentation Hottes de poussi\u00e8re 10&quot; en haut, 7 &quot;en bas Remarques: Bien entretenu et entretenu\" \/>\n<meta property=\"og:url\" content=\"https:\/\/machineriesbst.com\/en\/catalogue\/planeur-2-faces-newman-whitney-erp-24-a\/\" \/>\n<meta property=\"og:site_name\" content=\"Machineries BST\" \/>\n<meta property=\"article:modified_time\" content=\"2023-12-01T01:24:18+00:00\" \/>\n<meta property=\"og:image\" content=\"https:\/\/machineriesbst.com\/wp-content\/uploads\/2021\/05\/1-114.jpg\" \/>\n\t<meta property=\"og:image:width\" content=\"500\" \/>\n\t<meta property=\"og:image:height\" content=\"500\" \/>\n<meta name=\"twitter:card\" content=\"summary_large_image\" \/>\n<script type=\"application\/ld+json\" class=\"yoast-schema-graph\">{\"@context\":\"https:\/\/schema.org\",\"@graph\":[{\"@type\":\"WebSite\",\"@id\":\"https:\/\/machineriesbst.com\/en\/#website\",\"url\":\"https:\/\/machineriesbst.com\/en\/\",\"name\":\"Machineries BST\",\"description\":\"Machines neuves &amp; usag\\u00e9es\",\"potentialAction\":[{\"@type\":\"SearchAction\",\"target\":{\"@type\":\"EntryPoint\",\"urlTemplate\":\"https:\/\/machineriesbst.com\/en\/?s={search_term_string}\"},\"query-input\":\"required name=search_term_string\"}],\"inLanguage\":\"en-US\"},{\"@type\":\"ImageObject\",\"@id\":\"https:\/\/machineriesbst.com\/en\/catalogue\/planeur-2-faces-newman-whitney-erp-24-a\/#primaryimage\",\"inLanguage\":\"en-US\",\"url\":\"https:\/\/machineriesbst.com\/wp-content\/uploads\/2021\/05\/1-114.jpg\",\"contentUrl\":\"https:\/\/machineriesbst.com\/wp-content\/uploads\/2021\/05\/1-114.jpg\",\"width\":500,\"height\":500},{\"@type\":\"WebPage\",\"@id\":\"https:\/\/machineriesbst.com\/en\/catalogue\/planeur-2-faces-newman-whitney-erp-24-a\/#webpage\",\"url\":\"https:\/\/machineriesbst.com\/en\/catalogue\/planeur-2-faces-newman-whitney-erp-24-a\/\",\"name\":\"Planeur 2 Faces - Newman Whitney ERP 24-A - Machineries BST\",\"isPartOf\":{\"@id\":\"https:\/\/machineriesbst.com\/en\/#website\"},\"primaryImageOfPage\":{\"@id\":\"https:\/\/machineriesbst.com\/en\/catalogue\/planeur-2-faces-newman-whitney-erp-24-a\/#primaryimage\"},\"datePublished\":\"2021-06-08T13:35:48+00:00\",\"dateModified\":\"2023-12-01T01:24:18+00:00\",\"breadcrumb\":{\"@id\":\"https:\/\/machineriesbst.com\/en\/catalogue\/planeur-2-faces-newman-whitney-erp-24-a\/#breadcrumb\"},\"inLanguage\":\"en-US\",\"potentialAction\":[{\"@type\":\"ReadAction\",\"target\":[\"https:\/\/machineriesbst.com\/en\/catalogue\/planeur-2-faces-newman-whitney-erp-24-a\/\"]}]},{\"@type\":\"BreadcrumbList\",\"@id\":\"https:\/\/machineriesbst.com\/en\/catalogue\/planeur-2-faces-newman-whitney-erp-24-a\/#breadcrumb\",\"itemListElement\":[{\"@type\":\"ListItem\",\"position\":1,\"name\":\"Accueil\",\"item\":\"https:\/\/machineriesbst.com\/en\/\"},{\"@type\":\"ListItem\",\"position\":2,\"name\":\"Catalogue\",\"item\":\"https:\/\/machineriesbst.com\/en\/catalog\/\"},{\"@type\":\"ListItem\",\"position\":3,\"name\":\"Planeur 2 Faces - Newman Whitney ERP 24-A\"}]}]}<\/script>\n<!-- \/ Yoast SEO plugin. -->","yoast_head_json":{"title":"Planeur 2 Faces - Newman Whitney ERP 24-A - Machineries BST","robots":{"index":"index","follow":"follow","max-snippet":"max-snippet:-1","max-image-preview":"max-image-preview:large","max-video-preview":"max-video-preview:-1"},"canonical":"https:\/\/machineriesbst.com\/en\/catalogue\/planeur-2-faces-newman-whitney-erp-24-a\/","og_locale":"en_US","og_type":"article","og_title":"Planeur 2 Faces - Newman Whitney ERP 24-A - Machineries BST","og_description":"Caract\u00e9ristiques: Raboteuse sup\u00e9rieure et inf\u00e9rieure de 30 \"de largeur mise \u00e0 jour avec Quad Helical Heads sur les t\u00eates sup\u00e9rieure et inf\u00e9rieure 20 H.P. sur le dessus 15 H.P. en bas, 10 H.P. Moteur d'alimentation Hottes de poussi\u00e8re 10\" en haut, 7 \"en bas Remarques: Bien entretenu et entretenu","og_url":"https:\/\/machineriesbst.com\/en\/catalogue\/planeur-2-faces-newman-whitney-erp-24-a\/","og_site_name":"Machineries BST","article_modified_time":"2023-12-01T01:24:18+00:00","og_image":[{"width":500,"height":500,"url":"https:\/\/machineriesbst.com\/wp-content\/uploads\/2021\/05\/1-114.jpg","path":"\/home\/jepeto\/public_html\/wp-content\/uploads\/2021\/05\/1-114.jpg","size":"full","id":49973,"alt":"","pixels":250000,"type":"image\/jpeg"}],"twitter_card":"summary_large_image","schema":{"@context":"https:\/\/schema.org","@graph":[{"@type":"WebSite","@id":"https:\/\/machineriesbst.com\/en\/#website","url":"https:\/\/machineriesbst.com\/en\/","name":"Machineries BST","description":"Machines neuves &amp; usag\u00e9es","potentialAction":[{"@type":"SearchAction","target":{"@type":"EntryPoint","urlTemplate":"https:\/\/machineriesbst.com\/en\/?s={search_term_string}"},"query-input":"required name=search_term_string"}],"inLanguage":"en-US"},{"@type":"ImageObject","@id":"https:\/\/machineriesbst.com\/en\/catalogue\/planeur-2-faces-newman-whitney-erp-24-a\/#primaryimage","inLanguage":"en-US","url":"https:\/\/machineriesbst.com\/wp-content\/uploads\/2021\/05\/1-114.jpg","contentUrl":"https:\/\/machineriesbst.com\/wp-content\/uploads\/2021\/05\/1-114.jpg","width":500,"height":500},{"@type":"WebPage","@id":"https:\/\/machineriesbst.com\/en\/catalogue\/planeur-2-faces-newman-whitney-erp-24-a\/#webpage","url":"https:\/\/machineriesbst.com\/en\/catalogue\/planeur-2-faces-newman-whitney-erp-24-a\/","name":"Planeur 2 Faces - Newman Whitney ERP 24-A - Machineries BST","isPartOf":{"@id":"https:\/\/machineriesbst.com\/en\/#website"},"primaryImageOfPage":{"@id":"https:\/\/machineriesbst.com\/en\/catalogue\/planeur-2-faces-newman-whitney-erp-24-a\/#primaryimage"},"datePublished":"2021-06-08T13:35:48+00:00","dateModified":"2023-12-01T01:24:18+00:00","breadcrumb":{"@id":"https:\/\/machineriesbst.com\/en\/catalogue\/planeur-2-faces-newman-whitney-erp-24-a\/#breadcrumb"},"inLanguage":"en-US","potentialAction":[{"@type":"ReadAction","target":["https:\/\/machineriesbst.com\/en\/catalogue\/planeur-2-faces-newman-whitney-erp-24-a\/"]}]},{"@type":"BreadcrumbList","@id":"https:\/\/machineriesbst.com\/en\/catalogue\/planeur-2-faces-newman-whitney-erp-24-a\/#breadcrumb","itemListElement":[{"@type":"ListItem","position":1,"name":"Accueil","item":"https:\/\/machineriesbst.com\/en\/"},{"@type":"ListItem","position":2,"name":"Catalogue","item":"https:\/\/machineriesbst.com\/en\/catalog\/"},{"@type":"ListItem","position":3,"name":"Planeur 2 Faces - Newman Whitney ERP 24-A"}]}]}},"_links":{"self":[{"href":"https:\/\/machineriesbst.com\/en\/wp-json\/wp\/v2\/product\/57640"}],"collection":[{"href":"https:\/\/machineriesbst.com\/en\/wp-json\/wp\/v2\/product"}],"about":[{"href":"https:\/\/machineriesbst.com\/en\/wp-json\/wp\/v2\/types\/product"}],"author":[{"embeddable":true,"href":"https:\/\/machineriesbst.com\/en\/wp-json\/wp\/v2\/users\/3"}],"replies":[{"embeddable":true,"href":"https:\/\/machineriesbst.com\/en\/wp-json\/wp\/v2\/comments?post=57640"}],"wp:featuredmedia":[{"embeddable":true,"href":"https:\/\/machineriesbst.com\/en\/wp-json\/wp\/v2\/media\/49973"}],"wp:attachment":[{"href":"https:\/\/machineriesbst.com\/en\/wp-json\/wp\/v2\/media?parent=57640"}],"wp:term":[{"taxonomy":"product_cat","embeddable":true,"href":"https:\/\/machineriesbst.com\/en\/wp-json\/wp\/v2\/product_cat?post=57640"},{"taxonomy":"product_tag","embeddable":true,"href":"https:\/\/machineriesbst.com\/en\/wp-json\/wp\/v2\/product_tag?post=57640"}],"curies":[{"name":"wp","href":"https:\/\/api.w.org\/{rel}","templated":true}]}}