{"id":57639,"date":"2021-06-08T09:35:26","date_gmt":"2021-06-08T13:35:26","guid":{"rendered":"https:\/\/machineriesbst.com\/?post_type=product&#038;p=57639"},"modified":"2023-11-30T20:24:18","modified_gmt":"2023-12-01T01:24:18","slug":"newman-382hd-progressive-systems-sb-d-31-rip-line","status":"publish","type":"product","link":"https:\/\/machineriesbst.com\/en\/catalogue\/newman-382hd-progressive-systems-sb-d-31-rip-line\/","title":{"rendered":"Newman 382HD, Progressive Systems SB \/ D-31 Rip Line"},"content":{"rendered":"<ul>\n<li>Feeding platform<\/li>\n<li>Tilting hoist<\/li>\n<li>Planer feed<\/li>\n<li>Newman S-382-HD: 30 &quot;wide, 6&quot; top and bottom planer with sound box<\/li>\n<li>Upper head positioning is manual<\/li>\n<li>Hydraulic drive: 15HP<\/li>\n<li>Feed Per Minute: 40FPM - 300FPM<\/li>\n<li>Controls included<\/li>\n<li>All gun included<\/li>\n<li>Live platform to tear off the saw<\/li>\n<li>Automatic entry to tear off the saw<\/li>\n<li>Progressive systems SB \/ D-31 Rip Line with 75 HP motor, lasers, additional arbor<\/li>\n<li>Outbound carriers moving to the cutting line<\/li>\n<\/ul>","protected":false},"excerpt":{"rendered":"<p>Feed platform Tilt hoist Feed to Newman S-382-HD planer: 30 &quot;wide 6&quot; top and bottom planer with sound box Top head positioning is manual Hydraulic drive: 15HP Feed per minute: 40FPM - 300FPM Controls included All gun included Live platform to tear off the saw Automatic entry [\u2026]<\/p>","protected":false},"author":3,"featured_media":49966,"comment_status":"open","ping_status":"closed","template":"","meta":[],"product_cat":[3029],"product_tag":[],"acf":[],"yoast_head":"<!-- This site is optimized with the Yoast SEO plugin v16.8 - https:\/\/yoast.com\/wordpress\/plugins\/seo\/ -->\n<title>Newman 382HD ,Progressive Systems SB\/D-31 Rip Line - Machineries BST<\/title>\n<meta name=\"robots\" content=\"index, follow, max-snippet:-1, max-image-preview:large, max-video-preview:-1\" \/>\n<link rel=\"canonical\" href=\"https:\/\/machineriesbst.com\/en\/catalogue\/newman-382hd-progressive-systems-sb-d-31-rip-line\/\" \/>\n<meta property=\"og:locale\" content=\"en_US\" \/>\n<meta property=\"og:type\" content=\"article\" \/>\n<meta property=\"og:title\" content=\"Newman 382HD ,Progressive Systems SB\/D-31 Rip Line - Machineries BST\" \/>\n<meta property=\"og:description\" content=\"Plate-forme d&#039;alimentation Palan inclinable Alimentation \u00e0 la raboteuse Newman S-382-HD: raboteuse sup\u00e9rieure et inf\u00e9rieure de 30 &quot;de large et 6 po avec bo\u00eetier sonore Le positionnement sup\u00e9rieur de la t\u00eate est manuel Entra\u00eenement hydraulique: 15HP Alimentation par minute: 40FPM - 300FPM Contr\u00f4les inclus Tout pistolet inclus Plate-forme en direct pour d\u00e9chirer la scie Entr\u00e9e automatique [&hellip;]\" \/>\n<meta property=\"og:url\" content=\"https:\/\/machineriesbst.com\/en\/catalogue\/newman-382hd-progressive-systems-sb-d-31-rip-line\/\" \/>\n<meta property=\"og:site_name\" content=\"Machineries BST\" \/>\n<meta property=\"article:modified_time\" content=\"2023-12-01T01:24:18+00:00\" \/>\n<meta property=\"og:image\" content=\"https:\/\/machineriesbst.com\/wp-content\/uploads\/2021\/05\/1-113.jpg\" \/>\n\t<meta property=\"og:image:width\" content=\"500\" \/>\n\t<meta property=\"og:image:height\" content=\"500\" \/>\n<meta name=\"twitter:card\" content=\"summary_large_image\" \/>\n<script type=\"application\/ld+json\" class=\"yoast-schema-graph\">{\"@context\":\"https:\/\/schema.org\",\"@graph\":[{\"@type\":\"WebSite\",\"@id\":\"https:\/\/machineriesbst.com\/en\/#website\",\"url\":\"https:\/\/machineriesbst.com\/en\/\",\"name\":\"Machineries BST\",\"description\":\"Machines neuves &amp; usag\\u00e9es\",\"potentialAction\":[{\"@type\":\"SearchAction\",\"target\":{\"@type\":\"EntryPoint\",\"urlTemplate\":\"https:\/\/machineriesbst.com\/en\/?s={search_term_string}\"},\"query-input\":\"required name=search_term_string\"}],\"inLanguage\":\"en-US\"},{\"@type\":\"ImageObject\",\"@id\":\"https:\/\/machineriesbst.com\/en\/catalogue\/newman-382hd-progressive-systems-sb-d-31-rip-line\/#primaryimage\",\"inLanguage\":\"en-US\",\"url\":\"https:\/\/machineriesbst.com\/wp-content\/uploads\/2021\/05\/1-113.jpg\",\"contentUrl\":\"https:\/\/machineriesbst.com\/wp-content\/uploads\/2021\/05\/1-113.jpg\",\"width\":500,\"height\":500},{\"@type\":\"WebPage\",\"@id\":\"https:\/\/machineriesbst.com\/en\/catalogue\/newman-382hd-progressive-systems-sb-d-31-rip-line\/#webpage\",\"url\":\"https:\/\/machineriesbst.com\/en\/catalogue\/newman-382hd-progressive-systems-sb-d-31-rip-line\/\",\"name\":\"Newman 382HD ,Progressive Systems SB\/D-31 Rip Line - Machineries BST\",\"isPartOf\":{\"@id\":\"https:\/\/machineriesbst.com\/en\/#website\"},\"primaryImageOfPage\":{\"@id\":\"https:\/\/machineriesbst.com\/en\/catalogue\/newman-382hd-progressive-systems-sb-d-31-rip-line\/#primaryimage\"},\"datePublished\":\"2021-06-08T13:35:26+00:00\",\"dateModified\":\"2023-12-01T01:24:18+00:00\",\"breadcrumb\":{\"@id\":\"https:\/\/machineriesbst.com\/en\/catalogue\/newman-382hd-progressive-systems-sb-d-31-rip-line\/#breadcrumb\"},\"inLanguage\":\"en-US\",\"potentialAction\":[{\"@type\":\"ReadAction\",\"target\":[\"https:\/\/machineriesbst.com\/en\/catalogue\/newman-382hd-progressive-systems-sb-d-31-rip-line\/\"]}]},{\"@type\":\"BreadcrumbList\",\"@id\":\"https:\/\/machineriesbst.com\/en\/catalogue\/newman-382hd-progressive-systems-sb-d-31-rip-line\/#breadcrumb\",\"itemListElement\":[{\"@type\":\"ListItem\",\"position\":1,\"name\":\"Accueil\",\"item\":\"https:\/\/machineriesbst.com\/en\/\"},{\"@type\":\"ListItem\",\"position\":2,\"name\":\"Catalogue\",\"item\":\"https:\/\/machineriesbst.com\/en\/catalog\/\"},{\"@type\":\"ListItem\",\"position\":3,\"name\":\"Newman 382HD ,Progressive Systems SB\/D-31 Rip Line\"}]}]}<\/script>\n<!-- \/ Yoast SEO plugin. -->","yoast_head_json":{"title":"Newman 382HD ,Progressive Systems SB\/D-31 Rip Line - Machineries BST","robots":{"index":"index","follow":"follow","max-snippet":"max-snippet:-1","max-image-preview":"max-image-preview:large","max-video-preview":"max-video-preview:-1"},"canonical":"https:\/\/machineriesbst.com\/en\/catalogue\/newman-382hd-progressive-systems-sb-d-31-rip-line\/","og_locale":"en_US","og_type":"article","og_title":"Newman 382HD ,Progressive Systems SB\/D-31 Rip Line - Machineries BST","og_description":"Plate-forme d'alimentation Palan inclinable Alimentation \u00e0 la raboteuse Newman S-382-HD: raboteuse sup\u00e9rieure et inf\u00e9rieure de 30 \"de large et 6 po avec bo\u00eetier sonore Le positionnement sup\u00e9rieur de la t\u00eate est manuel Entra\u00eenement hydraulique: 15HP Alimentation par minute: 40FPM - 300FPM Contr\u00f4les inclus Tout pistolet inclus Plate-forme en direct pour d\u00e9chirer la scie Entr\u00e9e automatique [&hellip;]","og_url":"https:\/\/machineriesbst.com\/en\/catalogue\/newman-382hd-progressive-systems-sb-d-31-rip-line\/","og_site_name":"Machineries BST","article_modified_time":"2023-12-01T01:24:18+00:00","og_image":[{"width":500,"height":500,"url":"https:\/\/machineriesbst.com\/wp-content\/uploads\/2021\/05\/1-113.jpg","path":"\/home\/jepeto\/public_html\/wp-content\/uploads\/2021\/05\/1-113.jpg","size":"full","id":49966,"alt":"","pixels":250000,"type":"image\/jpeg"}],"twitter_card":"summary_large_image","schema":{"@context":"https:\/\/schema.org","@graph":[{"@type":"WebSite","@id":"https:\/\/machineriesbst.com\/en\/#website","url":"https:\/\/machineriesbst.com\/en\/","name":"Machineries BST","description":"Machines neuves &amp; usag\u00e9es","potentialAction":[{"@type":"SearchAction","target":{"@type":"EntryPoint","urlTemplate":"https:\/\/machineriesbst.com\/en\/?s={search_term_string}"},"query-input":"required name=search_term_string"}],"inLanguage":"en-US"},{"@type":"ImageObject","@id":"https:\/\/machineriesbst.com\/en\/catalogue\/newman-382hd-progressive-systems-sb-d-31-rip-line\/#primaryimage","inLanguage":"en-US","url":"https:\/\/machineriesbst.com\/wp-content\/uploads\/2021\/05\/1-113.jpg","contentUrl":"https:\/\/machineriesbst.com\/wp-content\/uploads\/2021\/05\/1-113.jpg","width":500,"height":500},{"@type":"WebPage","@id":"https:\/\/machineriesbst.com\/en\/catalogue\/newman-382hd-progressive-systems-sb-d-31-rip-line\/#webpage","url":"https:\/\/machineriesbst.com\/en\/catalogue\/newman-382hd-progressive-systems-sb-d-31-rip-line\/","name":"Newman 382HD ,Progressive Systems SB\/D-31 Rip Line - Machineries BST","isPartOf":{"@id":"https:\/\/machineriesbst.com\/en\/#website"},"primaryImageOfPage":{"@id":"https:\/\/machineriesbst.com\/en\/catalogue\/newman-382hd-progressive-systems-sb-d-31-rip-line\/#primaryimage"},"datePublished":"2021-06-08T13:35:26+00:00","dateModified":"2023-12-01T01:24:18+00:00","breadcrumb":{"@id":"https:\/\/machineriesbst.com\/en\/catalogue\/newman-382hd-progressive-systems-sb-d-31-rip-line\/#breadcrumb"},"inLanguage":"en-US","potentialAction":[{"@type":"ReadAction","target":["https:\/\/machineriesbst.com\/en\/catalogue\/newman-382hd-progressive-systems-sb-d-31-rip-line\/"]}]},{"@type":"BreadcrumbList","@id":"https:\/\/machineriesbst.com\/en\/catalogue\/newman-382hd-progressive-systems-sb-d-31-rip-line\/#breadcrumb","itemListElement":[{"@type":"ListItem","position":1,"name":"Accueil","item":"https:\/\/machineriesbst.com\/en\/"},{"@type":"ListItem","position":2,"name":"Catalogue","item":"https:\/\/machineriesbst.com\/en\/catalog\/"},{"@type":"ListItem","position":3,"name":"Newman 382HD ,Progressive Systems SB\/D-31 Rip Line"}]}]}},"_links":{"self":[{"href":"https:\/\/machineriesbst.com\/en\/wp-json\/wp\/v2\/product\/57639"}],"collection":[{"href":"https:\/\/machineriesbst.com\/en\/wp-json\/wp\/v2\/product"}],"about":[{"href":"https:\/\/machineriesbst.com\/en\/wp-json\/wp\/v2\/types\/product"}],"author":[{"embeddable":true,"href":"https:\/\/machineriesbst.com\/en\/wp-json\/wp\/v2\/users\/3"}],"replies":[{"embeddable":true,"href":"https:\/\/machineriesbst.com\/en\/wp-json\/wp\/v2\/comments?post=57639"}],"wp:featuredmedia":[{"embeddable":true,"href":"https:\/\/machineriesbst.com\/en\/wp-json\/wp\/v2\/media\/49966"}],"wp:attachment":[{"href":"https:\/\/machineriesbst.com\/en\/wp-json\/wp\/v2\/media?parent=57639"}],"wp:term":[{"taxonomy":"product_cat","embeddable":true,"href":"https:\/\/machineriesbst.com\/en\/wp-json\/wp\/v2\/product_cat?post=57639"},{"taxonomy":"product_tag","embeddable":true,"href":"https:\/\/machineriesbst.com\/en\/wp-json\/wp\/v2\/product_tag?post=57639"}],"curies":[{"name":"wp","href":"https:\/\/api.w.org\/{rel}","templated":true}]}}