{"id":57637,"date":"2021-06-08T09:35:25","date_gmt":"2021-06-08T13:35:25","guid":{"rendered":"https:\/\/machineriesbst.com\/?post_type=product&#038;p=57637"},"modified":"2023-11-30T20:24:18","modified_gmt":"2023-12-01T01:24:18","slug":"onsrud-3025","status":"publish","type":"product","link":"https:\/\/machineriesbst.com\/en\/catalogue\/onsrud-3025\/","title":{"rendered":"Onsrud 3025"},"content":{"rendered":"<ul>\n<li>Reverse spindle router<\/li>\n<li>5HP engine<\/li>\n<li>pedal<\/li>\n<li>fog mist lubricator<\/li>\n<li>extra pin included<\/li>\n<li>manual<\/li>\n<li>spindle speed 20,000RPM<\/li>\n<li>30 &quot;throat<\/li>\n<li>3\/4 &quot;depth of cut with oak<\/li>\n<li>1 &quot;depth of cut with pin<\/li>\n<li>pneumatic cutter and guide pin<\/li>\n<li>the self-expanding sleeve<\/li>\n<li>under table sawdust and chip removal<\/li>\n<li>not used a lot<\/li>\n<li>not used for the last 3 years<\/li>\n<li>rated at 9,200 new $.<\/li>\n<\/ul>","protected":false},"excerpt":{"rendered":"<p>Reverse spindle router 5HP motor pedal mist mist lubricator additional spindle included manual spindle speed 20,000RPM 30 &quot;throat 3\/4&quot; depth of cut with oak 1 &quot;depth of cut with pneumatic cutter pin and spindle guide the self-expanding bush under the table sawdust and the removal of [\u2026]<\/p>","protected":false},"author":3,"featured_media":49962,"comment_status":"open","ping_status":"closed","template":"","meta":[],"product_cat":[299],"product_tag":[],"acf":[],"yoast_head":"<!-- This site is optimized with the Yoast SEO plugin v16.8 - https:\/\/yoast.com\/wordpress\/plugins\/seo\/ -->\n<title>Onsrud 3025 - Machineries BST<\/title>\n<meta name=\"robots\" content=\"index, follow, max-snippet:-1, max-image-preview:large, max-video-preview:-1\" \/>\n<link rel=\"canonical\" href=\"https:\/\/machineriesbst.com\/en\/catalogue\/onsrud-3025\/\" \/>\n<meta property=\"og:locale\" content=\"en_US\" \/>\n<meta property=\"og:type\" content=\"article\" \/>\n<meta property=\"og:title\" content=\"Onsrud 3025 - Machineries BST\" \/>\n<meta property=\"og:description\" content=\"Routeur \u00e0 broche invers\u00e9 moteur 5HP p\u00e9dale lubrificateur \u00e0 brouillard de brouillard broche suppl\u00e9mentaire incluse manuelle vitesse de broche 20,000RPM 30 &quot;de gorge 3\/4&quot; de profondeur de coupe avec ch\u00eane 1 &quot;de profondeur de coupe avec pin coupe-coupe pneumatique Et la broche de guidage la douille auto-d\u00e9ployante sous la sciure de table et l&#039;enl\u00e8vement des [&hellip;]\" \/>\n<meta property=\"og:url\" content=\"https:\/\/machineriesbst.com\/en\/catalogue\/onsrud-3025\/\" \/>\n<meta property=\"og:site_name\" content=\"Machineries BST\" \/>\n<meta property=\"article:modified_time\" content=\"2023-12-01T01:24:18+00:00\" \/>\n<meta property=\"og:image\" content=\"https:\/\/machineriesbst.com\/wp-content\/uploads\/2021\/05\/1-102.jpg\" \/>\n\t<meta property=\"og:image:width\" content=\"500\" \/>\n\t<meta property=\"og:image:height\" content=\"500\" \/>\n<meta name=\"twitter:card\" content=\"summary_large_image\" \/>\n<script type=\"application\/ld+json\" class=\"yoast-schema-graph\">{\"@context\":\"https:\/\/schema.org\",\"@graph\":[{\"@type\":\"WebSite\",\"@id\":\"https:\/\/machineriesbst.com\/en\/#website\",\"url\":\"https:\/\/machineriesbst.com\/en\/\",\"name\":\"Machineries BST\",\"description\":\"Machines neuves &amp; usag\\u00e9es\",\"potentialAction\":[{\"@type\":\"SearchAction\",\"target\":{\"@type\":\"EntryPoint\",\"urlTemplate\":\"https:\/\/machineriesbst.com\/en\/?s={search_term_string}\"},\"query-input\":\"required name=search_term_string\"}],\"inLanguage\":\"en-US\"},{\"@type\":\"ImageObject\",\"@id\":\"https:\/\/machineriesbst.com\/en\/catalogue\/onsrud-3025\/#primaryimage\",\"inLanguage\":\"en-US\",\"url\":\"https:\/\/machineriesbst.com\/wp-content\/uploads\/2021\/05\/1-102.jpg\",\"contentUrl\":\"https:\/\/machineriesbst.com\/wp-content\/uploads\/2021\/05\/1-102.jpg\",\"width\":500,\"height\":500},{\"@type\":\"WebPage\",\"@id\":\"https:\/\/machineriesbst.com\/en\/catalogue\/onsrud-3025\/#webpage\",\"url\":\"https:\/\/machineriesbst.com\/en\/catalogue\/onsrud-3025\/\",\"name\":\"Onsrud 3025 - Machineries BST\",\"isPartOf\":{\"@id\":\"https:\/\/machineriesbst.com\/en\/#website\"},\"primaryImageOfPage\":{\"@id\":\"https:\/\/machineriesbst.com\/en\/catalogue\/onsrud-3025\/#primaryimage\"},\"datePublished\":\"2021-06-08T13:35:25+00:00\",\"dateModified\":\"2023-12-01T01:24:18+00:00\",\"breadcrumb\":{\"@id\":\"https:\/\/machineriesbst.com\/en\/catalogue\/onsrud-3025\/#breadcrumb\"},\"inLanguage\":\"en-US\",\"potentialAction\":[{\"@type\":\"ReadAction\",\"target\":[\"https:\/\/machineriesbst.com\/en\/catalogue\/onsrud-3025\/\"]}]},{\"@type\":\"BreadcrumbList\",\"@id\":\"https:\/\/machineriesbst.com\/en\/catalogue\/onsrud-3025\/#breadcrumb\",\"itemListElement\":[{\"@type\":\"ListItem\",\"position\":1,\"name\":\"Accueil\",\"item\":\"https:\/\/machineriesbst.com\/en\/\"},{\"@type\":\"ListItem\",\"position\":2,\"name\":\"Catalogue\",\"item\":\"https:\/\/machineriesbst.com\/en\/catalog\/\"},{\"@type\":\"ListItem\",\"position\":3,\"name\":\"Onsrud 3025\"}]}]}<\/script>\n<!-- \/ Yoast SEO plugin. -->","yoast_head_json":{"title":"Onsrud 3025 - Machineries BST","robots":{"index":"index","follow":"follow","max-snippet":"max-snippet:-1","max-image-preview":"max-image-preview:large","max-video-preview":"max-video-preview:-1"},"canonical":"https:\/\/machineriesbst.com\/en\/catalogue\/onsrud-3025\/","og_locale":"en_US","og_type":"article","og_title":"Onsrud 3025 - Machineries BST","og_description":"Routeur \u00e0 broche invers\u00e9 moteur 5HP p\u00e9dale lubrificateur \u00e0 brouillard de brouillard broche suppl\u00e9mentaire incluse manuelle vitesse de broche 20,000RPM 30 \"de gorge 3\/4\" de profondeur de coupe avec ch\u00eane 1 \"de profondeur de coupe avec pin coupe-coupe pneumatique Et la broche de guidage la douille auto-d\u00e9ployante sous la sciure de table et l'enl\u00e8vement des [&hellip;]","og_url":"https:\/\/machineriesbst.com\/en\/catalogue\/onsrud-3025\/","og_site_name":"Machineries BST","article_modified_time":"2023-12-01T01:24:18+00:00","og_image":[{"width":500,"height":500,"url":"https:\/\/machineriesbst.com\/wp-content\/uploads\/2021\/05\/1-102.jpg","path":"\/home\/jepeto\/public_html\/wp-content\/uploads\/2021\/05\/1-102.jpg","size":"full","id":49962,"alt":"","pixels":250000,"type":"image\/jpeg"}],"twitter_card":"summary_large_image","schema":{"@context":"https:\/\/schema.org","@graph":[{"@type":"WebSite","@id":"https:\/\/machineriesbst.com\/en\/#website","url":"https:\/\/machineriesbst.com\/en\/","name":"Machineries BST","description":"Machines neuves &amp; usag\u00e9es","potentialAction":[{"@type":"SearchAction","target":{"@type":"EntryPoint","urlTemplate":"https:\/\/machineriesbst.com\/en\/?s={search_term_string}"},"query-input":"required name=search_term_string"}],"inLanguage":"en-US"},{"@type":"ImageObject","@id":"https:\/\/machineriesbst.com\/en\/catalogue\/onsrud-3025\/#primaryimage","inLanguage":"en-US","url":"https:\/\/machineriesbst.com\/wp-content\/uploads\/2021\/05\/1-102.jpg","contentUrl":"https:\/\/machineriesbst.com\/wp-content\/uploads\/2021\/05\/1-102.jpg","width":500,"height":500},{"@type":"WebPage","@id":"https:\/\/machineriesbst.com\/en\/catalogue\/onsrud-3025\/#webpage","url":"https:\/\/machineriesbst.com\/en\/catalogue\/onsrud-3025\/","name":"Onsrud 3025 - Machineries BST","isPartOf":{"@id":"https:\/\/machineriesbst.com\/en\/#website"},"primaryImageOfPage":{"@id":"https:\/\/machineriesbst.com\/en\/catalogue\/onsrud-3025\/#primaryimage"},"datePublished":"2021-06-08T13:35:25+00:00","dateModified":"2023-12-01T01:24:18+00:00","breadcrumb":{"@id":"https:\/\/machineriesbst.com\/en\/catalogue\/onsrud-3025\/#breadcrumb"},"inLanguage":"en-US","potentialAction":[{"@type":"ReadAction","target":["https:\/\/machineriesbst.com\/en\/catalogue\/onsrud-3025\/"]}]},{"@type":"BreadcrumbList","@id":"https:\/\/machineriesbst.com\/en\/catalogue\/onsrud-3025\/#breadcrumb","itemListElement":[{"@type":"ListItem","position":1,"name":"Accueil","item":"https:\/\/machineriesbst.com\/en\/"},{"@type":"ListItem","position":2,"name":"Catalogue","item":"https:\/\/machineriesbst.com\/en\/catalog\/"},{"@type":"ListItem","position":3,"name":"Onsrud 3025"}]}]}},"_links":{"self":[{"href":"https:\/\/machineriesbst.com\/en\/wp-json\/wp\/v2\/product\/57637"}],"collection":[{"href":"https:\/\/machineriesbst.com\/en\/wp-json\/wp\/v2\/product"}],"about":[{"href":"https:\/\/machineriesbst.com\/en\/wp-json\/wp\/v2\/types\/product"}],"author":[{"embeddable":true,"href":"https:\/\/machineriesbst.com\/en\/wp-json\/wp\/v2\/users\/3"}],"replies":[{"embeddable":true,"href":"https:\/\/machineriesbst.com\/en\/wp-json\/wp\/v2\/comments?post=57637"}],"wp:featuredmedia":[{"embeddable":true,"href":"https:\/\/machineriesbst.com\/en\/wp-json\/wp\/v2\/media\/49962"}],"wp:attachment":[{"href":"https:\/\/machineriesbst.com\/en\/wp-json\/wp\/v2\/media?parent=57637"}],"wp:term":[{"taxonomy":"product_cat","embeddable":true,"href":"https:\/\/machineriesbst.com\/en\/wp-json\/wp\/v2\/product_cat?post=57637"},{"taxonomy":"product_tag","embeddable":true,"href":"https:\/\/machineriesbst.com\/en\/wp-json\/wp\/v2\/product_tag?post=57637"}],"curies":[{"name":"wp","href":"https:\/\/api.w.org\/{rel}","templated":true}]}}