{"id":57636,"date":"2021-06-08T09:35:25","date_gmt":"2021-06-08T13:35:25","guid":{"rendered":"https:\/\/machineriesbst.com\/?post_type=product&#038;p=57636"},"modified":"2023-11-30T20:24:18","modified_gmt":"2023-12-01T01:24:18","slug":"tour-a-bois-reichenbacher-e-620","status":"publish","type":"product","link":"https:\/\/machineriesbst.com\/en\/catalogue\/tour-a-bois-reichenbacher-e-620\/","title":{"rendered":"Reichenbacher E 620 Wood lathe"},"content":{"rendered":"<ul>\n<li>6-spindle turning lathe<\/li>\n<li>year. From mfg. 1974<\/li>\n<li>good for any asymmetric shape such as the back of the chair<\/li>\n<li>the decorative blanks, with the master motif central station<\/li>\n<li>the max. cutting length 1067mm (42 &quot;)<\/li>\n<li>max width 203mm (8 &quot;)<\/li>\n<li>The cutting spindle has a 5HP motor<\/li>\n<li>direct drive with 4 tampers<\/li>\n<li>stock rotation is variable from 15 to 75 rpm<\/li>\n<li>variable feed speed 200 mm \/ min to 1200 mm \/ min<\/li>\n<li>stock tightening is pneumatic<\/li>\n<li>stock positioning is retractable pneumatic bed<\/li>\n<li>motor speed is high with frequency converter at 6000RPM<\/li>\n<li>replacement value approx<\/li>\n<\/ul>","protected":false},"excerpt":{"rendered":"<p>6-spindle rotation lathe. From mfg. 1974 good for any asymmetrical shape such as the back of the chair decorative blanks, with the master motif central station the max. 1067mm (42 &quot;) max width 203mm (8&quot;) The cutting spindle has a 5HP motor one drive [\u2026]<\/p>","protected":false},"author":3,"featured_media":49959,"comment_status":"open","ping_status":"closed","template":"","meta":[],"product_cat":[305],"product_tag":[],"acf":[],"yoast_head":"<!-- This site is optimized with the Yoast SEO plugin v16.8 - https:\/\/yoast.com\/wordpress\/plugins\/seo\/ -->\n<title>Tour \u00e0 bois Reichenbacher E 620 - Machineries BST<\/title>\n<meta name=\"robots\" content=\"index, follow, max-snippet:-1, max-image-preview:large, max-video-preview:-1\" \/>\n<link rel=\"canonical\" href=\"https:\/\/machineriesbst.com\/en\/catalogue\/tour-a-bois-reichenbacher-e-620\/\" \/>\n<meta property=\"og:locale\" content=\"en_US\" \/>\n<meta property=\"og:type\" content=\"article\" \/>\n<meta property=\"og:title\" content=\"Tour \u00e0 bois Reichenbacher E 620 - Machineries BST\" \/>\n<meta property=\"og:description\" content=\"Tour de rotation de 6 broches an. De mfg. 1974 bon pour toute forme asym\u00e9trique telle que le dos de la chaise les \u00e9bauches d\u00e9coratives, avec la station centrale de motif ma\u00eetre la longueur de coupe max. 1067mm (42 &quot;) la largeur max 203mm (8&quot;) La broche de coupe a un moteur 5HP un entra\u00eenement [&hellip;]\" \/>\n<meta property=\"og:url\" content=\"https:\/\/machineriesbst.com\/en\/catalogue\/tour-a-bois-reichenbacher-e-620\/\" \/>\n<meta property=\"og:site_name\" content=\"Machineries BST\" \/>\n<meta property=\"article:modified_time\" content=\"2023-12-01T01:24:18+00:00\" \/>\n<meta property=\"og:image\" content=\"https:\/\/machineriesbst.com\/wp-content\/uploads\/2021\/05\/1-101.jpg\" \/>\n\t<meta property=\"og:image:width\" content=\"500\" \/>\n\t<meta property=\"og:image:height\" content=\"500\" \/>\n<meta name=\"twitter:card\" content=\"summary_large_image\" \/>\n<meta name=\"twitter:label1\" content=\"Est. reading time\" \/>\n\t<meta name=\"twitter:data1\" content=\"1 minute\" \/>\n<script type=\"application\/ld+json\" class=\"yoast-schema-graph\">{\"@context\":\"https:\/\/schema.org\",\"@graph\":[{\"@type\":\"WebSite\",\"@id\":\"https:\/\/machineriesbst.com\/en\/#website\",\"url\":\"https:\/\/machineriesbst.com\/en\/\",\"name\":\"Machineries BST\",\"description\":\"Machines neuves &amp; usag\\u00e9es\",\"potentialAction\":[{\"@type\":\"SearchAction\",\"target\":{\"@type\":\"EntryPoint\",\"urlTemplate\":\"https:\/\/machineriesbst.com\/en\/?s={search_term_string}\"},\"query-input\":\"required name=search_term_string\"}],\"inLanguage\":\"en-US\"},{\"@type\":\"ImageObject\",\"@id\":\"https:\/\/machineriesbst.com\/en\/catalogue\/tour-a-bois-reichenbacher-e-620\/#primaryimage\",\"inLanguage\":\"en-US\",\"url\":\"https:\/\/machineriesbst.com\/wp-content\/uploads\/2021\/05\/1-101.jpg\",\"contentUrl\":\"https:\/\/machineriesbst.com\/wp-content\/uploads\/2021\/05\/1-101.jpg\",\"width\":500,\"height\":500},{\"@type\":\"WebPage\",\"@id\":\"https:\/\/machineriesbst.com\/en\/catalogue\/tour-a-bois-reichenbacher-e-620\/#webpage\",\"url\":\"https:\/\/machineriesbst.com\/en\/catalogue\/tour-a-bois-reichenbacher-e-620\/\",\"name\":\"Tour \\u00e0 bois Reichenbacher E 620 - Machineries BST\",\"isPartOf\":{\"@id\":\"https:\/\/machineriesbst.com\/en\/#website\"},\"primaryImageOfPage\":{\"@id\":\"https:\/\/machineriesbst.com\/en\/catalogue\/tour-a-bois-reichenbacher-e-620\/#primaryimage\"},\"datePublished\":\"2021-06-08T13:35:25+00:00\",\"dateModified\":\"2023-12-01T01:24:18+00:00\",\"breadcrumb\":{\"@id\":\"https:\/\/machineriesbst.com\/en\/catalogue\/tour-a-bois-reichenbacher-e-620\/#breadcrumb\"},\"inLanguage\":\"en-US\",\"potentialAction\":[{\"@type\":\"ReadAction\",\"target\":[\"https:\/\/machineriesbst.com\/en\/catalogue\/tour-a-bois-reichenbacher-e-620\/\"]}]},{\"@type\":\"BreadcrumbList\",\"@id\":\"https:\/\/machineriesbst.com\/en\/catalogue\/tour-a-bois-reichenbacher-e-620\/#breadcrumb\",\"itemListElement\":[{\"@type\":\"ListItem\",\"position\":1,\"name\":\"Accueil\",\"item\":\"https:\/\/machineriesbst.com\/en\/\"},{\"@type\":\"ListItem\",\"position\":2,\"name\":\"Catalogue\",\"item\":\"https:\/\/machineriesbst.com\/en\/catalog\/\"},{\"@type\":\"ListItem\",\"position\":3,\"name\":\"Tour \\u00e0 bois Reichenbacher E 620\"}]}]}<\/script>\n<!-- \/ Yoast SEO plugin. -->","yoast_head_json":{"title":"Tour \u00e0 bois Reichenbacher E 620 - Machineries BST","robots":{"index":"index","follow":"follow","max-snippet":"max-snippet:-1","max-image-preview":"max-image-preview:large","max-video-preview":"max-video-preview:-1"},"canonical":"https:\/\/machineriesbst.com\/en\/catalogue\/tour-a-bois-reichenbacher-e-620\/","og_locale":"en_US","og_type":"article","og_title":"Tour \u00e0 bois Reichenbacher E 620 - Machineries BST","og_description":"Tour de rotation de 6 broches an. De mfg. 1974 bon pour toute forme asym\u00e9trique telle que le dos de la chaise les \u00e9bauches d\u00e9coratives, avec la station centrale de motif ma\u00eetre la longueur de coupe max. 1067mm (42 \") la largeur max 203mm (8\") La broche de coupe a un moteur 5HP un entra\u00eenement [&hellip;]","og_url":"https:\/\/machineriesbst.com\/en\/catalogue\/tour-a-bois-reichenbacher-e-620\/","og_site_name":"Machineries BST","article_modified_time":"2023-12-01T01:24:18+00:00","og_image":[{"width":500,"height":500,"url":"https:\/\/machineriesbst.com\/wp-content\/uploads\/2021\/05\/1-101.jpg","path":"\/home\/jepeto\/public_html\/wp-content\/uploads\/2021\/05\/1-101.jpg","size":"full","id":49959,"alt":"","pixels":250000,"type":"image\/jpeg"}],"twitter_card":"summary_large_image","twitter_misc":{"Est. reading time":"1 minute"},"schema":{"@context":"https:\/\/schema.org","@graph":[{"@type":"WebSite","@id":"https:\/\/machineriesbst.com\/en\/#website","url":"https:\/\/machineriesbst.com\/en\/","name":"Machineries BST","description":"Machines neuves &amp; usag\u00e9es","potentialAction":[{"@type":"SearchAction","target":{"@type":"EntryPoint","urlTemplate":"https:\/\/machineriesbst.com\/en\/?s={search_term_string}"},"query-input":"required name=search_term_string"}],"inLanguage":"en-US"},{"@type":"ImageObject","@id":"https:\/\/machineriesbst.com\/en\/catalogue\/tour-a-bois-reichenbacher-e-620\/#primaryimage","inLanguage":"en-US","url":"https:\/\/machineriesbst.com\/wp-content\/uploads\/2021\/05\/1-101.jpg","contentUrl":"https:\/\/machineriesbst.com\/wp-content\/uploads\/2021\/05\/1-101.jpg","width":500,"height":500},{"@type":"WebPage","@id":"https:\/\/machineriesbst.com\/en\/catalogue\/tour-a-bois-reichenbacher-e-620\/#webpage","url":"https:\/\/machineriesbst.com\/en\/catalogue\/tour-a-bois-reichenbacher-e-620\/","name":"Tour \u00e0 bois Reichenbacher E 620 - Machineries BST","isPartOf":{"@id":"https:\/\/machineriesbst.com\/en\/#website"},"primaryImageOfPage":{"@id":"https:\/\/machineriesbst.com\/en\/catalogue\/tour-a-bois-reichenbacher-e-620\/#primaryimage"},"datePublished":"2021-06-08T13:35:25+00:00","dateModified":"2023-12-01T01:24:18+00:00","breadcrumb":{"@id":"https:\/\/machineriesbst.com\/en\/catalogue\/tour-a-bois-reichenbacher-e-620\/#breadcrumb"},"inLanguage":"en-US","potentialAction":[{"@type":"ReadAction","target":["https:\/\/machineriesbst.com\/en\/catalogue\/tour-a-bois-reichenbacher-e-620\/"]}]},{"@type":"BreadcrumbList","@id":"https:\/\/machineriesbst.com\/en\/catalogue\/tour-a-bois-reichenbacher-e-620\/#breadcrumb","itemListElement":[{"@type":"ListItem","position":1,"name":"Accueil","item":"https:\/\/machineriesbst.com\/en\/"},{"@type":"ListItem","position":2,"name":"Catalogue","item":"https:\/\/machineriesbst.com\/en\/catalog\/"},{"@type":"ListItem","position":3,"name":"Tour \u00e0 bois Reichenbacher E 620"}]}]}},"_links":{"self":[{"href":"https:\/\/machineriesbst.com\/en\/wp-json\/wp\/v2\/product\/57636"}],"collection":[{"href":"https:\/\/machineriesbst.com\/en\/wp-json\/wp\/v2\/product"}],"about":[{"href":"https:\/\/machineriesbst.com\/en\/wp-json\/wp\/v2\/types\/product"}],"author":[{"embeddable":true,"href":"https:\/\/machineriesbst.com\/en\/wp-json\/wp\/v2\/users\/3"}],"replies":[{"embeddable":true,"href":"https:\/\/machineriesbst.com\/en\/wp-json\/wp\/v2\/comments?post=57636"}],"wp:featuredmedia":[{"embeddable":true,"href":"https:\/\/machineriesbst.com\/en\/wp-json\/wp\/v2\/media\/49959"}],"wp:attachment":[{"href":"https:\/\/machineriesbst.com\/en\/wp-json\/wp\/v2\/media?parent=57636"}],"wp:term":[{"taxonomy":"product_cat","embeddable":true,"href":"https:\/\/machineriesbst.com\/en\/wp-json\/wp\/v2\/product_cat?post=57636"},{"taxonomy":"product_tag","embeddable":true,"href":"https:\/\/machineriesbst.com\/en\/wp-json\/wp\/v2\/product_tag?post=57636"}],"curies":[{"name":"wp","href":"https:\/\/api.w.org\/{rel}","templated":true}]}}