{"id":57626,"date":"2021-06-08T09:35:23","date_gmt":"2021-06-08T13:35:23","guid":{"rendered":"https:\/\/machineriesbst.com\/?post_type=product&#038;p=57626"},"modified":"2023-11-30T20:24:18","modified_gmt":"2023-12-01T01:24:18","slug":"bouveteuse-friulmac-randomat-e-001","status":"publish","type":"product","link":"https:\/\/machineriesbst.com\/en\/catalogue\/bouveteuse-friulmac-randomat-e-001\/","title":{"rendered":"Bouveteuse Friulmac Randomat-E \/ 001"},"content":{"rendered":"<ul>\n<li>Working measures ... Length ... min. 160mm .. max 2000mm.<\/li>\n<li>Width ... min. 30 mm, max.<\/li>\n<li>Thickness ... min. 10 mm max. 30mm.<\/li>\n<li>Profile spindle unit ..... 40mm<\/li>\n<li>Spindle length ............... 70mm<\/li>\n<li>Motor capacity ............ 3 kw<\/li>\n<li>Spindle rpm ................... 7500<\/li>\n<li>Tooling diaing Min. 160 mm, max. 200mm<\/li>\n<li>The length of the output and output conveyor belt 3000mm each.<\/li>\n<\/ul>\n<p><strong>SPECIAL EQUIPMENT,<\/strong><\/p>\n<ul>\n<li>The power of motor n \u00b0 2 increases to 5.5kw for profiling units.<\/li>\n<li>Quick tool change system # 2 for profiling tools.<\/li>\n<li>Security blanket.<\/li>\n<\/ul>","protected":false},"excerpt":{"rendered":"<p>Working measurements...Length...min. 160mm..max 2000mm. Width ... min. 30mm, max. Thickness ... min. 10mm max. 30mm. Profile Spindle Unit ..... 40mm Spindle Length ............... 70mm Motor Capacity ............ 3 kw Spindle Rpm ................... 7500 Diaing of tooling Min. 160mm, max. 200mm The [\u2026]<\/p>","protected":false},"author":3,"featured_media":49917,"comment_status":"open","ping_status":"closed","template":"","meta":[],"product_cat":[303],"product_tag":[],"acf":[],"yoast_head":"<!-- This site is optimized with the Yoast SEO plugin v16.8 - https:\/\/yoast.com\/wordpress\/plugins\/seo\/ -->\n<title>Bouveteuse Friulmac Randomat-E\/001 - Machineries BST<\/title>\n<meta name=\"robots\" content=\"index, follow, max-snippet:-1, max-image-preview:large, max-video-preview:-1\" \/>\n<link rel=\"canonical\" href=\"https:\/\/machineriesbst.com\/en\/catalogue\/bouveteuse-friulmac-randomat-e-001\/\" \/>\n<meta property=\"og:locale\" content=\"en_US\" \/>\n<meta property=\"og:type\" content=\"article\" \/>\n<meta property=\"og:title\" content=\"Bouveteuse Friulmac Randomat-E\/001 - Machineries BST\" \/>\n<meta property=\"og:description\" content=\"Mesures de travail ... Longueur ... min. 160mm .. max 2000mm. Largeur ... min. 30 mm, max. \u00c9paisseur ... min. 10 mm max. 30mm. Unit\u00e9 de broche de profil ..... 40mm Longueur de broche ............... 70mm Capacit\u00e9 du moteur ............ 3 kw Rpm de broche ................... 7500 Diaing d&#039;outillage Min. 160 mm, max. 200mm La [&hellip;]\" \/>\n<meta property=\"og:url\" content=\"https:\/\/machineriesbst.com\/en\/catalogue\/bouveteuse-friulmac-randomat-e-001\/\" \/>\n<meta property=\"og:site_name\" content=\"Machineries BST\" \/>\n<meta property=\"article:modified_time\" content=\"2023-12-01T01:24:18+00:00\" \/>\n<meta property=\"og:image\" content=\"https:\/\/machineriesbst.com\/wp-content\/uploads\/2021\/05\/1-82.jpg\" \/>\n\t<meta property=\"og:image:width\" content=\"500\" \/>\n\t<meta property=\"og:image:height\" content=\"500\" \/>\n<meta name=\"twitter:card\" content=\"summary_large_image\" \/>\n<script type=\"application\/ld+json\" class=\"yoast-schema-graph\">{\"@context\":\"https:\/\/schema.org\",\"@graph\":[{\"@type\":\"WebSite\",\"@id\":\"https:\/\/machineriesbst.com\/en\/#website\",\"url\":\"https:\/\/machineriesbst.com\/en\/\",\"name\":\"Machineries BST\",\"description\":\"Machines neuves &amp; usag\\u00e9es\",\"potentialAction\":[{\"@type\":\"SearchAction\",\"target\":{\"@type\":\"EntryPoint\",\"urlTemplate\":\"https:\/\/machineriesbst.com\/en\/?s={search_term_string}\"},\"query-input\":\"required name=search_term_string\"}],\"inLanguage\":\"en-US\"},{\"@type\":\"ImageObject\",\"@id\":\"https:\/\/machineriesbst.com\/en\/catalogue\/bouveteuse-friulmac-randomat-e-001\/#primaryimage\",\"inLanguage\":\"en-US\",\"url\":\"https:\/\/machineriesbst.com\/wp-content\/uploads\/2021\/05\/1-82.jpg\",\"contentUrl\":\"https:\/\/machineriesbst.com\/wp-content\/uploads\/2021\/05\/1-82.jpg\",\"width\":500,\"height\":500},{\"@type\":\"WebPage\",\"@id\":\"https:\/\/machineriesbst.com\/en\/catalogue\/bouveteuse-friulmac-randomat-e-001\/#webpage\",\"url\":\"https:\/\/machineriesbst.com\/en\/catalogue\/bouveteuse-friulmac-randomat-e-001\/\",\"name\":\"Bouveteuse Friulmac Randomat-E\/001 - Machineries BST\",\"isPartOf\":{\"@id\":\"https:\/\/machineriesbst.com\/en\/#website\"},\"primaryImageOfPage\":{\"@id\":\"https:\/\/machineriesbst.com\/en\/catalogue\/bouveteuse-friulmac-randomat-e-001\/#primaryimage\"},\"datePublished\":\"2021-06-08T13:35:23+00:00\",\"dateModified\":\"2023-12-01T01:24:18+00:00\",\"breadcrumb\":{\"@id\":\"https:\/\/machineriesbst.com\/en\/catalogue\/bouveteuse-friulmac-randomat-e-001\/#breadcrumb\"},\"inLanguage\":\"en-US\",\"potentialAction\":[{\"@type\":\"ReadAction\",\"target\":[\"https:\/\/machineriesbst.com\/en\/catalogue\/bouveteuse-friulmac-randomat-e-001\/\"]}]},{\"@type\":\"BreadcrumbList\",\"@id\":\"https:\/\/machineriesbst.com\/en\/catalogue\/bouveteuse-friulmac-randomat-e-001\/#breadcrumb\",\"itemListElement\":[{\"@type\":\"ListItem\",\"position\":1,\"name\":\"Accueil\",\"item\":\"https:\/\/machineriesbst.com\/en\/\"},{\"@type\":\"ListItem\",\"position\":2,\"name\":\"Catalogue\",\"item\":\"https:\/\/machineriesbst.com\/en\/catalog\/\"},{\"@type\":\"ListItem\",\"position\":3,\"name\":\"Bouveteuse Friulmac Randomat-E\/001\"}]}]}<\/script>\n<!-- \/ Yoast SEO plugin. -->","yoast_head_json":{"title":"Bouveteuse Friulmac Randomat-E\/001 - Machineries BST","robots":{"index":"index","follow":"follow","max-snippet":"max-snippet:-1","max-image-preview":"max-image-preview:large","max-video-preview":"max-video-preview:-1"},"canonical":"https:\/\/machineriesbst.com\/en\/catalogue\/bouveteuse-friulmac-randomat-e-001\/","og_locale":"en_US","og_type":"article","og_title":"Bouveteuse Friulmac Randomat-E\/001 - Machineries BST","og_description":"Mesures de travail ... Longueur ... min. 160mm .. max 2000mm. Largeur ... min. 30 mm, max. \u00c9paisseur ... min. 10 mm max. 30mm. Unit\u00e9 de broche de profil ..... 40mm Longueur de broche ............... 70mm Capacit\u00e9 du moteur ............ 3 kw Rpm de broche ................... 7500 Diaing d'outillage Min. 160 mm, max. 200mm La [&hellip;]","og_url":"https:\/\/machineriesbst.com\/en\/catalogue\/bouveteuse-friulmac-randomat-e-001\/","og_site_name":"Machineries BST","article_modified_time":"2023-12-01T01:24:18+00:00","og_image":[{"width":500,"height":500,"url":"https:\/\/machineriesbst.com\/wp-content\/uploads\/2021\/05\/1-82.jpg","path":"\/home\/jepeto\/public_html\/wp-content\/uploads\/2021\/05\/1-82.jpg","size":"full","id":49917,"alt":"","pixels":250000,"type":"image\/jpeg"}],"twitter_card":"summary_large_image","schema":{"@context":"https:\/\/schema.org","@graph":[{"@type":"WebSite","@id":"https:\/\/machineriesbst.com\/en\/#website","url":"https:\/\/machineriesbst.com\/en\/","name":"Machineries BST","description":"Machines neuves &amp; usag\u00e9es","potentialAction":[{"@type":"SearchAction","target":{"@type":"EntryPoint","urlTemplate":"https:\/\/machineriesbst.com\/en\/?s={search_term_string}"},"query-input":"required name=search_term_string"}],"inLanguage":"en-US"},{"@type":"ImageObject","@id":"https:\/\/machineriesbst.com\/en\/catalogue\/bouveteuse-friulmac-randomat-e-001\/#primaryimage","inLanguage":"en-US","url":"https:\/\/machineriesbst.com\/wp-content\/uploads\/2021\/05\/1-82.jpg","contentUrl":"https:\/\/machineriesbst.com\/wp-content\/uploads\/2021\/05\/1-82.jpg","width":500,"height":500},{"@type":"WebPage","@id":"https:\/\/machineriesbst.com\/en\/catalogue\/bouveteuse-friulmac-randomat-e-001\/#webpage","url":"https:\/\/machineriesbst.com\/en\/catalogue\/bouveteuse-friulmac-randomat-e-001\/","name":"Bouveteuse Friulmac Randomat-E\/001 - Machineries BST","isPartOf":{"@id":"https:\/\/machineriesbst.com\/en\/#website"},"primaryImageOfPage":{"@id":"https:\/\/machineriesbst.com\/en\/catalogue\/bouveteuse-friulmac-randomat-e-001\/#primaryimage"},"datePublished":"2021-06-08T13:35:23+00:00","dateModified":"2023-12-01T01:24:18+00:00","breadcrumb":{"@id":"https:\/\/machineriesbst.com\/en\/catalogue\/bouveteuse-friulmac-randomat-e-001\/#breadcrumb"},"inLanguage":"en-US","potentialAction":[{"@type":"ReadAction","target":["https:\/\/machineriesbst.com\/en\/catalogue\/bouveteuse-friulmac-randomat-e-001\/"]}]},{"@type":"BreadcrumbList","@id":"https:\/\/machineriesbst.com\/en\/catalogue\/bouveteuse-friulmac-randomat-e-001\/#breadcrumb","itemListElement":[{"@type":"ListItem","position":1,"name":"Accueil","item":"https:\/\/machineriesbst.com\/en\/"},{"@type":"ListItem","position":2,"name":"Catalogue","item":"https:\/\/machineriesbst.com\/en\/catalog\/"},{"@type":"ListItem","position":3,"name":"Bouveteuse Friulmac Randomat-E\/001"}]}]}},"_links":{"self":[{"href":"https:\/\/machineriesbst.com\/en\/wp-json\/wp\/v2\/product\/57626"}],"collection":[{"href":"https:\/\/machineriesbst.com\/en\/wp-json\/wp\/v2\/product"}],"about":[{"href":"https:\/\/machineriesbst.com\/en\/wp-json\/wp\/v2\/types\/product"}],"author":[{"embeddable":true,"href":"https:\/\/machineriesbst.com\/en\/wp-json\/wp\/v2\/users\/3"}],"replies":[{"embeddable":true,"href":"https:\/\/machineriesbst.com\/en\/wp-json\/wp\/v2\/comments?post=57626"}],"wp:featuredmedia":[{"embeddable":true,"href":"https:\/\/machineriesbst.com\/en\/wp-json\/wp\/v2\/media\/49917"}],"wp:attachment":[{"href":"https:\/\/machineriesbst.com\/en\/wp-json\/wp\/v2\/media?parent=57626"}],"wp:term":[{"taxonomy":"product_cat","embeddable":true,"href":"https:\/\/machineriesbst.com\/en\/wp-json\/wp\/v2\/product_cat?post=57626"},{"taxonomy":"product_tag","embeddable":true,"href":"https:\/\/machineriesbst.com\/en\/wp-json\/wp\/v2\/product_tag?post=57626"}],"curies":[{"name":"wp","href":"https:\/\/api.w.org\/{rel}","templated":true}]}}