{"id":57625,"date":"2021-06-08T09:35:23","date_gmt":"2021-06-08T13:35:23","guid":{"rendered":"https:\/\/machineriesbst.com\/?post_type=product&#038;p=57625"},"modified":"2023-11-30T20:24:18","modified_gmt":"2023-12-01T01:24:18","slug":"tenonneuse-friulmac-randomat","status":"publish","type":"product","link":"https:\/\/machineriesbst.com\/en\/catalogue\/tenonneuse-friulmac-randomat\/","title":{"rendered":"Tenoning machine Friulmac Randomat"},"content":{"rendered":"<p>The compact and versatile solution for the end<\/p>\n<p>Adaptation of parquet elements and cabinet door components.<\/p>\n<p>A reasonable investment guaranteeing quality, profitability and operational safety. Innovative technology<\/p>\n<p>Which allows the processing of any type of profile on both ends of the elements with a random length.<\/p>\n<p>Main Features:<\/p>\n<p>There is no more wasted time for setting up; No more low productivity and poor quality!<\/p>\n<p>With a moderate investment, RANDOMAT-E allows the continuous supply of random parts<\/p>\n<p>And the treatment of any type of profile.<\/p>\n<p>Possibility of processing elements also with a fixed length by adding a reference fence on the output belt.<\/p>\n<p>Additional switchover time for different profiles.<\/p>\n<p>Compact design reduces space requirements.<\/p>\n<p>Wide range of accessories available.<\/p>\n<p>Original and modern design.<\/p>\n<p>Characteristics:<br \/>\nPower motor: In \/ out, 0.5Kw ea.<br \/>\nPositioning motor: .75Kw ea.<br \/>\nSpindle diameter: 40 mm<br \/>\nTool cutting circle: 160 mm - 220 mm<br \/>\nMotor capacity: 5.5 Kw (7.5 HP)<br \/>\nLength of the output table: 3000 mm<br \/>\nIn feed table length: 3000 mm<br \/>\nProduction capacity: up to 12pcs \/ min.<br \/>\nWork measures:<br \/>\nLength of the piece: min. 7 &quot;max. 79&quot; (180 mm - 2000 mm)<br \/>\nPiece width: min. 1 3\/16 &quot;max. 9 13\/16&quot; (30 mm - 250 mm)<br \/>\nWork piece thickness: min. 3\/8 &quot;max. 1 3\/16&quot; (10 mm - 30 mm)<\/p>","protected":false},"excerpt":{"rendered":"<p>The compact and versatile solution for the end Adaptation of parquet elements and cabinet door components. A reasonable investment guaranteeing quality, profitability and operational safety. An innovative technology Which allows the treatment of any type of profile on both ends of the elements with a random length. [\u2026]<\/p>","protected":false},"author":3,"featured_media":49916,"comment_status":"open","ping_status":"closed","template":"","meta":[],"product_cat":[308],"product_tag":[],"acf":[],"yoast_head":"<!-- This site is optimized with the Yoast SEO plugin v16.8 - https:\/\/yoast.com\/wordpress\/plugins\/seo\/ -->\n<title>Tenonneuse Friulmac Randomat - Machineries BST<\/title>\n<meta name=\"robots\" content=\"index, follow, max-snippet:-1, max-image-preview:large, max-video-preview:-1\" \/>\n<link rel=\"canonical\" href=\"https:\/\/machineriesbst.com\/en\/catalogue\/tenonneuse-friulmac-randomat\/\" \/>\n<meta property=\"og:locale\" content=\"en_US\" \/>\n<meta property=\"og:type\" content=\"article\" \/>\n<meta property=\"og:title\" content=\"Tenonneuse Friulmac Randomat - Machineries BST\" \/>\n<meta property=\"og:description\" content=\"La solution compacte et polyvalente pour la fin Adaptation des \u00e9l\u00e9ments de parquet et des composants de la porte de l&#039;armoire. Un investissement raisonnable garantissant la qualit\u00e9, la rentabilit\u00e9 et la s\u00e9curit\u00e9 d&#039;exploitation. Une technologie innovante Qui permet le traitement de tout type de profil sur les deux extr\u00e9mit\u00e9s des \u00e9l\u00e9ments avec une longueur al\u00e9atoire. [&hellip;]\" \/>\n<meta property=\"og:url\" content=\"https:\/\/machineriesbst.com\/en\/catalogue\/tenonneuse-friulmac-randomat\/\" \/>\n<meta property=\"og:site_name\" content=\"Machineries BST\" \/>\n<meta property=\"article:modified_time\" content=\"2023-12-01T01:24:18+00:00\" \/>\n<meta property=\"og:image\" content=\"https:\/\/machineriesbst.com\/wp-content\/uploads\/2021\/05\/1-81.jpg\" \/>\n\t<meta property=\"og:image:width\" content=\"500\" \/>\n\t<meta property=\"og:image:height\" content=\"500\" \/>\n<meta name=\"twitter:card\" content=\"summary_large_image\" \/>\n<meta name=\"twitter:label1\" content=\"Est. reading time\" \/>\n\t<meta name=\"twitter:data1\" content=\"1 minute\" \/>\n<script type=\"application\/ld+json\" class=\"yoast-schema-graph\">{\"@context\":\"https:\/\/schema.org\",\"@graph\":[{\"@type\":\"WebSite\",\"@id\":\"https:\/\/machineriesbst.com\/en\/#website\",\"url\":\"https:\/\/machineriesbst.com\/en\/\",\"name\":\"Machineries BST\",\"description\":\"Machines neuves &amp; usag\\u00e9es\",\"potentialAction\":[{\"@type\":\"SearchAction\",\"target\":{\"@type\":\"EntryPoint\",\"urlTemplate\":\"https:\/\/machineriesbst.com\/en\/?s={search_term_string}\"},\"query-input\":\"required name=search_term_string\"}],\"inLanguage\":\"en-US\"},{\"@type\":\"ImageObject\",\"@id\":\"https:\/\/machineriesbst.com\/en\/catalogue\/tenonneuse-friulmac-randomat\/#primaryimage\",\"inLanguage\":\"en-US\",\"url\":\"https:\/\/machineriesbst.com\/wp-content\/uploads\/2021\/05\/1-81.jpg\",\"contentUrl\":\"https:\/\/machineriesbst.com\/wp-content\/uploads\/2021\/05\/1-81.jpg\",\"width\":500,\"height\":500},{\"@type\":\"WebPage\",\"@id\":\"https:\/\/machineriesbst.com\/en\/catalogue\/tenonneuse-friulmac-randomat\/#webpage\",\"url\":\"https:\/\/machineriesbst.com\/en\/catalogue\/tenonneuse-friulmac-randomat\/\",\"name\":\"Tenonneuse Friulmac Randomat - Machineries BST\",\"isPartOf\":{\"@id\":\"https:\/\/machineriesbst.com\/en\/#website\"},\"primaryImageOfPage\":{\"@id\":\"https:\/\/machineriesbst.com\/en\/catalogue\/tenonneuse-friulmac-randomat\/#primaryimage\"},\"datePublished\":\"2021-06-08T13:35:23+00:00\",\"dateModified\":\"2023-12-01T01:24:18+00:00\",\"breadcrumb\":{\"@id\":\"https:\/\/machineriesbst.com\/en\/catalogue\/tenonneuse-friulmac-randomat\/#breadcrumb\"},\"inLanguage\":\"en-US\",\"potentialAction\":[{\"@type\":\"ReadAction\",\"target\":[\"https:\/\/machineriesbst.com\/en\/catalogue\/tenonneuse-friulmac-randomat\/\"]}]},{\"@type\":\"BreadcrumbList\",\"@id\":\"https:\/\/machineriesbst.com\/en\/catalogue\/tenonneuse-friulmac-randomat\/#breadcrumb\",\"itemListElement\":[{\"@type\":\"ListItem\",\"position\":1,\"name\":\"Accueil\",\"item\":\"https:\/\/machineriesbst.com\/en\/\"},{\"@type\":\"ListItem\",\"position\":2,\"name\":\"Catalogue\",\"item\":\"https:\/\/machineriesbst.com\/en\/catalog\/\"},{\"@type\":\"ListItem\",\"position\":3,\"name\":\"Tenonneuse Friulmac Randomat\"}]}]}<\/script>\n<!-- \/ Yoast SEO plugin. -->","yoast_head_json":{"title":"Tenonneuse Friulmac Randomat - Machineries BST","robots":{"index":"index","follow":"follow","max-snippet":"max-snippet:-1","max-image-preview":"max-image-preview:large","max-video-preview":"max-video-preview:-1"},"canonical":"https:\/\/machineriesbst.com\/en\/catalogue\/tenonneuse-friulmac-randomat\/","og_locale":"en_US","og_type":"article","og_title":"Tenonneuse Friulmac Randomat - Machineries BST","og_description":"La solution compacte et polyvalente pour la fin Adaptation des \u00e9l\u00e9ments de parquet et des composants de la porte de l'armoire. Un investissement raisonnable garantissant la qualit\u00e9, la rentabilit\u00e9 et la s\u00e9curit\u00e9 d'exploitation. Une technologie innovante Qui permet le traitement de tout type de profil sur les deux extr\u00e9mit\u00e9s des \u00e9l\u00e9ments avec une longueur al\u00e9atoire. [&hellip;]","og_url":"https:\/\/machineriesbst.com\/en\/catalogue\/tenonneuse-friulmac-randomat\/","og_site_name":"Machineries BST","article_modified_time":"2023-12-01T01:24:18+00:00","og_image":[{"width":500,"height":500,"url":"https:\/\/machineriesbst.com\/wp-content\/uploads\/2021\/05\/1-81.jpg","path":"\/home\/jepeto\/public_html\/wp-content\/uploads\/2021\/05\/1-81.jpg","size":"full","id":49916,"alt":"","pixels":250000,"type":"image\/jpeg"}],"twitter_card":"summary_large_image","twitter_misc":{"Est. reading time":"1 minute"},"schema":{"@context":"https:\/\/schema.org","@graph":[{"@type":"WebSite","@id":"https:\/\/machineriesbst.com\/en\/#website","url":"https:\/\/machineriesbst.com\/en\/","name":"Machineries BST","description":"Machines neuves &amp; usag\u00e9es","potentialAction":[{"@type":"SearchAction","target":{"@type":"EntryPoint","urlTemplate":"https:\/\/machineriesbst.com\/en\/?s={search_term_string}"},"query-input":"required name=search_term_string"}],"inLanguage":"en-US"},{"@type":"ImageObject","@id":"https:\/\/machineriesbst.com\/en\/catalogue\/tenonneuse-friulmac-randomat\/#primaryimage","inLanguage":"en-US","url":"https:\/\/machineriesbst.com\/wp-content\/uploads\/2021\/05\/1-81.jpg","contentUrl":"https:\/\/machineriesbst.com\/wp-content\/uploads\/2021\/05\/1-81.jpg","width":500,"height":500},{"@type":"WebPage","@id":"https:\/\/machineriesbst.com\/en\/catalogue\/tenonneuse-friulmac-randomat\/#webpage","url":"https:\/\/machineriesbst.com\/en\/catalogue\/tenonneuse-friulmac-randomat\/","name":"Tenonneuse Friulmac Randomat - Machineries BST","isPartOf":{"@id":"https:\/\/machineriesbst.com\/en\/#website"},"primaryImageOfPage":{"@id":"https:\/\/machineriesbst.com\/en\/catalogue\/tenonneuse-friulmac-randomat\/#primaryimage"},"datePublished":"2021-06-08T13:35:23+00:00","dateModified":"2023-12-01T01:24:18+00:00","breadcrumb":{"@id":"https:\/\/machineriesbst.com\/en\/catalogue\/tenonneuse-friulmac-randomat\/#breadcrumb"},"inLanguage":"en-US","potentialAction":[{"@type":"ReadAction","target":["https:\/\/machineriesbst.com\/en\/catalogue\/tenonneuse-friulmac-randomat\/"]}]},{"@type":"BreadcrumbList","@id":"https:\/\/machineriesbst.com\/en\/catalogue\/tenonneuse-friulmac-randomat\/#breadcrumb","itemListElement":[{"@type":"ListItem","position":1,"name":"Accueil","item":"https:\/\/machineriesbst.com\/en\/"},{"@type":"ListItem","position":2,"name":"Catalogue","item":"https:\/\/machineriesbst.com\/en\/catalog\/"},{"@type":"ListItem","position":3,"name":"Tenonneuse Friulmac Randomat"}]}]}},"_links":{"self":[{"href":"https:\/\/machineriesbst.com\/en\/wp-json\/wp\/v2\/product\/57625"}],"collection":[{"href":"https:\/\/machineriesbst.com\/en\/wp-json\/wp\/v2\/product"}],"about":[{"href":"https:\/\/machineriesbst.com\/en\/wp-json\/wp\/v2\/types\/product"}],"author":[{"embeddable":true,"href":"https:\/\/machineriesbst.com\/en\/wp-json\/wp\/v2\/users\/3"}],"replies":[{"embeddable":true,"href":"https:\/\/machineriesbst.com\/en\/wp-json\/wp\/v2\/comments?post=57625"}],"wp:featuredmedia":[{"embeddable":true,"href":"https:\/\/machineriesbst.com\/en\/wp-json\/wp\/v2\/media\/49916"}],"wp:attachment":[{"href":"https:\/\/machineriesbst.com\/en\/wp-json\/wp\/v2\/media?parent=57625"}],"wp:term":[{"taxonomy":"product_cat","embeddable":true,"href":"https:\/\/machineriesbst.com\/en\/wp-json\/wp\/v2\/product_cat?post=57625"},{"taxonomy":"product_tag","embeddable":true,"href":"https:\/\/machineriesbst.com\/en\/wp-json\/wp\/v2\/product_tag?post=57625"}],"curies":[{"name":"wp","href":"https:\/\/api.w.org\/{rel}","templated":true}]}}