{"id":57624,"date":"2021-06-08T09:35:22","date_gmt":"2021-06-08T13:35:22","guid":{"rendered":"https:\/\/machineriesbst.com\/?post_type=product&#038;p=57624"},"modified":"2023-11-30T20:24:19","modified_gmt":"2023-12-01T01:24:19","slug":"bouveteuse-doucet-dh-8-31","status":"publish","type":"product","link":"https:\/\/machineriesbst.com\/en\/catalogue\/bouveteuse-doucet-dh-8-31\/","title":{"rendered":"Bouveteuse Doucet DH-8-31"},"content":{"rendered":"<ul>\n<li>Bouveteuse. For flooring 12 &quot;min. At 8 &#39;max. Length, 3\/4&quot; - 1 &quot;max. Thickness, up to 5&quot; width (can be 8 &quot;wide with minor modifications), can be 20,000&#39; Per change (depending on the average width), machine for tables of random length, maximum flow rate of 30 FPM.<\/li>\n<li>(3) Heavy high precision feed chains, (1) center and (2) side; Crossbar spacing on 8 &quot;centers ,.<\/li>\n<li>Groove Station: Bead saw with 5 HP - 3,500 rpm motor, adjustable fence, vertical groove shaft with 5 HP - 3,500 rpm motor.<\/li>\n<li>Upon exiting the station, a 36 &quot;extended transfer roller conveyor transfers the cards to the slot station.<\/li>\n<li>Tongue station: Cutter saw with 5 HP - 3,500 rpm motors, upper and lower motors with (2) 5 HP - 3,500 rpm motors; All tooling capacity 12 &quot;dia. In climb cut.<\/li>\n<li>Equipped with: Automatic chain dampers, 10 HP power supply drive with fixed supply speed of 30 FPM; Leveling blocks at each workstation.<\/li>\n<li>Complete with: Magnetic starters on all motors, sequential start to prevent starting of the power supply without tool operation, stop switch on thickness before each machining station.<\/li>\n<li>Features: The safety switch at the back of the bottom must be improperly unloaded, emergency stop switches and separate control console.<\/li>\n<\/ul>","protected":false},"excerpt":{"rendered":"<p>Bouveteuse. For floors 12 &quot;min. At 8 &#39;max. Length, 3\/4&quot; - 1 &quot;max. Thickness, up to 5&quot; width (can be 8 &quot;wide with minor modifications), can be 20,000&#39; Per change (depending on the average width), machine for tables of random length, maximum flow rate of 30 FPM. (3) High precision feed chains [\u2026]<\/p>","protected":false},"author":3,"featured_media":49915,"comment_status":"open","ping_status":"closed","template":"","meta":[],"product_cat":[303],"product_tag":[],"acf":[],"yoast_head":"<!-- This site is optimized with the Yoast SEO plugin v16.8 - https:\/\/yoast.com\/wordpress\/plugins\/seo\/ -->\n<title>Bouveteuse Doucet DH-8-31 - Machineries BST<\/title>\n<meta name=\"robots\" content=\"index, follow, max-snippet:-1, max-image-preview:large, max-video-preview:-1\" \/>\n<link rel=\"canonical\" href=\"https:\/\/machineriesbst.com\/en\/catalogue\/bouveteuse-doucet-dh-8-31\/\" \/>\n<meta property=\"og:locale\" content=\"en_US\" \/>\n<meta property=\"og:type\" content=\"article\" \/>\n<meta property=\"og:title\" content=\"Bouveteuse Doucet DH-8-31 - Machineries BST\" \/>\n<meta property=\"og:description\" content=\"Bouveteuse. Pour le plancher 12 &quot;min. \u00c0 8 &#039;longueur max., 3\/4 &quot; - 1 &quot;max. \u00c9paisseur, jusqu&#039;\u00e0 5 &quot; largeur (peut faire 8 &quot;largeur avec quelques modifications mineures), peut faire 20 000 &#039;Par changement (selon la largeur moyenne), machine pour les tableaux de longueur al\u00e9atoire, d\u00e9bit maxi de 30 FPM. (3) Cha\u00eenes d&#039;alimentation haute pr\u00e9cision [&hellip;]\" \/>\n<meta property=\"og:url\" content=\"https:\/\/machineriesbst.com\/en\/catalogue\/bouveteuse-doucet-dh-8-31\/\" \/>\n<meta property=\"og:site_name\" content=\"Machineries BST\" \/>\n<meta property=\"article:modified_time\" content=\"2023-12-01T01:24:19+00:00\" \/>\n<meta property=\"og:image\" content=\"https:\/\/machineriesbst.com\/wp-content\/uploads\/2021\/05\/1-80.jpg\" \/>\n\t<meta property=\"og:image:width\" content=\"500\" \/>\n\t<meta property=\"og:image:height\" content=\"500\" \/>\n<meta name=\"twitter:card\" content=\"summary_large_image\" \/>\n<meta name=\"twitter:label1\" content=\"Est. reading time\" \/>\n\t<meta name=\"twitter:data1\" content=\"1 minute\" \/>\n<script type=\"application\/ld+json\" class=\"yoast-schema-graph\">{\"@context\":\"https:\/\/schema.org\",\"@graph\":[{\"@type\":\"WebSite\",\"@id\":\"https:\/\/machineriesbst.com\/en\/#website\",\"url\":\"https:\/\/machineriesbst.com\/en\/\",\"name\":\"Machineries BST\",\"description\":\"Machines neuves &amp; usag\\u00e9es\",\"potentialAction\":[{\"@type\":\"SearchAction\",\"target\":{\"@type\":\"EntryPoint\",\"urlTemplate\":\"https:\/\/machineriesbst.com\/en\/?s={search_term_string}\"},\"query-input\":\"required name=search_term_string\"}],\"inLanguage\":\"en-US\"},{\"@type\":\"ImageObject\",\"@id\":\"https:\/\/machineriesbst.com\/en\/catalogue\/bouveteuse-doucet-dh-8-31\/#primaryimage\",\"inLanguage\":\"en-US\",\"url\":\"https:\/\/machineriesbst.com\/wp-content\/uploads\/2021\/05\/1-80.jpg\",\"contentUrl\":\"https:\/\/machineriesbst.com\/wp-content\/uploads\/2021\/05\/1-80.jpg\",\"width\":500,\"height\":500},{\"@type\":\"WebPage\",\"@id\":\"https:\/\/machineriesbst.com\/en\/catalogue\/bouveteuse-doucet-dh-8-31\/#webpage\",\"url\":\"https:\/\/machineriesbst.com\/en\/catalogue\/bouveteuse-doucet-dh-8-31\/\",\"name\":\"Bouveteuse Doucet DH-8-31 - Machineries BST\",\"isPartOf\":{\"@id\":\"https:\/\/machineriesbst.com\/en\/#website\"},\"primaryImageOfPage\":{\"@id\":\"https:\/\/machineriesbst.com\/en\/catalogue\/bouveteuse-doucet-dh-8-31\/#primaryimage\"},\"datePublished\":\"2021-06-08T13:35:22+00:00\",\"dateModified\":\"2023-12-01T01:24:19+00:00\",\"breadcrumb\":{\"@id\":\"https:\/\/machineriesbst.com\/en\/catalogue\/bouveteuse-doucet-dh-8-31\/#breadcrumb\"},\"inLanguage\":\"en-US\",\"potentialAction\":[{\"@type\":\"ReadAction\",\"target\":[\"https:\/\/machineriesbst.com\/en\/catalogue\/bouveteuse-doucet-dh-8-31\/\"]}]},{\"@type\":\"BreadcrumbList\",\"@id\":\"https:\/\/machineriesbst.com\/en\/catalogue\/bouveteuse-doucet-dh-8-31\/#breadcrumb\",\"itemListElement\":[{\"@type\":\"ListItem\",\"position\":1,\"name\":\"Accueil\",\"item\":\"https:\/\/machineriesbst.com\/en\/\"},{\"@type\":\"ListItem\",\"position\":2,\"name\":\"Catalogue\",\"item\":\"https:\/\/machineriesbst.com\/en\/catalog\/\"},{\"@type\":\"ListItem\",\"position\":3,\"name\":\"Bouveteuse Doucet DH-8-31\"}]}]}<\/script>\n<!-- \/ Yoast SEO plugin. -->","yoast_head_json":{"title":"Bouveteuse Doucet DH-8-31 - Machineries BST","robots":{"index":"index","follow":"follow","max-snippet":"max-snippet:-1","max-image-preview":"max-image-preview:large","max-video-preview":"max-video-preview:-1"},"canonical":"https:\/\/machineriesbst.com\/en\/catalogue\/bouveteuse-doucet-dh-8-31\/","og_locale":"en_US","og_type":"article","og_title":"Bouveteuse Doucet DH-8-31 - Machineries BST","og_description":"Bouveteuse. Pour le plancher 12 \"min. \u00c0 8 'longueur max., 3\/4 \" - 1 \"max. \u00c9paisseur, jusqu'\u00e0 5 \" largeur (peut faire 8 \"largeur avec quelques modifications mineures), peut faire 20 000 'Par changement (selon la largeur moyenne), machine pour les tableaux de longueur al\u00e9atoire, d\u00e9bit maxi de 30 FPM. (3) Cha\u00eenes d'alimentation haute pr\u00e9cision [&hellip;]","og_url":"https:\/\/machineriesbst.com\/en\/catalogue\/bouveteuse-doucet-dh-8-31\/","og_site_name":"Machineries BST","article_modified_time":"2023-12-01T01:24:19+00:00","og_image":[{"width":500,"height":500,"url":"https:\/\/machineriesbst.com\/wp-content\/uploads\/2021\/05\/1-80.jpg","path":"\/home\/jepeto\/public_html\/wp-content\/uploads\/2021\/05\/1-80.jpg","size":"full","id":49915,"alt":"","pixels":250000,"type":"image\/jpeg"}],"twitter_card":"summary_large_image","twitter_misc":{"Est. reading time":"1 minute"},"schema":{"@context":"https:\/\/schema.org","@graph":[{"@type":"WebSite","@id":"https:\/\/machineriesbst.com\/en\/#website","url":"https:\/\/machineriesbst.com\/en\/","name":"Machineries BST","description":"Machines neuves &amp; usag\u00e9es","potentialAction":[{"@type":"SearchAction","target":{"@type":"EntryPoint","urlTemplate":"https:\/\/machineriesbst.com\/en\/?s={search_term_string}"},"query-input":"required name=search_term_string"}],"inLanguage":"en-US"},{"@type":"ImageObject","@id":"https:\/\/machineriesbst.com\/en\/catalogue\/bouveteuse-doucet-dh-8-31\/#primaryimage","inLanguage":"en-US","url":"https:\/\/machineriesbst.com\/wp-content\/uploads\/2021\/05\/1-80.jpg","contentUrl":"https:\/\/machineriesbst.com\/wp-content\/uploads\/2021\/05\/1-80.jpg","width":500,"height":500},{"@type":"WebPage","@id":"https:\/\/machineriesbst.com\/en\/catalogue\/bouveteuse-doucet-dh-8-31\/#webpage","url":"https:\/\/machineriesbst.com\/en\/catalogue\/bouveteuse-doucet-dh-8-31\/","name":"Bouveteuse Doucet DH-8-31 - Machineries BST","isPartOf":{"@id":"https:\/\/machineriesbst.com\/en\/#website"},"primaryImageOfPage":{"@id":"https:\/\/machineriesbst.com\/en\/catalogue\/bouveteuse-doucet-dh-8-31\/#primaryimage"},"datePublished":"2021-06-08T13:35:22+00:00","dateModified":"2023-12-01T01:24:19+00:00","breadcrumb":{"@id":"https:\/\/machineriesbst.com\/en\/catalogue\/bouveteuse-doucet-dh-8-31\/#breadcrumb"},"inLanguage":"en-US","potentialAction":[{"@type":"ReadAction","target":["https:\/\/machineriesbst.com\/en\/catalogue\/bouveteuse-doucet-dh-8-31\/"]}]},{"@type":"BreadcrumbList","@id":"https:\/\/machineriesbst.com\/en\/catalogue\/bouveteuse-doucet-dh-8-31\/#breadcrumb","itemListElement":[{"@type":"ListItem","position":1,"name":"Accueil","item":"https:\/\/machineriesbst.com\/en\/"},{"@type":"ListItem","position":2,"name":"Catalogue","item":"https:\/\/machineriesbst.com\/en\/catalog\/"},{"@type":"ListItem","position":3,"name":"Bouveteuse Doucet DH-8-31"}]}]}},"_links":{"self":[{"href":"https:\/\/machineriesbst.com\/en\/wp-json\/wp\/v2\/product\/57624"}],"collection":[{"href":"https:\/\/machineriesbst.com\/en\/wp-json\/wp\/v2\/product"}],"about":[{"href":"https:\/\/machineriesbst.com\/en\/wp-json\/wp\/v2\/types\/product"}],"author":[{"embeddable":true,"href":"https:\/\/machineriesbst.com\/en\/wp-json\/wp\/v2\/users\/3"}],"replies":[{"embeddable":true,"href":"https:\/\/machineriesbst.com\/en\/wp-json\/wp\/v2\/comments?post=57624"}],"wp:featuredmedia":[{"embeddable":true,"href":"https:\/\/machineriesbst.com\/en\/wp-json\/wp\/v2\/media\/49915"}],"wp:attachment":[{"href":"https:\/\/machineriesbst.com\/en\/wp-json\/wp\/v2\/media?parent=57624"}],"wp:term":[{"taxonomy":"product_cat","embeddable":true,"href":"https:\/\/machineriesbst.com\/en\/wp-json\/wp\/v2\/product_cat?post=57624"},{"taxonomy":"product_tag","embeddable":true,"href":"https:\/\/machineriesbst.com\/en\/wp-json\/wp\/v2\/product_tag?post=57624"}],"curies":[{"name":"wp","href":"https:\/\/api.w.org\/{rel}","templated":true}]}}