{"id":57623,"date":"2021-06-08T09:35:22","date_gmt":"2021-06-08T13:35:22","guid":{"rendered":"https:\/\/machineriesbst.com\/?post_type=product&#038;p=57623"},"modified":"2023-11-30T20:24:19","modified_gmt":"2023-12-01T01:24:19","slug":"bouveteuse-doucet-dh-2s-wpfm-hd-haute-vitesse","status":"publish","type":"product","link":"https:\/\/machineriesbst.com\/en\/catalogue\/bouveteuse-doucet-dh-2s-wpfm-hd-haute-vitesse\/","title":{"rendered":"Doucet DH-2S (WPFM) HD High Speed Bouveteuse"},"content":{"rendered":"<p><strong>PRODUCTION, OVER 50 TIPS PER MINUTE<\/strong><\/p>\n<ul>\n<li>Crossbar conveyor approximately 12 feet wide by 27 feet long<\/li>\n<li>The cross bar conveyor is carried away by a thick layer of 0.375 UHMW<\/li>\n<li>Powered by a 20 HP hydraulic drive with thermostatic water heater<\/li>\n<li>Adjustable feed speed up to 80 FPM<\/li>\n<li>2 side roller conveyors, 1 x 24 &quot;W and 1 x 36&quot; W<\/li>\n<li>Solid 15 &quot;center-to-center crossbars<\/li>\n<li>Crossbars for 0.75 &quot;to 1.50&quot; thick material<\/li>\n<li>Belt even suitable for soft wood for boards up to 16 feet long<\/li>\n<li>Gravity outlet system with pneumatic shock absorbers<\/li>\n<li>Two ductile iron chains, one central roller chain<\/li>\n<li>Automatic chain lubrication system (oil mist)<\/li>\n<li>Machining centers equipped with saw guards and dust collection points<\/li>\n<li>Five HP spindle motors and 3 to 3 HP spindle motors (with dynamic braking device) for machining<\/li>\n<li>Main electrical control panel, wired for 460\/3\/60, to UL standards \/<\/li>\n<li>THAT&#39;S IT<\/li>\n<\/ul>\n<p><strong>ADDITIONAL FEATURES INCLUDED:<\/strong><\/p>\n<ul>\n<li>&quot;Soft Touch&quot; Hold Downs for the final match of the top and bottom of softwood as well as hardwood panels<\/li>\n<li>Jumping punch saw machining center to avoid tearing on top front corner on tongue side (powered by saw motor) - apply to square top or micro bevel<\/li>\n<li>Jump Scoring Saw - groove machining center to avoid tearing at intersection of rear groove and final groove, powered by 1 HP motor in production for 5 months<\/li>\n<\/ul>","protected":false},"excerpt":{"rendered":"<p>PRODUCTION, OVER 50 TIPS PER MINUTE Crossbar conveyor approximately 12 feet wide by 27 feet long Crossbar conveyor is carried by 0.375 UHMW thick layer Powered by 20 HP hydraulic drive with water heater thermostatic Feed speed adjustable up to 80 FPM 2 conveyors at [\u2026]<\/p>","protected":false},"author":3,"featured_media":49914,"comment_status":"open","ping_status":"closed","template":"","meta":[],"product_cat":[303],"product_tag":[],"acf":[],"yoast_head":"<!-- This site is optimized with the Yoast SEO plugin v16.8 - https:\/\/yoast.com\/wordpress\/plugins\/seo\/ -->\n<title>Bouveteuse Doucet DH-2S (WPFM) HD Haute Vitesse - Machineries BST<\/title>\n<meta name=\"robots\" content=\"index, follow, max-snippet:-1, max-image-preview:large, max-video-preview:-1\" \/>\n<link rel=\"canonical\" href=\"https:\/\/machineriesbst.com\/en\/catalogue\/bouveteuse-doucet-dh-2s-wpfm-hd-haute-vitesse\/\" \/>\n<meta property=\"og:locale\" content=\"en_US\" \/>\n<meta property=\"og:type\" content=\"article\" \/>\n<meta property=\"og:title\" content=\"Bouveteuse Doucet DH-2S (WPFM) HD Haute Vitesse - Machineries BST\" \/>\n<meta property=\"og:description\" content=\"PRODUCTION, PLUS DE 50 CONSEILS PAR MINUTE Transporteur \u00e0 barre transversale d&#039;environ 12 pieds de large par 27 pieds de long Le convoyeur \u00e0 barre transversale est emport\u00e9 par une couche \u00e9paisse de 0,375 UHMW Aliment\u00e9 par un entra\u00eenement hydraulique de 20 HP avec chauffe-eau thermostatique Vitesse d&#039;alimentation r\u00e9glable jusqu&#039;\u00e0 80 FPM 2 convoyeurs \u00e0 [&hellip;]\" \/>\n<meta property=\"og:url\" content=\"https:\/\/machineriesbst.com\/en\/catalogue\/bouveteuse-doucet-dh-2s-wpfm-hd-haute-vitesse\/\" \/>\n<meta property=\"og:site_name\" content=\"Machineries BST\" \/>\n<meta property=\"article:modified_time\" content=\"2023-12-01T01:24:19+00:00\" \/>\n<meta property=\"og:image\" content=\"https:\/\/machineriesbst.com\/wp-content\/uploads\/2021\/05\/1-79.jpg\" \/>\n\t<meta property=\"og:image:width\" content=\"500\" \/>\n\t<meta property=\"og:image:height\" content=\"500\" \/>\n<meta name=\"twitter:card\" content=\"summary_large_image\" \/>\n<meta name=\"twitter:label1\" content=\"Est. reading time\" \/>\n\t<meta name=\"twitter:data1\" content=\"1 minute\" \/>\n<script type=\"application\/ld+json\" class=\"yoast-schema-graph\">{\"@context\":\"https:\/\/schema.org\",\"@graph\":[{\"@type\":\"WebSite\",\"@id\":\"https:\/\/machineriesbst.com\/en\/#website\",\"url\":\"https:\/\/machineriesbst.com\/en\/\",\"name\":\"Machineries BST\",\"description\":\"Machines neuves &amp; usag\\u00e9es\",\"potentialAction\":[{\"@type\":\"SearchAction\",\"target\":{\"@type\":\"EntryPoint\",\"urlTemplate\":\"https:\/\/machineriesbst.com\/en\/?s={search_term_string}\"},\"query-input\":\"required name=search_term_string\"}],\"inLanguage\":\"en-US\"},{\"@type\":\"ImageObject\",\"@id\":\"https:\/\/machineriesbst.com\/en\/catalogue\/bouveteuse-doucet-dh-2s-wpfm-hd-haute-vitesse\/#primaryimage\",\"inLanguage\":\"en-US\",\"url\":\"https:\/\/machineriesbst.com\/wp-content\/uploads\/2021\/05\/1-79.jpg\",\"contentUrl\":\"https:\/\/machineriesbst.com\/wp-content\/uploads\/2021\/05\/1-79.jpg\",\"width\":500,\"height\":500},{\"@type\":\"WebPage\",\"@id\":\"https:\/\/machineriesbst.com\/en\/catalogue\/bouveteuse-doucet-dh-2s-wpfm-hd-haute-vitesse\/#webpage\",\"url\":\"https:\/\/machineriesbst.com\/en\/catalogue\/bouveteuse-doucet-dh-2s-wpfm-hd-haute-vitesse\/\",\"name\":\"Bouveteuse Doucet DH-2S (WPFM) HD Haute Vitesse - Machineries BST\",\"isPartOf\":{\"@id\":\"https:\/\/machineriesbst.com\/en\/#website\"},\"primaryImageOfPage\":{\"@id\":\"https:\/\/machineriesbst.com\/en\/catalogue\/bouveteuse-doucet-dh-2s-wpfm-hd-haute-vitesse\/#primaryimage\"},\"datePublished\":\"2021-06-08T13:35:22+00:00\",\"dateModified\":\"2023-12-01T01:24:19+00:00\",\"breadcrumb\":{\"@id\":\"https:\/\/machineriesbst.com\/en\/catalogue\/bouveteuse-doucet-dh-2s-wpfm-hd-haute-vitesse\/#breadcrumb\"},\"inLanguage\":\"en-US\",\"potentialAction\":[{\"@type\":\"ReadAction\",\"target\":[\"https:\/\/machineriesbst.com\/en\/catalogue\/bouveteuse-doucet-dh-2s-wpfm-hd-haute-vitesse\/\"]}]},{\"@type\":\"BreadcrumbList\",\"@id\":\"https:\/\/machineriesbst.com\/en\/catalogue\/bouveteuse-doucet-dh-2s-wpfm-hd-haute-vitesse\/#breadcrumb\",\"itemListElement\":[{\"@type\":\"ListItem\",\"position\":1,\"name\":\"Accueil\",\"item\":\"https:\/\/machineriesbst.com\/en\/\"},{\"@type\":\"ListItem\",\"position\":2,\"name\":\"Catalogue\",\"item\":\"https:\/\/machineriesbst.com\/en\/catalog\/\"},{\"@type\":\"ListItem\",\"position\":3,\"name\":\"Bouveteuse Doucet DH-2S (WPFM) HD Haute Vitesse\"}]}]}<\/script>\n<!-- \/ Yoast SEO plugin. -->","yoast_head_json":{"title":"Bouveteuse Doucet DH-2S (WPFM) HD Haute Vitesse - Machineries BST","robots":{"index":"index","follow":"follow","max-snippet":"max-snippet:-1","max-image-preview":"max-image-preview:large","max-video-preview":"max-video-preview:-1"},"canonical":"https:\/\/machineriesbst.com\/en\/catalogue\/bouveteuse-doucet-dh-2s-wpfm-hd-haute-vitesse\/","og_locale":"en_US","og_type":"article","og_title":"Bouveteuse Doucet DH-2S (WPFM) HD Haute Vitesse - Machineries BST","og_description":"PRODUCTION, PLUS DE 50 CONSEILS PAR MINUTE Transporteur \u00e0 barre transversale d'environ 12 pieds de large par 27 pieds de long Le convoyeur \u00e0 barre transversale est emport\u00e9 par une couche \u00e9paisse de 0,375 UHMW Aliment\u00e9 par un entra\u00eenement hydraulique de 20 HP avec chauffe-eau thermostatique Vitesse d'alimentation r\u00e9glable jusqu'\u00e0 80 FPM 2 convoyeurs \u00e0 [&hellip;]","og_url":"https:\/\/machineriesbst.com\/en\/catalogue\/bouveteuse-doucet-dh-2s-wpfm-hd-haute-vitesse\/","og_site_name":"Machineries BST","article_modified_time":"2023-12-01T01:24:19+00:00","og_image":[{"width":500,"height":500,"url":"https:\/\/machineriesbst.com\/wp-content\/uploads\/2021\/05\/1-79.jpg","path":"\/home\/jepeto\/public_html\/wp-content\/uploads\/2021\/05\/1-79.jpg","size":"full","id":49914,"alt":"","pixels":250000,"type":"image\/jpeg"}],"twitter_card":"summary_large_image","twitter_misc":{"Est. reading time":"1 minute"},"schema":{"@context":"https:\/\/schema.org","@graph":[{"@type":"WebSite","@id":"https:\/\/machineriesbst.com\/en\/#website","url":"https:\/\/machineriesbst.com\/en\/","name":"Machineries BST","description":"Machines neuves &amp; usag\u00e9es","potentialAction":[{"@type":"SearchAction","target":{"@type":"EntryPoint","urlTemplate":"https:\/\/machineriesbst.com\/en\/?s={search_term_string}"},"query-input":"required name=search_term_string"}],"inLanguage":"en-US"},{"@type":"ImageObject","@id":"https:\/\/machineriesbst.com\/en\/catalogue\/bouveteuse-doucet-dh-2s-wpfm-hd-haute-vitesse\/#primaryimage","inLanguage":"en-US","url":"https:\/\/machineriesbst.com\/wp-content\/uploads\/2021\/05\/1-79.jpg","contentUrl":"https:\/\/machineriesbst.com\/wp-content\/uploads\/2021\/05\/1-79.jpg","width":500,"height":500},{"@type":"WebPage","@id":"https:\/\/machineriesbst.com\/en\/catalogue\/bouveteuse-doucet-dh-2s-wpfm-hd-haute-vitesse\/#webpage","url":"https:\/\/machineriesbst.com\/en\/catalogue\/bouveteuse-doucet-dh-2s-wpfm-hd-haute-vitesse\/","name":"Bouveteuse Doucet DH-2S (WPFM) HD Haute Vitesse - Machineries BST","isPartOf":{"@id":"https:\/\/machineriesbst.com\/en\/#website"},"primaryImageOfPage":{"@id":"https:\/\/machineriesbst.com\/en\/catalogue\/bouveteuse-doucet-dh-2s-wpfm-hd-haute-vitesse\/#primaryimage"},"datePublished":"2021-06-08T13:35:22+00:00","dateModified":"2023-12-01T01:24:19+00:00","breadcrumb":{"@id":"https:\/\/machineriesbst.com\/en\/catalogue\/bouveteuse-doucet-dh-2s-wpfm-hd-haute-vitesse\/#breadcrumb"},"inLanguage":"en-US","potentialAction":[{"@type":"ReadAction","target":["https:\/\/machineriesbst.com\/en\/catalogue\/bouveteuse-doucet-dh-2s-wpfm-hd-haute-vitesse\/"]}]},{"@type":"BreadcrumbList","@id":"https:\/\/machineriesbst.com\/en\/catalogue\/bouveteuse-doucet-dh-2s-wpfm-hd-haute-vitesse\/#breadcrumb","itemListElement":[{"@type":"ListItem","position":1,"name":"Accueil","item":"https:\/\/machineriesbst.com\/en\/"},{"@type":"ListItem","position":2,"name":"Catalogue","item":"https:\/\/machineriesbst.com\/en\/catalog\/"},{"@type":"ListItem","position":3,"name":"Bouveteuse Doucet DH-2S (WPFM) HD Haute Vitesse"}]}]}},"_links":{"self":[{"href":"https:\/\/machineriesbst.com\/en\/wp-json\/wp\/v2\/product\/57623"}],"collection":[{"href":"https:\/\/machineriesbst.com\/en\/wp-json\/wp\/v2\/product"}],"about":[{"href":"https:\/\/machineriesbst.com\/en\/wp-json\/wp\/v2\/types\/product"}],"author":[{"embeddable":true,"href":"https:\/\/machineriesbst.com\/en\/wp-json\/wp\/v2\/users\/3"}],"replies":[{"embeddable":true,"href":"https:\/\/machineriesbst.com\/en\/wp-json\/wp\/v2\/comments?post=57623"}],"wp:featuredmedia":[{"embeddable":true,"href":"https:\/\/machineriesbst.com\/en\/wp-json\/wp\/v2\/media\/49914"}],"wp:attachment":[{"href":"https:\/\/machineriesbst.com\/en\/wp-json\/wp\/v2\/media?parent=57623"}],"wp:term":[{"taxonomy":"product_cat","embeddable":true,"href":"https:\/\/machineriesbst.com\/en\/wp-json\/wp\/v2\/product_cat?post=57623"},{"taxonomy":"product_tag","embeddable":true,"href":"https:\/\/machineriesbst.com\/en\/wp-json\/wp\/v2\/product_tag?post=57623"}],"curies":[{"name":"wp","href":"https:\/\/api.w.org\/{rel}","templated":true}]}}