{"id":57607,"date":"2021-06-08T09:34:57","date_gmt":"2021-06-08T13:34:57","guid":{"rendered":"https:\/\/machineriesbst.com\/?post_type=product&#038;p=57607"},"modified":"2023-11-30T20:24:19","modified_gmt":"2023-12-01T01:24:19","slug":"tenonneuse-automatique-gabbiani-saws","status":"publish","type":"product","link":"https:\/\/machineriesbst.com\/en\/catalogue\/tenonneuse-automatique-gabbiani-saws\/","title":{"rendered":"Gabbiani Saws Automatic Tenoner"},"content":{"rendered":"<ul>\n<li>Trained technician available for disassembly and reinstallation<\/li>\n<li>2002<\/li>\n<li>GabbianiSI 48 + SI 64 double ended tenoners<\/li>\n<li>Calibration and grid line in 90 degree configuration<\/li>\n<li>Currently the system has 4 pins of trainers. 4 additional pins can be added (guides already existing)<\/li>\n<\/ul>\n<p><strong>1st Tenoner GABBIANI SI 48 - 45 mm \/ 1500<\/strong><\/p>\n<ul>\n<li>59 &quot;Maximum width capacity, 5 \u00bd&quot; minimum width capacity, motorized opening with indicator, 76 &quot;entry loading area. Left side adjusted.<\/li>\n<li>Each side equipped with - 10 HP - 6000 RPM cutting spindle with stacking tooling capability.<\/li>\n<li>Workstation settings with mechanical digital readings, variable feed drive, 15-118 FPM, 4 HP motor, on head hold terminals with continuous feed belts powered.<\/li>\n<li>Guides in place so you can add a second pin on each side.<\/li>\n<li>Complete with: high frequency workstations, soundproof boxes with light outlets and vacuum cleaner, separate electrical control console.<\/li>\n<li>SAG automatic in-line automatic belt transfer system at the second tenon, 82 &quot;long with a receiving section of 52&quot; wide by a 92 &quot;wide section after the panel is transported. Transfer belts lift the workpiece up. second tenon The two tenons are arranged in a 90 degree formation.<\/li>\n<\/ul>\n<p><strong>2nd Tenoner GABBIANI SI 64\/3000<\/strong><\/p>\n<ul>\n<li>118 &quot;Maximum width capacity, minimum width capacity 8 \u00be&quot;, motorized opening with indicator, 52 &quot;feed loading area. Each side equipped with - 10 HP - 6,000 rpm cutting spindle with capacity stacking tooling.<\/li>\n<li>Workstations with mechanical digital readings, variable drive, 5.5 HP motor, 15 - 118 FPM, missing dogs on 400mm (15.75 &quot;) centers, on head fittings with continuous feed belts.<\/li>\n<li>Guides in place so you can add a second pin on each side.<\/li>\n<li>Complete with: high frequency workstations, soundproof boxes with light outlets and vacuum cleaner, separate electrical control console.<\/li>\n<\/ul>","protected":false},"excerpt":{"rendered":"<p>Trained technician available for disassembly and reinstallation 2002 GabbianiSI 48 + SI 64 double ended tenoners Calibration and grid line in 90 degree configuration Currently the system has 4 formers pins. 4 additional pins can be added (already existing guides) 1st Tenoner GABBIANI SI 48 - 45 mm \/ [\u2026]<\/p>","protected":false},"author":3,"featured_media":49879,"comment_status":"open","ping_status":"closed","template":"","meta":[],"product_cat":[308],"product_tag":[],"acf":[],"yoast_head":"<!-- This site is optimized with the Yoast SEO plugin v16.8 - https:\/\/yoast.com\/wordpress\/plugins\/seo\/ -->\n<title>Tenonneuse Automatique Gabbiani Saws - Machineries BST<\/title>\n<meta name=\"robots\" content=\"index, follow, max-snippet:-1, max-image-preview:large, max-video-preview:-1\" \/>\n<link rel=\"canonical\" href=\"https:\/\/machineriesbst.com\/en\/catalogue\/tenonneuse-automatique-gabbiani-saws\/\" \/>\n<meta property=\"og:locale\" content=\"en_US\" \/>\n<meta property=\"og:type\" content=\"article\" \/>\n<meta property=\"og:title\" content=\"Tenonneuse Automatique Gabbiani Saws - Machineries BST\" \/>\n<meta property=\"og:description\" content=\"Technicien form\u00e9 disponible pour d\u00e9montage et r\u00e9installation 2002 GabbianiSI 48 + SI 64 tenoners \u00e0 double extr\u00e9mit\u00e9 Ligne de calibrage et de quadrillage en configuration de 90 degr\u00e9s Actuellement, le syst\u00e8me dispose de 4 broches de formateurs. 4 broches suppl\u00e9mentaires peuvent \u00eatre ajout\u00e9es (guides d\u00e9j\u00e0 existants) 1er Tenoner GABBIANI SI 48 - 45 mm \/ [&hellip;]\" \/>\n<meta property=\"og:url\" content=\"https:\/\/machineriesbst.com\/en\/catalogue\/tenonneuse-automatique-gabbiani-saws\/\" \/>\n<meta property=\"og:site_name\" content=\"Machineries BST\" \/>\n<meta property=\"article:modified_time\" content=\"2023-12-01T01:24:19+00:00\" \/>\n<meta property=\"og:image\" content=\"https:\/\/machineriesbst.com\/wp-content\/uploads\/2021\/05\/1-60.jpg\" \/>\n\t<meta property=\"og:image:width\" content=\"450\" \/>\n\t<meta property=\"og:image:height\" content=\"600\" \/>\n<meta name=\"twitter:card\" content=\"summary_large_image\" \/>\n<meta name=\"twitter:label1\" content=\"Est. reading time\" \/>\n\t<meta name=\"twitter:data1\" content=\"2 minutes\" \/>\n<script type=\"application\/ld+json\" class=\"yoast-schema-graph\">{\"@context\":\"https:\/\/schema.org\",\"@graph\":[{\"@type\":\"WebSite\",\"@id\":\"https:\/\/machineriesbst.com\/en\/#website\",\"url\":\"https:\/\/machineriesbst.com\/en\/\",\"name\":\"Machineries BST\",\"description\":\"Machines neuves &amp; usag\\u00e9es\",\"potentialAction\":[{\"@type\":\"SearchAction\",\"target\":{\"@type\":\"EntryPoint\",\"urlTemplate\":\"https:\/\/machineriesbst.com\/en\/?s={search_term_string}\"},\"query-input\":\"required name=search_term_string\"}],\"inLanguage\":\"en-US\"},{\"@type\":\"ImageObject\",\"@id\":\"https:\/\/machineriesbst.com\/en\/catalogue\/tenonneuse-automatique-gabbiani-saws\/#primaryimage\",\"inLanguage\":\"en-US\",\"url\":\"https:\/\/machineriesbst.com\/wp-content\/uploads\/2021\/05\/1-60.jpg\",\"contentUrl\":\"https:\/\/machineriesbst.com\/wp-content\/uploads\/2021\/05\/1-60.jpg\",\"width\":450,\"height\":600},{\"@type\":\"WebPage\",\"@id\":\"https:\/\/machineriesbst.com\/en\/catalogue\/tenonneuse-automatique-gabbiani-saws\/#webpage\",\"url\":\"https:\/\/machineriesbst.com\/en\/catalogue\/tenonneuse-automatique-gabbiani-saws\/\",\"name\":\"Tenonneuse Automatique Gabbiani Saws - Machineries BST\",\"isPartOf\":{\"@id\":\"https:\/\/machineriesbst.com\/en\/#website\"},\"primaryImageOfPage\":{\"@id\":\"https:\/\/machineriesbst.com\/en\/catalogue\/tenonneuse-automatique-gabbiani-saws\/#primaryimage\"},\"datePublished\":\"2021-06-08T13:34:57+00:00\",\"dateModified\":\"2023-12-01T01:24:19+00:00\",\"breadcrumb\":{\"@id\":\"https:\/\/machineriesbst.com\/en\/catalogue\/tenonneuse-automatique-gabbiani-saws\/#breadcrumb\"},\"inLanguage\":\"en-US\",\"potentialAction\":[{\"@type\":\"ReadAction\",\"target\":[\"https:\/\/machineriesbst.com\/en\/catalogue\/tenonneuse-automatique-gabbiani-saws\/\"]}]},{\"@type\":\"BreadcrumbList\",\"@id\":\"https:\/\/machineriesbst.com\/en\/catalogue\/tenonneuse-automatique-gabbiani-saws\/#breadcrumb\",\"itemListElement\":[{\"@type\":\"ListItem\",\"position\":1,\"name\":\"Accueil\",\"item\":\"https:\/\/machineriesbst.com\/en\/\"},{\"@type\":\"ListItem\",\"position\":2,\"name\":\"Catalogue\",\"item\":\"https:\/\/machineriesbst.com\/en\/catalog\/\"},{\"@type\":\"ListItem\",\"position\":3,\"name\":\"Tenonneuse Automatique Gabbiani Saws\"}]}]}<\/script>\n<!-- \/ Yoast SEO plugin. -->","yoast_head_json":{"title":"Tenonneuse Automatique Gabbiani Saws - Machineries BST","robots":{"index":"index","follow":"follow","max-snippet":"max-snippet:-1","max-image-preview":"max-image-preview:large","max-video-preview":"max-video-preview:-1"},"canonical":"https:\/\/machineriesbst.com\/en\/catalogue\/tenonneuse-automatique-gabbiani-saws\/","og_locale":"en_US","og_type":"article","og_title":"Tenonneuse Automatique Gabbiani Saws - Machineries BST","og_description":"Technicien form\u00e9 disponible pour d\u00e9montage et r\u00e9installation 2002 GabbianiSI 48 + SI 64 tenoners \u00e0 double extr\u00e9mit\u00e9 Ligne de calibrage et de quadrillage en configuration de 90 degr\u00e9s Actuellement, le syst\u00e8me dispose de 4 broches de formateurs. 4 broches suppl\u00e9mentaires peuvent \u00eatre ajout\u00e9es (guides d\u00e9j\u00e0 existants) 1er Tenoner GABBIANI SI 48 - 45 mm \/ [&hellip;]","og_url":"https:\/\/machineriesbst.com\/en\/catalogue\/tenonneuse-automatique-gabbiani-saws\/","og_site_name":"Machineries BST","article_modified_time":"2023-12-01T01:24:19+00:00","og_image":[{"width":450,"height":600,"url":"https:\/\/machineriesbst.com\/wp-content\/uploads\/2021\/05\/1-60.jpg","path":"\/home\/jepeto\/public_html\/wp-content\/uploads\/2021\/05\/1-60.jpg","size":"full","id":49879,"alt":"","pixels":270000,"type":"image\/jpeg"}],"twitter_card":"summary_large_image","twitter_misc":{"Est. reading time":"2 minutes"},"schema":{"@context":"https:\/\/schema.org","@graph":[{"@type":"WebSite","@id":"https:\/\/machineriesbst.com\/en\/#website","url":"https:\/\/machineriesbst.com\/en\/","name":"Machineries BST","description":"Machines neuves &amp; usag\u00e9es","potentialAction":[{"@type":"SearchAction","target":{"@type":"EntryPoint","urlTemplate":"https:\/\/machineriesbst.com\/en\/?s={search_term_string}"},"query-input":"required name=search_term_string"}],"inLanguage":"en-US"},{"@type":"ImageObject","@id":"https:\/\/machineriesbst.com\/en\/catalogue\/tenonneuse-automatique-gabbiani-saws\/#primaryimage","inLanguage":"en-US","url":"https:\/\/machineriesbst.com\/wp-content\/uploads\/2021\/05\/1-60.jpg","contentUrl":"https:\/\/machineriesbst.com\/wp-content\/uploads\/2021\/05\/1-60.jpg","width":450,"height":600},{"@type":"WebPage","@id":"https:\/\/machineriesbst.com\/en\/catalogue\/tenonneuse-automatique-gabbiani-saws\/#webpage","url":"https:\/\/machineriesbst.com\/en\/catalogue\/tenonneuse-automatique-gabbiani-saws\/","name":"Tenonneuse Automatique Gabbiani Saws - Machineries BST","isPartOf":{"@id":"https:\/\/machineriesbst.com\/en\/#website"},"primaryImageOfPage":{"@id":"https:\/\/machineriesbst.com\/en\/catalogue\/tenonneuse-automatique-gabbiani-saws\/#primaryimage"},"datePublished":"2021-06-08T13:34:57+00:00","dateModified":"2023-12-01T01:24:19+00:00","breadcrumb":{"@id":"https:\/\/machineriesbst.com\/en\/catalogue\/tenonneuse-automatique-gabbiani-saws\/#breadcrumb"},"inLanguage":"en-US","potentialAction":[{"@type":"ReadAction","target":["https:\/\/machineriesbst.com\/en\/catalogue\/tenonneuse-automatique-gabbiani-saws\/"]}]},{"@type":"BreadcrumbList","@id":"https:\/\/machineriesbst.com\/en\/catalogue\/tenonneuse-automatique-gabbiani-saws\/#breadcrumb","itemListElement":[{"@type":"ListItem","position":1,"name":"Accueil","item":"https:\/\/machineriesbst.com\/en\/"},{"@type":"ListItem","position":2,"name":"Catalogue","item":"https:\/\/machineriesbst.com\/en\/catalog\/"},{"@type":"ListItem","position":3,"name":"Tenonneuse Automatique Gabbiani Saws"}]}]}},"_links":{"self":[{"href":"https:\/\/machineriesbst.com\/en\/wp-json\/wp\/v2\/product\/57607"}],"collection":[{"href":"https:\/\/machineriesbst.com\/en\/wp-json\/wp\/v2\/product"}],"about":[{"href":"https:\/\/machineriesbst.com\/en\/wp-json\/wp\/v2\/types\/product"}],"author":[{"embeddable":true,"href":"https:\/\/machineriesbst.com\/en\/wp-json\/wp\/v2\/users\/3"}],"replies":[{"embeddable":true,"href":"https:\/\/machineriesbst.com\/en\/wp-json\/wp\/v2\/comments?post=57607"}],"wp:featuredmedia":[{"embeddable":true,"href":"https:\/\/machineriesbst.com\/en\/wp-json\/wp\/v2\/media\/49879"}],"wp:attachment":[{"href":"https:\/\/machineriesbst.com\/en\/wp-json\/wp\/v2\/media?parent=57607"}],"wp:term":[{"taxonomy":"product_cat","embeddable":true,"href":"https:\/\/machineriesbst.com\/en\/wp-json\/wp\/v2\/product_cat?post=57607"},{"taxonomy":"product_tag","embeddable":true,"href":"https:\/\/machineriesbst.com\/en\/wp-json\/wp\/v2\/product_tag?post=57607"}],"curies":[{"name":"wp","href":"https:\/\/api.w.org\/{rel}","templated":true}]}}