{"id":57606,"date":"2021-06-08T09:34:57","date_gmt":"2021-06-08T13:34:57","guid":{"rendered":"https:\/\/machineriesbst.com\/?post_type=product&#038;p=57606"},"modified":"2023-11-30T20:24:19","modified_gmt":"2023-12-01T01:24:19","slug":"planeur-24-delta-modele-22-503","status":"publish","type":"product","link":"https:\/\/machineriesbst.com\/en\/catalogue\/planeur-24-delta-modele-22-503\/","title":{"rendered":"24 &quot;Delta Glider Model 22-503"},"content":{"rendered":"<ul>\n<li>Used Delta glider model 24-503.<\/li>\n<li>24 &quot;working width, 12 HP cutting head motor and separate 2 HP feed motor for 20 to 60 FPM; 4-knife round cutting head - 4,500 rpm; (3) rollers of feed fed, sectional feed rollers and solid exit rollers; &quot;x 39&quot; table, raises and lowers w \/ digital readout, hand wheel for fine adjustment.<\/li>\n<li>Manufactured by SCM<\/li>\n<li>S \/ N 5318554\/41<\/li>\n<li>Optional: upgrade to HelixHead at additional cost<\/li>\n<\/ul>","protected":false},"excerpt":{"rendered":"<p>Used Delta glider model 24-503. 24 &quot;working width, 12 HP cutting head motor and separate 2 HP feed motor for 20 to 60 FPM; 4-knife round cutting head - 4,500 rpm; (3) rollers of fed feed, sectional feed rollers and solid exit rollers; [\u2026]<\/p>","protected":false},"author":3,"featured_media":49872,"comment_status":"open","ping_status":"closed","template":"","meta":[],"product_cat":[3029],"product_tag":[],"acf":[],"yoast_head":"<!-- This site is optimized with the Yoast SEO plugin v16.8 - https:\/\/yoast.com\/wordpress\/plugins\/seo\/ -->\n<title>Planeur 24&quot; Delta Modele 22-503 - Machineries BST<\/title>\n<meta name=\"robots\" content=\"index, follow, max-snippet:-1, max-image-preview:large, max-video-preview:-1\" \/>\n<link rel=\"canonical\" href=\"https:\/\/machineriesbst.com\/en\/catalogue\/planeur-24-delta-modele-22-503\/\" \/>\n<meta property=\"og:locale\" content=\"en_US\" \/>\n<meta property=\"og:type\" content=\"article\" \/>\n<meta property=\"og:title\" content=\"Planeur 24&quot; Delta Modele 22-503 - Machineries BST\" \/>\n<meta property=\"og:description\" content=\"Delta planeur mod\u00e8le 24-503 d&#039;occasion. 24 &quot;de largeur de travail, moteur de t\u00eate de coupe de 12 HP et moteur d&#039;alimentation s\u00e9par\u00e9 de 2 HP pour 20 \u00e0 60 FPM; t\u00eate de coupe ronde \u00e0 4 couteaux - 4 500 tr \/ min; (3) rouleaux d&#039;alimentation aliment\u00e9s, rouleaux d&#039;alimentation sectionnels et rouleaux de sortie solides; [&hellip;]\" \/>\n<meta property=\"og:url\" content=\"https:\/\/machineriesbst.com\/en\/catalogue\/planeur-24-delta-modele-22-503\/\" \/>\n<meta property=\"og:site_name\" content=\"Machineries BST\" \/>\n<meta property=\"article:modified_time\" content=\"2023-12-01T01:24:19+00:00\" \/>\n<meta property=\"og:image\" content=\"https:\/\/machineriesbst.com\/wp-content\/uploads\/2021\/05\/1-52.jpg\" \/>\n\t<meta property=\"og:image:width\" content=\"564\" \/>\n\t<meta property=\"og:image:height\" content=\"600\" \/>\n<meta name=\"twitter:card\" content=\"summary_large_image\" \/>\n<script type=\"application\/ld+json\" class=\"yoast-schema-graph\">{\"@context\":\"https:\/\/schema.org\",\"@graph\":[{\"@type\":\"WebSite\",\"@id\":\"https:\/\/machineriesbst.com\/en\/#website\",\"url\":\"https:\/\/machineriesbst.com\/en\/\",\"name\":\"Machineries BST\",\"description\":\"Machines neuves &amp; usag\\u00e9es\",\"potentialAction\":[{\"@type\":\"SearchAction\",\"target\":{\"@type\":\"EntryPoint\",\"urlTemplate\":\"https:\/\/machineriesbst.com\/en\/?s={search_term_string}\"},\"query-input\":\"required name=search_term_string\"}],\"inLanguage\":\"en-US\"},{\"@type\":\"ImageObject\",\"@id\":\"https:\/\/machineriesbst.com\/en\/catalogue\/planeur-24-delta-modele-22-503\/#primaryimage\",\"inLanguage\":\"en-US\",\"url\":\"https:\/\/machineriesbst.com\/wp-content\/uploads\/2021\/05\/1-52.jpg\",\"contentUrl\":\"https:\/\/machineriesbst.com\/wp-content\/uploads\/2021\/05\/1-52.jpg\",\"width\":564,\"height\":600},{\"@type\":\"WebPage\",\"@id\":\"https:\/\/machineriesbst.com\/en\/catalogue\/planeur-24-delta-modele-22-503\/#webpage\",\"url\":\"https:\/\/machineriesbst.com\/en\/catalogue\/planeur-24-delta-modele-22-503\/\",\"name\":\"Planeur 24\\\" Delta Modele 22-503 - Machineries BST\",\"isPartOf\":{\"@id\":\"https:\/\/machineriesbst.com\/en\/#website\"},\"primaryImageOfPage\":{\"@id\":\"https:\/\/machineriesbst.com\/en\/catalogue\/planeur-24-delta-modele-22-503\/#primaryimage\"},\"datePublished\":\"2021-06-08T13:34:57+00:00\",\"dateModified\":\"2023-12-01T01:24:19+00:00\",\"breadcrumb\":{\"@id\":\"https:\/\/machineriesbst.com\/en\/catalogue\/planeur-24-delta-modele-22-503\/#breadcrumb\"},\"inLanguage\":\"en-US\",\"potentialAction\":[{\"@type\":\"ReadAction\",\"target\":[\"https:\/\/machineriesbst.com\/en\/catalogue\/planeur-24-delta-modele-22-503\/\"]}]},{\"@type\":\"BreadcrumbList\",\"@id\":\"https:\/\/machineriesbst.com\/en\/catalogue\/planeur-24-delta-modele-22-503\/#breadcrumb\",\"itemListElement\":[{\"@type\":\"ListItem\",\"position\":1,\"name\":\"Accueil\",\"item\":\"https:\/\/machineriesbst.com\/en\/\"},{\"@type\":\"ListItem\",\"position\":2,\"name\":\"Catalogue\",\"item\":\"https:\/\/machineriesbst.com\/en\/catalog\/\"},{\"@type\":\"ListItem\",\"position\":3,\"name\":\"Planeur 24\\\" Delta Modele 22-503\"}]}]}<\/script>\n<!-- \/ Yoast SEO plugin. -->","yoast_head_json":{"title":"Planeur 24\" Delta Modele 22-503 - Machineries BST","robots":{"index":"index","follow":"follow","max-snippet":"max-snippet:-1","max-image-preview":"max-image-preview:large","max-video-preview":"max-video-preview:-1"},"canonical":"https:\/\/machineriesbst.com\/en\/catalogue\/planeur-24-delta-modele-22-503\/","og_locale":"en_US","og_type":"article","og_title":"Planeur 24\" Delta Modele 22-503 - Machineries BST","og_description":"Delta planeur mod\u00e8le 24-503 d'occasion. 24 \"de largeur de travail, moteur de t\u00eate de coupe de 12 HP et moteur d'alimentation s\u00e9par\u00e9 de 2 HP pour 20 \u00e0 60 FPM; t\u00eate de coupe ronde \u00e0 4 couteaux - 4 500 tr \/ min; (3) rouleaux d'alimentation aliment\u00e9s, rouleaux d'alimentation sectionnels et rouleaux de sortie solides; [&hellip;]","og_url":"https:\/\/machineriesbst.com\/en\/catalogue\/planeur-24-delta-modele-22-503\/","og_site_name":"Machineries BST","article_modified_time":"2023-12-01T01:24:19+00:00","og_image":[{"width":564,"height":600,"url":"https:\/\/machineriesbst.com\/wp-content\/uploads\/2021\/05\/1-52.jpg","path":"\/home\/jepeto\/public_html\/wp-content\/uploads\/2021\/05\/1-52.jpg","size":"full","id":49872,"alt":"","pixels":338400,"type":"image\/jpeg"}],"twitter_card":"summary_large_image","schema":{"@context":"https:\/\/schema.org","@graph":[{"@type":"WebSite","@id":"https:\/\/machineriesbst.com\/en\/#website","url":"https:\/\/machineriesbst.com\/en\/","name":"Machineries BST","description":"Machines neuves &amp; usag\u00e9es","potentialAction":[{"@type":"SearchAction","target":{"@type":"EntryPoint","urlTemplate":"https:\/\/machineriesbst.com\/en\/?s={search_term_string}"},"query-input":"required name=search_term_string"}],"inLanguage":"en-US"},{"@type":"ImageObject","@id":"https:\/\/machineriesbst.com\/en\/catalogue\/planeur-24-delta-modele-22-503\/#primaryimage","inLanguage":"en-US","url":"https:\/\/machineriesbst.com\/wp-content\/uploads\/2021\/05\/1-52.jpg","contentUrl":"https:\/\/machineriesbst.com\/wp-content\/uploads\/2021\/05\/1-52.jpg","width":564,"height":600},{"@type":"WebPage","@id":"https:\/\/machineriesbst.com\/en\/catalogue\/planeur-24-delta-modele-22-503\/#webpage","url":"https:\/\/machineriesbst.com\/en\/catalogue\/planeur-24-delta-modele-22-503\/","name":"Planeur 24\" Delta Modele 22-503 - Machineries BST","isPartOf":{"@id":"https:\/\/machineriesbst.com\/en\/#website"},"primaryImageOfPage":{"@id":"https:\/\/machineriesbst.com\/en\/catalogue\/planeur-24-delta-modele-22-503\/#primaryimage"},"datePublished":"2021-06-08T13:34:57+00:00","dateModified":"2023-12-01T01:24:19+00:00","breadcrumb":{"@id":"https:\/\/machineriesbst.com\/en\/catalogue\/planeur-24-delta-modele-22-503\/#breadcrumb"},"inLanguage":"en-US","potentialAction":[{"@type":"ReadAction","target":["https:\/\/machineriesbst.com\/en\/catalogue\/planeur-24-delta-modele-22-503\/"]}]},{"@type":"BreadcrumbList","@id":"https:\/\/machineriesbst.com\/en\/catalogue\/planeur-24-delta-modele-22-503\/#breadcrumb","itemListElement":[{"@type":"ListItem","position":1,"name":"Accueil","item":"https:\/\/machineriesbst.com\/en\/"},{"@type":"ListItem","position":2,"name":"Catalogue","item":"https:\/\/machineriesbst.com\/en\/catalog\/"},{"@type":"ListItem","position":3,"name":"Planeur 24\" Delta Modele 22-503"}]}]}},"_links":{"self":[{"href":"https:\/\/machineriesbst.com\/en\/wp-json\/wp\/v2\/product\/57606"}],"collection":[{"href":"https:\/\/machineriesbst.com\/en\/wp-json\/wp\/v2\/product"}],"about":[{"href":"https:\/\/machineriesbst.com\/en\/wp-json\/wp\/v2\/types\/product"}],"author":[{"embeddable":true,"href":"https:\/\/machineriesbst.com\/en\/wp-json\/wp\/v2\/users\/3"}],"replies":[{"embeddable":true,"href":"https:\/\/machineriesbst.com\/en\/wp-json\/wp\/v2\/comments?post=57606"}],"wp:featuredmedia":[{"embeddable":true,"href":"https:\/\/machineriesbst.com\/en\/wp-json\/wp\/v2\/media\/49872"}],"wp:attachment":[{"href":"https:\/\/machineriesbst.com\/en\/wp-json\/wp\/v2\/media?parent=57606"}],"wp:term":[{"taxonomy":"product_cat","embeddable":true,"href":"https:\/\/machineriesbst.com\/en\/wp-json\/wp\/v2\/product_cat?post=57606"},{"taxonomy":"product_tag","embeddable":true,"href":"https:\/\/machineriesbst.com\/en\/wp-json\/wp\/v2\/product_tag?post=57606"}],"curies":[{"name":"wp","href":"https:\/\/api.w.org\/{rel}","templated":true}]}}