{"id":57605,"date":"2021-06-08T09:34:57","date_gmt":"2021-06-08T13:34:57","guid":{"rendered":"https:\/\/machineriesbst.com\/?post_type=product&#038;p=57605"},"modified":"2023-11-30T20:24:19","modified_gmt":"2023-12-01T01:24:19","slug":"planeur-whitney-s-290-30","status":"publish","type":"product","link":"https:\/\/machineriesbst.com\/en\/catalogue\/planeur-whitney-s-290-30\/","title":{"rendered":"Glider Whitney S-290, 30 &quot;"},"content":{"rendered":"<ul>\n<li>Used Whitney Model S-290 Planer.<\/li>\n<li>15HP, 208-220 \/ 440V ridge motor, three phase<\/li>\n<li>direct drive<\/li>\n<li>30 &quot;wide x 8&quot; opening,<\/li>\n<li>Variable feed speed,<\/li>\n<li>Power motor 3HP, 208-220 \/ 440V,<\/li>\n<li>Section entry roller with independent 2 &quot;sections<\/li>\n<li>Two smooth lower bed rollers adjustable from 0 &quot;to .050&quot;,<\/li>\n<li>Four-knife round knife with breastplate cut 5 &quot;<\/li>\n<li>Adjusting the inclined inclined table,<\/li>\n<li>S \/ N 17375<\/li>\n<\/ul>","protected":false},"excerpt":{"rendered":"<p>Raboteur Whitney Model S-290 d'occasion. 15HP, 208-220 \/ moteur \u00e0 ar\u00eate 440V, triphas\u00e9 lecteur direct ouverture de 30 \"de large x 8 po, Vitesse d'alimentation variable, Moteur d'alimentation 3HP, 208-220 \/ 440V, Rouleau d'entr\u00e9e de section avec sections ind\u00e9pendantes de 2 \" Deux rouleaux lisses de lit inf\u00e9rieur r\u00e9glables de 0 \"\u00e0 .050\", Couteau \u00e0 [&hellip;]<\/p>","protected":false},"author":3,"featured_media":49864,"comment_status":"open","ping_status":"closed","template":"","meta":[],"product_cat":[3029],"product_tag":[],"acf":[],"yoast_head":"<!-- This site is optimized with the Yoast SEO plugin v16.8 - https:\/\/yoast.com\/wordpress\/plugins\/seo\/ -->\n<title>Planeur Whitney S-290, 30&quot; - Machineries BST<\/title>\n<meta name=\"robots\" content=\"index, follow, max-snippet:-1, max-image-preview:large, max-video-preview:-1\" \/>\n<link rel=\"canonical\" href=\"https:\/\/machineriesbst.com\/en\/catalogue\/planeur-whitney-s-290-30\/\" \/>\n<meta property=\"og:locale\" content=\"en_US\" \/>\n<meta property=\"og:type\" content=\"article\" \/>\n<meta property=\"og:title\" content=\"Planeur Whitney S-290, 30&quot; - Machineries BST\" \/>\n<meta property=\"og:description\" content=\"Raboteur Whitney Model S-290 d&#039;occasion. 15HP, 208-220 \/ moteur \u00e0 ar\u00eate 440V, triphas\u00e9 lecteur direct ouverture de 30 &quot;de large x 8 po, Vitesse d&#039;alimentation variable, Moteur d&#039;alimentation 3HP, 208-220 \/ 440V, Rouleau d&#039;entr\u00e9e de section avec sections ind\u00e9pendantes de 2 &quot; Deux rouleaux lisses de lit inf\u00e9rieur r\u00e9glables de 0 &quot;\u00e0 .050&quot;, Couteau \u00e0 [&hellip;]\" \/>\n<meta property=\"og:url\" content=\"https:\/\/machineriesbst.com\/en\/catalogue\/planeur-whitney-s-290-30\/\" \/>\n<meta property=\"og:site_name\" content=\"Machineries BST\" \/>\n<meta property=\"article:modified_time\" content=\"2023-12-01T01:24:19+00:00\" \/>\n<meta property=\"og:image\" content=\"https:\/\/machineriesbst.com\/wp-content\/uploads\/2021\/05\/1-49.jpg\" \/>\n\t<meta property=\"og:image:width\" content=\"800\" \/>\n\t<meta property=\"og:image:height\" content=\"600\" \/>\n<meta name=\"twitter:card\" content=\"summary_large_image\" \/>\n<script type=\"application\/ld+json\" class=\"yoast-schema-graph\">{\"@context\":\"https:\/\/schema.org\",\"@graph\":[{\"@type\":\"WebSite\",\"@id\":\"https:\/\/machineriesbst.com\/en\/#website\",\"url\":\"https:\/\/machineriesbst.com\/en\/\",\"name\":\"Machineries BST\",\"description\":\"Machines neuves &amp; usag\\u00e9es\",\"potentialAction\":[{\"@type\":\"SearchAction\",\"target\":{\"@type\":\"EntryPoint\",\"urlTemplate\":\"https:\/\/machineriesbst.com\/en\/?s={search_term_string}\"},\"query-input\":\"required name=search_term_string\"}],\"inLanguage\":\"en-US\"},{\"@type\":\"ImageObject\",\"@id\":\"https:\/\/machineriesbst.com\/en\/catalogue\/planeur-whitney-s-290-30\/#primaryimage\",\"inLanguage\":\"en-US\",\"url\":\"https:\/\/machineriesbst.com\/wp-content\/uploads\/2021\/05\/1-49.jpg\",\"contentUrl\":\"https:\/\/machineriesbst.com\/wp-content\/uploads\/2021\/05\/1-49.jpg\",\"width\":800,\"height\":600},{\"@type\":\"WebPage\",\"@id\":\"https:\/\/machineriesbst.com\/en\/catalogue\/planeur-whitney-s-290-30\/#webpage\",\"url\":\"https:\/\/machineriesbst.com\/en\/catalogue\/planeur-whitney-s-290-30\/\",\"name\":\"Planeur Whitney S-290, 30\\\" - Machineries BST\",\"isPartOf\":{\"@id\":\"https:\/\/machineriesbst.com\/en\/#website\"},\"primaryImageOfPage\":{\"@id\":\"https:\/\/machineriesbst.com\/en\/catalogue\/planeur-whitney-s-290-30\/#primaryimage\"},\"datePublished\":\"2021-06-08T13:34:57+00:00\",\"dateModified\":\"2023-12-01T01:24:19+00:00\",\"breadcrumb\":{\"@id\":\"https:\/\/machineriesbst.com\/en\/catalogue\/planeur-whitney-s-290-30\/#breadcrumb\"},\"inLanguage\":\"en-US\",\"potentialAction\":[{\"@type\":\"ReadAction\",\"target\":[\"https:\/\/machineriesbst.com\/en\/catalogue\/planeur-whitney-s-290-30\/\"]}]},{\"@type\":\"BreadcrumbList\",\"@id\":\"https:\/\/machineriesbst.com\/en\/catalogue\/planeur-whitney-s-290-30\/#breadcrumb\",\"itemListElement\":[{\"@type\":\"ListItem\",\"position\":1,\"name\":\"Accueil\",\"item\":\"https:\/\/machineriesbst.com\/en\/\"},{\"@type\":\"ListItem\",\"position\":2,\"name\":\"Catalogue\",\"item\":\"https:\/\/machineriesbst.com\/en\/catalog\/\"},{\"@type\":\"ListItem\",\"position\":3,\"name\":\"Planeur Whitney S-290, 30\\\"\"}]}]}<\/script>\n<!-- \/ Yoast SEO plugin. -->","yoast_head_json":{"title":"Planeur Whitney S-290, 30\" - Machineries BST","robots":{"index":"index","follow":"follow","max-snippet":"max-snippet:-1","max-image-preview":"max-image-preview:large","max-video-preview":"max-video-preview:-1"},"canonical":"https:\/\/machineriesbst.com\/en\/catalogue\/planeur-whitney-s-290-30\/","og_locale":"en_US","og_type":"article","og_title":"Planeur Whitney S-290, 30\" - Machineries BST","og_description":"Raboteur Whitney Model S-290 d'occasion. 15HP, 208-220 \/ moteur \u00e0 ar\u00eate 440V, triphas\u00e9 lecteur direct ouverture de 30 \"de large x 8 po, Vitesse d'alimentation variable, Moteur d'alimentation 3HP, 208-220 \/ 440V, Rouleau d'entr\u00e9e de section avec sections ind\u00e9pendantes de 2 \" Deux rouleaux lisses de lit inf\u00e9rieur r\u00e9glables de 0 \"\u00e0 .050\", Couteau \u00e0 [&hellip;]","og_url":"https:\/\/machineriesbst.com\/en\/catalogue\/planeur-whitney-s-290-30\/","og_site_name":"Machineries BST","article_modified_time":"2023-12-01T01:24:19+00:00","og_image":[{"width":800,"height":600,"url":"https:\/\/machineriesbst.com\/wp-content\/uploads\/2021\/05\/1-49.jpg","path":"\/home\/jepeto\/public_html\/wp-content\/uploads\/2021\/05\/1-49.jpg","size":"full","id":49864,"alt":"","pixels":480000,"type":"image\/jpeg"}],"twitter_card":"summary_large_image","schema":{"@context":"https:\/\/schema.org","@graph":[{"@type":"WebSite","@id":"https:\/\/machineriesbst.com\/en\/#website","url":"https:\/\/machineriesbst.com\/en\/","name":"Machineries BST","description":"Machines neuves &amp; usag\u00e9es","potentialAction":[{"@type":"SearchAction","target":{"@type":"EntryPoint","urlTemplate":"https:\/\/machineriesbst.com\/en\/?s={search_term_string}"},"query-input":"required name=search_term_string"}],"inLanguage":"en-US"},{"@type":"ImageObject","@id":"https:\/\/machineriesbst.com\/en\/catalogue\/planeur-whitney-s-290-30\/#primaryimage","inLanguage":"en-US","url":"https:\/\/machineriesbst.com\/wp-content\/uploads\/2021\/05\/1-49.jpg","contentUrl":"https:\/\/machineriesbst.com\/wp-content\/uploads\/2021\/05\/1-49.jpg","width":800,"height":600},{"@type":"WebPage","@id":"https:\/\/machineriesbst.com\/en\/catalogue\/planeur-whitney-s-290-30\/#webpage","url":"https:\/\/machineriesbst.com\/en\/catalogue\/planeur-whitney-s-290-30\/","name":"Planeur Whitney S-290, 30\" - Machineries BST","isPartOf":{"@id":"https:\/\/machineriesbst.com\/en\/#website"},"primaryImageOfPage":{"@id":"https:\/\/machineriesbst.com\/en\/catalogue\/planeur-whitney-s-290-30\/#primaryimage"},"datePublished":"2021-06-08T13:34:57+00:00","dateModified":"2023-12-01T01:24:19+00:00","breadcrumb":{"@id":"https:\/\/machineriesbst.com\/en\/catalogue\/planeur-whitney-s-290-30\/#breadcrumb"},"inLanguage":"en-US","potentialAction":[{"@type":"ReadAction","target":["https:\/\/machineriesbst.com\/en\/catalogue\/planeur-whitney-s-290-30\/"]}]},{"@type":"BreadcrumbList","@id":"https:\/\/machineriesbst.com\/en\/catalogue\/planeur-whitney-s-290-30\/#breadcrumb","itemListElement":[{"@type":"ListItem","position":1,"name":"Accueil","item":"https:\/\/machineriesbst.com\/en\/"},{"@type":"ListItem","position":2,"name":"Catalogue","item":"https:\/\/machineriesbst.com\/en\/catalog\/"},{"@type":"ListItem","position":3,"name":"Planeur Whitney S-290, 30\""}]}]}},"_links":{"self":[{"href":"https:\/\/machineriesbst.com\/en\/wp-json\/wp\/v2\/product\/57605"}],"collection":[{"href":"https:\/\/machineriesbst.com\/en\/wp-json\/wp\/v2\/product"}],"about":[{"href":"https:\/\/machineriesbst.com\/en\/wp-json\/wp\/v2\/types\/product"}],"author":[{"embeddable":true,"href":"https:\/\/machineriesbst.com\/en\/wp-json\/wp\/v2\/users\/3"}],"replies":[{"embeddable":true,"href":"https:\/\/machineriesbst.com\/en\/wp-json\/wp\/v2\/comments?post=57605"}],"wp:featuredmedia":[{"embeddable":true,"href":"https:\/\/machineriesbst.com\/en\/wp-json\/wp\/v2\/media\/49864"}],"wp:attachment":[{"href":"https:\/\/machineriesbst.com\/en\/wp-json\/wp\/v2\/media?parent=57605"}],"wp:term":[{"taxonomy":"product_cat","embeddable":true,"href":"https:\/\/machineriesbst.com\/en\/wp-json\/wp\/v2\/product_cat?post=57605"},{"taxonomy":"product_tag","embeddable":true,"href":"https:\/\/machineriesbst.com\/en\/wp-json\/wp\/v2\/product_tag?post=57605"}],"curies":[{"name":"wp","href":"https:\/\/api.w.org\/{rel}","templated":true}]}}