{"id":57604,"date":"2021-06-08T09:34:56","date_gmt":"2021-06-08T13:34:56","guid":{"rendered":"https:\/\/machineriesbst.com\/?post_type=product&#038;p=57604"},"modified":"2023-11-30T20:24:19","modified_gmt":"2023-12-01T01:24:19","slug":"planeur-cantek-lsp-850dhc","status":"publish","type":"product","link":"https:\/\/machineriesbst.com\/en\/catalogue\/planeur-cantek-lsp-850dhc\/","title":{"rendered":"CANTEK LSP-850DHC Glider"},"content":{"rendered":"<p><strong>FEATURES<\/strong><\/p>\n<ul>\n<li>Motorized table lift<\/li>\n<li>Digital position control Anti-kickback backrests Dust head Spiral cutting head with four-sided solid carbide knives 15x15x2.5mm<\/li>\n<li>Toolbox and service kit Variable feed speed<\/li>\n<\/ul>\n<p><strong>CHARACTERISTICS<\/strong><\/p>\n<ul>\n<li>Table surface 35 \u00bc &quot;x 55&quot; Spiral cutting head diameter 6 &quot;(150mm)<\/li>\n<li>Cutter head speed 4600 rpm Knife insert size 15 x 15 x 2.5 mm 4 &quot;feed rollers 4&quot; x 4 roll table rollers Feed speed range 0-25 meters \/ minute Maximum depth of cut 5\/16 &quot;(8 mm)<\/li>\n<li>Stock thickness range 3\/8 &quot;-8&quot; (9.5-203 mm) Maximum stock width 33 \u00bd &quot;(850 mm)<\/li>\n<li>40 HP Spiral Motor 2 HP Feed Motor 2 HP Table Lift Motor Net Weight 5280 lbs. (2400 kg) Gross weight 5720 lbs. (2600 kg) Package dimensions 70 &quot;(L) x 62&quot; (W) x 62 &quot;(H).<\/li>\n<li>Includes factory upgrade 40HP motor and HelixHead trimmer head.<\/li>\n<\/ul>","protected":false},"excerpt":{"rendered":"<p>FONCTIONNALIT\u00c9S \u00c9l\u00e9vation de table motoris\u00e9e Contr\u00f4le de la position num\u00e9rique Dossiers anti-kickback T\u00eate de poussi\u00e8re T\u00eate de coupe en spirale avec des couteaux en carbure solide \u00e0 quatre c\u00f4t\u00e9s 15x15x2.5mm Bo\u00eete \u00e0 outils et kit de service Vitesse d'alimentation variable CARACT\u00c9RISTIQUES Surface de la table 35 \u00bc \"x 55\" Diam\u00e8tre de la t\u00eate de coupe [&hellip;]<\/p>","protected":false},"author":3,"featured_media":49857,"comment_status":"open","ping_status":"closed","template":"","meta":[],"product_cat":[3029],"product_tag":[],"acf":[],"yoast_head":"<!-- This site is optimized with the Yoast SEO plugin v16.8 - https:\/\/yoast.com\/wordpress\/plugins\/seo\/ -->\n<title>Planeur CANTEK LSP-850DHC - Machineries BST<\/title>\n<meta name=\"robots\" content=\"index, follow, max-snippet:-1, max-image-preview:large, max-video-preview:-1\" \/>\n<link rel=\"canonical\" href=\"https:\/\/machineriesbst.com\/en\/catalogue\/planeur-cantek-lsp-850dhc\/\" \/>\n<meta property=\"og:locale\" content=\"en_US\" \/>\n<meta property=\"og:type\" content=\"article\" \/>\n<meta property=\"og:title\" content=\"Planeur CANTEK LSP-850DHC - Machineries BST\" \/>\n<meta property=\"og:description\" content=\"FONCTIONNALIT\u00c9S \u00c9l\u00e9vation de table motoris\u00e9e Contr\u00f4le de la position num\u00e9rique Dossiers anti-kickback T\u00eate de poussi\u00e8re T\u00eate de coupe en spirale avec des couteaux en carbure solide \u00e0 quatre c\u00f4t\u00e9s 15x15x2.5mm Bo\u00eete \u00e0 outils et kit de service Vitesse d&#039;alimentation variable CARACT\u00c9RISTIQUES Surface de la table 35 \u00bc &quot;x 55&quot; Diam\u00e8tre de la t\u00eate de coupe [&hellip;]\" \/>\n<meta property=\"og:url\" content=\"https:\/\/machineriesbst.com\/en\/catalogue\/planeur-cantek-lsp-850dhc\/\" \/>\n<meta property=\"og:site_name\" content=\"Machineries BST\" \/>\n<meta property=\"article:modified_time\" content=\"2023-12-01T01:24:19+00:00\" \/>\n<meta property=\"og:image\" content=\"https:\/\/machineriesbst.com\/wp-content\/uploads\/2021\/05\/1-48.jpg\" \/>\n\t<meta property=\"og:image:width\" content=\"681\" \/>\n\t<meta property=\"og:image:height\" content=\"600\" \/>\n<meta name=\"twitter:card\" content=\"summary_large_image\" \/>\n<meta name=\"twitter:label1\" content=\"Est. reading time\" \/>\n\t<meta name=\"twitter:data1\" content=\"1 minute\" \/>\n<script type=\"application\/ld+json\" class=\"yoast-schema-graph\">{\"@context\":\"https:\/\/schema.org\",\"@graph\":[{\"@type\":\"WebSite\",\"@id\":\"https:\/\/machineriesbst.com\/en\/#website\",\"url\":\"https:\/\/machineriesbst.com\/en\/\",\"name\":\"Machineries BST\",\"description\":\"Machines neuves &amp; usag\\u00e9es\",\"potentialAction\":[{\"@type\":\"SearchAction\",\"target\":{\"@type\":\"EntryPoint\",\"urlTemplate\":\"https:\/\/machineriesbst.com\/en\/?s={search_term_string}\"},\"query-input\":\"required name=search_term_string\"}],\"inLanguage\":\"en-US\"},{\"@type\":\"ImageObject\",\"@id\":\"https:\/\/machineriesbst.com\/en\/catalogue\/planeur-cantek-lsp-850dhc\/#primaryimage\",\"inLanguage\":\"en-US\",\"url\":\"https:\/\/machineriesbst.com\/wp-content\/uploads\/2021\/05\/1-48.jpg\",\"contentUrl\":\"https:\/\/machineriesbst.com\/wp-content\/uploads\/2021\/05\/1-48.jpg\",\"width\":681,\"height\":600},{\"@type\":\"WebPage\",\"@id\":\"https:\/\/machineriesbst.com\/en\/catalogue\/planeur-cantek-lsp-850dhc\/#webpage\",\"url\":\"https:\/\/machineriesbst.com\/en\/catalogue\/planeur-cantek-lsp-850dhc\/\",\"name\":\"Planeur CANTEK LSP-850DHC - Machineries BST\",\"isPartOf\":{\"@id\":\"https:\/\/machineriesbst.com\/en\/#website\"},\"primaryImageOfPage\":{\"@id\":\"https:\/\/machineriesbst.com\/en\/catalogue\/planeur-cantek-lsp-850dhc\/#primaryimage\"},\"datePublished\":\"2021-06-08T13:34:56+00:00\",\"dateModified\":\"2023-12-01T01:24:19+00:00\",\"breadcrumb\":{\"@id\":\"https:\/\/machineriesbst.com\/en\/catalogue\/planeur-cantek-lsp-850dhc\/#breadcrumb\"},\"inLanguage\":\"en-US\",\"potentialAction\":[{\"@type\":\"ReadAction\",\"target\":[\"https:\/\/machineriesbst.com\/en\/catalogue\/planeur-cantek-lsp-850dhc\/\"]}]},{\"@type\":\"BreadcrumbList\",\"@id\":\"https:\/\/machineriesbst.com\/en\/catalogue\/planeur-cantek-lsp-850dhc\/#breadcrumb\",\"itemListElement\":[{\"@type\":\"ListItem\",\"position\":1,\"name\":\"Accueil\",\"item\":\"https:\/\/machineriesbst.com\/en\/\"},{\"@type\":\"ListItem\",\"position\":2,\"name\":\"Catalogue\",\"item\":\"https:\/\/machineriesbst.com\/en\/catalog\/\"},{\"@type\":\"ListItem\",\"position\":3,\"name\":\"Planeur CANTEK LSP-850DHC\"}]}]}<\/script>\n<!-- \/ Yoast SEO plugin. -->","yoast_head_json":{"title":"Planeur CANTEK LSP-850DHC - Machineries BST","robots":{"index":"index","follow":"follow","max-snippet":"max-snippet:-1","max-image-preview":"max-image-preview:large","max-video-preview":"max-video-preview:-1"},"canonical":"https:\/\/machineriesbst.com\/en\/catalogue\/planeur-cantek-lsp-850dhc\/","og_locale":"en_US","og_type":"article","og_title":"Planeur CANTEK LSP-850DHC - Machineries BST","og_description":"FONCTIONNALIT\u00c9S \u00c9l\u00e9vation de table motoris\u00e9e Contr\u00f4le de la position num\u00e9rique Dossiers anti-kickback T\u00eate de poussi\u00e8re T\u00eate de coupe en spirale avec des couteaux en carbure solide \u00e0 quatre c\u00f4t\u00e9s 15x15x2.5mm Bo\u00eete \u00e0 outils et kit de service Vitesse d'alimentation variable CARACT\u00c9RISTIQUES Surface de la table 35 \u00bc \"x 55\" Diam\u00e8tre de la t\u00eate de coupe [&hellip;]","og_url":"https:\/\/machineriesbst.com\/en\/catalogue\/planeur-cantek-lsp-850dhc\/","og_site_name":"Machineries BST","article_modified_time":"2023-12-01T01:24:19+00:00","og_image":[{"width":681,"height":600,"url":"https:\/\/machineriesbst.com\/wp-content\/uploads\/2021\/05\/1-48.jpg","path":"\/home\/jepeto\/public_html\/wp-content\/uploads\/2021\/05\/1-48.jpg","size":"full","id":49857,"alt":"","pixels":408600,"type":"image\/jpeg"}],"twitter_card":"summary_large_image","twitter_misc":{"Est. reading time":"1 minute"},"schema":{"@context":"https:\/\/schema.org","@graph":[{"@type":"WebSite","@id":"https:\/\/machineriesbst.com\/en\/#website","url":"https:\/\/machineriesbst.com\/en\/","name":"Machineries BST","description":"Machines neuves &amp; usag\u00e9es","potentialAction":[{"@type":"SearchAction","target":{"@type":"EntryPoint","urlTemplate":"https:\/\/machineriesbst.com\/en\/?s={search_term_string}"},"query-input":"required name=search_term_string"}],"inLanguage":"en-US"},{"@type":"ImageObject","@id":"https:\/\/machineriesbst.com\/en\/catalogue\/planeur-cantek-lsp-850dhc\/#primaryimage","inLanguage":"en-US","url":"https:\/\/machineriesbst.com\/wp-content\/uploads\/2021\/05\/1-48.jpg","contentUrl":"https:\/\/machineriesbst.com\/wp-content\/uploads\/2021\/05\/1-48.jpg","width":681,"height":600},{"@type":"WebPage","@id":"https:\/\/machineriesbst.com\/en\/catalogue\/planeur-cantek-lsp-850dhc\/#webpage","url":"https:\/\/machineriesbst.com\/en\/catalogue\/planeur-cantek-lsp-850dhc\/","name":"Planeur CANTEK LSP-850DHC - Machineries BST","isPartOf":{"@id":"https:\/\/machineriesbst.com\/en\/#website"},"primaryImageOfPage":{"@id":"https:\/\/machineriesbst.com\/en\/catalogue\/planeur-cantek-lsp-850dhc\/#primaryimage"},"datePublished":"2021-06-08T13:34:56+00:00","dateModified":"2023-12-01T01:24:19+00:00","breadcrumb":{"@id":"https:\/\/machineriesbst.com\/en\/catalogue\/planeur-cantek-lsp-850dhc\/#breadcrumb"},"inLanguage":"en-US","potentialAction":[{"@type":"ReadAction","target":["https:\/\/machineriesbst.com\/en\/catalogue\/planeur-cantek-lsp-850dhc\/"]}]},{"@type":"BreadcrumbList","@id":"https:\/\/machineriesbst.com\/en\/catalogue\/planeur-cantek-lsp-850dhc\/#breadcrumb","itemListElement":[{"@type":"ListItem","position":1,"name":"Accueil","item":"https:\/\/machineriesbst.com\/en\/"},{"@type":"ListItem","position":2,"name":"Catalogue","item":"https:\/\/machineriesbst.com\/en\/catalog\/"},{"@type":"ListItem","position":3,"name":"Planeur CANTEK LSP-850DHC"}]}]}},"_links":{"self":[{"href":"https:\/\/machineriesbst.com\/en\/wp-json\/wp\/v2\/product\/57604"}],"collection":[{"href":"https:\/\/machineriesbst.com\/en\/wp-json\/wp\/v2\/product"}],"about":[{"href":"https:\/\/machineriesbst.com\/en\/wp-json\/wp\/v2\/types\/product"}],"author":[{"embeddable":true,"href":"https:\/\/machineriesbst.com\/en\/wp-json\/wp\/v2\/users\/3"}],"replies":[{"embeddable":true,"href":"https:\/\/machineriesbst.com\/en\/wp-json\/wp\/v2\/comments?post=57604"}],"wp:featuredmedia":[{"embeddable":true,"href":"https:\/\/machineriesbst.com\/en\/wp-json\/wp\/v2\/media\/49857"}],"wp:attachment":[{"href":"https:\/\/machineriesbst.com\/en\/wp-json\/wp\/v2\/media?parent=57604"}],"wp:term":[{"taxonomy":"product_cat","embeddable":true,"href":"https:\/\/machineriesbst.com\/en\/wp-json\/wp\/v2\/product_cat?post=57604"},{"taxonomy":"product_tag","embeddable":true,"href":"https:\/\/machineriesbst.com\/en\/wp-json\/wp\/v2\/product_tag?post=57604"}],"curies":[{"name":"wp","href":"https:\/\/api.w.org\/{rel}","templated":true}]}}