{"id":57599,"date":"2021-06-08T09:34:34","date_gmt":"2021-06-08T13:34:34","guid":{"rendered":"https:\/\/machineriesbst.com\/?post_type=product&#038;p=57599"},"modified":"2023-11-30T20:24:19","modified_gmt":"2023-12-01T01:24:19","slug":"planeur-2-faces-bridgewood-gy-610s","status":"publish","type":"product","link":"https:\/\/machineriesbst.com\/en\/catalogue\/planeur-2-faces-bridgewood-gy-610s\/","title":{"rendered":"Bridgewood GY-610S 2-sided glider"},"content":{"rendered":"<p><strong>Characteristics : <\/strong><\/p>\n<ul>\n<li>30 HP Top Cutter Head, 24 &quot;Spiral Cut<\/li>\n<li>25 HP Bottom Cutter Head, 24 &quot;Spiral Cut<\/li>\n<li>3 HP VS Power Motor<\/li>\n<li>1 HP Elevation engine w \/ DP525 Go to the thickness controller for the elevation.<\/li>\n<li>230 \/ 460V, 3 phases<\/li>\n<li>108 &quot;Long X 67&quot; Wide X 67 &quot;High<\/li>\n<li>Weight: 8,500lbs<\/li>\n<\/ul>","protected":false},"excerpt":{"rendered":"<p>Caract\u00e9ristiques : 30 HP Top Cutter Head, 24 \"Spiral Cut 25 HP Bottom Cutter Head, 24 \"Spiral Cut 3 HP V.S. Moteur d'alimentation 1 HP Elevation engine w \/ DP525 Aller au contr\u00f4leur d'\u00e9paisseur pour l'\u00e9l\u00e9vation. 230 \/ 460V, 3 phases 108 \"Long X 67\" Large X 67 \"Haut Poids: 8,500lbs<\/p>","protected":false},"author":3,"featured_media":49822,"comment_status":"open","ping_status":"closed","template":"","meta":[],"product_cat":[3025],"product_tag":[],"acf":[],"yoast_head":"<!-- This site is optimized with the Yoast SEO plugin v16.8 - https:\/\/yoast.com\/wordpress\/plugins\/seo\/ -->\n<title>Planeur 2 Faces Bridgewood GY-610S - Machineries BST<\/title>\n<meta name=\"robots\" content=\"index, follow, max-snippet:-1, max-image-preview:large, max-video-preview:-1\" \/>\n<link rel=\"canonical\" href=\"https:\/\/machineriesbst.com\/en\/catalogue\/planeur-2-faces-bridgewood-gy-610s\/\" \/>\n<meta property=\"og:locale\" content=\"en_US\" \/>\n<meta property=\"og:type\" content=\"article\" \/>\n<meta property=\"og:title\" content=\"Planeur 2 Faces Bridgewood GY-610S - Machineries BST\" \/>\n<meta property=\"og:description\" content=\"Caract\u00e9ristiques : 30 HP Top Cutter Head, 24 &quot;Spiral Cut 25 HP Bottom Cutter Head, 24 &quot;Spiral Cut 3 HP V.S. Moteur d&#039;alimentation 1 HP Elevation engine w \/ DP525 Aller au contr\u00f4leur d&#039;\u00e9paisseur pour l&#039;\u00e9l\u00e9vation. 230 \/ 460V, 3 phases 108 &quot;Long X 67&quot; Large X 67 &quot;Haut Poids: 8,500lbs\" \/>\n<meta property=\"og:url\" content=\"https:\/\/machineriesbst.com\/en\/catalogue\/planeur-2-faces-bridgewood-gy-610s\/\" \/>\n<meta property=\"og:site_name\" content=\"Machineries BST\" \/>\n<meta property=\"article:modified_time\" content=\"2023-12-01T01:24:19+00:00\" \/>\n<meta property=\"og:image\" content=\"https:\/\/machineriesbst.com\/wp-content\/uploads\/2021\/05\/1-43.jpg\" \/>\n\t<meta property=\"og:image:width\" content=\"800\" \/>\n\t<meta property=\"og:image:height\" content=\"600\" \/>\n<meta name=\"twitter:card\" content=\"summary_large_image\" \/>\n<script type=\"application\/ld+json\" class=\"yoast-schema-graph\">{\"@context\":\"https:\/\/schema.org\",\"@graph\":[{\"@type\":\"WebSite\",\"@id\":\"https:\/\/machineriesbst.com\/en\/#website\",\"url\":\"https:\/\/machineriesbst.com\/en\/\",\"name\":\"Machineries BST\",\"description\":\"Machines neuves &amp; usag\\u00e9es\",\"potentialAction\":[{\"@type\":\"SearchAction\",\"target\":{\"@type\":\"EntryPoint\",\"urlTemplate\":\"https:\/\/machineriesbst.com\/en\/?s={search_term_string}\"},\"query-input\":\"required name=search_term_string\"}],\"inLanguage\":\"en-US\"},{\"@type\":\"ImageObject\",\"@id\":\"https:\/\/machineriesbst.com\/en\/catalogue\/planeur-2-faces-bridgewood-gy-610s\/#primaryimage\",\"inLanguage\":\"en-US\",\"url\":\"https:\/\/machineriesbst.com\/wp-content\/uploads\/2021\/05\/1-43.jpg\",\"contentUrl\":\"https:\/\/machineriesbst.com\/wp-content\/uploads\/2021\/05\/1-43.jpg\",\"width\":800,\"height\":600},{\"@type\":\"WebPage\",\"@id\":\"https:\/\/machineriesbst.com\/en\/catalogue\/planeur-2-faces-bridgewood-gy-610s\/#webpage\",\"url\":\"https:\/\/machineriesbst.com\/en\/catalogue\/planeur-2-faces-bridgewood-gy-610s\/\",\"name\":\"Planeur 2 Faces Bridgewood GY-610S - Machineries BST\",\"isPartOf\":{\"@id\":\"https:\/\/machineriesbst.com\/en\/#website\"},\"primaryImageOfPage\":{\"@id\":\"https:\/\/machineriesbst.com\/en\/catalogue\/planeur-2-faces-bridgewood-gy-610s\/#primaryimage\"},\"datePublished\":\"2021-06-08T13:34:34+00:00\",\"dateModified\":\"2023-12-01T01:24:19+00:00\",\"breadcrumb\":{\"@id\":\"https:\/\/machineriesbst.com\/en\/catalogue\/planeur-2-faces-bridgewood-gy-610s\/#breadcrumb\"},\"inLanguage\":\"en-US\",\"potentialAction\":[{\"@type\":\"ReadAction\",\"target\":[\"https:\/\/machineriesbst.com\/en\/catalogue\/planeur-2-faces-bridgewood-gy-610s\/\"]}]},{\"@type\":\"BreadcrumbList\",\"@id\":\"https:\/\/machineriesbst.com\/en\/catalogue\/planeur-2-faces-bridgewood-gy-610s\/#breadcrumb\",\"itemListElement\":[{\"@type\":\"ListItem\",\"position\":1,\"name\":\"Accueil\",\"item\":\"https:\/\/machineriesbst.com\/en\/\"},{\"@type\":\"ListItem\",\"position\":2,\"name\":\"Catalogue\",\"item\":\"https:\/\/machineriesbst.com\/en\/catalog\/\"},{\"@type\":\"ListItem\",\"position\":3,\"name\":\"Planeur 2 Faces Bridgewood GY-610S\"}]}]}<\/script>\n<!-- \/ Yoast SEO plugin. -->","yoast_head_json":{"title":"Planeur 2 Faces Bridgewood GY-610S - Machineries BST","robots":{"index":"index","follow":"follow","max-snippet":"max-snippet:-1","max-image-preview":"max-image-preview:large","max-video-preview":"max-video-preview:-1"},"canonical":"https:\/\/machineriesbst.com\/en\/catalogue\/planeur-2-faces-bridgewood-gy-610s\/","og_locale":"en_US","og_type":"article","og_title":"Planeur 2 Faces Bridgewood GY-610S - Machineries BST","og_description":"Caract\u00e9ristiques : 30 HP Top Cutter Head, 24 \"Spiral Cut 25 HP Bottom Cutter Head, 24 \"Spiral Cut 3 HP V.S. Moteur d'alimentation 1 HP Elevation engine w \/ DP525 Aller au contr\u00f4leur d'\u00e9paisseur pour l'\u00e9l\u00e9vation. 230 \/ 460V, 3 phases 108 \"Long X 67\" Large X 67 \"Haut Poids: 8,500lbs","og_url":"https:\/\/machineriesbst.com\/en\/catalogue\/planeur-2-faces-bridgewood-gy-610s\/","og_site_name":"Machineries BST","article_modified_time":"2023-12-01T01:24:19+00:00","og_image":[{"width":800,"height":600,"url":"https:\/\/machineriesbst.com\/wp-content\/uploads\/2021\/05\/1-43.jpg","path":"\/home\/jepeto\/public_html\/wp-content\/uploads\/2021\/05\/1-43.jpg","size":"full","id":49822,"alt":"","pixels":480000,"type":"image\/jpeg"}],"twitter_card":"summary_large_image","schema":{"@context":"https:\/\/schema.org","@graph":[{"@type":"WebSite","@id":"https:\/\/machineriesbst.com\/en\/#website","url":"https:\/\/machineriesbst.com\/en\/","name":"Machineries BST","description":"Machines neuves &amp; usag\u00e9es","potentialAction":[{"@type":"SearchAction","target":{"@type":"EntryPoint","urlTemplate":"https:\/\/machineriesbst.com\/en\/?s={search_term_string}"},"query-input":"required name=search_term_string"}],"inLanguage":"en-US"},{"@type":"ImageObject","@id":"https:\/\/machineriesbst.com\/en\/catalogue\/planeur-2-faces-bridgewood-gy-610s\/#primaryimage","inLanguage":"en-US","url":"https:\/\/machineriesbst.com\/wp-content\/uploads\/2021\/05\/1-43.jpg","contentUrl":"https:\/\/machineriesbst.com\/wp-content\/uploads\/2021\/05\/1-43.jpg","width":800,"height":600},{"@type":"WebPage","@id":"https:\/\/machineriesbst.com\/en\/catalogue\/planeur-2-faces-bridgewood-gy-610s\/#webpage","url":"https:\/\/machineriesbst.com\/en\/catalogue\/planeur-2-faces-bridgewood-gy-610s\/","name":"Planeur 2 Faces Bridgewood GY-610S - Machineries BST","isPartOf":{"@id":"https:\/\/machineriesbst.com\/en\/#website"},"primaryImageOfPage":{"@id":"https:\/\/machineriesbst.com\/en\/catalogue\/planeur-2-faces-bridgewood-gy-610s\/#primaryimage"},"datePublished":"2021-06-08T13:34:34+00:00","dateModified":"2023-12-01T01:24:19+00:00","breadcrumb":{"@id":"https:\/\/machineriesbst.com\/en\/catalogue\/planeur-2-faces-bridgewood-gy-610s\/#breadcrumb"},"inLanguage":"en-US","potentialAction":[{"@type":"ReadAction","target":["https:\/\/machineriesbst.com\/en\/catalogue\/planeur-2-faces-bridgewood-gy-610s\/"]}]},{"@type":"BreadcrumbList","@id":"https:\/\/machineriesbst.com\/en\/catalogue\/planeur-2-faces-bridgewood-gy-610s\/#breadcrumb","itemListElement":[{"@type":"ListItem","position":1,"name":"Accueil","item":"https:\/\/machineriesbst.com\/en\/"},{"@type":"ListItem","position":2,"name":"Catalogue","item":"https:\/\/machineriesbst.com\/en\/catalog\/"},{"@type":"ListItem","position":3,"name":"Planeur 2 Faces Bridgewood GY-610S"}]}]}},"_links":{"self":[{"href":"https:\/\/machineriesbst.com\/en\/wp-json\/wp\/v2\/product\/57599"}],"collection":[{"href":"https:\/\/machineriesbst.com\/en\/wp-json\/wp\/v2\/product"}],"about":[{"href":"https:\/\/machineriesbst.com\/en\/wp-json\/wp\/v2\/types\/product"}],"author":[{"embeddable":true,"href":"https:\/\/machineriesbst.com\/en\/wp-json\/wp\/v2\/users\/3"}],"replies":[{"embeddable":true,"href":"https:\/\/machineriesbst.com\/en\/wp-json\/wp\/v2\/comments?post=57599"}],"wp:featuredmedia":[{"embeddable":true,"href":"https:\/\/machineriesbst.com\/en\/wp-json\/wp\/v2\/media\/49822"}],"wp:attachment":[{"href":"https:\/\/machineriesbst.com\/en\/wp-json\/wp\/v2\/media?parent=57599"}],"wp:term":[{"taxonomy":"product_cat","embeddable":true,"href":"https:\/\/machineriesbst.com\/en\/wp-json\/wp\/v2\/product_cat?post=57599"},{"taxonomy":"product_tag","embeddable":true,"href":"https:\/\/machineriesbst.com\/en\/wp-json\/wp\/v2\/product_tag?post=57599"}],"curies":[{"name":"wp","href":"https:\/\/api.w.org\/{rel}","templated":true}]}}