{"id":57597,"date":"2021-06-08T09:34:33","date_gmt":"2021-06-08T13:34:33","guid":{"rendered":"https:\/\/machineriesbst.com\/?post_type=product&#038;p=57597"},"modified":"2023-11-30T20:24:19","modified_gmt":"2023-12-01T01:24:19","slug":"used-whitney-s-970-top-and-bottom-planer","status":"publish","type":"product","link":"https:\/\/machineriesbst.com\/en\/catalogue\/used-whitney-s-970-top-and-bottom-planer\/","title":{"rendered":"USED WHITNEY S-970 TOP AND BOTTOM PLANER"},"content":{"rendered":"<p>This heavy double surfacer was made in North Carolina. Newman - Whitney is the leading brand in high production wood planers.<\/p>\n<p>The machine features fire-rated carbide cutting heads.<\/p>\n<p>These heads give you a true shear cut, reducing surface defects and operating at a much lower noise level.<\/p>\n<ul>\n<li>36 &quot;Capacity width<\/li>\n<li>7 &quot;Maximum thickness capacity<\/li>\n<li>40 HP head head<\/li>\n<li>30 HP bottom head<\/li>\n<li>Includes grinder<\/li>\n<li>460 volt 3 phase power power<\/li>\n<\/ul>","protected":false},"excerpt":{"rendered":"<p>This heavy double surfacer was made in North Carolina. Newman - Whitney is the leading brand in high production wood planers. The machine features fire-rated carbide cutting heads. These heads give you a true shear cut, reducing surface defects and operating at a level [\u2026]<\/p>","protected":false},"author":3,"featured_media":49795,"comment_status":"open","ping_status":"closed","template":"","meta":[],"product_cat":[3025],"product_tag":[],"acf":[],"yoast_head":"<!-- This site is optimized with the Yoast SEO plugin v16.8 - https:\/\/yoast.com\/wordpress\/plugins\/seo\/ -->\n<title>USED WHITNEY S-970 TOP AND BOTTOM PLANER - Machineries BST<\/title>\n<meta name=\"robots\" content=\"index, follow, max-snippet:-1, max-image-preview:large, max-video-preview:-1\" \/>\n<link rel=\"canonical\" href=\"https:\/\/machineriesbst.com\/en\/catalogue\/used-whitney-s-970-top-and-bottom-planer\/\" \/>\n<meta property=\"og:locale\" content=\"en_US\" \/>\n<meta property=\"og:type\" content=\"article\" \/>\n<meta property=\"og:title\" content=\"USED WHITNEY S-970 TOP AND BOTTOM PLANER - Machineries BST\" \/>\n<meta property=\"og:description\" content=\"Ce double surfacer lourd a \u00e9t\u00e9 fabriqu\u00e9 en Caroline du Nord. Newman - Whitney est la marque leader dans les raboteuses \u00e0 bois de haute production. La machine pr\u00e9sente les t\u00eates de coupe de carbure coupe-feu. Ces t\u00eates vous donnent une v\u00e9ritable coupe de cisaillement, r\u00e9duisant les d\u00e9fauts de surface et fonctionnant \u00e0 un niveau [&hellip;]\" \/>\n<meta property=\"og:url\" content=\"https:\/\/machineriesbst.com\/en\/catalogue\/used-whitney-s-970-top-and-bottom-planer\/\" \/>\n<meta property=\"og:site_name\" content=\"Machineries BST\" \/>\n<meta property=\"article:modified_time\" content=\"2023-12-01T01:24:19+00:00\" \/>\n<meta property=\"og:image\" content=\"https:\/\/machineriesbst.com\/wp-content\/uploads\/2021\/05\/1-41.jpg\" \/>\n\t<meta property=\"og:image:width\" content=\"785\" \/>\n\t<meta property=\"og:image:height\" content=\"573\" \/>\n<meta name=\"twitter:card\" content=\"summary_large_image\" \/>\n<script type=\"application\/ld+json\" class=\"yoast-schema-graph\">{\"@context\":\"https:\/\/schema.org\",\"@graph\":[{\"@type\":\"WebSite\",\"@id\":\"https:\/\/machineriesbst.com\/en\/#website\",\"url\":\"https:\/\/machineriesbst.com\/en\/\",\"name\":\"Machineries BST\",\"description\":\"Machines neuves &amp; usag\\u00e9es\",\"potentialAction\":[{\"@type\":\"SearchAction\",\"target\":{\"@type\":\"EntryPoint\",\"urlTemplate\":\"https:\/\/machineriesbst.com\/en\/?s={search_term_string}\"},\"query-input\":\"required name=search_term_string\"}],\"inLanguage\":\"en-US\"},{\"@type\":\"ImageObject\",\"@id\":\"https:\/\/machineriesbst.com\/en\/catalogue\/used-whitney-s-970-top-and-bottom-planer\/#primaryimage\",\"inLanguage\":\"en-US\",\"url\":\"https:\/\/machineriesbst.com\/wp-content\/uploads\/2021\/05\/1-41.jpg\",\"contentUrl\":\"https:\/\/machineriesbst.com\/wp-content\/uploads\/2021\/05\/1-41.jpg\",\"width\":785,\"height\":573},{\"@type\":\"WebPage\",\"@id\":\"https:\/\/machineriesbst.com\/en\/catalogue\/used-whitney-s-970-top-and-bottom-planer\/#webpage\",\"url\":\"https:\/\/machineriesbst.com\/en\/catalogue\/used-whitney-s-970-top-and-bottom-planer\/\",\"name\":\"USED WHITNEY S-970 TOP AND BOTTOM PLANER - Machineries BST\",\"isPartOf\":{\"@id\":\"https:\/\/machineriesbst.com\/en\/#website\"},\"primaryImageOfPage\":{\"@id\":\"https:\/\/machineriesbst.com\/en\/catalogue\/used-whitney-s-970-top-and-bottom-planer\/#primaryimage\"},\"datePublished\":\"2021-06-08T13:34:33+00:00\",\"dateModified\":\"2023-12-01T01:24:19+00:00\",\"breadcrumb\":{\"@id\":\"https:\/\/machineriesbst.com\/en\/catalogue\/used-whitney-s-970-top-and-bottom-planer\/#breadcrumb\"},\"inLanguage\":\"en-US\",\"potentialAction\":[{\"@type\":\"ReadAction\",\"target\":[\"https:\/\/machineriesbst.com\/en\/catalogue\/used-whitney-s-970-top-and-bottom-planer\/\"]}]},{\"@type\":\"BreadcrumbList\",\"@id\":\"https:\/\/machineriesbst.com\/en\/catalogue\/used-whitney-s-970-top-and-bottom-planer\/#breadcrumb\",\"itemListElement\":[{\"@type\":\"ListItem\",\"position\":1,\"name\":\"Accueil\",\"item\":\"https:\/\/machineriesbst.com\/en\/\"},{\"@type\":\"ListItem\",\"position\":2,\"name\":\"Catalogue\",\"item\":\"https:\/\/machineriesbst.com\/en\/catalog\/\"},{\"@type\":\"ListItem\",\"position\":3,\"name\":\"USED WHITNEY S-970 TOP AND BOTTOM PLANER\"}]}]}<\/script>\n<!-- \/ Yoast SEO plugin. -->","yoast_head_json":{"title":"USED WHITNEY S-970 TOP AND BOTTOM PLANER - Machineries BST","robots":{"index":"index","follow":"follow","max-snippet":"max-snippet:-1","max-image-preview":"max-image-preview:large","max-video-preview":"max-video-preview:-1"},"canonical":"https:\/\/machineriesbst.com\/en\/catalogue\/used-whitney-s-970-top-and-bottom-planer\/","og_locale":"en_US","og_type":"article","og_title":"USED WHITNEY S-970 TOP AND BOTTOM PLANER - Machineries BST","og_description":"Ce double surfacer lourd a \u00e9t\u00e9 fabriqu\u00e9 en Caroline du Nord. Newman - Whitney est la marque leader dans les raboteuses \u00e0 bois de haute production. La machine pr\u00e9sente les t\u00eates de coupe de carbure coupe-feu. Ces t\u00eates vous donnent une v\u00e9ritable coupe de cisaillement, r\u00e9duisant les d\u00e9fauts de surface et fonctionnant \u00e0 un niveau [&hellip;]","og_url":"https:\/\/machineriesbst.com\/en\/catalogue\/used-whitney-s-970-top-and-bottom-planer\/","og_site_name":"Machineries BST","article_modified_time":"2023-12-01T01:24:19+00:00","og_image":[{"width":785,"height":573,"url":"https:\/\/machineriesbst.com\/wp-content\/uploads\/2021\/05\/1-41.jpg","path":"\/home\/jepeto\/public_html\/wp-content\/uploads\/2021\/05\/1-41.jpg","size":"full","id":49795,"alt":"","pixels":449805,"type":"image\/jpeg"}],"twitter_card":"summary_large_image","schema":{"@context":"https:\/\/schema.org","@graph":[{"@type":"WebSite","@id":"https:\/\/machineriesbst.com\/en\/#website","url":"https:\/\/machineriesbst.com\/en\/","name":"Machineries BST","description":"Machines neuves &amp; usag\u00e9es","potentialAction":[{"@type":"SearchAction","target":{"@type":"EntryPoint","urlTemplate":"https:\/\/machineriesbst.com\/en\/?s={search_term_string}"},"query-input":"required name=search_term_string"}],"inLanguage":"en-US"},{"@type":"ImageObject","@id":"https:\/\/machineriesbst.com\/en\/catalogue\/used-whitney-s-970-top-and-bottom-planer\/#primaryimage","inLanguage":"en-US","url":"https:\/\/machineriesbst.com\/wp-content\/uploads\/2021\/05\/1-41.jpg","contentUrl":"https:\/\/machineriesbst.com\/wp-content\/uploads\/2021\/05\/1-41.jpg","width":785,"height":573},{"@type":"WebPage","@id":"https:\/\/machineriesbst.com\/en\/catalogue\/used-whitney-s-970-top-and-bottom-planer\/#webpage","url":"https:\/\/machineriesbst.com\/en\/catalogue\/used-whitney-s-970-top-and-bottom-planer\/","name":"USED WHITNEY S-970 TOP AND BOTTOM PLANER - Machineries BST","isPartOf":{"@id":"https:\/\/machineriesbst.com\/en\/#website"},"primaryImageOfPage":{"@id":"https:\/\/machineriesbst.com\/en\/catalogue\/used-whitney-s-970-top-and-bottom-planer\/#primaryimage"},"datePublished":"2021-06-08T13:34:33+00:00","dateModified":"2023-12-01T01:24:19+00:00","breadcrumb":{"@id":"https:\/\/machineriesbst.com\/en\/catalogue\/used-whitney-s-970-top-and-bottom-planer\/#breadcrumb"},"inLanguage":"en-US","potentialAction":[{"@type":"ReadAction","target":["https:\/\/machineriesbst.com\/en\/catalogue\/used-whitney-s-970-top-and-bottom-planer\/"]}]},{"@type":"BreadcrumbList","@id":"https:\/\/machineriesbst.com\/en\/catalogue\/used-whitney-s-970-top-and-bottom-planer\/#breadcrumb","itemListElement":[{"@type":"ListItem","position":1,"name":"Accueil","item":"https:\/\/machineriesbst.com\/en\/"},{"@type":"ListItem","position":2,"name":"Catalogue","item":"https:\/\/machineriesbst.com\/en\/catalog\/"},{"@type":"ListItem","position":3,"name":"USED WHITNEY S-970 TOP AND BOTTOM PLANER"}]}]}},"_links":{"self":[{"href":"https:\/\/machineriesbst.com\/en\/wp-json\/wp\/v2\/product\/57597"}],"collection":[{"href":"https:\/\/machineriesbst.com\/en\/wp-json\/wp\/v2\/product"}],"about":[{"href":"https:\/\/machineriesbst.com\/en\/wp-json\/wp\/v2\/types\/product"}],"author":[{"embeddable":true,"href":"https:\/\/machineriesbst.com\/en\/wp-json\/wp\/v2\/users\/3"}],"replies":[{"embeddable":true,"href":"https:\/\/machineriesbst.com\/en\/wp-json\/wp\/v2\/comments?post=57597"}],"wp:featuredmedia":[{"embeddable":true,"href":"https:\/\/machineriesbst.com\/en\/wp-json\/wp\/v2\/media\/49795"}],"wp:attachment":[{"href":"https:\/\/machineriesbst.com\/en\/wp-json\/wp\/v2\/media?parent=57597"}],"wp:term":[{"taxonomy":"product_cat","embeddable":true,"href":"https:\/\/machineriesbst.com\/en\/wp-json\/wp\/v2\/product_cat?post=57597"},{"taxonomy":"product_tag","embeddable":true,"href":"https:\/\/machineriesbst.com\/en\/wp-json\/wp\/v2\/product_tag?post=57597"}],"curies":[{"name":"wp","href":"https:\/\/api.w.org\/{rel}","templated":true}]}}