{"id":57595,"date":"2021-06-08T09:34:33","date_gmt":"2021-06-08T13:34:33","guid":{"rendered":"https:\/\/machineriesbst.com\/?post_type=product&#038;p=57595"},"modified":"2023-11-30T20:24:19","modified_gmt":"2023-12-01T01:24:19","slug":"serre-rotative-doucet","status":"publish","type":"product","link":"https:\/\/machineriesbst.com\/en\/catalogue\/serre-rotative-doucet\/","title":{"rendered":"Doucet Rotary Greenhouse"},"content":{"rendered":"<ul>\n<li>a hydraulic unit<\/li>\n<li>a hydraulic tightening tool with a control handle mounted on a carriage moving along the support barrier of the clamps<\/li>\n<li>a hydraulic rotation motor and speed reducer with forward \/ backward control lever<\/li>\n<li>a valve to adjust the tightening torque, depending on the thickness of the material and the center-to-center distance between the clamps (as established by the tightening tables); which allows perfectly calibrated tightening, regardless of the thickness of the panels<\/li>\n<li>a support barrier with pneumatic opening<\/li>\n<li>a presser foot mounted on a carriage whose pressing and withdrawal are activated by a pneumatic cylinder allowing a vertical pressure of the presser foot that can reach up to 750 lbs.<\/li>\n<li>compressed air consumption of only 3 cubic feet \/ minute<\/li>\n<li>8.5ft width with 8 sections of 6 greenhouses of 32 \u201dby 2\u00bd&quot;.<\/li>\n<\/ul>","protected":false},"excerpt":{"rendered":"<p>a hydraulic unit a hydraulic clamping tool with control handle mounted on a carriage moving along the clamp support barrier a hydraulic rotation motor and speed reducer with forward \/ backward control handle a valve to adjust the tightening torque, depending on the thickness of the material and [\u2026]<\/p>","protected":false},"author":3,"featured_media":49784,"comment_status":"open","ping_status":"closed","template":"","meta":[],"product_cat":[381,3031],"product_tag":[],"acf":[],"yoast_head":"<!-- This site is optimized with the Yoast SEO plugin v16.8 - https:\/\/yoast.com\/wordpress\/plugins\/seo\/ -->\n<title>Serre Rotative Doucet - Machineries BST<\/title>\n<meta name=\"robots\" content=\"index, follow, max-snippet:-1, max-image-preview:large, max-video-preview:-1\" \/>\n<link rel=\"canonical\" href=\"https:\/\/machineriesbst.com\/en\/catalogue\/serre-rotative-doucet\/\" \/>\n<meta property=\"og:locale\" content=\"en_US\" \/>\n<meta property=\"og:type\" content=\"article\" \/>\n<meta property=\"og:title\" content=\"Serre Rotative Doucet - Machineries BST\" \/>\n<meta property=\"og:description\" content=\"une unit\u00e9 hydraulique un outil de serrage hydraulique avec manette de contr\u00f4le mont\u00e9 sur un chariot se d\u00e9pla\u00e7ant le long de la barri\u00e8re d&#039;appui des serre-joints un moteur de rotation hydraulique et r\u00e9ducteur de vitesse avec manette de contr\u00f4le avance\/recule une valve pour r\u00e9gler le couple de serrage, en fonction de l&#039;\u00e9paisseur du mat\u00e9riel et [&hellip;]\" \/>\n<meta property=\"og:url\" content=\"https:\/\/machineriesbst.com\/en\/catalogue\/serre-rotative-doucet\/\" \/>\n<meta property=\"og:site_name\" content=\"Machineries BST\" \/>\n<meta property=\"article:modified_time\" content=\"2023-12-01T01:24:19+00:00\" \/>\n<meta property=\"og:image\" content=\"https:\/\/machineriesbst.com\/wp-content\/uploads\/2021\/05\/IMG_5476.jpg\" \/>\n\t<meta property=\"og:image:width\" content=\"576\" \/>\n\t<meta property=\"og:image:height\" content=\"768\" \/>\n<meta name=\"twitter:card\" content=\"summary_large_image\" \/>\n<meta name=\"twitter:label1\" content=\"Est. reading time\" \/>\n\t<meta name=\"twitter:data1\" content=\"1 minute\" \/>\n<script type=\"application\/ld+json\" class=\"yoast-schema-graph\">{\"@context\":\"https:\/\/schema.org\",\"@graph\":[{\"@type\":\"WebSite\",\"@id\":\"https:\/\/machineriesbst.com\/en\/#website\",\"url\":\"https:\/\/machineriesbst.com\/en\/\",\"name\":\"Machineries BST\",\"description\":\"Machines neuves &amp; usag\\u00e9es\",\"potentialAction\":[{\"@type\":\"SearchAction\",\"target\":{\"@type\":\"EntryPoint\",\"urlTemplate\":\"https:\/\/machineriesbst.com\/en\/?s={search_term_string}\"},\"query-input\":\"required name=search_term_string\"}],\"inLanguage\":\"en-US\"},{\"@type\":\"ImageObject\",\"@id\":\"https:\/\/machineriesbst.com\/en\/catalogue\/serre-rotative-doucet\/#primaryimage\",\"inLanguage\":\"en-US\",\"url\":\"https:\/\/machineriesbst.com\/wp-content\/uploads\/2021\/05\/IMG_5476.jpg\",\"contentUrl\":\"https:\/\/machineriesbst.com\/wp-content\/uploads\/2021\/05\/IMG_5476.jpg\",\"width\":576,\"height\":768},{\"@type\":\"WebPage\",\"@id\":\"https:\/\/machineriesbst.com\/en\/catalogue\/serre-rotative-doucet\/#webpage\",\"url\":\"https:\/\/machineriesbst.com\/en\/catalogue\/serre-rotative-doucet\/\",\"name\":\"Serre Rotative Doucet - Machineries BST\",\"isPartOf\":{\"@id\":\"https:\/\/machineriesbst.com\/en\/#website\"},\"primaryImageOfPage\":{\"@id\":\"https:\/\/machineriesbst.com\/en\/catalogue\/serre-rotative-doucet\/#primaryimage\"},\"datePublished\":\"2021-06-08T13:34:33+00:00\",\"dateModified\":\"2023-12-01T01:24:19+00:00\",\"breadcrumb\":{\"@id\":\"https:\/\/machineriesbst.com\/en\/catalogue\/serre-rotative-doucet\/#breadcrumb\"},\"inLanguage\":\"en-US\",\"potentialAction\":[{\"@type\":\"ReadAction\",\"target\":[\"https:\/\/machineriesbst.com\/en\/catalogue\/serre-rotative-doucet\/\"]}]},{\"@type\":\"BreadcrumbList\",\"@id\":\"https:\/\/machineriesbst.com\/en\/catalogue\/serre-rotative-doucet\/#breadcrumb\",\"itemListElement\":[{\"@type\":\"ListItem\",\"position\":1,\"name\":\"Accueil\",\"item\":\"https:\/\/machineriesbst.com\/en\/\"},{\"@type\":\"ListItem\",\"position\":2,\"name\":\"Catalogue\",\"item\":\"https:\/\/machineriesbst.com\/en\/catalog\/\"},{\"@type\":\"ListItem\",\"position\":3,\"name\":\"Serre Rotative Doucet\"}]}]}<\/script>\n<!-- \/ Yoast SEO plugin. -->","yoast_head_json":{"title":"Serre Rotative Doucet - Machineries BST","robots":{"index":"index","follow":"follow","max-snippet":"max-snippet:-1","max-image-preview":"max-image-preview:large","max-video-preview":"max-video-preview:-1"},"canonical":"https:\/\/machineriesbst.com\/en\/catalogue\/serre-rotative-doucet\/","og_locale":"en_US","og_type":"article","og_title":"Serre Rotative Doucet - Machineries BST","og_description":"une unit\u00e9 hydraulique un outil de serrage hydraulique avec manette de contr\u00f4le mont\u00e9 sur un chariot se d\u00e9pla\u00e7ant le long de la barri\u00e8re d'appui des serre-joints un moteur de rotation hydraulique et r\u00e9ducteur de vitesse avec manette de contr\u00f4le avance\/recule une valve pour r\u00e9gler le couple de serrage, en fonction de l'\u00e9paisseur du mat\u00e9riel et [&hellip;]","og_url":"https:\/\/machineriesbst.com\/en\/catalogue\/serre-rotative-doucet\/","og_site_name":"Machineries BST","article_modified_time":"2023-12-01T01:24:19+00:00","og_image":[{"width":576,"height":768,"url":"https:\/\/machineriesbst.com\/wp-content\/uploads\/2021\/05\/IMG_5476.jpg","path":"\/home\/jepeto\/public_html\/wp-content\/uploads\/2021\/05\/IMG_5476.jpg","size":"full","id":49784,"alt":"","pixels":442368,"type":"image\/jpeg"}],"twitter_card":"summary_large_image","twitter_misc":{"Est. reading time":"1 minute"},"schema":{"@context":"https:\/\/schema.org","@graph":[{"@type":"WebSite","@id":"https:\/\/machineriesbst.com\/en\/#website","url":"https:\/\/machineriesbst.com\/en\/","name":"Machineries BST","description":"Machines neuves &amp; usag\u00e9es","potentialAction":[{"@type":"SearchAction","target":{"@type":"EntryPoint","urlTemplate":"https:\/\/machineriesbst.com\/en\/?s={search_term_string}"},"query-input":"required name=search_term_string"}],"inLanguage":"en-US"},{"@type":"ImageObject","@id":"https:\/\/machineriesbst.com\/en\/catalogue\/serre-rotative-doucet\/#primaryimage","inLanguage":"en-US","url":"https:\/\/machineriesbst.com\/wp-content\/uploads\/2021\/05\/IMG_5476.jpg","contentUrl":"https:\/\/machineriesbst.com\/wp-content\/uploads\/2021\/05\/IMG_5476.jpg","width":576,"height":768},{"@type":"WebPage","@id":"https:\/\/machineriesbst.com\/en\/catalogue\/serre-rotative-doucet\/#webpage","url":"https:\/\/machineriesbst.com\/en\/catalogue\/serre-rotative-doucet\/","name":"Serre Rotative Doucet - Machineries BST","isPartOf":{"@id":"https:\/\/machineriesbst.com\/en\/#website"},"primaryImageOfPage":{"@id":"https:\/\/machineriesbst.com\/en\/catalogue\/serre-rotative-doucet\/#primaryimage"},"datePublished":"2021-06-08T13:34:33+00:00","dateModified":"2023-12-01T01:24:19+00:00","breadcrumb":{"@id":"https:\/\/machineriesbst.com\/en\/catalogue\/serre-rotative-doucet\/#breadcrumb"},"inLanguage":"en-US","potentialAction":[{"@type":"ReadAction","target":["https:\/\/machineriesbst.com\/en\/catalogue\/serre-rotative-doucet\/"]}]},{"@type":"BreadcrumbList","@id":"https:\/\/machineriesbst.com\/en\/catalogue\/serre-rotative-doucet\/#breadcrumb","itemListElement":[{"@type":"ListItem","position":1,"name":"Accueil","item":"https:\/\/machineriesbst.com\/en\/"},{"@type":"ListItem","position":2,"name":"Catalogue","item":"https:\/\/machineriesbst.com\/en\/catalog\/"},{"@type":"ListItem","position":3,"name":"Serre Rotative Doucet"}]}]}},"_links":{"self":[{"href":"https:\/\/machineriesbst.com\/en\/wp-json\/wp\/v2\/product\/57595"}],"collection":[{"href":"https:\/\/machineriesbst.com\/en\/wp-json\/wp\/v2\/product"}],"about":[{"href":"https:\/\/machineriesbst.com\/en\/wp-json\/wp\/v2\/types\/product"}],"author":[{"embeddable":true,"href":"https:\/\/machineriesbst.com\/en\/wp-json\/wp\/v2\/users\/3"}],"replies":[{"embeddable":true,"href":"https:\/\/machineriesbst.com\/en\/wp-json\/wp\/v2\/comments?post=57595"}],"wp:featuredmedia":[{"embeddable":true,"href":"https:\/\/machineriesbst.com\/en\/wp-json\/wp\/v2\/media\/49784"}],"wp:attachment":[{"href":"https:\/\/machineriesbst.com\/en\/wp-json\/wp\/v2\/media?parent=57595"}],"wp:term":[{"taxonomy":"product_cat","embeddable":true,"href":"https:\/\/machineriesbst.com\/en\/wp-json\/wp\/v2\/product_cat?post=57595"},{"taxonomy":"product_tag","embeddable":true,"href":"https:\/\/machineriesbst.com\/en\/wp-json\/wp\/v2\/product_tag?post=57595"}],"curies":[{"name":"wp","href":"https:\/\/api.w.org\/{rel}","templated":true}]}}