{"id":57594,"date":"2021-06-08T09:34:33","date_gmt":"2021-06-08T13:34:33","guid":{"rendered":"https:\/\/machineriesbst.com\/?post_type=product&#038;p=57594"},"modified":"2023-11-30T20:24:19","modified_gmt":"2023-12-01T01:24:19","slug":"planeur-2-faces-used-newman-s970","status":"publish","type":"product","link":"https:\/\/machineriesbst.com\/en\/catalogue\/planeur-2-faces-used-newman-s970\/","title":{"rendered":"Glider 2 Faces Used Newman S970"},"content":{"rendered":"<ul>\n<li>Used Newman S970 Double Surfacer.<\/li>\n<li>30 &#39;&#39; x 7 &#39;&#39; Motorized Planer.<\/li>\n<li>Serial number 18927.<\/li>\n<li>HelixHead Carbide Cutter Head using 15 x 15 x 2.5mm inserts.<\/li>\n<li>40 HP High Head Motor, 30 HP Head Motor, 3 Phase, 60<\/li>\n<li>Cycle, 460 volts.<\/li>\n<li>5 HP variable disk power system.<\/li>\n<li>Power increases and decreases.<\/li>\n<li>The gun and feed rollers are sectional.<\/li>\n<li>No sharpening attachments as the HelixHead uses disposable carbide inserts,<\/li>\n<li>Brakes for upper and lower cutting heads.<\/li>\n<li>Height of machine above shaving hose 66-1 \/ 4 &quot;<\/li>\n<li>Distance Required to Remove Bottom Head 74-3 \/ 4 &quot;<\/li>\n<li>Distance between holes in retaining slat 33-5 \/ 8 &quot;<\/li>\n<li>Feed rate 33 to 98 FPM<\/li>\n<li>Maximum stock thickness 7 &quot;<\/li>\n<li>Minimum stock thickness 1\/8 &quot;<\/li>\n<li>One Piece Power Supply: Uncoiled 14 &quot;<\/li>\n<li>Butted 6 &quot;Min.<br \/>\n* 40 HP front head motor<br \/>\n* 30 HP bottom head motor<\/li>\n<li>Useful surface 7&#39;3 &quot;x 8&#39;6&quot;<\/li>\n<li>Shipping Weight 12,400 Lbs.<\/li>\n<li>S \/ N 18927, 1992 used very little in a military installation.<\/li>\n<\/ul>","protected":false},"excerpt":{"rendered":"<p>Used Newman S970 Double Surfacer. 30 in. x 7 in. power planer. Serial No. 18927. HelixHead carbide knife cutter head using 15 x 15 x 2.5mm inserts. 40 HP High Head Motor, 30 HP Head Motor, 3 Phase, 60 Cycle, 460 Volt. 5 [\u2026]<\/p>","protected":false},"author":3,"featured_media":49778,"comment_status":"open","ping_status":"closed","template":"","meta":[],"product_cat":[3025],"product_tag":[],"acf":[],"yoast_head":"<!-- This site is optimized with the Yoast SEO plugin v16.8 - https:\/\/yoast.com\/wordpress\/plugins\/seo\/ -->\n<title>Planeur 2 Faces Used Newman S970 - Machineries BST<\/title>\n<meta name=\"robots\" content=\"index, follow, max-snippet:-1, max-image-preview:large, max-video-preview:-1\" \/>\n<link rel=\"canonical\" href=\"https:\/\/machineriesbst.com\/en\/catalogue\/planeur-2-faces-used-newman-s970\/\" \/>\n<meta property=\"og:locale\" content=\"en_US\" \/>\n<meta property=\"og:type\" content=\"article\" \/>\n<meta property=\"og:title\" content=\"Planeur 2 Faces Used Newman S970 - Machineries BST\" \/>\n<meta property=\"og:description\" content=\"Newman S970 Double Surfacer d&#039;occasion. Raboteuse \u00e0 moteur \u00e0 30 po x 7 po. N \u00b0 de s\u00e9rie 18927. T\u00eate de coupe \u00e0 couteaux en carbure HelixHead utilisant des inserts 15 x 15 x 2,5 mm. Moteur \u00e0 t\u00eate haute 40 HP, moteur de t\u00eate de 30 HP, 3 phases, 60 Cycle, 460 volts. 5 [&hellip;]\" \/>\n<meta property=\"og:url\" content=\"https:\/\/machineriesbst.com\/en\/catalogue\/planeur-2-faces-used-newman-s970\/\" \/>\n<meta property=\"og:site_name\" content=\"Machineries BST\" \/>\n<meta property=\"article:modified_time\" content=\"2023-12-01T01:24:19+00:00\" \/>\n<meta property=\"og:image\" content=\"https:\/\/machineriesbst.com\/wp-content\/uploads\/2021\/05\/1-38.jpg\" \/>\n\t<meta property=\"og:image:width\" content=\"800\" \/>\n\t<meta property=\"og:image:height\" content=\"600\" \/>\n<meta name=\"twitter:card\" content=\"summary_large_image\" \/>\n<meta name=\"twitter:label1\" content=\"Est. reading time\" \/>\n\t<meta name=\"twitter:data1\" content=\"1 minute\" \/>\n<script type=\"application\/ld+json\" class=\"yoast-schema-graph\">{\"@context\":\"https:\/\/schema.org\",\"@graph\":[{\"@type\":\"WebSite\",\"@id\":\"https:\/\/machineriesbst.com\/en\/#website\",\"url\":\"https:\/\/machineriesbst.com\/en\/\",\"name\":\"Machineries BST\",\"description\":\"Machines neuves &amp; usag\\u00e9es\",\"potentialAction\":[{\"@type\":\"SearchAction\",\"target\":{\"@type\":\"EntryPoint\",\"urlTemplate\":\"https:\/\/machineriesbst.com\/en\/?s={search_term_string}\"},\"query-input\":\"required name=search_term_string\"}],\"inLanguage\":\"en-US\"},{\"@type\":\"ImageObject\",\"@id\":\"https:\/\/machineriesbst.com\/en\/catalogue\/planeur-2-faces-used-newman-s970\/#primaryimage\",\"inLanguage\":\"en-US\",\"url\":\"https:\/\/machineriesbst.com\/wp-content\/uploads\/2021\/05\/1-38.jpg\",\"contentUrl\":\"https:\/\/machineriesbst.com\/wp-content\/uploads\/2021\/05\/1-38.jpg\",\"width\":800,\"height\":600},{\"@type\":\"WebPage\",\"@id\":\"https:\/\/machineriesbst.com\/en\/catalogue\/planeur-2-faces-used-newman-s970\/#webpage\",\"url\":\"https:\/\/machineriesbst.com\/en\/catalogue\/planeur-2-faces-used-newman-s970\/\",\"name\":\"Planeur 2 Faces Used Newman S970 - Machineries BST\",\"isPartOf\":{\"@id\":\"https:\/\/machineriesbst.com\/en\/#website\"},\"primaryImageOfPage\":{\"@id\":\"https:\/\/machineriesbst.com\/en\/catalogue\/planeur-2-faces-used-newman-s970\/#primaryimage\"},\"datePublished\":\"2021-06-08T13:34:33+00:00\",\"dateModified\":\"2023-12-01T01:24:19+00:00\",\"breadcrumb\":{\"@id\":\"https:\/\/machineriesbst.com\/en\/catalogue\/planeur-2-faces-used-newman-s970\/#breadcrumb\"},\"inLanguage\":\"en-US\",\"potentialAction\":[{\"@type\":\"ReadAction\",\"target\":[\"https:\/\/machineriesbst.com\/en\/catalogue\/planeur-2-faces-used-newman-s970\/\"]}]},{\"@type\":\"BreadcrumbList\",\"@id\":\"https:\/\/machineriesbst.com\/en\/catalogue\/planeur-2-faces-used-newman-s970\/#breadcrumb\",\"itemListElement\":[{\"@type\":\"ListItem\",\"position\":1,\"name\":\"Accueil\",\"item\":\"https:\/\/machineriesbst.com\/en\/\"},{\"@type\":\"ListItem\",\"position\":2,\"name\":\"Catalogue\",\"item\":\"https:\/\/machineriesbst.com\/en\/catalog\/\"},{\"@type\":\"ListItem\",\"position\":3,\"name\":\"Planeur 2 Faces Used Newman S970\"}]}]}<\/script>\n<!-- \/ Yoast SEO plugin. -->","yoast_head_json":{"title":"Planeur 2 Faces Used Newman S970 - Machineries BST","robots":{"index":"index","follow":"follow","max-snippet":"max-snippet:-1","max-image-preview":"max-image-preview:large","max-video-preview":"max-video-preview:-1"},"canonical":"https:\/\/machineriesbst.com\/en\/catalogue\/planeur-2-faces-used-newman-s970\/","og_locale":"en_US","og_type":"article","og_title":"Planeur 2 Faces Used Newman S970 - Machineries BST","og_description":"Newman S970 Double Surfacer d'occasion. Raboteuse \u00e0 moteur \u00e0 30 po x 7 po. N \u00b0 de s\u00e9rie 18927. T\u00eate de coupe \u00e0 couteaux en carbure HelixHead utilisant des inserts 15 x 15 x 2,5 mm. Moteur \u00e0 t\u00eate haute 40 HP, moteur de t\u00eate de 30 HP, 3 phases, 60 Cycle, 460 volts. 5 [&hellip;]","og_url":"https:\/\/machineriesbst.com\/en\/catalogue\/planeur-2-faces-used-newman-s970\/","og_site_name":"Machineries BST","article_modified_time":"2023-12-01T01:24:19+00:00","og_image":[{"width":800,"height":600,"url":"https:\/\/machineriesbst.com\/wp-content\/uploads\/2021\/05\/1-38.jpg","path":"\/home\/jepeto\/public_html\/wp-content\/uploads\/2021\/05\/1-38.jpg","size":"full","id":49778,"alt":"","pixels":480000,"type":"image\/jpeg"}],"twitter_card":"summary_large_image","twitter_misc":{"Est. reading time":"1 minute"},"schema":{"@context":"https:\/\/schema.org","@graph":[{"@type":"WebSite","@id":"https:\/\/machineriesbst.com\/en\/#website","url":"https:\/\/machineriesbst.com\/en\/","name":"Machineries BST","description":"Machines neuves &amp; usag\u00e9es","potentialAction":[{"@type":"SearchAction","target":{"@type":"EntryPoint","urlTemplate":"https:\/\/machineriesbst.com\/en\/?s={search_term_string}"},"query-input":"required name=search_term_string"}],"inLanguage":"en-US"},{"@type":"ImageObject","@id":"https:\/\/machineriesbst.com\/en\/catalogue\/planeur-2-faces-used-newman-s970\/#primaryimage","inLanguage":"en-US","url":"https:\/\/machineriesbst.com\/wp-content\/uploads\/2021\/05\/1-38.jpg","contentUrl":"https:\/\/machineriesbst.com\/wp-content\/uploads\/2021\/05\/1-38.jpg","width":800,"height":600},{"@type":"WebPage","@id":"https:\/\/machineriesbst.com\/en\/catalogue\/planeur-2-faces-used-newman-s970\/#webpage","url":"https:\/\/machineriesbst.com\/en\/catalogue\/planeur-2-faces-used-newman-s970\/","name":"Planeur 2 Faces Used Newman S970 - Machineries BST","isPartOf":{"@id":"https:\/\/machineriesbst.com\/en\/#website"},"primaryImageOfPage":{"@id":"https:\/\/machineriesbst.com\/en\/catalogue\/planeur-2-faces-used-newman-s970\/#primaryimage"},"datePublished":"2021-06-08T13:34:33+00:00","dateModified":"2023-12-01T01:24:19+00:00","breadcrumb":{"@id":"https:\/\/machineriesbst.com\/en\/catalogue\/planeur-2-faces-used-newman-s970\/#breadcrumb"},"inLanguage":"en-US","potentialAction":[{"@type":"ReadAction","target":["https:\/\/machineriesbst.com\/en\/catalogue\/planeur-2-faces-used-newman-s970\/"]}]},{"@type":"BreadcrumbList","@id":"https:\/\/machineriesbst.com\/en\/catalogue\/planeur-2-faces-used-newman-s970\/#breadcrumb","itemListElement":[{"@type":"ListItem","position":1,"name":"Accueil","item":"https:\/\/machineriesbst.com\/en\/"},{"@type":"ListItem","position":2,"name":"Catalogue","item":"https:\/\/machineriesbst.com\/en\/catalog\/"},{"@type":"ListItem","position":3,"name":"Planeur 2 Faces Used Newman S970"}]}]}},"_links":{"self":[{"href":"https:\/\/machineriesbst.com\/en\/wp-json\/wp\/v2\/product\/57594"}],"collection":[{"href":"https:\/\/machineriesbst.com\/en\/wp-json\/wp\/v2\/product"}],"about":[{"href":"https:\/\/machineriesbst.com\/en\/wp-json\/wp\/v2\/types\/product"}],"author":[{"embeddable":true,"href":"https:\/\/machineriesbst.com\/en\/wp-json\/wp\/v2\/users\/3"}],"replies":[{"embeddable":true,"href":"https:\/\/machineriesbst.com\/en\/wp-json\/wp\/v2\/comments?post=57594"}],"wp:featuredmedia":[{"embeddable":true,"href":"https:\/\/machineriesbst.com\/en\/wp-json\/wp\/v2\/media\/49778"}],"wp:attachment":[{"href":"https:\/\/machineriesbst.com\/en\/wp-json\/wp\/v2\/media?parent=57594"}],"wp:term":[{"taxonomy":"product_cat","embeddable":true,"href":"https:\/\/machineriesbst.com\/en\/wp-json\/wp\/v2\/product_cat?post=57594"},{"taxonomy":"product_tag","embeddable":true,"href":"https:\/\/machineriesbst.com\/en\/wp-json\/wp\/v2\/product_tag?post=57594"}],"curies":[{"name":"wp","href":"https:\/\/api.w.org\/{rel}","templated":true}]}}