{"id":57562,"date":"2021-06-08T09:34:04","date_gmt":"2021-06-08T13:34:04","guid":{"rendered":"https:\/\/machineriesbst.com\/?post_type=product&#038;p=57562"},"modified":"2023-11-30T20:24:20","modified_gmt":"2023-12-01T01:24:20","slug":"1999-biesse-techno-7-drilling-machine","status":"publish","type":"product","link":"https:\/\/machineriesbst.com\/en\/catalogue\/1999-biesse-techno-7-drilling-machine\/","title":{"rendered":"1999 Biesse Techno 7 drilling machine"},"content":{"rendered":"<p>Year of manufacture 1999<br \/>\nTransmission line 1<br \/>\nMax working width mm 2500<br \/>\nVertical fully supports 2<br \/>\nBoring supports from bottom to top 2<br \/>\nHorizontal bore brackets 2<br \/>\nDrill blocks per support 2<br \/>\nNumber of clamping bridges 2<br \/>\nBore spindles per holder 20<br \/>\nRotating 90 \u00b0 perforating bars 1<br \/>\nCollage 1<br \/>\nInsertion of ankles 1<br \/>\nAnchor insertion units 12<br \/>\nPositioning the drill block manually<br \/>\nPositive drilling positioning manually<br \/>\nDrilling aggregate at cha<\/p>","protected":false},"excerpt":{"rendered":"<p>Year of manufacture 1999 Transmission line 1 Max working width mm 2500 Vertical fully supported 2 Boring supports from bottom to top 2 Horizontal bore brackets 2 Drill blocks per bracket 2 Number of clamping bridges 2 Bore spindles per bracket 20 Rotating 90 \u00b0 perforating bars 1 Gluing 1 Insertion [\u2026]<\/p>","protected":false},"author":3,"featured_media":49641,"comment_status":"open","ping_status":"closed","template":"","meta":[],"product_cat":[86],"product_tag":[],"acf":[],"yoast_head":"<!-- This site is optimized with the Yoast SEO plugin v16.8 - https:\/\/yoast.com\/wordpress\/plugins\/seo\/ -->\n<title>1999 Biesse Techno 7 drilling machine - Machineries BST<\/title>\n<meta name=\"robots\" content=\"index, follow, max-snippet:-1, max-image-preview:large, max-video-preview:-1\" \/>\n<link rel=\"canonical\" href=\"https:\/\/machineriesbst.com\/en\/catalogue\/1999-biesse-techno-7-drilling-machine\/\" \/>\n<meta property=\"og:locale\" content=\"en_US\" \/>\n<meta property=\"og:type\" content=\"article\" \/>\n<meta property=\"og:title\" content=\"1999 Biesse Techno 7 drilling machine - Machineries BST\" \/>\n<meta property=\"og:description\" content=\"Ann\u00e9e de fabrication 1999 Ligne de transmission 1 Largeur de travail maxi mm 2500 Vertical supporte enti\u00e8rement 2 Boring supporte de bas en haut 2 Supports d&#039;al\u00e9sage horizontaux 2 Blocs de forage par support 2 Nombre de ponts de serrage 2 Broches d&#039;al\u00e9sage par support 20 Barres perforantes 90 \u00b0 pivotantes 1 Collage 1 Insertion [&hellip;]\" \/>\n<meta property=\"og:url\" content=\"https:\/\/machineriesbst.com\/en\/catalogue\/1999-biesse-techno-7-drilling-machine\/\" \/>\n<meta property=\"og:site_name\" content=\"Machineries BST\" \/>\n<meta property=\"article:modified_time\" content=\"2023-12-01T01:24:20+00:00\" \/>\n<meta property=\"og:image\" content=\"https:\/\/machineriesbst.com\/wp-content\/uploads\/2021\/05\/1-271.jpg\" \/>\n\t<meta property=\"og:image:width\" content=\"800\" \/>\n\t<meta property=\"og:image:height\" content=\"450\" \/>\n<meta name=\"twitter:card\" content=\"summary_large_image\" \/>\n<script type=\"application\/ld+json\" class=\"yoast-schema-graph\">{\"@context\":\"https:\/\/schema.org\",\"@graph\":[{\"@type\":\"WebSite\",\"@id\":\"https:\/\/machineriesbst.com\/en\/#website\",\"url\":\"https:\/\/machineriesbst.com\/en\/\",\"name\":\"Machineries BST\",\"description\":\"Machines neuves &amp; usag\\u00e9es\",\"potentialAction\":[{\"@type\":\"SearchAction\",\"target\":{\"@type\":\"EntryPoint\",\"urlTemplate\":\"https:\/\/machineriesbst.com\/en\/?s={search_term_string}\"},\"query-input\":\"required name=search_term_string\"}],\"inLanguage\":\"en-US\"},{\"@type\":\"ImageObject\",\"@id\":\"https:\/\/machineriesbst.com\/en\/catalogue\/1999-biesse-techno-7-drilling-machine\/#primaryimage\",\"inLanguage\":\"en-US\",\"url\":\"https:\/\/machineriesbst.com\/wp-content\/uploads\/2021\/05\/1-271.jpg\",\"contentUrl\":\"https:\/\/machineriesbst.com\/wp-content\/uploads\/2021\/05\/1-271.jpg\",\"width\":800,\"height\":450},{\"@type\":\"WebPage\",\"@id\":\"https:\/\/machineriesbst.com\/en\/catalogue\/1999-biesse-techno-7-drilling-machine\/#webpage\",\"url\":\"https:\/\/machineriesbst.com\/en\/catalogue\/1999-biesse-techno-7-drilling-machine\/\",\"name\":\"1999 Biesse Techno 7 drilling machine - Machineries BST\",\"isPartOf\":{\"@id\":\"https:\/\/machineriesbst.com\/en\/#website\"},\"primaryImageOfPage\":{\"@id\":\"https:\/\/machineriesbst.com\/en\/catalogue\/1999-biesse-techno-7-drilling-machine\/#primaryimage\"},\"datePublished\":\"2021-06-08T13:34:04+00:00\",\"dateModified\":\"2023-12-01T01:24:20+00:00\",\"breadcrumb\":{\"@id\":\"https:\/\/machineriesbst.com\/en\/catalogue\/1999-biesse-techno-7-drilling-machine\/#breadcrumb\"},\"inLanguage\":\"en-US\",\"potentialAction\":[{\"@type\":\"ReadAction\",\"target\":[\"https:\/\/machineriesbst.com\/en\/catalogue\/1999-biesse-techno-7-drilling-machine\/\"]}]},{\"@type\":\"BreadcrumbList\",\"@id\":\"https:\/\/machineriesbst.com\/en\/catalogue\/1999-biesse-techno-7-drilling-machine\/#breadcrumb\",\"itemListElement\":[{\"@type\":\"ListItem\",\"position\":1,\"name\":\"Accueil\",\"item\":\"https:\/\/machineriesbst.com\/en\/\"},{\"@type\":\"ListItem\",\"position\":2,\"name\":\"Catalogue\",\"item\":\"https:\/\/machineriesbst.com\/en\/catalog\/\"},{\"@type\":\"ListItem\",\"position\":3,\"name\":\"1999 Biesse Techno 7 drilling machine\"}]}]}<\/script>\n<!-- \/ Yoast SEO plugin. -->","yoast_head_json":{"title":"1999 Biesse Techno 7 drilling machine - Machineries BST","robots":{"index":"index","follow":"follow","max-snippet":"max-snippet:-1","max-image-preview":"max-image-preview:large","max-video-preview":"max-video-preview:-1"},"canonical":"https:\/\/machineriesbst.com\/en\/catalogue\/1999-biesse-techno-7-drilling-machine\/","og_locale":"en_US","og_type":"article","og_title":"1999 Biesse Techno 7 drilling machine - Machineries BST","og_description":"Ann\u00e9e de fabrication 1999 Ligne de transmission 1 Largeur de travail maxi mm 2500 Vertical supporte enti\u00e8rement 2 Boring supporte de bas en haut 2 Supports d'al\u00e9sage horizontaux 2 Blocs de forage par support 2 Nombre de ponts de serrage 2 Broches d'al\u00e9sage par support 20 Barres perforantes 90 \u00b0 pivotantes 1 Collage 1 Insertion [&hellip;]","og_url":"https:\/\/machineriesbst.com\/en\/catalogue\/1999-biesse-techno-7-drilling-machine\/","og_site_name":"Machineries BST","article_modified_time":"2023-12-01T01:24:20+00:00","og_image":[{"width":800,"height":450,"url":"https:\/\/machineriesbst.com\/wp-content\/uploads\/2021\/05\/1-271.jpg","path":"\/home\/jepeto\/public_html\/wp-content\/uploads\/2021\/05\/1-271.jpg","size":"full","id":49641,"alt":"","pixels":360000,"type":"image\/jpeg"}],"twitter_card":"summary_large_image","schema":{"@context":"https:\/\/schema.org","@graph":[{"@type":"WebSite","@id":"https:\/\/machineriesbst.com\/en\/#website","url":"https:\/\/machineriesbst.com\/en\/","name":"Machineries BST","description":"Machines neuves &amp; usag\u00e9es","potentialAction":[{"@type":"SearchAction","target":{"@type":"EntryPoint","urlTemplate":"https:\/\/machineriesbst.com\/en\/?s={search_term_string}"},"query-input":"required name=search_term_string"}],"inLanguage":"en-US"},{"@type":"ImageObject","@id":"https:\/\/machineriesbst.com\/en\/catalogue\/1999-biesse-techno-7-drilling-machine\/#primaryimage","inLanguage":"en-US","url":"https:\/\/machineriesbst.com\/wp-content\/uploads\/2021\/05\/1-271.jpg","contentUrl":"https:\/\/machineriesbst.com\/wp-content\/uploads\/2021\/05\/1-271.jpg","width":800,"height":450},{"@type":"WebPage","@id":"https:\/\/machineriesbst.com\/en\/catalogue\/1999-biesse-techno-7-drilling-machine\/#webpage","url":"https:\/\/machineriesbst.com\/en\/catalogue\/1999-biesse-techno-7-drilling-machine\/","name":"1999 Biesse Techno 7 drilling machine - Machineries BST","isPartOf":{"@id":"https:\/\/machineriesbst.com\/en\/#website"},"primaryImageOfPage":{"@id":"https:\/\/machineriesbst.com\/en\/catalogue\/1999-biesse-techno-7-drilling-machine\/#primaryimage"},"datePublished":"2021-06-08T13:34:04+00:00","dateModified":"2023-12-01T01:24:20+00:00","breadcrumb":{"@id":"https:\/\/machineriesbst.com\/en\/catalogue\/1999-biesse-techno-7-drilling-machine\/#breadcrumb"},"inLanguage":"en-US","potentialAction":[{"@type":"ReadAction","target":["https:\/\/machineriesbst.com\/en\/catalogue\/1999-biesse-techno-7-drilling-machine\/"]}]},{"@type":"BreadcrumbList","@id":"https:\/\/machineriesbst.com\/en\/catalogue\/1999-biesse-techno-7-drilling-machine\/#breadcrumb","itemListElement":[{"@type":"ListItem","position":1,"name":"Accueil","item":"https:\/\/machineriesbst.com\/en\/"},{"@type":"ListItem","position":2,"name":"Catalogue","item":"https:\/\/machineriesbst.com\/en\/catalog\/"},{"@type":"ListItem","position":3,"name":"1999 Biesse Techno 7 drilling machine"}]}]}},"_links":{"self":[{"href":"https:\/\/machineriesbst.com\/en\/wp-json\/wp\/v2\/product\/57562"}],"collection":[{"href":"https:\/\/machineriesbst.com\/en\/wp-json\/wp\/v2\/product"}],"about":[{"href":"https:\/\/machineriesbst.com\/en\/wp-json\/wp\/v2\/types\/product"}],"author":[{"embeddable":true,"href":"https:\/\/machineriesbst.com\/en\/wp-json\/wp\/v2\/users\/3"}],"replies":[{"embeddable":true,"href":"https:\/\/machineriesbst.com\/en\/wp-json\/wp\/v2\/comments?post=57562"}],"wp:featuredmedia":[{"embeddable":true,"href":"https:\/\/machineriesbst.com\/en\/wp-json\/wp\/v2\/media\/49641"}],"wp:attachment":[{"href":"https:\/\/machineriesbst.com\/en\/wp-json\/wp\/v2\/media?parent=57562"}],"wp:term":[{"taxonomy":"product_cat","embeddable":true,"href":"https:\/\/machineriesbst.com\/en\/wp-json\/wp\/v2\/product_cat?post=57562"},{"taxonomy":"product_tag","embeddable":true,"href":"https:\/\/machineriesbst.com\/en\/wp-json\/wp\/v2\/product_tag?post=57562"}],"curies":[{"name":"wp","href":"https:\/\/api.w.org\/{rel}","templated":true}]}}