{"id":57559,"date":"2021-06-08T09:34:03","date_gmt":"2021-06-08T13:34:03","guid":{"rendered":"https:\/\/machineriesbst.com\/?post_type=product&#038;p=57559"},"modified":"2023-11-30T20:24:20","modified_gmt":"2023-12-01T01:24:20","slug":"depoussierieur-exterieur-dantherm-disa-nederman","status":"publish","type":"product","link":"https:\/\/machineriesbst.com\/en\/catalogue\/depoussierieur-exterieur-dantherm-disa-nederman\/","title":{"rendered":"Dantherm \/ DISA \/ Nederman outdoor dust collector"},"content":{"rendered":"<ul>\n<li>Used Dantherm \/ DISA \/ Nederman.<\/li>\n<li>NFK Dust Collector.<\/li>\n<li>50 Hp 3 ph engine, 230\/460.<\/li>\n<li>Rated at 12,750 cfm.<\/li>\n<li>These are the old NFK modules with shorter bags.<\/li>\n<li>With return air collectors<\/li>\n<li>Must be removed by the buyer<\/li>\n<li>The unit was serviced in the spring of 2015. The belts were replaced, the accessories were lubricated and the miscellaneous parts were replaced.<\/li>\n<\/ul>","protected":false},"excerpt":{"rendered":"<p>Used Dantherm \/ DISA \/ Nederman. NFK Dust Collector. 50 Hp 3ph motor, 230\/460. Rated at 12,750 cfm. These are the old NFK modules with shorter bags. With return air manifolds Must be removed by buyer Unit was serviced in the spring of 2015. Belts have been replaced, [\u2026]<\/p>","protected":false},"author":3,"featured_media":49633,"comment_status":"open","ping_status":"closed","template":"","meta":[],"product_cat":[3036],"product_tag":[],"acf":[],"yoast_head":"<!-- This site is optimized with the Yoast SEO plugin v16.8 - https:\/\/yoast.com\/wordpress\/plugins\/seo\/ -->\n<title>D\u00e9poussi\u00e9rieur ext\u00e9rieur Dantherm\/DISA\/Nederman - Machineries BST<\/title>\n<meta name=\"robots\" content=\"index, follow, max-snippet:-1, max-image-preview:large, max-video-preview:-1\" \/>\n<link rel=\"canonical\" href=\"https:\/\/machineriesbst.com\/en\/catalogue\/depoussierieur-exterieur-dantherm-disa-nederman\/\" \/>\n<meta property=\"og:locale\" content=\"en_US\" \/>\n<meta property=\"og:type\" content=\"article\" \/>\n<meta property=\"og:title\" content=\"D\u00e9poussi\u00e9rieur ext\u00e9rieur Dantherm\/DISA\/Nederman - Machineries BST\" \/>\n<meta property=\"og:description\" content=\"Dantherm \/ DISA \/ Nederman d&#039;occasion. NFK Dust Collector. 50 Hp moteur 3 ph, 230\/460. \u00c9valu\u00e9 \u00e0 12 750 cfm. Ce sont les anciens modules NFK avec des sacs plus courts. Avec collecteurs d&#039;air de retour Doit \u00eatre retir\u00e9 par l&#039;acheteur L&#039;unit\u00e9 a \u00e9t\u00e9 desservie au printemps de 2015. Les ceintures ont \u00e9t\u00e9 remplac\u00e9es, les [&hellip;]\" \/>\n<meta property=\"og:url\" content=\"https:\/\/machineriesbst.com\/en\/catalogue\/depoussierieur-exterieur-dantherm-disa-nederman\/\" \/>\n<meta property=\"og:site_name\" content=\"Machineries BST\" \/>\n<meta property=\"article:modified_time\" content=\"2023-12-01T01:24:20+00:00\" \/>\n<meta property=\"og:image\" content=\"https:\/\/machineriesbst.com\/wp-content\/uploads\/2021\/05\/1-267.jpg\" \/>\n\t<meta property=\"og:image:width\" content=\"450\" \/>\n\t<meta property=\"og:image:height\" content=\"600\" \/>\n<meta name=\"twitter:card\" content=\"summary_large_image\" \/>\n<script type=\"application\/ld+json\" class=\"yoast-schema-graph\">{\"@context\":\"https:\/\/schema.org\",\"@graph\":[{\"@type\":\"WebSite\",\"@id\":\"https:\/\/machineriesbst.com\/en\/#website\",\"url\":\"https:\/\/machineriesbst.com\/en\/\",\"name\":\"Machineries BST\",\"description\":\"Machines neuves &amp; usag\\u00e9es\",\"potentialAction\":[{\"@type\":\"SearchAction\",\"target\":{\"@type\":\"EntryPoint\",\"urlTemplate\":\"https:\/\/machineriesbst.com\/en\/?s={search_term_string}\"},\"query-input\":\"required name=search_term_string\"}],\"inLanguage\":\"en-US\"},{\"@type\":\"ImageObject\",\"@id\":\"https:\/\/machineriesbst.com\/en\/catalogue\/depoussierieur-exterieur-dantherm-disa-nederman\/#primaryimage\",\"inLanguage\":\"en-US\",\"url\":\"https:\/\/machineriesbst.com\/wp-content\/uploads\/2021\/05\/1-267.jpg\",\"contentUrl\":\"https:\/\/machineriesbst.com\/wp-content\/uploads\/2021\/05\/1-267.jpg\",\"width\":450,\"height\":600},{\"@type\":\"WebPage\",\"@id\":\"https:\/\/machineriesbst.com\/en\/catalogue\/depoussierieur-exterieur-dantherm-disa-nederman\/#webpage\",\"url\":\"https:\/\/machineriesbst.com\/en\/catalogue\/depoussierieur-exterieur-dantherm-disa-nederman\/\",\"name\":\"D\\u00e9poussi\\u00e9rieur ext\\u00e9rieur Dantherm\/DISA\/Nederman - Machineries BST\",\"isPartOf\":{\"@id\":\"https:\/\/machineriesbst.com\/en\/#website\"},\"primaryImageOfPage\":{\"@id\":\"https:\/\/machineriesbst.com\/en\/catalogue\/depoussierieur-exterieur-dantherm-disa-nederman\/#primaryimage\"},\"datePublished\":\"2021-06-08T13:34:03+00:00\",\"dateModified\":\"2023-12-01T01:24:20+00:00\",\"breadcrumb\":{\"@id\":\"https:\/\/machineriesbst.com\/en\/catalogue\/depoussierieur-exterieur-dantherm-disa-nederman\/#breadcrumb\"},\"inLanguage\":\"en-US\",\"potentialAction\":[{\"@type\":\"ReadAction\",\"target\":[\"https:\/\/machineriesbst.com\/en\/catalogue\/depoussierieur-exterieur-dantherm-disa-nederman\/\"]}]},{\"@type\":\"BreadcrumbList\",\"@id\":\"https:\/\/machineriesbst.com\/en\/catalogue\/depoussierieur-exterieur-dantherm-disa-nederman\/#breadcrumb\",\"itemListElement\":[{\"@type\":\"ListItem\",\"position\":1,\"name\":\"Accueil\",\"item\":\"https:\/\/machineriesbst.com\/en\/\"},{\"@type\":\"ListItem\",\"position\":2,\"name\":\"Catalogue\",\"item\":\"https:\/\/machineriesbst.com\/en\/catalog\/\"},{\"@type\":\"ListItem\",\"position\":3,\"name\":\"D\\u00e9poussi\\u00e9rieur ext\\u00e9rieur Dantherm\/DISA\/Nederman\"}]}]}<\/script>\n<!-- \/ Yoast SEO plugin. -->","yoast_head_json":{"title":"D\u00e9poussi\u00e9rieur ext\u00e9rieur Dantherm\/DISA\/Nederman - Machineries BST","robots":{"index":"index","follow":"follow","max-snippet":"max-snippet:-1","max-image-preview":"max-image-preview:large","max-video-preview":"max-video-preview:-1"},"canonical":"https:\/\/machineriesbst.com\/en\/catalogue\/depoussierieur-exterieur-dantherm-disa-nederman\/","og_locale":"en_US","og_type":"article","og_title":"D\u00e9poussi\u00e9rieur ext\u00e9rieur Dantherm\/DISA\/Nederman - Machineries BST","og_description":"Dantherm \/ DISA \/ Nederman d'occasion. NFK Dust Collector. 50 Hp moteur 3 ph, 230\/460. \u00c9valu\u00e9 \u00e0 12 750 cfm. Ce sont les anciens modules NFK avec des sacs plus courts. Avec collecteurs d'air de retour Doit \u00eatre retir\u00e9 par l'acheteur L'unit\u00e9 a \u00e9t\u00e9 desservie au printemps de 2015. Les ceintures ont \u00e9t\u00e9 remplac\u00e9es, les [&hellip;]","og_url":"https:\/\/machineriesbst.com\/en\/catalogue\/depoussierieur-exterieur-dantherm-disa-nederman\/","og_site_name":"Machineries BST","article_modified_time":"2023-12-01T01:24:20+00:00","og_image":[{"width":450,"height":600,"url":"https:\/\/machineriesbst.com\/wp-content\/uploads\/2021\/05\/1-267.jpg","path":"\/home\/jepeto\/public_html\/wp-content\/uploads\/2021\/05\/1-267.jpg","size":"full","id":49633,"alt":"","pixels":270000,"type":"image\/jpeg"}],"twitter_card":"summary_large_image","schema":{"@context":"https:\/\/schema.org","@graph":[{"@type":"WebSite","@id":"https:\/\/machineriesbst.com\/en\/#website","url":"https:\/\/machineriesbst.com\/en\/","name":"Machineries BST","description":"Machines neuves &amp; usag\u00e9es","potentialAction":[{"@type":"SearchAction","target":{"@type":"EntryPoint","urlTemplate":"https:\/\/machineriesbst.com\/en\/?s={search_term_string}"},"query-input":"required name=search_term_string"}],"inLanguage":"en-US"},{"@type":"ImageObject","@id":"https:\/\/machineriesbst.com\/en\/catalogue\/depoussierieur-exterieur-dantherm-disa-nederman\/#primaryimage","inLanguage":"en-US","url":"https:\/\/machineriesbst.com\/wp-content\/uploads\/2021\/05\/1-267.jpg","contentUrl":"https:\/\/machineriesbst.com\/wp-content\/uploads\/2021\/05\/1-267.jpg","width":450,"height":600},{"@type":"WebPage","@id":"https:\/\/machineriesbst.com\/en\/catalogue\/depoussierieur-exterieur-dantherm-disa-nederman\/#webpage","url":"https:\/\/machineriesbst.com\/en\/catalogue\/depoussierieur-exterieur-dantherm-disa-nederman\/","name":"D\u00e9poussi\u00e9rieur ext\u00e9rieur Dantherm\/DISA\/Nederman - Machineries BST","isPartOf":{"@id":"https:\/\/machineriesbst.com\/en\/#website"},"primaryImageOfPage":{"@id":"https:\/\/machineriesbst.com\/en\/catalogue\/depoussierieur-exterieur-dantherm-disa-nederman\/#primaryimage"},"datePublished":"2021-06-08T13:34:03+00:00","dateModified":"2023-12-01T01:24:20+00:00","breadcrumb":{"@id":"https:\/\/machineriesbst.com\/en\/catalogue\/depoussierieur-exterieur-dantherm-disa-nederman\/#breadcrumb"},"inLanguage":"en-US","potentialAction":[{"@type":"ReadAction","target":["https:\/\/machineriesbst.com\/en\/catalogue\/depoussierieur-exterieur-dantherm-disa-nederman\/"]}]},{"@type":"BreadcrumbList","@id":"https:\/\/machineriesbst.com\/en\/catalogue\/depoussierieur-exterieur-dantherm-disa-nederman\/#breadcrumb","itemListElement":[{"@type":"ListItem","position":1,"name":"Accueil","item":"https:\/\/machineriesbst.com\/en\/"},{"@type":"ListItem","position":2,"name":"Catalogue","item":"https:\/\/machineriesbst.com\/en\/catalog\/"},{"@type":"ListItem","position":3,"name":"D\u00e9poussi\u00e9rieur ext\u00e9rieur Dantherm\/DISA\/Nederman"}]}]}},"_links":{"self":[{"href":"https:\/\/machineriesbst.com\/en\/wp-json\/wp\/v2\/product\/57559"}],"collection":[{"href":"https:\/\/machineriesbst.com\/en\/wp-json\/wp\/v2\/product"}],"about":[{"href":"https:\/\/machineriesbst.com\/en\/wp-json\/wp\/v2\/types\/product"}],"author":[{"embeddable":true,"href":"https:\/\/machineriesbst.com\/en\/wp-json\/wp\/v2\/users\/3"}],"replies":[{"embeddable":true,"href":"https:\/\/machineriesbst.com\/en\/wp-json\/wp\/v2\/comments?post=57559"}],"wp:featuredmedia":[{"embeddable":true,"href":"https:\/\/machineriesbst.com\/en\/wp-json\/wp\/v2\/media\/49633"}],"wp:attachment":[{"href":"https:\/\/machineriesbst.com\/en\/wp-json\/wp\/v2\/media?parent=57559"}],"wp:term":[{"taxonomy":"product_cat","embeddable":true,"href":"https:\/\/machineriesbst.com\/en\/wp-json\/wp\/v2\/product_cat?post=57559"},{"taxonomy":"product_tag","embeddable":true,"href":"https:\/\/machineriesbst.com\/en\/wp-json\/wp\/v2\/product_tag?post=57559"}],"curies":[{"name":"wp","href":"https:\/\/api.w.org\/{rel}","templated":true}]}}