{"id":57548,"date":"2021-06-08T09:33:38","date_gmt":"2021-06-08T13:33:38","guid":{"rendered":"https:\/\/machineriesbst.com\/?post_type=product&#038;p=57548"},"modified":"2023-11-30T20:24:20","modified_gmt":"2023-12-01T01:24:20","slug":"depoussiereur-apsco-63-3","status":"publish","type":"product","link":"https:\/\/machineriesbst.com\/en\/catalogue\/depoussiereur-apsco-63-3\/","title":{"rendered":"Apsco 63-3 dust collector"},"content":{"rendered":"<p>11,300 cfm<\/p>\n<p>Serial number OC-81017<\/p>\n<p>40HP blower motor with 22 &quot;diameter inlet<\/p>\n<p>18 &#39;&#39; return air duct<\/p>\n<p>Baghouse has 3 compartments with 18 filters each for a total of 54 filters.<\/p>\n<p>Filters are 10 oz polyester felt, 10 &quot;diameter x 84&quot; long<\/p>\n<p>The rotary air lock has a 5hp-3phase-230\/460 volt motor and gearbox.<\/p>","protected":false},"excerpt":{"rendered":"<p>11,300 cfm Serial number OC-81017 40HP blower motor with 22&quot; diameter inlet 18&quot; return air duct Baghouse has 3 compartments with 18 filters each for a total of 54 filters. Filters are felt in 10 oz polyester, 10&quot; diameter x 84&quot; long [\u2026]<\/p>","protected":false},"author":3,"featured_media":49609,"comment_status":"open","ping_status":"closed","template":"","meta":[],"product_cat":[3036],"product_tag":[],"acf":[],"yoast_head":"<!-- This site is optimized with the Yoast SEO plugin v16.8 - https:\/\/yoast.com\/wordpress\/plugins\/seo\/ -->\n<title>D\u00e9poussi\u00e9reur  Apsco 63-3 - Machineries BST<\/title>\n<meta name=\"robots\" content=\"index, follow, max-snippet:-1, max-image-preview:large, max-video-preview:-1\" \/>\n<link rel=\"canonical\" href=\"https:\/\/machineriesbst.com\/en\/catalogue\/depoussiereur-apsco-63-3\/\" \/>\n<meta property=\"og:locale\" content=\"en_US\" \/>\n<meta property=\"og:type\" content=\"article\" \/>\n<meta property=\"og:title\" content=\"D\u00e9poussi\u00e9reur  Apsco 63-3 - Machineries BST\" \/>\n<meta property=\"og:description\" content=\"11 300 cfm Num\u00e9ro de s\u00e9rie OC-81017 Moteur souffleur 40HP avec entr\u00e9e de 22 &quot;de diam\u00e8tre Conduit d&#039;air de retour de 18 po Baghouse dispose de 3 compartiments avec 18 filtres chacun pour un total de 54 filtres. Les filtres sont en feutre en polyester de 10 oz, 10 &quot;de diam\u00e8tre x 84&quot; de long [&hellip;]\" \/>\n<meta property=\"og:url\" content=\"https:\/\/machineriesbst.com\/en\/catalogue\/depoussiereur-apsco-63-3\/\" \/>\n<meta property=\"og:site_name\" content=\"Machineries BST\" \/>\n<meta property=\"article:modified_time\" content=\"2023-12-01T01:24:20+00:00\" \/>\n<meta property=\"og:image\" content=\"https:\/\/machineriesbst.com\/wp-content\/uploads\/2021\/05\/1-257.jpg\" \/>\n\t<meta property=\"og:image:width\" content=\"500\" \/>\n\t<meta property=\"og:image:height\" content=\"500\" \/>\n<meta name=\"twitter:card\" content=\"summary_large_image\" \/>\n<script type=\"application\/ld+json\" class=\"yoast-schema-graph\">{\"@context\":\"https:\/\/schema.org\",\"@graph\":[{\"@type\":\"WebSite\",\"@id\":\"https:\/\/machineriesbst.com\/en\/#website\",\"url\":\"https:\/\/machineriesbst.com\/en\/\",\"name\":\"Machineries BST\",\"description\":\"Machines neuves &amp; usag\\u00e9es\",\"potentialAction\":[{\"@type\":\"SearchAction\",\"target\":{\"@type\":\"EntryPoint\",\"urlTemplate\":\"https:\/\/machineriesbst.com\/en\/?s={search_term_string}\"},\"query-input\":\"required name=search_term_string\"}],\"inLanguage\":\"en-US\"},{\"@type\":\"ImageObject\",\"@id\":\"https:\/\/machineriesbst.com\/en\/catalogue\/depoussiereur-apsco-63-3\/#primaryimage\",\"inLanguage\":\"en-US\",\"url\":\"https:\/\/machineriesbst.com\/wp-content\/uploads\/2021\/05\/1-257.jpg\",\"contentUrl\":\"https:\/\/machineriesbst.com\/wp-content\/uploads\/2021\/05\/1-257.jpg\",\"width\":500,\"height\":500},{\"@type\":\"WebPage\",\"@id\":\"https:\/\/machineriesbst.com\/en\/catalogue\/depoussiereur-apsco-63-3\/#webpage\",\"url\":\"https:\/\/machineriesbst.com\/en\/catalogue\/depoussiereur-apsco-63-3\/\",\"name\":\"D\\u00e9poussi\\u00e9reur Apsco 63-3 - Machineries BST\",\"isPartOf\":{\"@id\":\"https:\/\/machineriesbst.com\/en\/#website\"},\"primaryImageOfPage\":{\"@id\":\"https:\/\/machineriesbst.com\/en\/catalogue\/depoussiereur-apsco-63-3\/#primaryimage\"},\"datePublished\":\"2021-06-08T13:33:38+00:00\",\"dateModified\":\"2023-12-01T01:24:20+00:00\",\"breadcrumb\":{\"@id\":\"https:\/\/machineriesbst.com\/en\/catalogue\/depoussiereur-apsco-63-3\/#breadcrumb\"},\"inLanguage\":\"en-US\",\"potentialAction\":[{\"@type\":\"ReadAction\",\"target\":[\"https:\/\/machineriesbst.com\/en\/catalogue\/depoussiereur-apsco-63-3\/\"]}]},{\"@type\":\"BreadcrumbList\",\"@id\":\"https:\/\/machineriesbst.com\/en\/catalogue\/depoussiereur-apsco-63-3\/#breadcrumb\",\"itemListElement\":[{\"@type\":\"ListItem\",\"position\":1,\"name\":\"Accueil\",\"item\":\"https:\/\/machineriesbst.com\/en\/\"},{\"@type\":\"ListItem\",\"position\":2,\"name\":\"Catalogue\",\"item\":\"https:\/\/machineriesbst.com\/en\/catalog\/\"},{\"@type\":\"ListItem\",\"position\":3,\"name\":\"D\\u00e9poussi\\u00e9reur Apsco 63-3\"}]}]}<\/script>\n<!-- \/ Yoast SEO plugin. -->","yoast_head_json":{"title":"D\u00e9poussi\u00e9reur  Apsco 63-3 - Machineries BST","robots":{"index":"index","follow":"follow","max-snippet":"max-snippet:-1","max-image-preview":"max-image-preview:large","max-video-preview":"max-video-preview:-1"},"canonical":"https:\/\/machineriesbst.com\/en\/catalogue\/depoussiereur-apsco-63-3\/","og_locale":"en_US","og_type":"article","og_title":"D\u00e9poussi\u00e9reur  Apsco 63-3 - Machineries BST","og_description":"11 300 cfm Num\u00e9ro de s\u00e9rie OC-81017 Moteur souffleur 40HP avec entr\u00e9e de 22 \"de diam\u00e8tre Conduit d'air de retour de 18 po Baghouse dispose de 3 compartiments avec 18 filtres chacun pour un total de 54 filtres. Les filtres sont en feutre en polyester de 10 oz, 10 \"de diam\u00e8tre x 84\" de long [&hellip;]","og_url":"https:\/\/machineriesbst.com\/en\/catalogue\/depoussiereur-apsco-63-3\/","og_site_name":"Machineries BST","article_modified_time":"2023-12-01T01:24:20+00:00","og_image":[{"width":500,"height":500,"url":"https:\/\/machineriesbst.com\/wp-content\/uploads\/2021\/05\/1-257.jpg","path":"\/home\/jepeto\/public_html\/wp-content\/uploads\/2021\/05\/1-257.jpg","size":"full","id":49609,"alt":"","pixels":250000,"type":"image\/jpeg"}],"twitter_card":"summary_large_image","schema":{"@context":"https:\/\/schema.org","@graph":[{"@type":"WebSite","@id":"https:\/\/machineriesbst.com\/en\/#website","url":"https:\/\/machineriesbst.com\/en\/","name":"Machineries BST","description":"Machines neuves &amp; usag\u00e9es","potentialAction":[{"@type":"SearchAction","target":{"@type":"EntryPoint","urlTemplate":"https:\/\/machineriesbst.com\/en\/?s={search_term_string}"},"query-input":"required name=search_term_string"}],"inLanguage":"en-US"},{"@type":"ImageObject","@id":"https:\/\/machineriesbst.com\/en\/catalogue\/depoussiereur-apsco-63-3\/#primaryimage","inLanguage":"en-US","url":"https:\/\/machineriesbst.com\/wp-content\/uploads\/2021\/05\/1-257.jpg","contentUrl":"https:\/\/machineriesbst.com\/wp-content\/uploads\/2021\/05\/1-257.jpg","width":500,"height":500},{"@type":"WebPage","@id":"https:\/\/machineriesbst.com\/en\/catalogue\/depoussiereur-apsco-63-3\/#webpage","url":"https:\/\/machineriesbst.com\/en\/catalogue\/depoussiereur-apsco-63-3\/","name":"D\u00e9poussi\u00e9reur Apsco 63-3 - Machineries BST","isPartOf":{"@id":"https:\/\/machineriesbst.com\/en\/#website"},"primaryImageOfPage":{"@id":"https:\/\/machineriesbst.com\/en\/catalogue\/depoussiereur-apsco-63-3\/#primaryimage"},"datePublished":"2021-06-08T13:33:38+00:00","dateModified":"2023-12-01T01:24:20+00:00","breadcrumb":{"@id":"https:\/\/machineriesbst.com\/en\/catalogue\/depoussiereur-apsco-63-3\/#breadcrumb"},"inLanguage":"en-US","potentialAction":[{"@type":"ReadAction","target":["https:\/\/machineriesbst.com\/en\/catalogue\/depoussiereur-apsco-63-3\/"]}]},{"@type":"BreadcrumbList","@id":"https:\/\/machineriesbst.com\/en\/catalogue\/depoussiereur-apsco-63-3\/#breadcrumb","itemListElement":[{"@type":"ListItem","position":1,"name":"Accueil","item":"https:\/\/machineriesbst.com\/en\/"},{"@type":"ListItem","position":2,"name":"Catalogue","item":"https:\/\/machineriesbst.com\/en\/catalog\/"},{"@type":"ListItem","position":3,"name":"D\u00e9poussi\u00e9reur Apsco 63-3"}]}]}},"_links":{"self":[{"href":"https:\/\/machineriesbst.com\/en\/wp-json\/wp\/v2\/product\/57548"}],"collection":[{"href":"https:\/\/machineriesbst.com\/en\/wp-json\/wp\/v2\/product"}],"about":[{"href":"https:\/\/machineriesbst.com\/en\/wp-json\/wp\/v2\/types\/product"}],"author":[{"embeddable":true,"href":"https:\/\/machineriesbst.com\/en\/wp-json\/wp\/v2\/users\/3"}],"replies":[{"embeddable":true,"href":"https:\/\/machineriesbst.com\/en\/wp-json\/wp\/v2\/comments?post=57548"}],"wp:featuredmedia":[{"embeddable":true,"href":"https:\/\/machineriesbst.com\/en\/wp-json\/wp\/v2\/media\/49609"}],"wp:attachment":[{"href":"https:\/\/machineriesbst.com\/en\/wp-json\/wp\/v2\/media?parent=57548"}],"wp:term":[{"taxonomy":"product_cat","embeddable":true,"href":"https:\/\/machineriesbst.com\/en\/wp-json\/wp\/v2\/product_cat?post=57548"},{"taxonomy":"product_tag","embeddable":true,"href":"https:\/\/machineriesbst.com\/en\/wp-json\/wp\/v2\/product_tag?post=57548"}],"curies":[{"name":"wp","href":"https:\/\/api.w.org\/{rel}","templated":true}]}}