{"id":57547,"date":"2021-06-08T09:33:37","date_gmt":"2021-06-08T13:33:37","guid":{"rendered":"https:\/\/machineriesbst.com\/?post_type=product&#038;p=57547"},"modified":"2023-11-30T20:24:36","modified_gmt":"2023-12-01T01:24:36","slug":"depoussiereur-exterieur-technology-125hp","status":"publish","type":"product","link":"https:\/\/machineriesbst.com\/en\/catalogue\/depoussiereur-exterieur-technology-125hp\/","title":{"rendered":"Outdoor Technology 125HP Dust Collector"},"content":{"rendered":"<p><strong>Including:<\/strong><\/p>\n<ul>\n<li>Return air, felling damper, worm to rotary screw lock, two-sided auger for double row locations, 36 inch inlet, 36 inch outlet, doors with 6 explosions, the swirl unit to avoid gashes.<\/li>\n<li>Also includes piping inside spark detection sensors and return air.<\/li>\n<li>Recently replaced and installed NEW 125HP blower and new PLC control unit (VFD ready), HansenTek spark detection with sprinklers and two sensors<\/li>\n<\/ul>\n<p><strong>New details received:<\/strong><\/p>\n<ul>\n<li>CFM - 36,000 new bags in 01\/01\/14<\/li>\n<li>HP - 125 news in 01\/01\/12<\/li>\n<li>Hanstek Spark rebuilds the eyes 01\/06\/14<\/li>\n<li>New agitator motor<\/li>\n<li>Fully automated Double Bin system<\/li>\n<\/ul>","protected":false},"excerpt":{"rendered":"<p>Including: Return air, felling damper, auger to rotary screw lock, auger from two sides for double row locations, 36 in. inlet, 36 in. outlet , 6 blast doors, swirl unit to avoid nicks. Also includes the piping inside the sensors [\u2026]<\/p>","protected":false},"author":3,"featured_media":49604,"comment_status":"open","ping_status":"closed","template":"","meta":[],"product_cat":[3036],"product_tag":[],"acf":[],"yoast_head":"<!-- This site is optimized with the Yoast SEO plugin v16.8 - https:\/\/yoast.com\/wordpress\/plugins\/seo\/ -->\n<title>D\u00e9poussi\u00e9reur Ext\u00e9rieur Technology 125HP - Machineries BST<\/title>\n<meta name=\"robots\" content=\"index, follow, max-snippet:-1, max-image-preview:large, max-video-preview:-1\" \/>\n<link rel=\"canonical\" href=\"https:\/\/machineriesbst.com\/en\/catalogue\/depoussiereur-exterieur-technology-125hp\/\" \/>\n<meta property=\"og:locale\" content=\"en_US\" \/>\n<meta property=\"og:type\" content=\"article\" \/>\n<meta property=\"og:title\" content=\"D\u00e9poussi\u00e9reur Ext\u00e9rieur Technology 125HP - Machineries BST\" \/>\n<meta property=\"og:description\" content=\"Comprenant: L&#039;air de retour, l&#039;amortisseur d&#039;abattage, la vis sans fin \u00e0 la serrure \u00e0 vis rotatif, la tari\u00e8re \u00e0 partant de deux c\u00f4t\u00e9s pour les emplacements \u00e0 double rang\u00e9e, l&#039;entr\u00e9e 36 pouces, la sortie 36 po, les portes \u00e0 6 explosions, l&#039;unit\u00e9 tourbillonnaire pour \u00e9viter les entailles. Comprend \u00e9galement la tuyauterie \u00e0 l&#039;int\u00e9rieur des capteurs [&hellip;]\" \/>\n<meta property=\"og:url\" content=\"https:\/\/machineriesbst.com\/en\/catalogue\/depoussiereur-exterieur-technology-125hp\/\" \/>\n<meta property=\"og:site_name\" content=\"Machineries BST\" \/>\n<meta property=\"article:modified_time\" content=\"2023-12-01T01:24:36+00:00\" \/>\n<meta property=\"og:image\" content=\"https:\/\/machineriesbst.com\/wp-content\/uploads\/2021\/05\/1-256.jpg\" \/>\n\t<meta property=\"og:image:width\" content=\"500\" \/>\n\t<meta property=\"og:image:height\" content=\"500\" \/>\n<meta name=\"twitter:card\" content=\"summary_large_image\" \/>\n<meta name=\"twitter:label1\" content=\"Est. reading time\" \/>\n\t<meta name=\"twitter:data1\" content=\"1 minute\" \/>\n<script type=\"application\/ld+json\" class=\"yoast-schema-graph\">{\"@context\":\"https:\/\/schema.org\",\"@graph\":[{\"@type\":\"WebSite\",\"@id\":\"https:\/\/machineriesbst.com\/en\/#website\",\"url\":\"https:\/\/machineriesbst.com\/en\/\",\"name\":\"Machineries BST\",\"description\":\"Machines neuves &amp; usag\\u00e9es\",\"potentialAction\":[{\"@type\":\"SearchAction\",\"target\":{\"@type\":\"EntryPoint\",\"urlTemplate\":\"https:\/\/machineriesbst.com\/en\/?s={search_term_string}\"},\"query-input\":\"required name=search_term_string\"}],\"inLanguage\":\"en-US\"},{\"@type\":\"ImageObject\",\"@id\":\"https:\/\/machineriesbst.com\/en\/catalogue\/depoussiereur-exterieur-technology-125hp\/#primaryimage\",\"inLanguage\":\"en-US\",\"url\":\"https:\/\/machineriesbst.com\/wp-content\/uploads\/2021\/05\/1-256.jpg\",\"contentUrl\":\"https:\/\/machineriesbst.com\/wp-content\/uploads\/2021\/05\/1-256.jpg\",\"width\":500,\"height\":500},{\"@type\":\"WebPage\",\"@id\":\"https:\/\/machineriesbst.com\/en\/catalogue\/depoussiereur-exterieur-technology-125hp\/#webpage\",\"url\":\"https:\/\/machineriesbst.com\/en\/catalogue\/depoussiereur-exterieur-technology-125hp\/\",\"name\":\"D\\u00e9poussi\\u00e9reur Ext\\u00e9rieur Technology 125HP - Machineries BST\",\"isPartOf\":{\"@id\":\"https:\/\/machineriesbst.com\/en\/#website\"},\"primaryImageOfPage\":{\"@id\":\"https:\/\/machineriesbst.com\/en\/catalogue\/depoussiereur-exterieur-technology-125hp\/#primaryimage\"},\"datePublished\":\"2021-06-08T13:33:37+00:00\",\"dateModified\":\"2023-12-01T01:24:36+00:00\",\"breadcrumb\":{\"@id\":\"https:\/\/machineriesbst.com\/en\/catalogue\/depoussiereur-exterieur-technology-125hp\/#breadcrumb\"},\"inLanguage\":\"en-US\",\"potentialAction\":[{\"@type\":\"ReadAction\",\"target\":[\"https:\/\/machineriesbst.com\/en\/catalogue\/depoussiereur-exterieur-technology-125hp\/\"]}]},{\"@type\":\"BreadcrumbList\",\"@id\":\"https:\/\/machineriesbst.com\/en\/catalogue\/depoussiereur-exterieur-technology-125hp\/#breadcrumb\",\"itemListElement\":[{\"@type\":\"ListItem\",\"position\":1,\"name\":\"Accueil\",\"item\":\"https:\/\/machineriesbst.com\/en\/\"},{\"@type\":\"ListItem\",\"position\":2,\"name\":\"Catalogue\",\"item\":\"https:\/\/machineriesbst.com\/en\/catalog\/\"},{\"@type\":\"ListItem\",\"position\":3,\"name\":\"D\\u00e9poussi\\u00e9reur Ext\\u00e9rieur Technology 125HP\"}]}]}<\/script>\n<!-- \/ Yoast SEO plugin. -->","yoast_head_json":{"title":"D\u00e9poussi\u00e9reur Ext\u00e9rieur Technology 125HP - Machineries BST","robots":{"index":"index","follow":"follow","max-snippet":"max-snippet:-1","max-image-preview":"max-image-preview:large","max-video-preview":"max-video-preview:-1"},"canonical":"https:\/\/machineriesbst.com\/en\/catalogue\/depoussiereur-exterieur-technology-125hp\/","og_locale":"en_US","og_type":"article","og_title":"D\u00e9poussi\u00e9reur Ext\u00e9rieur Technology 125HP - Machineries BST","og_description":"Comprenant: L'air de retour, l'amortisseur d'abattage, la vis sans fin \u00e0 la serrure \u00e0 vis rotatif, la tari\u00e8re \u00e0 partant de deux c\u00f4t\u00e9s pour les emplacements \u00e0 double rang\u00e9e, l'entr\u00e9e 36 pouces, la sortie 36 po, les portes \u00e0 6 explosions, l'unit\u00e9 tourbillonnaire pour \u00e9viter les entailles. Comprend \u00e9galement la tuyauterie \u00e0 l'int\u00e9rieur des capteurs [&hellip;]","og_url":"https:\/\/machineriesbst.com\/en\/catalogue\/depoussiereur-exterieur-technology-125hp\/","og_site_name":"Machineries BST","article_modified_time":"2023-12-01T01:24:36+00:00","og_image":[{"width":500,"height":500,"url":"https:\/\/machineriesbst.com\/wp-content\/uploads\/2021\/05\/1-256.jpg","path":"\/home\/jepeto\/public_html\/wp-content\/uploads\/2021\/05\/1-256.jpg","size":"full","id":49604,"alt":"","pixels":250000,"type":"image\/jpeg"}],"twitter_card":"summary_large_image","twitter_misc":{"Est. reading time":"1 minute"},"schema":{"@context":"https:\/\/schema.org","@graph":[{"@type":"WebSite","@id":"https:\/\/machineriesbst.com\/en\/#website","url":"https:\/\/machineriesbst.com\/en\/","name":"Machineries BST","description":"Machines neuves &amp; usag\u00e9es","potentialAction":[{"@type":"SearchAction","target":{"@type":"EntryPoint","urlTemplate":"https:\/\/machineriesbst.com\/en\/?s={search_term_string}"},"query-input":"required name=search_term_string"}],"inLanguage":"en-US"},{"@type":"ImageObject","@id":"https:\/\/machineriesbst.com\/en\/catalogue\/depoussiereur-exterieur-technology-125hp\/#primaryimage","inLanguage":"en-US","url":"https:\/\/machineriesbst.com\/wp-content\/uploads\/2021\/05\/1-256.jpg","contentUrl":"https:\/\/machineriesbst.com\/wp-content\/uploads\/2021\/05\/1-256.jpg","width":500,"height":500},{"@type":"WebPage","@id":"https:\/\/machineriesbst.com\/en\/catalogue\/depoussiereur-exterieur-technology-125hp\/#webpage","url":"https:\/\/machineriesbst.com\/en\/catalogue\/depoussiereur-exterieur-technology-125hp\/","name":"D\u00e9poussi\u00e9reur Ext\u00e9rieur Technology 125HP - Machineries BST","isPartOf":{"@id":"https:\/\/machineriesbst.com\/en\/#website"},"primaryImageOfPage":{"@id":"https:\/\/machineriesbst.com\/en\/catalogue\/depoussiereur-exterieur-technology-125hp\/#primaryimage"},"datePublished":"2021-06-08T13:33:37+00:00","dateModified":"2023-12-01T01:24:36+00:00","breadcrumb":{"@id":"https:\/\/machineriesbst.com\/en\/catalogue\/depoussiereur-exterieur-technology-125hp\/#breadcrumb"},"inLanguage":"en-US","potentialAction":[{"@type":"ReadAction","target":["https:\/\/machineriesbst.com\/en\/catalogue\/depoussiereur-exterieur-technology-125hp\/"]}]},{"@type":"BreadcrumbList","@id":"https:\/\/machineriesbst.com\/en\/catalogue\/depoussiereur-exterieur-technology-125hp\/#breadcrumb","itemListElement":[{"@type":"ListItem","position":1,"name":"Accueil","item":"https:\/\/machineriesbst.com\/en\/"},{"@type":"ListItem","position":2,"name":"Catalogue","item":"https:\/\/machineriesbst.com\/en\/catalog\/"},{"@type":"ListItem","position":3,"name":"D\u00e9poussi\u00e9reur Ext\u00e9rieur Technology 125HP"}]}]}},"_links":{"self":[{"href":"https:\/\/machineriesbst.com\/en\/wp-json\/wp\/v2\/product\/57547"}],"collection":[{"href":"https:\/\/machineriesbst.com\/en\/wp-json\/wp\/v2\/product"}],"about":[{"href":"https:\/\/machineriesbst.com\/en\/wp-json\/wp\/v2\/types\/product"}],"author":[{"embeddable":true,"href":"https:\/\/machineriesbst.com\/en\/wp-json\/wp\/v2\/users\/3"}],"replies":[{"embeddable":true,"href":"https:\/\/machineriesbst.com\/en\/wp-json\/wp\/v2\/comments?post=57547"}],"wp:featuredmedia":[{"embeddable":true,"href":"https:\/\/machineriesbst.com\/en\/wp-json\/wp\/v2\/media\/49604"}],"wp:attachment":[{"href":"https:\/\/machineriesbst.com\/en\/wp-json\/wp\/v2\/media?parent=57547"}],"wp:term":[{"taxonomy":"product_cat","embeddable":true,"href":"https:\/\/machineriesbst.com\/en\/wp-json\/wp\/v2\/product_cat?post=57547"},{"taxonomy":"product_tag","embeddable":true,"href":"https:\/\/machineriesbst.com\/en\/wp-json\/wp\/v2\/product_tag?post=57547"}],"curies":[{"name":"wp","href":"https:\/\/api.w.org\/{rel}","templated":true}]}}