{"id":57546,"date":"2021-06-08T09:33:37","date_gmt":"2021-06-08T13:33:37","guid":{"rendered":"https:\/\/machineriesbst.com\/?post_type=product&#038;p=57546"},"modified":"2023-11-30T20:24:20","modified_gmt":"2023-12-01T01:24:20","slug":"depoussiereur-exterieur-aget-dustkop-ft24","status":"publish","type":"product","link":"https:\/\/machineriesbst.com\/en\/catalogue\/depoussiereur-exterieur-aget-dustkop-ft24\/","title":{"rendered":"AGET Dustkop FT24 outdoor dust collector"},"content":{"rendered":"<ul>\n<li>AGET DUSTKOP After-Filters improves air quality and provides<\/li>\n<li>A safer working environment by removing fine dust particles<\/li>\n<li>From the exhaust air flow. They are generally used to filter<\/li>\n<li>Dust not removed by a cyclone, making it breathable, clean<\/li>\n<li>The air that can be recycled in the work area,<\/li>\n<li>Where is allowed.<\/li>\n<li>Woven fabric filter material produces extremely high filtration<\/li>\n<li>Efficiency, and is intermittently reconditioned by the integral<\/li>\n<li>Agitator, works manually or automatically.<\/li>\n<li>The collected dust is placed in a dust storage container,<\/li>\n<li>Selected to meet specific application requirements.<\/li>\n<li>DUSTKOP After-Filters reduce maintenance costs and improve<\/li>\n<li>work conditions. AGET proudly made DUSTKOP<\/li>\n<li>Equipment in the United States since 1938.<\/li>\n<li>24 filter tubes<\/li>\n<li>112 sq.ft. Filtering area<\/li>\n<li>1\/6 HP Shaker<\/li>\n<li>300-1000 CFM<\/li>\n<li>1.9 square meter trash can storage capacity<\/li>\n<li>High efficiency woven fabric material - 5 &quot;diameter filter tubes<\/li>\n<li>Weather resistant powder coat finish<\/li>\n<\/ul>","protected":false},"excerpt":{"rendered":"<p>AGET DUSTKOP After-Filters improve air quality and provide a safer working environment by removing fine dust particles from the exhaust air stream. They are typically used to filter dust not removed by a cyclone, making breathable, clean air that can be recirculated into the work area, where permitted. [\u2026]<\/p>","protected":false},"author":3,"featured_media":49603,"comment_status":"open","ping_status":"closed","template":"","meta":[],"product_cat":[3028],"product_tag":[],"acf":[],"yoast_head":"<!-- This site is optimized with the Yoast SEO plugin v16.8 - https:\/\/yoast.com\/wordpress\/plugins\/seo\/ -->\n<title>D\u00e9poussi\u00e9reur ext\u00e9rieur AGET Dustkop FT24 - Machineries BST<\/title>\n<meta name=\"robots\" content=\"index, follow, max-snippet:-1, max-image-preview:large, max-video-preview:-1\" \/>\n<link rel=\"canonical\" href=\"https:\/\/machineriesbst.com\/en\/catalogue\/depoussiereur-exterieur-aget-dustkop-ft24\/\" \/>\n<meta property=\"og:locale\" content=\"en_US\" \/>\n<meta property=\"og:type\" content=\"article\" \/>\n<meta property=\"og:title\" content=\"D\u00e9poussi\u00e9reur ext\u00e9rieur AGET Dustkop FT24 - Machineries BST\" \/>\n<meta property=\"og:description\" content=\"AGET DUSTKOP After-Filters am\u00e9liore la qualit\u00e9 de l&#039;air et fournit Un environnement de travail plus s\u00fbr en \u00e9liminant les particules fines de poussi\u00e8re Du flux d&#039;air d&#039;\u00e9chappement. Ils sont g\u00e9n\u00e9ralement utilis\u00e9s pour filtrer Poussi\u00e8re non enlev\u00e9e par un cyclone, rendant respirant, propre L&#039;air qui peut \u00eatre recycl\u00e9 dans la zone de travail, O\u00f9 est autoris\u00e9. [&hellip;]\" \/>\n<meta property=\"og:url\" content=\"https:\/\/machineriesbst.com\/en\/catalogue\/depoussiereur-exterieur-aget-dustkop-ft24\/\" \/>\n<meta property=\"og:site_name\" content=\"Machineries BST\" \/>\n<meta property=\"article:modified_time\" content=\"2023-12-01T01:24:20+00:00\" \/>\n<meta property=\"og:image\" content=\"https:\/\/machineriesbst.com\/wp-content\/uploads\/2021\/05\/1-255.jpg\" \/>\n\t<meta property=\"og:image:width\" content=\"500\" \/>\n\t<meta property=\"og:image:height\" content=\"500\" \/>\n<meta name=\"twitter:card\" content=\"summary_large_image\" \/>\n<meta name=\"twitter:label1\" content=\"Est. reading time\" \/>\n\t<meta name=\"twitter:data1\" content=\"1 minute\" \/>\n<script type=\"application\/ld+json\" class=\"yoast-schema-graph\">{\"@context\":\"https:\/\/schema.org\",\"@graph\":[{\"@type\":\"WebSite\",\"@id\":\"https:\/\/machineriesbst.com\/en\/#website\",\"url\":\"https:\/\/machineriesbst.com\/en\/\",\"name\":\"Machineries BST\",\"description\":\"Machines neuves &amp; usag\\u00e9es\",\"potentialAction\":[{\"@type\":\"SearchAction\",\"target\":{\"@type\":\"EntryPoint\",\"urlTemplate\":\"https:\/\/machineriesbst.com\/en\/?s={search_term_string}\"},\"query-input\":\"required name=search_term_string\"}],\"inLanguage\":\"en-US\"},{\"@type\":\"ImageObject\",\"@id\":\"https:\/\/machineriesbst.com\/en\/catalogue\/depoussiereur-exterieur-aget-dustkop-ft24\/#primaryimage\",\"inLanguage\":\"en-US\",\"url\":\"https:\/\/machineriesbst.com\/wp-content\/uploads\/2021\/05\/1-255.jpg\",\"contentUrl\":\"https:\/\/machineriesbst.com\/wp-content\/uploads\/2021\/05\/1-255.jpg\",\"width\":500,\"height\":500},{\"@type\":\"WebPage\",\"@id\":\"https:\/\/machineriesbst.com\/en\/catalogue\/depoussiereur-exterieur-aget-dustkop-ft24\/#webpage\",\"url\":\"https:\/\/machineriesbst.com\/en\/catalogue\/depoussiereur-exterieur-aget-dustkop-ft24\/\",\"name\":\"D\\u00e9poussi\\u00e9reur ext\\u00e9rieur AGET Dustkop FT24 - Machineries BST\",\"isPartOf\":{\"@id\":\"https:\/\/machineriesbst.com\/en\/#website\"},\"primaryImageOfPage\":{\"@id\":\"https:\/\/machineriesbst.com\/en\/catalogue\/depoussiereur-exterieur-aget-dustkop-ft24\/#primaryimage\"},\"datePublished\":\"2021-06-08T13:33:37+00:00\",\"dateModified\":\"2023-12-01T01:24:20+00:00\",\"breadcrumb\":{\"@id\":\"https:\/\/machineriesbst.com\/en\/catalogue\/depoussiereur-exterieur-aget-dustkop-ft24\/#breadcrumb\"},\"inLanguage\":\"en-US\",\"potentialAction\":[{\"@type\":\"ReadAction\",\"target\":[\"https:\/\/machineriesbst.com\/en\/catalogue\/depoussiereur-exterieur-aget-dustkop-ft24\/\"]}]},{\"@type\":\"BreadcrumbList\",\"@id\":\"https:\/\/machineriesbst.com\/en\/catalogue\/depoussiereur-exterieur-aget-dustkop-ft24\/#breadcrumb\",\"itemListElement\":[{\"@type\":\"ListItem\",\"position\":1,\"name\":\"Accueil\",\"item\":\"https:\/\/machineriesbst.com\/en\/\"},{\"@type\":\"ListItem\",\"position\":2,\"name\":\"Catalogue\",\"item\":\"https:\/\/machineriesbst.com\/en\/catalog\/\"},{\"@type\":\"ListItem\",\"position\":3,\"name\":\"D\\u00e9poussi\\u00e9reur ext\\u00e9rieur AGET Dustkop FT24\"}]}]}<\/script>\n<!-- \/ Yoast SEO plugin. -->","yoast_head_json":{"title":"D\u00e9poussi\u00e9reur ext\u00e9rieur AGET Dustkop FT24 - Machineries BST","robots":{"index":"index","follow":"follow","max-snippet":"max-snippet:-1","max-image-preview":"max-image-preview:large","max-video-preview":"max-video-preview:-1"},"canonical":"https:\/\/machineriesbst.com\/en\/catalogue\/depoussiereur-exterieur-aget-dustkop-ft24\/","og_locale":"en_US","og_type":"article","og_title":"D\u00e9poussi\u00e9reur ext\u00e9rieur AGET Dustkop FT24 - Machineries BST","og_description":"AGET DUSTKOP After-Filters am\u00e9liore la qualit\u00e9 de l'air et fournit Un environnement de travail plus s\u00fbr en \u00e9liminant les particules fines de poussi\u00e8re Du flux d'air d'\u00e9chappement. Ils sont g\u00e9n\u00e9ralement utilis\u00e9s pour filtrer Poussi\u00e8re non enlev\u00e9e par un cyclone, rendant respirant, propre L'air qui peut \u00eatre recycl\u00e9 dans la zone de travail, O\u00f9 est autoris\u00e9. [&hellip;]","og_url":"https:\/\/machineriesbst.com\/en\/catalogue\/depoussiereur-exterieur-aget-dustkop-ft24\/","og_site_name":"Machineries BST","article_modified_time":"2023-12-01T01:24:20+00:00","og_image":[{"width":500,"height":500,"url":"https:\/\/machineriesbst.com\/wp-content\/uploads\/2021\/05\/1-255.jpg","path":"\/home\/jepeto\/public_html\/wp-content\/uploads\/2021\/05\/1-255.jpg","size":"full","id":49603,"alt":"","pixels":250000,"type":"image\/jpeg"}],"twitter_card":"summary_large_image","twitter_misc":{"Est. reading time":"1 minute"},"schema":{"@context":"https:\/\/schema.org","@graph":[{"@type":"WebSite","@id":"https:\/\/machineriesbst.com\/en\/#website","url":"https:\/\/machineriesbst.com\/en\/","name":"Machineries BST","description":"Machines neuves &amp; usag\u00e9es","potentialAction":[{"@type":"SearchAction","target":{"@type":"EntryPoint","urlTemplate":"https:\/\/machineriesbst.com\/en\/?s={search_term_string}"},"query-input":"required name=search_term_string"}],"inLanguage":"en-US"},{"@type":"ImageObject","@id":"https:\/\/machineriesbst.com\/en\/catalogue\/depoussiereur-exterieur-aget-dustkop-ft24\/#primaryimage","inLanguage":"en-US","url":"https:\/\/machineriesbst.com\/wp-content\/uploads\/2021\/05\/1-255.jpg","contentUrl":"https:\/\/machineriesbst.com\/wp-content\/uploads\/2021\/05\/1-255.jpg","width":500,"height":500},{"@type":"WebPage","@id":"https:\/\/machineriesbst.com\/en\/catalogue\/depoussiereur-exterieur-aget-dustkop-ft24\/#webpage","url":"https:\/\/machineriesbst.com\/en\/catalogue\/depoussiereur-exterieur-aget-dustkop-ft24\/","name":"D\u00e9poussi\u00e9reur ext\u00e9rieur AGET Dustkop FT24 - Machineries BST","isPartOf":{"@id":"https:\/\/machineriesbst.com\/en\/#website"},"primaryImageOfPage":{"@id":"https:\/\/machineriesbst.com\/en\/catalogue\/depoussiereur-exterieur-aget-dustkop-ft24\/#primaryimage"},"datePublished":"2021-06-08T13:33:37+00:00","dateModified":"2023-12-01T01:24:20+00:00","breadcrumb":{"@id":"https:\/\/machineriesbst.com\/en\/catalogue\/depoussiereur-exterieur-aget-dustkop-ft24\/#breadcrumb"},"inLanguage":"en-US","potentialAction":[{"@type":"ReadAction","target":["https:\/\/machineriesbst.com\/en\/catalogue\/depoussiereur-exterieur-aget-dustkop-ft24\/"]}]},{"@type":"BreadcrumbList","@id":"https:\/\/machineriesbst.com\/en\/catalogue\/depoussiereur-exterieur-aget-dustkop-ft24\/#breadcrumb","itemListElement":[{"@type":"ListItem","position":1,"name":"Accueil","item":"https:\/\/machineriesbst.com\/en\/"},{"@type":"ListItem","position":2,"name":"Catalogue","item":"https:\/\/machineriesbst.com\/en\/catalog\/"},{"@type":"ListItem","position":3,"name":"D\u00e9poussi\u00e9reur ext\u00e9rieur AGET Dustkop FT24"}]}]}},"_links":{"self":[{"href":"https:\/\/machineriesbst.com\/en\/wp-json\/wp\/v2\/product\/57546"}],"collection":[{"href":"https:\/\/machineriesbst.com\/en\/wp-json\/wp\/v2\/product"}],"about":[{"href":"https:\/\/machineriesbst.com\/en\/wp-json\/wp\/v2\/types\/product"}],"author":[{"embeddable":true,"href":"https:\/\/machineriesbst.com\/en\/wp-json\/wp\/v2\/users\/3"}],"replies":[{"embeddable":true,"href":"https:\/\/machineriesbst.com\/en\/wp-json\/wp\/v2\/comments?post=57546"}],"wp:featuredmedia":[{"embeddable":true,"href":"https:\/\/machineriesbst.com\/en\/wp-json\/wp\/v2\/media\/49603"}],"wp:attachment":[{"href":"https:\/\/machineriesbst.com\/en\/wp-json\/wp\/v2\/media?parent=57546"}],"wp:term":[{"taxonomy":"product_cat","embeddable":true,"href":"https:\/\/machineriesbst.com\/en\/wp-json\/wp\/v2\/product_cat?post=57546"},{"taxonomy":"product_tag","embeddable":true,"href":"https:\/\/machineriesbst.com\/en\/wp-json\/wp\/v2\/product_tag?post=57546"}],"curies":[{"name":"wp","href":"https:\/\/api.w.org\/{rel}","templated":true}]}}